{"id":10347,"date":"2026-02-23T07:43:04","date_gmt":"2026-02-23T07:43:04","guid":{"rendered":"https:\/\/hubertpietka.bialystok.pl\/?page_id=10347"},"modified":"2026-02-23T07:43:04","modified_gmt":"2026-02-23T07:43:04","slug":"gorzkie-refleksje-w-sluzbie-bozej-na-przekor-obludzie-zepsutej-swiatowej","status":"publish","type":"page","link":"https:\/\/hubertpietka.bialystok.pl\/?page_id=10347","title":{"rendered":"Gorzkie refleksje &#8211; w s\u0142u\u017cbie Bo\u017cej \/ na przek\u00f3r ob\u0142udzie &#8211; zepsutej \u015bwiatowej"},"content":{"rendered":"\n<p>1.<br>Czy wy my\u015blicie \u017ce ja<br>Mam przyjemno\u015b\u0107 w \u015bciganiu tropieniu<br>Demaskacji ob\u0142udnik\u00f3w prawos\u0142awnych misiowych podwiji<br>Czy tam i jakich zreszt\u0105<br>Czy to ja chc\u0119 wchodzi\u0107<br>Im w drog\u0119 czy to<br>Oni w\u0142a\u015bnie pr\u00f3buj\u0105 zniszczy\u0107 nas<br>Naszych i nasze nasz\u0105 mi\u0142o\u015b\u0107<br>Nasze \u017cycie wolno\u015b\u0107 dobra<br>Na wszelkie zreszt\u0105 sposoby<br>Ca\u0142kowicie z tymi bestiami pospo\u0142u<br>Ja naprawd\u0119 wola\u0142bym by tego<br>Nie by\u0142o wszystkiego ob\u0142udy przemocy<br>Ku zbrodniom i co niby<br>Mam pozwoli\u0107 by nas zniszczyli<br>Szata\u0144sko wszyscy tak w\u0142a\u015bnie oni<br>To by im zapewne pasowa\u0142o<br>I do tego zmierzaj\u0105 kompromituj\u0105c<br>Mnie nas na ka\u017cdym kroku<br>Wybieraj\u0105c wyszydzaj\u0105 wykrzywiaj\u0105c Bo\u017c\u0105 prawd\u0119<br>Byleby ku swym ob\u0142udnym zbrodniom<br>Ob\u0142\u0119dny \u015bwiat zbrodni bestii \u0142ajdak\u00f3w<br>Tam jakich mamy da\u0107 si\u0119<br>Zniszczy\u0107 by ten \u015bwiat te\u017c<br>Zosta\u0142 zniszczony przez te szata\u0144stwa<\/p>\n\n\n\n<p>2.<br>Czy to ja im depcz\u0119<br>Po pi\u0119tach prze\u015bladuj\u0105c na ka\u017cdym<br>Niemal kroku nastaj\u0105c na nas<br>Wsz\u0119dzie zawsze przez takich innych<br>Czy ja im chc\u0119 zabi\u0107<br>Wsp\u00f3\u0142ma\u0142\u017conka bliskich zwierz\u0119ta ich zniewoli\u0107<br>Zabra\u0107 zniszczy\u0107 im mienie samochody miejsca<br>Prac\u0119 zabra\u0107 \u015brodki do \u017cycia<br>Czy nie oni w\u0142a\u015bnie tak<br>Przez swoich i bestii ob\u0142udnik\u00f3w<br>Wsz\u0119dzie zawsze wszelako byleby tylko<\/p>\n\n\n\n<p>3.<br>Nic nie rozumiej\u0105 ci ob\u0142udnicy<br>\u017be w Ko\u015bciele nie chodzi<br>O chwa\u0142\u0119 pacyn czy tej<br>Sekty kogokolwiek zreszt\u0105 lecz<br>O chwa\u0142\u0119 Bo\u017c\u0105 nie chodzi<br>O ich wyniesienie lecz wsp\u00f3lnot\u0119<br>Wiary prawdziwej pod\u0142ug dobra<br>W Bogu nie rozumiej\u0105 ob\u0142udnicy<br>\u017be ja nie jestem im<br>Przeciwny lecz wyst\u0119puj\u0119 o miarodajny<br>Porz\u0105dek Bo\u017cy pod\u0142ug zasad wiary<br>W Ko\u015bciele \u015awi\u0119tym nie jestem<br>Przeciwny pacynom je\u015bli dope\u0142ni\u0105 prawowierno\u015b\u0107 kap\u0142a\u0144stwa<br>Wed\u0142ug zasad Ko\u015bcio\u0142a czyli Jezusa<br>Nie jestem przeciwny tej sekcie<br>Je\u015bli przestanie by\u0107 sekt\u0105 w\u0142\u0105czaj\u0105c<br>Si\u0119 prawdziwie we wsp\u00f3lnot\u0119 wiary<br>Pokornych nie pysznych zadufanych samolubnych<br>Lecz w wierze braci i si\u00f3str<br>Je\u015bli przestan\u0105 wreszcie spe\u0142nia\u0107 szata\u0144skie<br>Czyny tych bestii kt\u00f3re<br>Z gruntu przeciwstawiaj\u0105 si\u0119 prawdziwym<br>W Bogu zasadom wiary<br>Bo zbrodnie tych bestii w<br>Nich wsp\u00f3\u0142udzia\u0142 automatycznie wy\u0142\u0105czaj\u0105<br>Z prawdziwej wsp\u00f3lnoty braci si\u00f3str<br>Neguj\u0105 wiar\u0119 i warto\u015bci Bo\u017ce<br>\u017bycia i dobra dla innych<br>I \u017ce k\u0142amstwa zbrodnie bestii<br>Nie buduj\u0105 niczego poza sromotn\u0105<br>Cywilizacj\u0105 \u015bmierci ob\u0142\u0119du z\u0142a dla<br>Tych dzieci Bo\u017cych i innych<br>Chc\u0105cych \u017cy\u0107 zasadami wiary prawdziwej<br>Nie rozumiej\u0105 tego ob\u0142udnicy<br>Nie chc\u0105 przyj\u0105\u0107 dzieci Bo\u017cych<br>Bo ich z\u0142o zaw\u0142adn\u0119\u0142o chyha<br>I tak i \u015bwierzbi<br>Tak w\u0142a\u015bnie ku z\u0142u bestii<br>Nie rozumiej\u0105 \u017ce dla zbrodni<br>Cho\u0107by tego ludob\u00f3jstwa wsp\u00f3\u0142czesnego<br>Nie ma tak naprawd\u0119 i<br>By\u0107 nie mo\u017ce wyt\u0142umaczenia \u017cadnego<br>Tak\u017ce dla tej przemocy<br>W kt\u00f3rej oni na wszelkie<br>Sposoby pr\u00f3buj\u0105 uczestniczy\u0107 wobec nas<br>Naszego i naszych niewinnych innych<br>Je\u015bli tego nie zrozumiej\u0105<br>Nigdy prawdziwymi dzie\u0107mi Bo\u017cymi oni<br>Nie b\u0119d\u0105 bo nie mo\u017cna<br>S\u0142u\u017cy\u0107 Bogu i zbrodniom bestii<br>Tego nie da si\u0119 po\u0142\u0105czy\u0107<br>Jest tu sprzeczno\u015b\u0107 genetyczna wewn\u0119trzna<br>Je\u015bli tego nie zrozumiej\u0105 wszystkiego<br>Ob\u0142udnicy nigdy nie b\u0119d\u0105<br>W prawdzie Bo\u017cymi dzie\u0107mi<br>Lecz zawsze parobkami zbrodni szata\u0144skich<\/p>\n\n\n\n<p>4.<br>Nie wiem ale jak widz\u0119<br>Wobec tych wielu beton\u00f3w ca\u0142kowicie<br>Zasklepionych w ob\u0142udzie w poczuciu<br>W\u0142asnej wy\u017cszo\u015bci wobec dzieci Bo\u017cych<br>W prawdzie nie mo\u017ce si\u0119<br>Przebi\u0107 \u017cadne Bo\u017ce \u015bwiat\u0142o wiary<br>Czystej jasnej prostej tak s\u0105<br>Przywi\u0105zani do swego egoizmu komfortu<br>I szata\u0144skiej ch\u0119ci decydowania o<br>Czyim\u015b \u017cyciu wolno\u015bci szata\u0144skiej uzurpacji<br>Tego zamachu na \u017cycie tych<br>Dzieci Bo\u017cych ich wolno\u015b\u0107 mienie<br>Ca\u0142kowicie pod\u0142ug tych bestii<br>Nie mo\u017ce si\u0119 przebi\u0107 wobec<br>Nich \u015bwiat\u0142o \u017cadnej Bo\u017cej prawdy<br>Bo nie chc\u0105 si\u0119 nawr\u00f3ci\u0107<br>Z nienawi\u015bci z\u0142owrogo\u015bci przemocy \u017c\u0105dzy<br>Nawet jakby Jezus stan\u0105\u0142 sobie<br>Przed nimi to by go<br>Zlekcewa\u017cyli zamkn\u0119li w psychiatryku wi\u0119zieniu<br>Jego bliskich by zabili ci<br>Wsp\u00f3\u0142cze\u015bni faryzeusze hipokryci ca\u0142kowicie totalnie<br>Rozbestwieni w \u017c\u0105dzy cywilizacji \u015bmierci<br>Zniewolenia i zniszczenia i zepsucia<br>Dla tych dzieci Bo\u017cych<br>Spe\u0142niaj\u0105c k\u0142amstwa i zepsute zbrodnie<br>Tych bestii bo s\u0105 zepsuci<br>I nie chc\u0105 si\u0119 w<br>Prawdzie Bo\u017cej pokornie nawr\u00f3ci\u0107<br>Wol\u0105 s\u0142ucha\u0107 k\u0142amstw \u015bwiatowych bestii<br>I \u0142ajdaczy\u0107 sobie dalej tacy<br>Czy inni ob\u0142udnicy prawos\u0142awni wszelacy<br>Bo nie chc\u0105 si\u0119 nawr\u00f3ci\u0107<br>Jak ten \u015bwiat mo\u017ce przetrwa\u0107<br>Skoro wyznacznikiem ma by\u0107 ob\u0142uda<br>Ku zbrodniom bestii i tych<br>\u0141ajdacko s\u0142u\u017c\u0105cych wszelkiej ich przemocy<br>Na przek\u00f3r prawdziwym prawom Bo\u017cym<br>Jezu ufam Tobie wbrew tej<br>Przemocy ob\u0142udy ku zbrodniom zepsutych<br>Wbrew tym bajkom k\u0142amstw \u015bwiatowych<\/p>\n\n\n\n<figure class=\"wp-block-gallery has-nested-images columns-default is-cropped wp-block-gallery-1 is-layout-flex wp-block-gallery-is-layout-flex\">\n<figure class=\"wp-block-image size-large\"><a href=\"https:\/\/hubertpietka.bialystok.pl\/wp-content\/uploads\/2026\/02\/1000051909.jpg\"><img loading=\"lazy\" decoding=\"async\" width=\"771\" height=\"1024\" data-id=\"10348\" src=\"https:\/\/hubertpietka.bialystok.pl\/wp-content\/uploads\/2026\/02\/1000051909-771x1024.jpg\" alt=\"\" class=\"wp-image-10348\" srcset=\"https:\/\/hubertpietka.bialystok.pl\/wp-content\/uploads\/2026\/02\/1000051909-771x1024.jpg 771w, https:\/\/hubertpietka.bialystok.pl\/wp-content\/uploads\/2026\/02\/1000051909-226x300.jpg 226w, https:\/\/hubertpietka.bialystok.pl\/wp-content\/uploads\/2026\/02\/1000051909-768x1021.jpg 768w, https:\/\/hubertpietka.bialystok.pl\/wp-content\/uploads\/2026\/02\/1000051909-1156x1536.jpg 1156w, https:\/\/hubertpietka.bialystok.pl\/wp-content\/uploads\/2026\/02\/1000051909.jpg 1204w\" sizes=\"auto, (max-width: 771px) 100vw, 771px\" \/><\/a><\/figure>\n<\/figure>\n\n\n\n<p><\/p>\n","protected":false},"excerpt":{"rendered":"<p>1.Czy wy my\u015blicie \u017ce jaMam przyjemno\u015b\u0107 w \u015bciganiu tropieniuDemaskacji ob\u0142udnik\u00f3w prawos\u0142awnych misiowych podwijiCzy tam i jakich zreszt\u0105Czy to ja chc\u0119 wchodzi\u0107Im w drog\u0119 czy toOni&hellip; <\/p>\n","protected":false},"author":1,"featured_media":0,"parent":0,"menu_order":0,"comment_status":"closed","ping_status":"closed","template":"","meta":{"footnotes":""},"class_list":["post-10347","page","type-page","status-publish","hentry"],"_links":{"self":[{"href":"https:\/\/hubertpietka.bialystok.pl\/index.php?rest_route=\/wp\/v2\/pages\/10347","targetHints":{"allow":["GET"]}}],"collection":[{"href":"https:\/\/hubertpietka.bialystok.pl\/index.php?rest_route=\/wp\/v2\/pages"}],"about":[{"href":"https:\/\/hubertpietka.bialystok.pl\/index.php?rest_route=\/wp\/v2\/types\/page"}],"author":[{"embeddable":true,"href":"https:\/\/hubertpietka.bialystok.pl\/index.php?rest_route=\/wp\/v2\/users\/1"}],"replies":[{"embeddable":true,"href":"https:\/\/hubertpietka.bialystok.pl\/index.php?rest_route=%2Fwp%2Fv2%2Fcomments&post=10347"}],"version-history":[{"count":1,"href":"https:\/\/hubertpietka.bialystok.pl\/index.php?rest_route=\/wp\/v2\/pages\/10347\/revisions"}],"predecessor-version":[{"id":10349,"href":"https:\/\/hubertpietka.bialystok.pl\/index.php?rest_route=\/wp\/v2\/pages\/10347\/revisions\/10349"}],"wp:attachment":[{"href":"https:\/\/hubertpietka.bialystok.pl\/index.php?rest_route=%2Fwp%2Fv2%2Fmedia&parent=10347"}],"curies":[{"name":"wp","href":"https:\/\/api.w.org\/{rel}","templated":true}]}}