{"id":10352,"date":"2026-02-24T13:41:06","date_gmt":"2026-02-24T13:41:06","guid":{"rendered":"https:\/\/hubertpietka.bialystok.pl\/?page_id=10352"},"modified":"2026-02-24T13:41:06","modified_gmt":"2026-02-24T13:41:06","slug":"dom-boga-pokoju-dobra-milosci-a-wojujace-zlem-zbrodni-bestie","status":"publish","type":"page","link":"https:\/\/hubertpietka.bialystok.pl\/?page_id=10352","title":{"rendered":"Dom Boga pokoju dobra mi\u0142o\u015bci \/ a wojuj\u0105ce z\u0142em zbrodni bestie"},"content":{"rendered":"\n<p><em>Dzi\u015b wspomnienie \u015bw. *<strong>Etel-berta<\/strong>*<br>Wolne skojarzenie ku dobru<br>W przeciwie\u0144stwie do wszelkich skojarze\u0144<br>Tych szatan\u00f3w bestii i \u0142ajdak\u00f3w<br>*<strong>Bet-El Berta<\/strong>* czyli dom Boga mojego<\/em><\/p>\n\n\n\n<p>Bo B\u00f3g chce dobra dla<br>Ludzi je\u015bli tylko si\u0119 nawr\u00f3c\u0105<br>B\u00f3g chce da\u0107 dom mi\u0142o\u015bci<br>Dla nas ale ka\u017cdy w<br>Perzyn\u0119 nam te szatany obracaj\u0105<br>Dom Boga to pok\u00f3j mi\u0142o\u015bci<br>A te szatany wsz\u0119dzie zawsze<br>Wobec nas chc\u0105 u z\u0142ych<br>Wywo\u0142ywa\u0107 przeciwko nam z\u0142a wojny<br>Id\u0105c dalej to te\u017c *<strong>Betlejem<\/strong>*<br>Czyli dom chleba a tym<br>Zepsutym szatanom zale\u017cy jak nie<br>Na nas u\u015bmierceniu zniewoleniu zniszczeniu<br>Nas naszych i naszego to<br>Chocia\u017c na wszelkie sposoby<br>&#8222;Z\u0142amania nam podpory chleba&#8221;<br>Dla \u017cycia zdrowia prac cz\u0142owieka<br>Kt\u00f3re przecie\u017c s\u0105 po to<br>By rozwija\u0107 swe cz\u0142owiecze\u0144stwo pe\u0142ni\u0105<br>A te szatany wszystko wsz\u0119dzie<br>Zawsze przeciwko tym Bo\u017cym dzieciom<br>Poprzez cho\u0107by swych sprzedajnych \u0142ajdak\u00f3w<\/p>\n\n\n\n<p>(I tak na marginesie<br>Po co ta sekta prawos\u0142awna<br>Chc\u0119 by\u0107 w Ko\u015bciele<br>By go przerobi\u0107 na swoj\u0105<br>Mod\u0142\u0119 pod\u0142ug tych szata\u0144skich bestii<br>Skoro ka\u017cde z\u0142o dla nas<br>Naszego i naszych jest mile<br>Przez nich widziane tych ob\u0142udnik\u00f3w<br>Zreszt\u0105 te\u017c i zepsutych wszelakich)<\/p>\n\n\n\n<p>A teraz ma\u0142o szatanom ju\u017c<br>Apokaliptycznego tylko 6 wykorzystywania<br>W r\u00f3\u017cnych swych chorych konfabulacjach<br>\u017be jak im pasuje ich<br>Szata\u0144stwom \u017ceby 2 by\u0142a 5<br>A 1 podobnie 7 itp<br>To tak b\u0119d\u0105 dzia\u0142a\u0107 szatany<br>Ku z\u0142u dla nas naszego<br>I naszych byleby tylko szatani\u0107<br>Zbrodniami pod\u0142ug swej ob\u0142udy ob\u0142\u0119dnej<br>Tego im jeszcze ma\u0142o zepsutym<br>To teraz b\u0119d\u0105 wyabstrahowywa\u0107 inne<br>Jakie\u015b cho\u0107by czasu dat sekwencje<br>Wed\u0142ug swych ob\u0142\u0119dnie chorych po\u017c\u0105da\u0144<br>Byleby tylko spe\u0142nia\u0107 swe zepsute<br>Zap\u0119dy ku wszelkim zbrodniom bezecnym<br>Na nas naszych i naszym<\/p>\n\n\n\n<p>\u017be o dodawaniu odejmowaniu mno\u017ceniu<br>Dzieleniu oczywi\u015bcie w kluczu szata\u0144skim<br>Ju\u017c nawet nie wspomn\u0119<br>Znale\u017ali si\u0119 ku\u017awa arytmetycy szata\u0144scy<br>Oczywi\u015bcie ku zbrodniom pod\u0142ug ob\u0142udy<br>Na nas naszych i naszym<\/p>\n\n\n\n<p>(Zepsute totalnie szatany jak jest<br>Godzina jaka\u015b tam 31<br>To jak ma by\u0107 pod\u0142ug<br>Waszych pod\u0142ych zbrodni totalnie szata\u0144skich<br>3 zostaje 1 \u015bmier\u0107 pod\u0142e<br>*<strong>Kmioty<\/strong>* czy mo\u017ce na odwr\u00f3t<br>Bo na *<strong>wymioty<\/strong>* ci\u0105gnie taka<br>Pod\u0142a sromotna zepsuta szatan\u00f3w ob\u0142uda<br>Chore totalnie szatany ju\u017c im<br>W ich sromotno\u015bci ob\u0142\u0119dnej 6<br>Nie wystarczaj\u0105 jak oni mog\u0105<br>Uj\u015b\u0107 piek\u0142a takie *<strong>kanalie<\/strong>* zepsute<br>Skoro tyle tylko z\u0142a *<strong>kana\u0142y<\/strong>* robi\u0107<br>Wobec nas naszego i naszych<br>Takie rubaszniki popaprane si\u0119 nadymaj\u0105ce<br>Pod\u0142o\u015bci\u0105 niewymown\u0105 wobec nieszcz\u0119\u015bcia czyjego\u015b<br>Szatany piekielne rodem z piek\u0142a<br>Z tym wszelkim z\u0142em zepsutym<br>Z t\u0105 ob\u0142ud\u0105 sromotnie pod\u0142\u0105<br>Tam te\u017c trafi\u0105 ob\u0142udnicy zbrodniarze<br>Do piek\u0142a prosto ciekawe czy<br>Im wtedy *<strong>padalcom<\/strong>* b\u0119dzie rubasznie<br>Jak przed szatanem *<strong>padn\u0105<\/strong>* totalnie<br>Tak jak zreszt\u0105 s\u0142u\u017cyli z\u0142u)<\/p>\n\n\n\n<figure class=\"wp-block-gallery has-nested-images columns-default is-cropped wp-block-gallery-1 is-layout-flex wp-block-gallery-is-layout-flex\">\n<figure class=\"wp-block-image size-large\"><a href=\"https:\/\/hubertpietka.bialystok.pl\/wp-content\/uploads\/2026\/02\/1000052086.jpg\"><img loading=\"lazy\" decoding=\"async\" width=\"461\" height=\"1024\" data-id=\"10353\" src=\"https:\/\/hubertpietka.bialystok.pl\/wp-content\/uploads\/2026\/02\/1000052086-461x1024.jpg\" alt=\"\" class=\"wp-image-10353\" srcset=\"https:\/\/hubertpietka.bialystok.pl\/wp-content\/uploads\/2026\/02\/1000052086-461x1024.jpg 461w, https:\/\/hubertpietka.bialystok.pl\/wp-content\/uploads\/2026\/02\/1000052086-135x300.jpg 135w, https:\/\/hubertpietka.bialystok.pl\/wp-content\/uploads\/2026\/02\/1000052086-768x1707.jpg 768w, https:\/\/hubertpietka.bialystok.pl\/wp-content\/uploads\/2026\/02\/1000052086-691x1536.jpg 691w, https:\/\/hubertpietka.bialystok.pl\/wp-content\/uploads\/2026\/02\/1000052086-922x2048.jpg 922w, https:\/\/hubertpietka.bialystok.pl\/wp-content\/uploads\/2026\/02\/1000052086.jpg 1080w\" sizes=\"auto, (max-width: 461px) 100vw, 461px\" \/><\/a><\/figure>\n<\/figure>\n\n\n\n<p>Jak cho\u0107by w tym przypadku<br>To jak tam szatany jak<br>Bym polubi\u0142 post \u017cony dany<br>O 12.31 \/ 00.31 bo dla<br>Szatan\u00f3w wszystko ku z\u0142u ma<br>Swe ob\u0142\u0119dnie chore popaprane znaczenie<br>Z trzech zwierz\u0105t zlikwidowa\u0107 1<br>Z trzech si\u00f3str usun\u0105\u0107 jedn\u0105<br>Z trzech samochod\u00f3w 1 zniszczy\u0107<br>I tak mog\u0105 mno\u017cy\u0107 bestie<br>Szata\u0144skie i r\u00f3wnie zepsute \u0142ajdactwo<br>Swe zbrodnie w takich jakie<br>Im akurat pasuje kontekstach ob\u0142\u0119dnych<br>A mo\u017ce pozostawi\u0107 te\u017c<br>Jeden\/jedn\u0105\/jedno pozosta\u0142e usuwaj\u0105c<br>Takie to jest zepsute sromotnie<br>Szata\u0144stwo popaprane wszelkimi chorymi zbrodniami<\/p>\n\n\n\n<p>Podobnie zreszt\u0105 tak szatany jak<br>Im pasuje ku z\u0142u zbrodni<br>Interpretuj\u0105 nazwy miejscowe imiona itp.<br>Byleby tylko spe\u0142nia\u0107 swe po\u017c\u0105dania<br>Ob\u0142\u0119dnych zbrodni wobec wszystkich nas<br>Wszystko z szata\u0144skiej czystej nienawi\u015bci<br>W\u0142a\u015bciwej ich panu czyli szatanowi<br>Ca\u0142kowicie oni pod\u0142ug tego ob\u0142\u0119du<br>To wszelkie z\u0142o i jeszcze<br>Si\u0119 \u015bmiej\u0105 z tego no<br>Zobacz jacy rubasznicy ciekawe czy<br>W piekle te\u017c im b\u0119dzie<br>Tak weso\u0142o jak diabe\u0142 ich<br>We\u017amie w obroty na zasadzie<br>Na jakiej ci ob\u0142udnicy zbrodniarze<br>Pr\u00f3buj\u0105 post\u0119powa\u0107 z wszystkimi nami<br>Totalnie zepsuci nie chc\u0105 si\u0119<br>Z tych szata\u0144stw chorych nawr\u00f3ci\u0107<br>Bo szatan ma ich<br>W gar\u015bci chyba w pe\u0142ni<\/p>\n\n\n\n<p><em>A dzisiaj te\u017c wspominany<br>*<strong>Mar-ek Mar-c-oni<\/strong>*<br>O lubi\u0105 to te szatany<br>*<strong>Mar<\/strong>* \u015bmier\u0107 dla nas naszych<br>Odpowiednio jak ich to cieszy<br>Zepsutych ob\u0142\u0119dnik\u00f3w zbrodni wszelkich chorych<br>A mo\u017ce si\u0119 to jednak<br>Gdzie\u015b odwr\u00f3ci w Panu szatany<br>By by\u0142a \u015bmier\u0107 ale *<strong>mar co oni<\/strong>*<br>\u017beby to was ob\u0142udnik\u00f3w zbrodniarzy<br>Nie spotka\u0142o czasem to co<br>Pr\u00f3bujecie robi\u0107 wszelkim z\u0142em szatana<br>Wobec tych dzieci Bo\u017cych ma\u0142ych<br>\u017beby czasem \u015bmier\u0107 nie by\u0142a<br>*<strong>Mar (ale) co oni<\/strong>* jednak<br>Napewno zreszt\u0105 \u015bmier\u0107 wieczna b\u0119dzie<br>Dla wyznawc\u00f3w szatana w zbrodniach<br>I w ob\u0142udzie prowadz\u0105cej sromotnie<br>Ku z\u0142u dla dzieci Bo\u017cych<br>Ich ichniego ichnich \u017ceby czasem<br>Nie odwr\u00f3ci\u0142o si\u0119 to jako\u015b<br>Na was zepsuci szatana zbrodniarze<br>I ob\u0142udnicy najgorsi z mo\u017cliwych<br>Jeszcze przed t\u0105 \u015bmierci\u0105 wieczn\u0105<\/em><\/p>\n","protected":false},"excerpt":{"rendered":"<p>Dzi\u015b wspomnienie \u015bw. *Etel-berta*Wolne skojarzenie ku dobruW przeciwie\u0144stwie do wszelkich skojarze\u0144Tych szatan\u00f3w bestii i \u0142ajdak\u00f3w*Bet-El Berta* czyli dom Boga mojego Bo B\u00f3g chce dobra dlaLudzi&hellip; <\/p>\n","protected":false},"author":1,"featured_media":0,"parent":0,"menu_order":0,"comment_status":"closed","ping_status":"closed","template":"","meta":{"footnotes":""},"class_list":["post-10352","page","type-page","status-publish","hentry"],"_links":{"self":[{"href":"https:\/\/hubertpietka.bialystok.pl\/index.php?rest_route=\/wp\/v2\/pages\/10352","targetHints":{"allow":["GET"]}}],"collection":[{"href":"https:\/\/hubertpietka.bialystok.pl\/index.php?rest_route=\/wp\/v2\/pages"}],"about":[{"href":"https:\/\/hubertpietka.bialystok.pl\/index.php?rest_route=\/wp\/v2\/types\/page"}],"author":[{"embeddable":true,"href":"https:\/\/hubertpietka.bialystok.pl\/index.php?rest_route=\/wp\/v2\/users\/1"}],"replies":[{"embeddable":true,"href":"https:\/\/hubertpietka.bialystok.pl\/index.php?rest_route=%2Fwp%2Fv2%2Fcomments&post=10352"}],"version-history":[{"count":1,"href":"https:\/\/hubertpietka.bialystok.pl\/index.php?rest_route=\/wp\/v2\/pages\/10352\/revisions"}],"predecessor-version":[{"id":10354,"href":"https:\/\/hubertpietka.bialystok.pl\/index.php?rest_route=\/wp\/v2\/pages\/10352\/revisions\/10354"}],"wp:attachment":[{"href":"https:\/\/hubertpietka.bialystok.pl\/index.php?rest_route=%2Fwp%2Fv2%2Fmedia&parent=10352"}],"curies":[{"name":"wp","href":"https:\/\/api.w.org\/{rel}","templated":true}]}}