{"id":10356,"date":"2026-02-24T21:22:16","date_gmt":"2026-02-24T21:22:16","guid":{"rendered":"https:\/\/hubertpietka.bialystok.pl\/?page_id=10356"},"modified":"2026-02-24T21:22:16","modified_gmt":"2026-02-24T21:22:16","slug":"nieporecznie-jest-przeciez-sowieckiemu-wojsku-w-maseczkach-molestowac-sobie-obroncow","status":"publish","type":"page","link":"https:\/\/hubertpietka.bialystok.pl\/?page_id=10356","title":{"rendered":"Niepor\u0119cznie jest przecie\u017c &#8211; sowieckiemu wojsku \/ w maseczkach molestowa\u0107 &#8211; sobie obro\u0144c\u00f3w"},"content":{"rendered":"\n<p>1.<br>To ju\u017c czwarta rocznica napa\u015bci<br>Rosji na Ukrain\u0119 troch\u0119 si\u0119<br>Chyba ju\u017c przyzwyczaili\u015bmy niestety \u017ce<br>Tam codziennie gin\u0105 obro\u0144cy cywile<br>\u017be tam zranienia zniszczenia wojna<br>Niech serce p\u0142ynie na Ukrain\u0119<br>\u2665\ufe0f\ud83d\ude4c<\/p>\n\n\n\n<p>2.<br>Ale za to napa\u015bci\u0105 na<br>Ukrain\u0119 przyw\u00f3dcy nowosowieccy tego pa\u0144stwa<br>Agresora zako\u0144czyli paradoksalnie pandemi\u0119 wirusa<br>Kt\u00f3ra par\u0119 lat gn\u0119bi\u0142a ludzko\u015b\u0107<br>Nie by\u0142o po drodze pandemistom<br>\u017beby wojska sowieckie w maseczkach<br>Wchodzi\u0142y w interakcj\u0119 gn\u0119bienia Ukrai\u0144c\u00f3w<br>Wi\u0119c teraz mo\u017ce w obliczu<br>Ch\u0119ci wprowadzenia kolejnych kolejnych pandemii<br>Mo\u017ce znowu je zako\u0144cz\u0105 przyw\u00f3dcy<br>Nowosowieccy napa\u015bci\u0105 cho\u0107by na Polsk\u0119<br>Czy i kraje ba\u0142tyckie<br>Tak\u017ce jest nadzieja dla plandemii<br>\u017be j\u0105 zako\u0144cz\u0105 znowu sowieci<br>A mo\u017ce j\u0105 zdusz\u0105 odpowiednio<br>Tak\u017ce w tak zwanym zarodku<br>No niepor\u0119cznie w maseczkach gwa\u0142t<br>Zadawa\u0107 jest odpowiedni przecie\u017c wsz\u0119dzie<\/p>\n\n\n\n<p>3.<br>A teraz z innej beczki<br>Tej tutejszej biedne te wszystkie<br>Kt\u00f3re za *<strong>Moy\u0105<\/strong>* uwa\u017caj\u0105 bestie<br>Po to by \u0142ajdaczy\u0107 odpowiednio<br>Sobie z nimi oczywi\u015bcie<br>Cho\u0107by nam przeciwko czy innym<br>Bestie przecie\u017c nie zatrzymuj\u0105 si\u0119<br>W \u0142ajdactwach chc\u0105 wycycka\u0107 wszystko<br>Do dna i do cna<br>Biedne takie na kt\u00f3re m\u00f3wi\u0105<br>*<strong>Moya<\/strong>* te bestie pod\u0142ug \u0142ajdaczenia<br>Zepsutego z nimi ka\u017cdego zreszt\u0105<br>Od ma\u0142ych po wi\u0119ksze rzeczy<br>Bestie jak szatan trudno jest<br>Przecie\u017c wyrwa\u0107 co\u015b z ich<br>Brudem z\u0142a zepsutych brudnych \u0142ap<\/p>\n\n\n\n<p>4.<br>I ani mi Ani ob\u0142udnicy<br>Id\u017acie sobie precz z waszymi<br>&#8222;Mi\u0142o\u015bciami nowymi&#8221; bo wy takie<br>Lubicie sobie mno\u017cy\u0107 a najlepiej<br>Pewnie by ka\u017cdy z ka\u017cdym<br>Odpowiednio pod\u0142ug was \u0142ajdaczy\u0142<br>Id\u017acie precz od nas zbrodniarze<br>My nie nale\u017cymy do was<br>Lecz do Boga pod\u0142ug wzajemno\u015bci<br>Wiary i mi\u0142o\u015bci w prawdzie<br>Na przek\u00f3r ob\u0142udzie waszego zepsucia<br>Ku zbrodniom najgorszym zreszt\u0105 wszelkim<\/p>\n\n\n\n<figure class=\"wp-block-gallery has-nested-images columns-default is-cropped wp-block-gallery-1 is-layout-flex wp-block-gallery-is-layout-flex\">\n<figure class=\"wp-block-image size-large\"><a href=\"https:\/\/hubertpietka.bialystok.pl\/wp-content\/uploads\/2026\/02\/1000052129.jpg\"><img loading=\"lazy\" decoding=\"async\" width=\"1024\" height=\"771\" data-id=\"10357\" src=\"https:\/\/hubertpietka.bialystok.pl\/wp-content\/uploads\/2026\/02\/1000052129-1024x771.jpg\" alt=\"\" class=\"wp-image-10357\" srcset=\"https:\/\/hubertpietka.bialystok.pl\/wp-content\/uploads\/2026\/02\/1000052129-1024x771.jpg 1024w, https:\/\/hubertpietka.bialystok.pl\/wp-content\/uploads\/2026\/02\/1000052129-300x226.jpg 300w, https:\/\/hubertpietka.bialystok.pl\/wp-content\/uploads\/2026\/02\/1000052129-768x578.jpg 768w, https:\/\/hubertpietka.bialystok.pl\/wp-content\/uploads\/2026\/02\/1000052129-1536x1156.jpg 1536w, https:\/\/hubertpietka.bialystok.pl\/wp-content\/uploads\/2026\/02\/1000052129.jpg 1600w\" sizes=\"auto, (max-width: 1024px) 100vw, 1024px\" \/><\/a><\/figure>\n<\/figure>\n\n\n\n<p>Ani mi Ani z nami<br>Naszymi naszym id\u017acie precz ob\u0142udnicy<br>Zepsucia pod\u0142o\u015bci potwornej ku zbrodniom<br>Zniewolenia zniszczeniach \u015bmierci Bo\u017cych dzieci<\/p>\n\n\n\n<p class=\"has-text-align-right\"><strong><em><a href=\"https:\/\/youtu.be\/6VPoLRZw5Xo?si=mtf7RwFO-0g_cKBb\">Marika &amp; Pawe\u0142 Domaga\u0142a &#8211; Okruchy z\u0142ota<\/a><\/em><\/strong> <\/p>\n","protected":false},"excerpt":{"rendered":"<p>1.To ju\u017c czwarta rocznica napa\u015bciRosji na Ukrain\u0119 troch\u0119 si\u0119Chyba ju\u017c przyzwyczaili\u015bmy niestety \u017ceTam codziennie gin\u0105 obro\u0144cy cywile\u017be tam zranienia zniszczenia wojnaNiech serce p\u0142ynie na Ukrain\u0119\u2665\ufe0f\ud83d\ude4c&hellip; <\/p>\n","protected":false},"author":1,"featured_media":0,"parent":0,"menu_order":0,"comment_status":"closed","ping_status":"closed","template":"","meta":{"footnotes":""},"class_list":["post-10356","page","type-page","status-publish","hentry"],"_links":{"self":[{"href":"https:\/\/hubertpietka.bialystok.pl\/index.php?rest_route=\/wp\/v2\/pages\/10356","targetHints":{"allow":["GET"]}}],"collection":[{"href":"https:\/\/hubertpietka.bialystok.pl\/index.php?rest_route=\/wp\/v2\/pages"}],"about":[{"href":"https:\/\/hubertpietka.bialystok.pl\/index.php?rest_route=\/wp\/v2\/types\/page"}],"author":[{"embeddable":true,"href":"https:\/\/hubertpietka.bialystok.pl\/index.php?rest_route=\/wp\/v2\/users\/1"}],"replies":[{"embeddable":true,"href":"https:\/\/hubertpietka.bialystok.pl\/index.php?rest_route=%2Fwp%2Fv2%2Fcomments&post=10356"}],"version-history":[{"count":1,"href":"https:\/\/hubertpietka.bialystok.pl\/index.php?rest_route=\/wp\/v2\/pages\/10356\/revisions"}],"predecessor-version":[{"id":10358,"href":"https:\/\/hubertpietka.bialystok.pl\/index.php?rest_route=\/wp\/v2\/pages\/10356\/revisions\/10358"}],"wp:attachment":[{"href":"https:\/\/hubertpietka.bialystok.pl\/index.php?rest_route=%2Fwp%2Fv2%2Fmedia&parent=10356"}],"curies":[{"name":"wp","href":"https:\/\/api.w.org\/{rel}","templated":true}]}}