{"id":10361,"date":"2026-02-25T09:33:59","date_gmt":"2026-02-25T09:33:59","guid":{"rendered":"https:\/\/hubertpietka.bialystok.pl\/?page_id=10361"},"modified":"2026-02-25T09:33:59","modified_gmt":"2026-02-25T09:33:59","slug":"nagonki-podlug-oskarzen-oblednie-podlych-nie-powinny-sie-bronic-przeciez-przed-przemoca-obludy-szatanow-te-boze-dzieci","status":"publish","type":"page","link":"https:\/\/hubertpietka.bialystok.pl\/?page_id=10361","title":{"rendered":"Nagonki pod\u0142ug oskar\u017ce\u0144 ob\u0142\u0119dnie pod\u0142ych \/ nie powinny si\u0119 broni\u0107 przecie\u017c &#8211; przed przemoc\u0105 ob\u0142udy szatan\u00f3w \/ te Bo\u017ce dzieci"},"content":{"rendered":"\n<p>1.<br>W totalitarnym pa\u0144stwie bestii \u0142ajdactwa<br>Nie ma miejsca na odr\u0119bne<br>Tak zwane zdania nie popieraj\u0105ce<br>Doktryny totalitarnej tych zepsutych szatan\u00f3w<br>I wszystko trzeba i mo\u017cna<br>Wykorzystywa\u0107 ku nagonce wobec tych<br>Dzieci Bo\u017cych ma\u0142ych jak nie<br>Zabi\u0107 zniewoli\u0107 to jako\u015b chocia\u017c<br>Odpowiednio zaszkodzi\u0107 wykorzystuj\u0105c wszystko ka\u017cde<br>Ob\u0142udne k\u0142amstwo ku przemocy odpowiedniej<br>Wobec nich tak jak z<br>T\u0105 stacj\u0105 zawsze te\u017c wybiela\u0107<br>B\u0119d\u0105 bestie \u0142ajdactwo im powolne<\/p>\n\n\n\n<p>A \u017ce wiadomo \u017ce moja<br>Praca opiera si\u0119 na paliwie<br>I jako\u015b szatanom poza mo\u017ce<br>Raz czy dwa nie uda\u0142o<br>Si\u0119 mnie wkr\u0119ci\u0107 w z\u0142e<br>Paliwo na kt\u00f3rym nie mo\u017cna<br>Jecha\u0107 nigdzie to teraz trzeba<br>U\u017cy\u0107 tej sytuacji do nagonki<br>Czytaj bezpo\u015brednich restrykcji mo\u017ce nawet<br>Wszystkich stacji lubi\u0105 to tak<br>Rozgrywa\u0107 sobie przeciwko dzieciom Bo\u017cym<br>To wszystko bestie i \u0142ajdactwo<br>Przecie\u017c si\u0119 przek\u0142amie ob\u0142udnie ob\u0142\u0119dnie<br>\u017be oni nic a ja<br>Si\u0119 czepiam niewinnych zobacz odpowiednio<br>Odpowiednio si\u0119 fakty przeformatuje zmanipuluje<br>By wszystko nam by\u0142o przeciwko<br>A ze stacjami jak i<br>Z myjniami nowoczesnymi mo\u017cna wszystkim<br>Kierowa\u0107 zdalnie jak to pasuje<br>Tym szatanom bo najpierw dzia\u0142a\u0142o<br>A potem zobacz nagle przesta\u0142o<br>Kiedy powietrze z ko\u0142a zesz\u0142o<br>I tak wszystko te szatany<br>Bestie \u0142ajdactwo wykorzystuj\u0105 nam przeciwko<br>A i najlepiej przy okazji<br>Te\u017c nagonk\u0119 odpowiedni\u0105 rozp\u0119ta\u0107<br>Z konsekwencjami przez bestie po\u017c\u0105danymi<br>Tak by chcia\u0142y przecie\u017c szatany<br>By\u015bmy do paliwa najlepiej dost\u0119pu<br>Nie mieli wcale tak te\u017c<br>Mo\u017cna zgodnie z ich nienawistnymi<br>Po\u017c\u0105daniami wyrugowa\u0107 wykolei\u0107 nas<br>Z mobilno\u015bci wszelkiej do czego<br>D\u0105\u017c\u0105 przecie\u017c szatany na wszelkie<br>Mo\u017cliwe sposoby i zreszt\u0105<br>Maj\u0105c te\u017c odpowiednich ob\u0142udnik\u00f3w zawsze<br>Na swe us\u0142ugi wszelkie szata\u0144skie<br>A z nagonki b\u0142ota wszelkiej<br>Zawsze co\u015b si\u0119 przecie\u017c przylepi<br>Stara zasada przez szatan\u00f3w reaktywowana<\/p>\n\n\n\n<p>2.<br>Wszelkie nagonki przecie\u017c mile widziane<br>Prowokowane i konsumowane przez tych<br>Szatan\u00f3w bestie i \u0142ajdaki zepsute<br>Na mnie na \u017con\u0119 pieski<br>Bliskich mo\u017ce oczywi\u015bcie ze skutkiem<br>Szata\u0144skim z g\u00f3ry przewidzianym po\u017c\u0105daniami<br>Z\u0142a dla nas tych bestii<br>I za wszystko mo\u017cna nas<br>Oskar\u017ca\u0107 przecie\u017c za z\u0142o kt\u00f3re<br>Czyni\u0105 i chc\u0105 czyni\u0107 te<br>Szata\u0144skie bestie za ca\u0142\u0105 ich<br>Chor\u0105 ob\u0142\u0119dem z\u0142a wojn\u0119 przeciwko<br>Wszystkim prawdziwym dzieciom Bo\u017cym i<br>Mo\u017cna przecie\u017c podburza\u0107 nam przeciwko<br>R\u00f3wnolegle wszelkie spo\u0142eczne \u015brodowiska od<br>Mi\u015bk\u00f3w innych s\u0142u\u017cbist\u00f3w prawos\u0142awnych za<br>Z\u0142o kt\u00f3re czyni\u0105 czyni\u0107 chc\u0105<br>Te szatany a my przecie\u017c<br>Powinni\u015bmy si\u0119 podda\u0107 tej przemocy<br>Szatan\u00f3w bestii i \u0142ajdak\u00f3w ich<br>Ob\u0142udzie ku zbrodniom bo inaczej<br>To jeste\u015bmy be tak bardzo<br>\u017be za wszystko mo\u017cna nas<br>Oskar\u017ca\u0107 i czyni\u0107 odpowiedzialnym za<br>Wszelkie zepsute szata\u0144stwa tych bestii<br>Jezu ufam Tobie to ca\u0142y<br>System jest przemocy i oskar\u017ce\u0144<br>Ku z\u0142u dla nas naszego<br>Naszych i innych niewinnych nienawi\u015bci<br>Tych bestii i \u0142ajdactwa zepsutego<\/p>\n\n\n\n<figure class=\"wp-block-gallery has-nested-images columns-default is-cropped wp-block-gallery-1 is-layout-flex wp-block-gallery-is-layout-flex\">\n<figure class=\"wp-block-image size-large\"><a href=\"https:\/\/hubertpietka.bialystok.pl\/wp-content\/uploads\/2026\/02\/1000052182.jpg\"><img loading=\"lazy\" decoding=\"async\" width=\"771\" height=\"1024\" data-id=\"10362\" src=\"https:\/\/hubertpietka.bialystok.pl\/wp-content\/uploads\/2026\/02\/1000052182-771x1024.jpg\" alt=\"\" class=\"wp-image-10362\" srcset=\"https:\/\/hubertpietka.bialystok.pl\/wp-content\/uploads\/2026\/02\/1000052182-771x1024.jpg 771w, https:\/\/hubertpietka.bialystok.pl\/wp-content\/uploads\/2026\/02\/1000052182-226x300.jpg 226w, https:\/\/hubertpietka.bialystok.pl\/wp-content\/uploads\/2026\/02\/1000052182-768x1021.jpg 768w, https:\/\/hubertpietka.bialystok.pl\/wp-content\/uploads\/2026\/02\/1000052182-1156x1536.jpg 1156w, https:\/\/hubertpietka.bialystok.pl\/wp-content\/uploads\/2026\/02\/1000052182.jpg 1204w\" sizes=\"auto, (max-width: 771px) 100vw, 771px\" \/><\/a><\/figure>\n<\/figure>\n\n\n\n<p><em>Byleby tylko uderza\u0107 ob\u0142udy k\u0142amstwem<br>Jak nie przemoc\u0105 bezpo\u015bredni\u0105 ku<br>\u015amierci zniewoleniu i zniszczeniu<br>Nagonki powodowa\u0107 ze skutkiem po\u017c\u0105danym<br>Ku z\u0142u dla nas naszego<br>I naszych zohydzi\u0107 w oczach<br>Ludzkich wyalienowa\u0107 z wszelkich \u015brodowisk<br>Nie powinni si\u0119 przecie\u017c przed<br>Przemoc\u0105 szata\u0144sk\u0105 bestii \u0142ajdactwa broni\u0107<br>A szatan oskar\u017ca za wszystko<br>Bo\u017ce prawdziwie dzieci tak i<br>Te zepsute ob\u0142\u0119dem z\u0142a bestie<br>I powolne im w zbrodniach<br>\u0141ajdactwo wszelkie koz\u0142y ofiarne dla<br>Bestii szatana uczyni\u0107 z nas<\/em><\/p>\n","protected":false},"excerpt":{"rendered":"<p>1.W totalitarnym pa\u0144stwie bestii \u0142ajdactwaNie ma miejsca na odr\u0119bneTak zwane zdania nie popieraj\u0105ceDoktryny totalitarnej tych zepsutych szatan\u00f3wI wszystko trzeba i mo\u017cnaWykorzystywa\u0107 ku nagonce wobec tychDzieci&hellip; <\/p>\n","protected":false},"author":1,"featured_media":0,"parent":0,"menu_order":0,"comment_status":"closed","ping_status":"closed","template":"","meta":{"footnotes":""},"class_list":["post-10361","page","type-page","status-publish","hentry"],"_links":{"self":[{"href":"https:\/\/hubertpietka.bialystok.pl\/index.php?rest_route=\/wp\/v2\/pages\/10361","targetHints":{"allow":["GET"]}}],"collection":[{"href":"https:\/\/hubertpietka.bialystok.pl\/index.php?rest_route=\/wp\/v2\/pages"}],"about":[{"href":"https:\/\/hubertpietka.bialystok.pl\/index.php?rest_route=\/wp\/v2\/types\/page"}],"author":[{"embeddable":true,"href":"https:\/\/hubertpietka.bialystok.pl\/index.php?rest_route=\/wp\/v2\/users\/1"}],"replies":[{"embeddable":true,"href":"https:\/\/hubertpietka.bialystok.pl\/index.php?rest_route=%2Fwp%2Fv2%2Fcomments&post=10361"}],"version-history":[{"count":1,"href":"https:\/\/hubertpietka.bialystok.pl\/index.php?rest_route=\/wp\/v2\/pages\/10361\/revisions"}],"predecessor-version":[{"id":10363,"href":"https:\/\/hubertpietka.bialystok.pl\/index.php?rest_route=\/wp\/v2\/pages\/10361\/revisions\/10363"}],"wp:attachment":[{"href":"https:\/\/hubertpietka.bialystok.pl\/index.php?rest_route=%2Fwp%2Fv2%2Fmedia&parent=10361"}],"curies":[{"name":"wp","href":"https:\/\/api.w.org\/{rel}","templated":true}]}}