{"id":10367,"date":"2026-02-26T09:53:04","date_gmt":"2026-02-26T09:53:04","guid":{"rendered":"https:\/\/hubertpietka.bialystok.pl\/?page_id=10367"},"modified":"2026-02-26T09:53:04","modified_gmt":"2026-02-26T09:53:04","slug":"corka-ubeka-a-lewacka-klika-i-wspierajace-ich-zepsucie-bestie","status":"publish","type":"page","link":"https:\/\/hubertpietka.bialystok.pl\/?page_id=10367","title":{"rendered":"C\u00f3rka ubeka \/ a lewacka klika &#8211; i wspieraj\u0105ce ich zepsucie bestie"},"content":{"rendered":"\n<p>1.<br>Ta c\u00f3rka ubeka niech tam<br>Nie fika bo si\u0119 dofika<br>Nie pod\u0142ug bestii do kt\u00f3rych<br>Jej typu zawsze po drodze<br>Lecz pod\u0142ug prawdy sprawiedliwo\u015bci Bo\u017cej<\/p>\n\n\n\n<p>Bo zobacz jaka \u017cmija<br>W tym miejscu kt\u00f3re bestie<br>Chc\u0105 uczyni\u0107 miejscem zepsucia<br>Najlepiej od lat najm\u0142odszych<br>Zwi\u0105zanym odpowiednio z Ani\u0105<\/p>\n\n\n\n<p>Najpierw *<strong>padalczycha<\/strong>* bo pod\u0142ug bestii<br>I w\u0142asnego zepsucia ta w\u0142a\u015bnie<br>\u017bmijowy *<strong>padalec i pycha<\/strong>* bo<br>Dzieci ubek\u00f3w uwa\u017caj\u0105 si\u0119 za<br>Kim\u015b lepszym mia\u0142y przecie\u017c wi\u0119cej<br>Ni\u017c zwykle dzieci PRL-u<br>Najpierw pr\u00f3bowa\u0142a podwa\u017ca\u0107 kompetencje Ani<br>Pr\u00f3buj\u0105c j\u0105 wprowadzi\u0107 jednocze\u015bnie na<br>R\u00f3\u017cne miny mog\u0105ce uderza\u0107 skutecznie<br>Uderza\u0142a w jej predyspozycje psycho-spo\u0142eczne<br>Pr\u00f3buj\u0105c j\u0105 skompromitowa\u0107 wobec kole\u017ce\u0144stwa<br>I naczelnej rady tak\u017ce obmow\u0105<br>I zwyk\u0142ymi prostackimi k\u0142amstwami byle tylko<br>J\u0105 przedstawi\u0107 w negatywnym \u015bwietle<br>Ca\u0142kowicie to pod\u0142ug bestii przecie\u017c<\/p>\n\n\n\n<p>A teraz zepsuta front zmieni\u0142a<br>Zacz\u0119\u0142a Ani\u0119 podgadywa\u0107 pr\u00f3buj\u0105c j\u0105<br>Wci\u0105gn\u0105\u0107 w r\u00f3\u017cne rozmowy<br>Z kt\u00f3rych mog\u0142a by co\u015b<br>U\u017cy\u0107 jej przeciwko bo si\u0119<br>Okaza\u0142o \u017ce ta \u017cmija szata\u0144ska wszystko<br>To nagrywa\u0142a byleby rozgrywa\u0107 wszystko<br>Z\u0142o\u015bliwie nienawistnie przeciwko Ani aktywno\u015bci<br>Sromotnie zepsuta jak przystoi przecie\u017c<br>Zreszt\u0105 dzieciom ubek\u00f3w lewakom te\u017c<br>Przecie\u017c przy okazji zepsutym zwykle<\/p>\n\n\n\n<p>3.<br>Wiadomo przecie\u017c \u017ce ubecy podobnie<br>Jak partyjni nie tylko prominenci<br>W PRL-u mogli du\u017co wi\u0119cej<br>Ni\u017c obywatele tak zwani zwykli<br>A po tej pierestrojce pozornej<br>Bo struktury PRL-u przenios\u0142y si\u0119<br>Skutecznie w niby wolnej Polsce<br>Na t\u0105 now\u0105 rzeczywisto\u015b\u0107<br>Zmieniaj\u0105c tylko szatki ideologiczne<br>Zablokowano przecie\u017c reformy Olszewskiego<br>By nie by\u0142o wielkiej kreski<br>Odci\u0119cia od tego politycznego zepsucia<br>To dlatego w\u0142a\u015bnie w tych<br>Nowych niby strukturach te same<br>Formy pod\u0142ug politycznej PRL-owskiej przynale\u017cno\u015bci<br>Te same relacje i kontakty<br>Wi\u0119c byli partyjni ubecy i<br>Ich dzieci teraz i wnuki<br>Odnajduj\u0105 si\u0119 \u015bwietnie w tej<br>Niby nowej rzeczywisto\u015bci wykorzystuj\u0105c przecie\u017c<br>Pok\u0142ady uzyskane w zepsutym PRL-u<br>A i bestiom po drodze<br>Do takich te\u017c zawsze<br>Pod\u0142ug totalizmu z\u0142a polityki wp\u0142yw\u00f3w<br>Dlatego tak znienawidzeni s\u0105 przez<br>Lewak\u00f3w opozycjoni\u015bci kt\u00f3rzy si\u0119 nie<br>Ugi\u0119li rozpu\u015bcie z\u0142a komunistycznej nie<br>Popaprali si\u0119 jako\u015b jak ci<br>Wszyscy spadkobiercy tego zepsutego systemu<br>Dlatego tak si\u0119 nienawidzi Prezydenta<br>Nawrockiego i si\u0119 chce go<br>Zniszczy\u0107 i innych niepodleg\u0142ych zepsuciu<br>Komunistycznemu czytaj dzisiaj lewackiemu ideologicznemu<br>Dlatego tak si\u0119 przeciw nim<br>Opieraj\u0105 tak naprawd\u0119 komuni\u015bci nowi<br>Najcz\u0119\u015bciej jako spadkobiercy zepsutych system\u00f3w<br>I ci starzy bo tak<br>Wygodnie si\u0119 urz\u0105dzili w tym<br>Polskim pa\u0144stwie pod\u0142ug w\u0142asnych korzy\u015bci<br>A co tam inni<br>A tych niepodleg\u0142ych komunie wsp\u00f3\u0142czesnej<br>Zniszczy\u0107 trzeba cho\u0107by tego Prezydenta<br>Takie refleksje na kanwie tej<br>Zepsutej c\u00f3rki ubeka jako reprezentantki<br>Spu\u015bcizny zepsutego ca\u0142kowicie systemu komuny<\/p>\n\n\n\n<figure class=\"wp-block-gallery has-nested-images columns-default is-cropped wp-block-gallery-1 is-layout-flex wp-block-gallery-is-layout-flex\">\n<figure class=\"wp-block-image size-large\"><a href=\"https:\/\/hubertpietka.bialystok.pl\/wp-content\/uploads\/2026\/02\/1000052418.jpg\"><img loading=\"lazy\" decoding=\"async\" width=\"771\" height=\"1024\" data-id=\"10368\" src=\"https:\/\/hubertpietka.bialystok.pl\/wp-content\/uploads\/2026\/02\/1000052418-771x1024.jpg\" alt=\"\" class=\"wp-image-10368\" srcset=\"https:\/\/hubertpietka.bialystok.pl\/wp-content\/uploads\/2026\/02\/1000052418-771x1024.jpg 771w, https:\/\/hubertpietka.bialystok.pl\/wp-content\/uploads\/2026\/02\/1000052418-226x300.jpg 226w, https:\/\/hubertpietka.bialystok.pl\/wp-content\/uploads\/2026\/02\/1000052418-768x1021.jpg 768w, https:\/\/hubertpietka.bialystok.pl\/wp-content\/uploads\/2026\/02\/1000052418-1156x1536.jpg 1156w, https:\/\/hubertpietka.bialystok.pl\/wp-content\/uploads\/2026\/02\/1000052418.jpg 1204w\" sizes=\"auto, (max-width: 771px) 100vw, 771px\" \/><\/a><\/figure>\n<\/figure>\n\n\n\n<p><em>A i tacy ambicje maj\u0105<br>Oczywi\u015bcie wielkie jak ta w\u0142a\u015bnie<br>By\u0107 dyrektorem lub kierownikiem chocia\u017c<br>Wspiera j\u0105 przecie\u017c \u015bmietanka prokomunistyczna<br>No i najwa\u017cniejsze \u017ce bestie<br>Te\u017c odpowiednio no przecie\u017c a<br>Za odpowiednie Ani zniszczenie taka<br>Nagroda musi by\u0107 przecie\u017c bo<br>Egoistom komunistycznym najbardziej zale\u017cy by<br>Si\u0119 samemu dobrze ustawi\u0107<br>Pami\u0119taj\u0105c tak\u017ce i wspieraj\u0105cych ich<br>Innych lewakach taka zepsuta klika<\/em><\/p>\n","protected":false},"excerpt":{"rendered":"<p>1.Ta c\u00f3rka ubeka niech tamNie fika bo si\u0119 dofikaNie pod\u0142ug bestii do kt\u00f3rychJej typu zawsze po drodzeLecz pod\u0142ug prawdy sprawiedliwo\u015bci Bo\u017cej Bo zobacz jaka \u017cmijaW&hellip; <\/p>\n","protected":false},"author":1,"featured_media":0,"parent":0,"menu_order":0,"comment_status":"closed","ping_status":"closed","template":"","meta":{"footnotes":""},"class_list":["post-10367","page","type-page","status-publish","hentry"],"_links":{"self":[{"href":"https:\/\/hubertpietka.bialystok.pl\/index.php?rest_route=\/wp\/v2\/pages\/10367","targetHints":{"allow":["GET"]}}],"collection":[{"href":"https:\/\/hubertpietka.bialystok.pl\/index.php?rest_route=\/wp\/v2\/pages"}],"about":[{"href":"https:\/\/hubertpietka.bialystok.pl\/index.php?rest_route=\/wp\/v2\/types\/page"}],"author":[{"embeddable":true,"href":"https:\/\/hubertpietka.bialystok.pl\/index.php?rest_route=\/wp\/v2\/users\/1"}],"replies":[{"embeddable":true,"href":"https:\/\/hubertpietka.bialystok.pl\/index.php?rest_route=%2Fwp%2Fv2%2Fcomments&post=10367"}],"version-history":[{"count":1,"href":"https:\/\/hubertpietka.bialystok.pl\/index.php?rest_route=\/wp\/v2\/pages\/10367\/revisions"}],"predecessor-version":[{"id":10369,"href":"https:\/\/hubertpietka.bialystok.pl\/index.php?rest_route=\/wp\/v2\/pages\/10367\/revisions\/10369"}],"wp:attachment":[{"href":"https:\/\/hubertpietka.bialystok.pl\/index.php?rest_route=%2Fwp%2Fv2%2Fmedia&parent=10367"}],"curies":[{"name":"wp","href":"https:\/\/api.w.org\/{rel}","templated":true}]}}