{"id":10371,"date":"2026-02-26T19:18:09","date_gmt":"2026-02-26T19:18:09","guid":{"rendered":"https:\/\/hubertpietka.bialystok.pl\/?page_id=10371"},"modified":"2026-02-26T19:18:09","modified_gmt":"2026-02-26T19:18:09","slug":"oblawa-nieustanna-zla-bestii-lajdactwa-zawsze-wszedzie-bezmiar-przesladowan-totalnych","status":"publish","type":"page","link":"https:\/\/hubertpietka.bialystok.pl\/?page_id=10371","title":{"rendered":"Ob\u0142awa nieustanna z\u0142a bestii \u0142ajdactwa \/ zawsze wsz\u0119dzie &#8211; bezmiar prze\u015bladowa\u0144 totalnych"},"content":{"rendered":"\n<p>1.<br>Zepsute totalnie to plemi\u0119 prawos\u0142awnych<br>Ob\u0142udnik\u00f3w \u0142ajdacz\u0105cych pod\u0142ug bestii ca\u0142kowicie<br>A teraz zepsute szatany ptaki<br>Koty bezpa\u0144skie myszki owady itp<br>Porz\u0105dku \u015bwi\u0105tyni nie zak\u0142\u00f3caj\u0105 faryzeusze<br>Sromotni pod\u0142o\u015bci\u0105 niewymown\u0105 hipokryci wierutni<br>Ale ten pies to tak<br>Zw\u0142aszcza \u017ce tak pasuje bestiom<br>Zepsuci totalnie ca\u0142kowicie prawos\u0142awni ob\u0142udnicy<br>Podobnie zobacz jak on przeszkadza<br>Wra\u017cliwym szatanom odpowiednio pod\u0142ug bestii<br>\u017be w samochodzie se szczeka<br>Zamkni\u0119ty nie ma dost\u0119pu do<br>Ob\u0142udni\u00f3w wsp\u00f3\u0142czesnych faryzeuszy<br>A tak on przeszkadza szatanom<\/p>\n\n\n\n<p>2.<br>To jak tam zepsute bestie<br>Czy \u0142ajdactwo to teraz jak<br>B\u0119d\u0119 mia\u0142 tankowa\u0107 czy uczyni\u0107<br>Jaki\u015b wa\u017cny zakup to aplikacja<br>To znaczy BLIK zdecydowanie bardziej<br>Nie b\u0119dzie dzia\u0142a\u0107 jak to<br>Pasuje tym szatanom ca\u0142kowicie zepsutym<br>Jak ju\u017c tankuj\u0119 dobre paliwo<\/p>\n\n\n\n<p>3.<br>A teraz ile jeszcze b\u0119dzie<br>Trwa\u0107 ob\u0142awa totalnych prze\u015bladowa\u0144 tych<br>Szatan\u00f3w i bydlak\u00f3w r\u00f3wnie zepsutych<br>Wobec nas mnie naszego naszych<br>Ca\u0142y \u015bwiat na to patrzy<br>A te szatany zreszt\u0105 wszelakie<br>Zawodowe prywatne s\u0142u\u017cbowe czy jakie<br>Se mog\u0105 nas nieustannie prze\u015bladowa\u0107<br>Tyle lat ju\u017c ta ob\u0142awa<br>Bia\u0142ostocka na drogach zreszt\u0105 wsz\u0119dzie<br>Szatan\u00f3w wszelakich totalnie z\u0142em zepsutych<br>Powiem tylko tyle jak te<br>Szatany zreszt\u0105 wszelakie nas<br>W ko\u0144cu t\u0105 ob\u0142ud\u0105 ku<br>Zbrodniom szata\u0144skim swoim odpowiednio dopadn\u0105<br>Skutecznie po\u017cr\u0105 to i nie<br>B\u0119dzie tego zepsutego \u015bwiata wbrew<br>Ich wszelkim szata\u0144skim pod\u0142ym k\u0142amstwom<br>Wbrew pod\u0142ym mistyfikacjom i fa\u0142szerstwom<br>Bestii \u0142ajdactwa i zepsutych wszelkich<\/p>\n\n\n\n<figure class=\"wp-block-gallery has-nested-images columns-default is-cropped wp-block-gallery-1 is-layout-flex wp-block-gallery-is-layout-flex\">\n<figure class=\"wp-block-image size-large\"><a href=\"https:\/\/hubertpietka.bialystok.pl\/wp-content\/uploads\/2026\/02\/1000052500-scaled.jpg\"><img loading=\"lazy\" decoding=\"async\" width=\"1024\" height=\"771\" data-id=\"10372\" src=\"https:\/\/hubertpietka.bialystok.pl\/wp-content\/uploads\/2026\/02\/1000052500-1024x771.jpg\" alt=\"\" class=\"wp-image-10372\" srcset=\"https:\/\/hubertpietka.bialystok.pl\/wp-content\/uploads\/2026\/02\/1000052500-1024x771.jpg 1024w, https:\/\/hubertpietka.bialystok.pl\/wp-content\/uploads\/2026\/02\/1000052500-300x226.jpg 300w, https:\/\/hubertpietka.bialystok.pl\/wp-content\/uploads\/2026\/02\/1000052500-768x578.jpg 768w, https:\/\/hubertpietka.bialystok.pl\/wp-content\/uploads\/2026\/02\/1000052500-1536x1157.jpg 1536w, https:\/\/hubertpietka.bialystok.pl\/wp-content\/uploads\/2026\/02\/1000052500-2048x1542.jpg 2048w\" sizes=\"auto, (max-width: 1024px) 100vw, 1024px\" \/><\/a><\/figure>\n<\/figure>\n\n\n\n<p><em>My\u015blicie ob\u0142udnicy zepsuci wszelkimi szata\u0144stwami<br>\u017be B\u00f3g na wasze udawanie<br>Ob\u0142ud\u0119 sromotn\u0105 pod\u0142\u0105 wsz\u0119dzie zreszt\u0105<br>Wobec nas da si\u0119 nabra\u0107<br>O g\u0142upi totalnie bo Boga<br>Za g\u0142upiego bydlaka uwa\u017caj\u0105 kt\u00f3rymi<br>S\u0105 sami Boga uznali za<br>Naiwniaka zepsuci wszelkimi szata\u0144stwami k\u0142amstwami<br>O g\u0142upi totalnie po prostu<br>My\u015bl\u0105 \u017ce Boga b\u0119d\u0119 za<br>Nos wodzi\u0107 jak bestie \u0142ajdactwo<br>Bo swe zepsucie na Niego<br>Projektuj\u0105 a B\u00f3g szatany zepsute<br>Nie ma nic wsp\u00f3lnego z<br>Wasz\u0105 ob\u0142ud\u0105 fatyzejsk\u0105 i zbrodniami<br>On jest ca\u0142kowit\u0105 tego odwrotno\u015bci\u0105<\/em><\/p>\n\n\n\n<p><strong><em><a href=\"https:\/\/youtu.be\/Ft3WYeCL-ok?si=-WfqRAt2oGd5AZfi\">Pluto &#8211; Prawem wilka <\/a><\/em><\/strong><\/p>\n\n\n\n<p class=\"has-text-align-center\">\/<\/p>\n\n\n\n<p class=\"has-text-align-center\"><strong><em><a href=\"https:\/\/youtu.be\/rvLHB9qShWo?si=jaaM4j1Q1PAjBV8n\">\u017bo\u0142nierze Wykl\u0119ci &#8211; Wilki <\/a><\/em><\/strong><\/p>\n\n\n\n<p class=\"has-text-align-right\"><strong><em><a href=\"https:\/\/youtu.be\/salpkH7aK9U?si=tDPLtaAv2ep4-mok\">\u017bo\u0142nierze Wykl\u0119ci &#8211; Tadek<\/a><\/em><\/strong><\/p>\n","protected":false},"excerpt":{"rendered":"<p>1.Zepsute totalnie to plemi\u0119 prawos\u0142awnychOb\u0142udnik\u00f3w \u0142ajdacz\u0105cych pod\u0142ug bestii ca\u0142kowicieA teraz zepsute szatany ptakiKoty bezpa\u0144skie myszki owady itpPorz\u0105dku \u015bwi\u0105tyni nie zak\u0142\u00f3caj\u0105 faryzeuszeSromotni pod\u0142o\u015bci\u0105 niewymown\u0105 hipokryci wierutniAle&hellip; <\/p>\n","protected":false},"author":1,"featured_media":0,"parent":0,"menu_order":0,"comment_status":"closed","ping_status":"closed","template":"","meta":{"footnotes":""},"class_list":["post-10371","page","type-page","status-publish","hentry"],"_links":{"self":[{"href":"https:\/\/hubertpietka.bialystok.pl\/index.php?rest_route=\/wp\/v2\/pages\/10371","targetHints":{"allow":["GET"]}}],"collection":[{"href":"https:\/\/hubertpietka.bialystok.pl\/index.php?rest_route=\/wp\/v2\/pages"}],"about":[{"href":"https:\/\/hubertpietka.bialystok.pl\/index.php?rest_route=\/wp\/v2\/types\/page"}],"author":[{"embeddable":true,"href":"https:\/\/hubertpietka.bialystok.pl\/index.php?rest_route=\/wp\/v2\/users\/1"}],"replies":[{"embeddable":true,"href":"https:\/\/hubertpietka.bialystok.pl\/index.php?rest_route=%2Fwp%2Fv2%2Fcomments&post=10371"}],"version-history":[{"count":1,"href":"https:\/\/hubertpietka.bialystok.pl\/index.php?rest_route=\/wp\/v2\/pages\/10371\/revisions"}],"predecessor-version":[{"id":10373,"href":"https:\/\/hubertpietka.bialystok.pl\/index.php?rest_route=\/wp\/v2\/pages\/10371\/revisions\/10373"}],"wp:attachment":[{"href":"https:\/\/hubertpietka.bialystok.pl\/index.php?rest_route=%2Fwp%2Fv2%2Fmedia&parent=10371"}],"curies":[{"name":"wp","href":"https:\/\/api.w.org\/{rel}","templated":true}]}}