{"id":10376,"date":"2026-02-26T23:07:53","date_gmt":"2026-02-26T23:07:53","guid":{"rendered":"https:\/\/hubertpietka.bialystok.pl\/?page_id=10376"},"modified":"2026-02-26T23:07:53","modified_gmt":"2026-02-26T23:07:53","slug":"mazurki-dzisiejsze-specjalnie-dla-lajdactwa-szczegolnie-dla-bestii-zwlaszcza","status":"publish","type":"page","link":"https:\/\/hubertpietka.bialystok.pl\/?page_id=10376","title":{"rendered":"*Mazurki* dzisiejsze \/ specjalnie dla \u0142ajdactwa &#8211; szczeg\u00f3lnie dla bestii zw\u0142aszcza"},"content":{"rendered":"\n<p>1.<br>Zapraszam dzisiaj bestie i \u0142ajdactwo<br>Do *<strong>Mazurka<\/strong>* najlepiej na lodzie<br>I niekoniecznie tego &#8222;D\u0105browskiego&#8221;<br>Cho\u0107 mam wra\u017cenie \u017ce tego<br>Jako\u015b oni nie lubi\u0105 sobie<\/p>\n\n\n\n<figure class=\"wp-block-gallery has-nested-images columns-default is-cropped wp-block-gallery-1 is-layout-flex wp-block-gallery-is-layout-flex\">\n<figure class=\"wp-block-image size-large\"><a href=\"https:\/\/hubertpietka.bialystok.pl\/wp-content\/uploads\/2026\/02\/1000052689.jpg\"><img loading=\"lazy\" decoding=\"async\" width=\"1024\" height=\"771\" data-id=\"10377\" src=\"https:\/\/hubertpietka.bialystok.pl\/wp-content\/uploads\/2026\/02\/1000052689-1024x771.jpg\" alt=\"\" class=\"wp-image-10377\" srcset=\"https:\/\/hubertpietka.bialystok.pl\/wp-content\/uploads\/2026\/02\/1000052689-1024x771.jpg 1024w, https:\/\/hubertpietka.bialystok.pl\/wp-content\/uploads\/2026\/02\/1000052689-300x226.jpg 300w, https:\/\/hubertpietka.bialystok.pl\/wp-content\/uploads\/2026\/02\/1000052689-768x578.jpg 768w, https:\/\/hubertpietka.bialystok.pl\/wp-content\/uploads\/2026\/02\/1000052689-1536x1156.jpg 1536w, https:\/\/hubertpietka.bialystok.pl\/wp-content\/uploads\/2026\/02\/1000052689.jpg 1600w\" sizes=\"auto, (max-width: 1024px) 100vw, 1024px\" \/><\/a><\/figure>\n<\/figure>\n\n\n\n<p>2.<br>Ob\u0142awa Augustowska a tu masz<br>*<strong>Masz \u017curku<\/strong>* podjed\u017a sobie \u017culku<br>\u0141ajdacki bynajmniej nie koniecznie pijacki<br>Cho\u0107 i to wspominaj\u0105c \u015bci\u015ble<br>W postaci wielkiego cz\u0142owieka szczeg\u00f3lnie<\/p>\n\n\n\n<p>\u017bulostwo moralne jest og\u00f3lnie mile<br>U bestii widziane jedyne demokratyczne<br>Tylko takie u bestii znajduje<br>Swoje uznanie wiek nie ma<br>Tu bynajmniej \u017cadnego znaczenia status<br>Maj\u0119tno\u015b\u0107 religia czy pozycja spo\u0142eczna<\/p>\n\n\n\n<p>3.<br>Moje ulubione ciasto w dzieci\u0144stwie<br>To *<strong>mazurki<\/strong>* w\u0142a\u015bnie zw\u0142aszcza wielkanocne<br>A tu &#8222;masz babo placek&#8221;<br>Do\u0142o\u017cono jeszcze 3 *<strong>Mazurki<\/strong>* od Jagusi<br>&#8222;Z ziemi w\u0142oskiej do polskiej&#8221;<\/p>\n\n\n\n<p>4.<br>Co\u015b czuj\u0119 \u017ce bestii \u0142ajdactwu<br>Raczej bokiem wyjd\u0105 dzisiejsze *<strong>mazurki<\/strong>*<br>No c\u00f3\u017c taka karma<\/p>\n\n\n\n<hr class=\"wp-block-separator has-alpha-channel-opacity\"\/>\n\n\n\n<p><em>A B\u00f3g czyni dzie\u0142a swoje<br>Na przek\u00f3r zepsuciu bestii \u0142ajdactwa<br>Trzeba by\u0107 \u015blepym chyba by<br>Tego nie chcie\u0107 odpowiednio zobaczy\u0107<\/em><\/p>\n\n\n\n<p>&#8217;<em>O bestie i odpowiednie \u0142ajdactwo <\/em><\/p>\n\n\n\n<p class=\"has-text-align-left\"><strong><em><a href=\"https:\/\/youtu.be\/PRo0xXWlPps?si=jiRwtaHaOdOX0rC8\">Mazur &#8211; Mazowsze<\/a><\/em><\/strong><\/p>\n\n\n\n<p class=\"has-text-align-right\"><em>Jeszcze jeden *<strong>mazur &#8211; ma zawsze* <\/strong><\/em><\/p>\n","protected":false},"excerpt":{"rendered":"<p>1.Zapraszam dzisiaj bestie i \u0142ajdactwoDo *Mazurka* najlepiej na lodzieI niekoniecznie tego &#8222;D\u0105browskiego&#8221;Cho\u0107 mam wra\u017cenie \u017ce tegoJako\u015b oni nie lubi\u0105 sobie 2.Ob\u0142awa Augustowska a tu masz*Masz&hellip; <\/p>\n","protected":false},"author":1,"featured_media":0,"parent":0,"menu_order":0,"comment_status":"closed","ping_status":"closed","template":"","meta":{"footnotes":""},"class_list":["post-10376","page","type-page","status-publish","hentry"],"_links":{"self":[{"href":"https:\/\/hubertpietka.bialystok.pl\/index.php?rest_route=\/wp\/v2\/pages\/10376","targetHints":{"allow":["GET"]}}],"collection":[{"href":"https:\/\/hubertpietka.bialystok.pl\/index.php?rest_route=\/wp\/v2\/pages"}],"about":[{"href":"https:\/\/hubertpietka.bialystok.pl\/index.php?rest_route=\/wp\/v2\/types\/page"}],"author":[{"embeddable":true,"href":"https:\/\/hubertpietka.bialystok.pl\/index.php?rest_route=\/wp\/v2\/users\/1"}],"replies":[{"embeddable":true,"href":"https:\/\/hubertpietka.bialystok.pl\/index.php?rest_route=%2Fwp%2Fv2%2Fcomments&post=10376"}],"version-history":[{"count":1,"href":"https:\/\/hubertpietka.bialystok.pl\/index.php?rest_route=\/wp\/v2\/pages\/10376\/revisions"}],"predecessor-version":[{"id":10378,"href":"https:\/\/hubertpietka.bialystok.pl\/index.php?rest_route=\/wp\/v2\/pages\/10376\/revisions\/10378"}],"wp:attachment":[{"href":"https:\/\/hubertpietka.bialystok.pl\/index.php?rest_route=%2Fwp%2Fv2%2Fmedia&parent=10376"}],"curies":[{"name":"wp","href":"https:\/\/api.w.org\/{rel}","templated":true}]}}