{"id":10385,"date":"2026-03-04T18:27:50","date_gmt":"2026-03-04T18:27:50","guid":{"rendered":"https:\/\/hubertpietka.bialystok.pl\/?page_id=10385"},"modified":"2026-03-04T18:27:50","modified_gmt":"2026-03-04T18:27:50","slug":"obled-obludy-dla-przemocy-ku-zbrodniom-jest-opetaniem-zepsuciem-szatanskim-jednoznacznym-wbrew-pozorom-innych-dzialan-zreszta-jakichkolwiek","status":"publish","type":"page","link":"https:\/\/hubertpietka.bialystok.pl\/?page_id=10385","title":{"rendered":"Ob\u0142\u0119d ob\u0142udy \/ dla przemocy ku zbrodniom &#8211; jest op\u0119taniem \/ zepsuciem szata\u0144skim jednoznacznym &#8211; wbrew pozorom innych dzia\u0142a\u0144 \/ zreszt\u0105 jakichkolwiek"},"content":{"rendered":"\n<p>Czy mo\u017ce by\u0107 gorsze ob\u0142\u0105kanie<br>Ni\u017c z\u0142em ni\u017c s\u0142u\u017cenie zbrodniom<br>Tych bestii czy mo\u017ce by\u0107<br>Wi\u0119ksze zdebilenie cz\u0142owieka ni\u017c z\u0142em<br>Bo zamyka si\u0119 oczy<br>Na prawd\u0119 dobro byle tylko<br>S\u0142u\u017cy\u0107 wszelkim szata\u0144skim k\u0142amstwom zbrodniom<\/p>\n\n\n\n<p>Biedni ci wszyscy ob\u0142udnicy op\u0119tani<br>Z\u0142em ku zbrodniom tych szatan\u00f3w<br>B\u0119dziecie wo\u0142a\u0107 kiedy\u015b ale was<br>Nie us\u0142ysz\u0105 podobnie jak nie<br>S\u0142uchaj\u0105 ob\u0142udnicy tego niemego krzyku<br>Niewinnych tym chorym prze\u015bladowaniom nienawistnym<\/p>\n\n\n\n<p>Czy wy naprawd\u0119 my\u015blicie \u017ce<br>B\u00f3g nie wie kiedy udajecie<br>By cho\u0107by z\u0142a rykoszetem uderza\u0107<br>W te Bo\u017ce dzieci teraz<br>To sobie lekcewa\u017cycie ale to<br>Do was kiedy\u015b w pe\u0142nej<br>Rozpi\u0119to\u015bci ob\u0142\u0119du z\u0142a kt\u00f3remu s\u0142u\u017cycie<br>To do was odpowiednio wr\u00f3ci<\/p>\n\n\n\n<p>I to kim by\u015bcie i<br>Nie byli w tym \u015bwiecie<br>Pod\u0142ug zawodu slu\u017cbisto\u015bci ale z\u0142u<br>Nie niewinnym przecie\u017c temu s\u0142u\u017cy\u0107<br>Ma pe\u0142na przemoc \u0142ajdactwa bestiom<br>Jak\u0105kolwiek by\u015bcie pe\u0142nili rol\u0119 spo\u0142eczn\u0105<br>Mo\u017cecie czu\u0107 si\u0119 wielcy w<br>Tym zepsutym \u015bwiecie \u0142ajdactwa bestii<br>Ale pod\u0142ug Boga nie jest<br>Pod\u0142ug tego lecz w\u0142a\u015bnie wobec<br>S\u0142u\u017ceniu z\u0142u zbrodni czy niewinno\u015bci<br>Wsp\u00f3\u0142pracy z sromotnymi szatanami<br>Czy z dobrem dzie\u0107mi Bo\u017cymi<\/p>\n\n\n\n<p>I ka\u017cde wasze k\u0142amstwo ob\u0142udnicy<br>Zostanie kiedy\u015b skompromitowane przed Bogiem<br>Wyjdzie na jaw ka\u017cda wasza<br>Pod\u0142o\u015b\u0107 wsp\u00f3\u0142uczestnictwa w zbrodniach bestii<\/p>\n\n\n\n<figure class=\"wp-block-gallery has-nested-images columns-default is-cropped wp-block-gallery-1 is-layout-flex wp-block-gallery-is-layout-flex\">\n<figure class=\"wp-block-image size-large\"><a href=\"https:\/\/hubertpietka.bialystok.pl\/wp-content\/uploads\/2026\/03\/1000053616.jpg\"><img loading=\"lazy\" decoding=\"async\" width=\"771\" height=\"1024\" data-id=\"10386\" src=\"https:\/\/hubertpietka.bialystok.pl\/wp-content\/uploads\/2026\/03\/1000053616-771x1024.jpg\" alt=\"\" class=\"wp-image-10386\" srcset=\"https:\/\/hubertpietka.bialystok.pl\/wp-content\/uploads\/2026\/03\/1000053616-771x1024.jpg 771w, https:\/\/hubertpietka.bialystok.pl\/wp-content\/uploads\/2026\/03\/1000053616-226x300.jpg 226w, https:\/\/hubertpietka.bialystok.pl\/wp-content\/uploads\/2026\/03\/1000053616-768x1021.jpg 768w, https:\/\/hubertpietka.bialystok.pl\/wp-content\/uploads\/2026\/03\/1000053616-1156x1536.jpg 1156w, https:\/\/hubertpietka.bialystok.pl\/wp-content\/uploads\/2026\/03\/1000053616.jpg 1204w\" sizes=\"auto, (max-width: 771px) 100vw, 771px\" \/><\/a><\/figure>\n<\/figure>\n\n\n\n<p><em>Nie \u0142ud\u017acie si\u0119 zepsuci<br>Z\u0142o nigdy nie ma uczestnictwa<br>W dzie\u0142ach Bo\u017cych lecz jest<br>Ob\u0142\u0119dem pychy szatana w kt\u00f3rej<br>Wy ob\u0142udnicy uczestniczycie wymiernie<br>Ku z\u0142u zbrodni bestii wobec<br>Tych ma\u0142ych wszystkiego Bo\u017cych dzieci<\/em><\/p>\n","protected":false},"excerpt":{"rendered":"<p>Czy mo\u017ce by\u0107 gorsze ob\u0142\u0105kanieNi\u017c z\u0142em ni\u017c s\u0142u\u017cenie zbrodniomTych bestii czy mo\u017ce by\u0107Wi\u0119ksze zdebilenie cz\u0142owieka ni\u017c z\u0142emBo zamyka si\u0119 oczyNa prawd\u0119 dobro byle tylkoS\u0142u\u017cy\u0107 wszelkim&hellip; <\/p>\n","protected":false},"author":1,"featured_media":0,"parent":0,"menu_order":0,"comment_status":"closed","ping_status":"closed","template":"","meta":{"footnotes":""},"class_list":["post-10385","page","type-page","status-publish","hentry"],"_links":{"self":[{"href":"https:\/\/hubertpietka.bialystok.pl\/index.php?rest_route=\/wp\/v2\/pages\/10385","targetHints":{"allow":["GET"]}}],"collection":[{"href":"https:\/\/hubertpietka.bialystok.pl\/index.php?rest_route=\/wp\/v2\/pages"}],"about":[{"href":"https:\/\/hubertpietka.bialystok.pl\/index.php?rest_route=\/wp\/v2\/types\/page"}],"author":[{"embeddable":true,"href":"https:\/\/hubertpietka.bialystok.pl\/index.php?rest_route=\/wp\/v2\/users\/1"}],"replies":[{"embeddable":true,"href":"https:\/\/hubertpietka.bialystok.pl\/index.php?rest_route=%2Fwp%2Fv2%2Fcomments&post=10385"}],"version-history":[{"count":1,"href":"https:\/\/hubertpietka.bialystok.pl\/index.php?rest_route=\/wp\/v2\/pages\/10385\/revisions"}],"predecessor-version":[{"id":10387,"href":"https:\/\/hubertpietka.bialystok.pl\/index.php?rest_route=\/wp\/v2\/pages\/10385\/revisions\/10387"}],"wp:attachment":[{"href":"https:\/\/hubertpietka.bialystok.pl\/index.php?rest_route=%2Fwp%2Fv2%2Fmedia&parent=10385"}],"curies":[{"name":"wp","href":"https:\/\/api.w.org\/{rel}","templated":true}]}}