{"id":10389,"date":"2026-03-04T22:34:12","date_gmt":"2026-03-04T22:34:12","guid":{"rendered":"https:\/\/hubertpietka.bialystok.pl\/?page_id=10389"},"modified":"2026-03-04T22:34:12","modified_gmt":"2026-03-04T22:34:12","slug":"kto-moze-niech-sie-nawroci-z-obludy-chorej-a-kto-w-niej-jest-na-zaparte-bedzie-sie-plawil-w-niej-u-szatana-bo-ona-jego-zlu-sluzy-choc-partykularnie-bestiom-i-lajdactwu","status":"publish","type":"page","link":"https:\/\/hubertpietka.bialystok.pl\/?page_id=10389","title":{"rendered":"Kto mo\u017ce &#8211; niech si\u0119 nawr\u00f3ci \/ z ob\u0142udy chorej &#8211; a kto w niej jest na zaparte \/ b\u0119dzie si\u0119 p\u0142awi\u0142 w niej u szatana &#8211; bo ona jego z\u0142u s\u0142u\u017cy \/ cho\u0107 partykularnie &#8211; bestiom i \u0142ajdactwu"},"content":{"rendered":"\n<p>1.<br>Wiem \u017ce podpadn\u0119 bestiom \u0142ajdakom<br>Ju\u017c nie raz przecie\u017c podpad\u0142em<br>I to a\u017c na zab\u00f3j<br>A wi\u0119c drodzy obludo\u017cercy je\u015bli<br>Was nazywam op\u0119tanymi ob\u0142\u0105kanymi ob\u0142ud\u0105<br>Ku zbrodniom zreszt\u0105 wszelkich zepsutych<br>Bestii i \u0142ajdactwa na nas<br>Naszych i naszym to bynajmniej<br>Nie skazuje was na pot\u0119pienie<br>Lecz chcia\u0142bym chocia\u017c niekt\u00f3rych uczestnicz\u0105cych<br>W tym procedurze z\u0142a sk\u0142oni\u0107<br>Do nawr\u00f3cenia tych kt\u00f3rzy mo\u017ce<br>Jeszcze nie s\u0105 ca\u0142kowicie zepsuci<br>Kt\u00f3rzy mo\u017ce jeszcze nie znajduj\u0105<br>Pe\u0142ni chorego szcz\u0119\u015bcia w z\u0142u<br>Wobec wszystkiego wszystkich dzieci Bo\u017cych<br>W\u0142a\u015bnie tych kt\u00f3rzy jeszcze si\u0119<br>Nie p\u0142awi\u0105 we wszelkich szata\u0144stwach<br>Bestii lecz mo\u017ce maj\u0105 jeszcze<br>Jaki\u015b odruch sprawiedliwego sumienia wobec<br>Tych prze\u015bladowa\u0144 nieustannych na nas<br>Naszych i naszym niewinnych innych<br>Pod\u0142ug bestii zepsucia kt\u00f3rzy przecie\u017c<br>Najwi\u0119ksz\u0105 rado\u015b\u0107 rubaszn\u0105 czerpi\u0105 z<br>Nienawi\u015bci i konsumpcji jej z\u0142em<br>Mo\u017ce chocia\u017c niekt\u00f3rych to przywiedzie<br>Do rozs\u0105dku by nie dawa\u0107<br>Przestrzeni z\u0142u obludo\u017cerstwu wstr\u0119tnemy<br>Lecz sk\u0142oni\u0107 si\u0119 ku dobru<br>Prawdziwemu nie tej mistyfikacji k\u0142amstw<br>Ku potwornym zbrodniom wszelkim bestii<br>I tylko tyle w temacie<br>Nawet je\u015bli czasem pi\u00f3ro mnie<br>Poniesie w kr\u0119gi do\u015b\u0107 mocne<br>To jest intencj\u0105 mego serca<br>A kto ma serce jeszcze<br>Niech si\u0119 w to ws\u0142ucha<br>Bo nie ma lepszego \u017cyczenia<br>Ni\u017c \u017cyczy\u0107 komu\u015b nieba by<br>Si\u0119 nawr\u00f3ci\u0142 ze z\u0142o\u015bci nienawistnej<br>Temu co s\u0142u\u017cy zbrodniom wykolejonym<br>Wobec wszelkich prostych Bo\u017cych warto\u015bci<\/p>\n\n\n\n<figure class=\"wp-block-gallery has-nested-images columns-default is-cropped wp-block-gallery-1 is-layout-flex wp-block-gallery-is-layout-flex\">\n<figure class=\"wp-block-image size-large\"><a href=\"https:\/\/hubertpietka.bialystok.pl\/wp-content\/uploads\/2026\/03\/1000053630.jpg\"><img loading=\"lazy\" decoding=\"async\" width=\"771\" height=\"1024\" data-id=\"10390\" src=\"https:\/\/hubertpietka.bialystok.pl\/wp-content\/uploads\/2026\/03\/1000053630-771x1024.jpg\" alt=\"\" class=\"wp-image-10390\" srcset=\"https:\/\/hubertpietka.bialystok.pl\/wp-content\/uploads\/2026\/03\/1000053630-771x1024.jpg 771w, https:\/\/hubertpietka.bialystok.pl\/wp-content\/uploads\/2026\/03\/1000053630-226x300.jpg 226w, https:\/\/hubertpietka.bialystok.pl\/wp-content\/uploads\/2026\/03\/1000053630-768x1021.jpg 768w, https:\/\/hubertpietka.bialystok.pl\/wp-content\/uploads\/2026\/03\/1000053630-1156x1536.jpg 1156w, https:\/\/hubertpietka.bialystok.pl\/wp-content\/uploads\/2026\/03\/1000053630.jpg 1204w\" sizes=\"auto, (max-width: 771px) 100vw, 771px\" \/><\/a><\/figure>\n<\/figure>\n\n\n\n<p>2.<br>A teraz druga rzecz rozs\u0105d\u017acie sami<br>Pomi\u0119dzy nami a tymi ob\u0142udnikami<br>Tam prostackimi i niestety prawos\u0142awnymi<br>Bo ja te\u017c nie mam<br>Bynajmniej przyjemno\u015bci by to tak<br>Generalizowa\u0107 ale w obliczu tam<br>Ca\u0142ej takiej miejscowo\u015bci jak mam<br>To niby inaczej tu powiedzie\u0107<br>Skoro miejsce ludowo\u015bci nale\u017cy niby<br>Do wszystkich ale bynajmniej nie<br>Do nas my nawet nie mo\u017cemy<br>Tam si\u0119 umie\u015bci\u0107 by wykona\u0107<br>Konieczn\u0105 konserwacj\u0119 naszej nieruchomej posiad\u0142o\u015bci<br>Sami rozstrzygnijcie wi\u0119c tego nas<br>Wobec tej ob\u0142udnej spo\u0142eczno\u015bci prawos\u0142awnej<br>Tam w\u0142a\u015bnie \u017ce nie wspomn\u0119<br>O zabraniu nam tam pola<br>O przestawianiu p\u0142otu i o<br>Innych wszelkich z\u0142o\u015bliwo\u015bciach nawet g\u00f3wniarzy<br>Sk\u0105d ta zepsuta nienawi\u015b\u0107 prawos\u0142awnych<br>Czy\u017c nie od bestii te\u017c<br>J\u0105 czerpi\u0105 to \u0142ajdactwo tam<br>Skoro nawet cz\u0142owiek nie mo\u017ce<br>Zrobi\u0107 koniecznych rzeczy wobec swojego<br>A pewnie zaraz ta przyczepka<br>Tam przy ulicy te\u017c b\u0119dzie<br>Przeszkadza\u0107 odpowiednio szata\u0144stwu tak zaplutemu<br>W prostackiej nienawi\u015bci wobec katolik\u00f3w<br>Kt\u00f3rzy zreszt\u0105 s\u0105 tam jedyni<\/p>\n","protected":false},"excerpt":{"rendered":"<p>1.Wiem \u017ce podpadn\u0119 bestiom \u0142ajdakomJu\u017c nie raz przecie\u017c podpad\u0142emI to a\u017c na zab\u00f3jA wi\u0119c drodzy obludo\u017cercy je\u015bliWas nazywam op\u0119tanymi ob\u0142\u0105kanymi ob\u0142ud\u0105Ku zbrodniom zreszt\u0105 wszelkich zepsutychBestii&hellip; <\/p>\n","protected":false},"author":1,"featured_media":0,"parent":0,"menu_order":0,"comment_status":"closed","ping_status":"closed","template":"","meta":{"footnotes":""},"class_list":["post-10389","page","type-page","status-publish","hentry"],"_links":{"self":[{"href":"https:\/\/hubertpietka.bialystok.pl\/index.php?rest_route=\/wp\/v2\/pages\/10389","targetHints":{"allow":["GET"]}}],"collection":[{"href":"https:\/\/hubertpietka.bialystok.pl\/index.php?rest_route=\/wp\/v2\/pages"}],"about":[{"href":"https:\/\/hubertpietka.bialystok.pl\/index.php?rest_route=\/wp\/v2\/types\/page"}],"author":[{"embeddable":true,"href":"https:\/\/hubertpietka.bialystok.pl\/index.php?rest_route=\/wp\/v2\/users\/1"}],"replies":[{"embeddable":true,"href":"https:\/\/hubertpietka.bialystok.pl\/index.php?rest_route=%2Fwp%2Fv2%2Fcomments&post=10389"}],"version-history":[{"count":1,"href":"https:\/\/hubertpietka.bialystok.pl\/index.php?rest_route=\/wp\/v2\/pages\/10389\/revisions"}],"predecessor-version":[{"id":10391,"href":"https:\/\/hubertpietka.bialystok.pl\/index.php?rest_route=\/wp\/v2\/pages\/10389\/revisions\/10391"}],"wp:attachment":[{"href":"https:\/\/hubertpietka.bialystok.pl\/index.php?rest_route=%2Fwp%2Fv2%2Fmedia&parent=10389"}],"curies":[{"name":"wp","href":"https:\/\/api.w.org\/{rel}","templated":true}]}}