{"id":10395,"date":"2026-03-05T23:15:35","date_gmt":"2026-03-05T23:15:35","guid":{"rendered":"https:\/\/hubertpietka.bialystok.pl\/?page_id=10395"},"modified":"2026-03-05T23:18:53","modified_gmt":"2026-03-05T23:18:53","slug":"szatanstwo-nie-zwyciezy-dzieci-bozych-nawet-jesli-jak-szatan-przedstawiaja-sie-bestie-i-lajdactwo-jako-aniolowie-bozy","status":"publish","type":"page","link":"https:\/\/hubertpietka.bialystok.pl\/?page_id=10395","title":{"rendered":"Szata\u0144stwo nie zwyci\u0119\u017cy dzieci Bo\u017cych \/ nawet je\u015bli jak szatan &#8211; przedstawiaj\u0105 si\u0119 bestie i \u0142ajdactwo \/ jako anio\u0142owie Bo\u017cy"},"content":{"rendered":"\n<p>1.<br>Zepsute totalnie ob\u0142\u0119dem szata\u0144skim bestie<br>Nawet nr na li\u015bcie zapisu<br>Na orlika w pi\u0142k\u0119 wykorzystywa\u0107<br>Chc\u0105 ku swym popapranym zbrodniom<br>Ob\u0142\u0119d tych bestii przekracza ju\u017c<br>Chyba wszelkie poj\u0119cie zdrowego rozs\u0105dku<br>To z kt\u00f3rej szatany pi\u0105tki<br>Ma odpa\u015b\u0107 kto\u015b co\u015b odpowiednio<br>Nas ze zwierz\u0119tami z rodze\u0144stwa<br>Co tam wymy\u015bl\u0105 ob\u0142udnicy jeszcze<br>Niesko\u0144czony ob\u0142\u0119d bestii ku zbrodniom<br>Tak te zepsute szata\u0144stwem bestie<br>Mog\u0105 przecie\u017c wykorzystywa\u0107 se wszystko<br>Ob\u0142\u0119d ob\u0142\u0119dny szata\u0144stw chorych wykolejonych<br>I na kiedy ta rozgrywka<br>Szata\u0144skie bestie najlepiej na sz\u00f3stego<br>Kpi\u0105 se szatany z Apokalipsy<br>A j\u0105 spe\u0142niaj\u0105 w calu ka\u017cdym totalnie<\/p>\n\n\n\n<p>2.<br>To jak tam z tym<br>Samochodem przy Drodze ob\u0142udnik *<em><strong>z-deps-tany<\/strong><\/em>* wiekiem prawos\u0142awny<br>Zapewne zosta\u0142 odpowiednio poinstruowany przez<br>Te szata\u0144skie bestie co ma<br>Zezna\u0107 w sprawie mojego samochodu<br>Wiadomo bestie przez \u0142ajdak\u00f3w spe\u0142nia\u0107<br>Chc\u0105 wszelkie swe zaplute szata\u0144stwa<br>A ten ob\u0142udnik to prawos\u0142awny<br>Wiedz\u0105 jak nimi rozgrywa\u0107 szatany<br>Nie zabraknie przecie\u017c ob\u0142udnik\u00f3w prawos\u0142awnych<br>Do zbrodni szata\u0144skich tych bestii<\/p>\n\n\n\n<p>A gorsze chyba tylko ni\u017c<br>Zepsute g\u00f3wniarze s\u0105 zepsute dziady<br>Stare ju\u017c chyl\u0105ce si\u0119 odpowiednio<br>Nad grobem a jeszcze \u0142ajdacz\u0105ce<br>Sromotnie pod\u0142ug tych szata\u0144skich bestii<\/p>\n\n\n\n<p>3.<br>A to bydle podwijskie ma<br>Mo\u017ce kolejny pretekst ku \u0142ajdactwom<br>Spokojnie w pogotowiu blisko mi\u015bki<br>S\u0105 zawsze ku jego bydlactwu<br>A \u017ce pale na balkonie<br>P\u00f3ki co nie ma zakazu<br>Ale niech z bestiami pogada<br>Oni absurdy prawne lubi\u0105 wciela\u0107<br>W \u017cycie hurtowo ka\u017cdego dnia<br>Mo\u017ce ku jego \u0142ajdactwu mu<br>To odpowiednio za\u0142atwi\u0105 bo zbytnio<br>Nie wiem czy ma on<br>Jaki\u015b nowy pretekst ku bydlactwu<br>Poza tymi ju\u017c przebrzmia\u0142ymi raczej<br>Ale to przecie\u017c pere\u0142ka bestii<br>Nie prawos\u0142awny a \u0142ajdaczy tak<br>Samo totalnie jak zepsuci tamci<\/p>\n\n\n\n<p>4.<br>I jeszcze s\u0142owo o m\u0142odzie\u017cy<br>Nie jestem wam bynajmniej przeciwny<br>Lecz g\u00f3wniarzom analogicznie \u0142ajdacz\u0105cym<br>Jak doros\u0142e stare prawos\u0142awne ob\u0142udniki<br>Tych tak nazywam wymiernie zreszt\u0105<br>A co do tej reszty<br>To jeste\u015bcie w trudnej sytuacji<br>Bo \u015bwiat was psu\u0107 chce<br>S\u0105cz\u0105 w was manipulacj\u0105 jad<br>Zepsute szemrane niby autorytety przeciwko<br>Oczywi\u015bcie tym Bo\u017cym dzieciom warto\u015bciom<br>Lecz m\u0142odo\u015b\u0107 potrafi mie\u0107 intencje<br>Dobre i czyste je\u015bli odrzuci<br>Ten ca\u0142y \u015bwiatowy syf kt\u00f3rym<br>Chc\u0105 zniszczy\u0107 im \u017cycie szczury<br>Bo im zale\u017cy tylko by\u015bcie<br>Si\u0119 stali zniewolonymi cyborgami<br>Nie mog\u0105cymi oderwa\u0107 si\u0119 od<br>Smartfon\u00f3w nie potrafi\u0105cymi my\u015ble\u0107 samodzielnie<br>I warto\u015bciowa\u0107 wszystko moralnie odpowiednio<br>Nie jestem wam przeciwko rozumiem<br>Trud czas\u00f3w w kt\u00f3rych \u017cyjemy<br>Ale nie zeszma\u0107cie si\u0119 ob\u0142ud\u0105<br>Tych wszystkich kt\u00f3rym na was<br>Na pewno nie zale\u017cy lecz<br>\u017beby was zniewala\u0107 na wszelkie<br>Sposoby by m\u00f3c wami sterowa\u0107<\/p>\n\n\n\n<figure class=\"wp-block-gallery has-nested-images columns-default is-cropped wp-block-gallery-1 is-layout-flex wp-block-gallery-is-layout-flex\">\n<figure class=\"wp-block-image size-large\"><a href=\"https:\/\/hubertpietka.bialystok.pl\/wp-content\/uploads\/2026\/03\/1000053815.jpg\"><img loading=\"lazy\" decoding=\"async\" width=\"771\" height=\"1024\" data-id=\"10398\" src=\"https:\/\/hubertpietka.bialystok.pl\/wp-content\/uploads\/2026\/03\/1000053815-771x1024.jpg\" alt=\"\" class=\"wp-image-10398\" srcset=\"https:\/\/hubertpietka.bialystok.pl\/wp-content\/uploads\/2026\/03\/1000053815-771x1024.jpg 771w, https:\/\/hubertpietka.bialystok.pl\/wp-content\/uploads\/2026\/03\/1000053815-226x300.jpg 226w, https:\/\/hubertpietka.bialystok.pl\/wp-content\/uploads\/2026\/03\/1000053815-768x1021.jpg 768w, https:\/\/hubertpietka.bialystok.pl\/wp-content\/uploads\/2026\/03\/1000053815-1156x1536.jpg 1156w, https:\/\/hubertpietka.bialystok.pl\/wp-content\/uploads\/2026\/03\/1000053815.jpg 1204w\" sizes=\"auto, (max-width: 771px) 100vw, 771px\" \/><\/a><\/figure>\n<\/figure>\n\n\n\n<p>5.<br>Tak zreszt\u0105 bestie wykorzystuj\u0105 wszystkich<br>Tak\u017ce poprzez sprzedajne \u0142ajdactwo zepsute<br>A teraz skoro B\u00f3g mnie<br>Nas uczyni\u0142 tam\u0105 dla nich<br>A te szatany szanta\u017cuj\u0105 wszystkich<br>\u017be niby jak nas dopadn\u0105<br>To b\u0119dzie spoko ju\u017c wszystko<br>Przek\u0142amuj\u0105c S\u0142owo Boga i czyni\u0105c<br>Go k\u0142amc\u0105 bo bestie \u0142ajdactwo<br>Lepiej wiedz\u0105 co ma by\u0107<br>Ni\u017c sam B\u00f3g a to<br>Cho\u0107by prawos\u0142awne \u0142ajdactwo ob\u0142udnicy wierutni<br>To przyjmuj\u0105 ku z\u0142u dla<br>Tych dzieci Bo\u017cych nie w<br>Zgodzie z Bogiem lecz wychodz\u0105c<br>Na przeciw szata\u0144stwom tych bestii<br>To gdzie wy zepsuci jeste\u015bcie<br>K\u0142amstwa szata\u0144skie bestii ich szanta\u017ce<br>Maj\u0105 przekona\u0107 Boga \u017ce ma<br>On post\u0119powa\u0107 pod\u0142ug ich i<br>Waszego totalnego szata\u0144skiego zepsucia ku<br>Zbrodniom chorym i ob\u0142\u0119dnym wszelkim<br>Oj ob\u0142udnicy wy prawos\u0142awni cho\u0107by<br>Niby w Boga wierzycie a<br>Gracie do jednej bramki z<br>Bestiami i szatanem tak naprawd\u0119<br>Ale tego nie przyznacie i<br>Nie zobaczycie bo jeste\u015bcie ob\u0142udnicy<br>Podobnie jak te bestie i<br>Wszelkie zepsute \u0142ajdactwo jakiejkolwiek prowieniencji<br>G\u0142upi nie widzicie \u017ce przyk\u0142adacie<br>Swe r\u0119ce do ko\u0144ca \u015bwiata<br>Pod\u0142ug zbrodni k\u0142amstw szata\u0144skich bestii<br>G\u0142upi &#8222;obudzicie si\u0119 z<br>R\u0119ka w nocniku&#8221; ale wtedy<br>B\u0119dzie ju\u017c za p\u00f3\u017ano podobnie<br>Jak by\u0142o z faryzeuszami i<br>Podburzonym t\u0142umem przy krzy\u017cowaniu Chrystusa<br>Tego w kt\u00f3rego niby wierzycie<br>Jak by tak by\u0142o prawdziwie<br>Nie post\u0119powaliby\u015bcie w ten spos\u00f3b<br>Bo Jezus nigdy nie chcia\u0142<br>Zabija\u0107 kogokolwiek zepsuci ob\u0142udnicy totalnie<br>Ale wy ka\u017cd\u0105 prawd\u0119 Bo\u017c\u0105<br>Zreszt\u0105 szata\u0144sko wykr\u0119cacie w zgodzie<br>Z ob\u0142\u0119dem bestii i szatana<br>I tak jest i b\u0119dzie<br>Czy wam si\u0119 to podoba<br>Czy nie ob\u0142udnicy zreszt\u0105 wszelacy<br>I nie b\u0119dzie pod\u0142ug bestii<br>Lecz pod\u0142ug Boga wbrew k\u0142amstwom<br>Szata\u0144skim tych zepsutych ob\u0142ud\u0105 totalnie<br>Po\u017c\u0105daniem wszelkich chorych zbrodni szata\u0144skich<br>Wiem co m\u00f3wi\u0119 i m\u00f3wi\u0119<br>Prawd\u0119 w przeciwie\u0144stwie do was<br>\u017be o tych bestiach szata\u0144skich<br>Ju\u017c tu nawet nie wspomn\u0119<\/p>\n","protected":false},"excerpt":{"rendered":"<p>1.Zepsute totalnie ob\u0142\u0119dem szata\u0144skim bestieNawet nr na li\u015bcie zapisuNa orlika w pi\u0142k\u0119 wykorzystywa\u0107Chc\u0105 ku swym popapranym zbrodniomOb\u0142\u0119d tych bestii przekracza ju\u017cChyba wszelkie poj\u0119cie zdrowego rozs\u0105dkuTo&hellip; <\/p>\n","protected":false},"author":1,"featured_media":0,"parent":0,"menu_order":0,"comment_status":"closed","ping_status":"closed","template":"","meta":{"footnotes":""},"class_list":["post-10395","page","type-page","status-publish","hentry"],"_links":{"self":[{"href":"https:\/\/hubertpietka.bialystok.pl\/index.php?rest_route=\/wp\/v2\/pages\/10395","targetHints":{"allow":["GET"]}}],"collection":[{"href":"https:\/\/hubertpietka.bialystok.pl\/index.php?rest_route=\/wp\/v2\/pages"}],"about":[{"href":"https:\/\/hubertpietka.bialystok.pl\/index.php?rest_route=\/wp\/v2\/types\/page"}],"author":[{"embeddable":true,"href":"https:\/\/hubertpietka.bialystok.pl\/index.php?rest_route=\/wp\/v2\/users\/1"}],"replies":[{"embeddable":true,"href":"https:\/\/hubertpietka.bialystok.pl\/index.php?rest_route=%2Fwp%2Fv2%2Fcomments&post=10395"}],"version-history":[{"count":3,"href":"https:\/\/hubertpietka.bialystok.pl\/index.php?rest_route=\/wp\/v2\/pages\/10395\/revisions"}],"predecessor-version":[{"id":10399,"href":"https:\/\/hubertpietka.bialystok.pl\/index.php?rest_route=\/wp\/v2\/pages\/10395\/revisions\/10399"}],"wp:attachment":[{"href":"https:\/\/hubertpietka.bialystok.pl\/index.php?rest_route=%2Fwp%2Fv2%2Fmedia&parent=10395"}],"curies":[{"name":"wp","href":"https:\/\/api.w.org\/{rel}","templated":true}]}}