{"id":10401,"date":"2026-03-06T12:00:34","date_gmt":"2026-03-06T12:00:34","guid":{"rendered":"https:\/\/hubertpietka.bialystok.pl\/?page_id=10401"},"modified":"2026-03-06T12:00:34","modified_gmt":"2026-03-06T12:00:34","slug":"diagnoza-przekrojowa-chorego-panstwa-bestii-gdzie-zlo-totalne-wobec-niewinnych-nienawisci-zlowrogiej-i-obludnej-przemocy","status":"publish","type":"page","link":"https:\/\/hubertpietka.bialystok.pl\/?page_id=10401","title":{"rendered":"Diagnoza przekrojowa chorego pa\u0144stwa bestii \/ gdzie z\u0142o totalne wobec niewinnych &#8211; nienawi\u015bci z\u0142owrogiej i ob\u0142udnej przemocy"},"content":{"rendered":"\n<p>1.<br>Bynajmniej nie jestem megalomanem<br>I wola\u0142bym \u017ceby nas omija\u0142o<br>To szata\u0144skie zamieszanie jakby to<br>Ode mnie zale\u017ca\u0142o ale B\u00f3g<br>Dopuszcza by tak by\u0142o ta<br>Ca\u0142a przemoc szatan\u00f3w bestii i \u0142ajdak\u00f3w<\/p>\n\n\n\n<p>2.<br>Ma\u0142o im na mnie i<br>Na nas napuszczanie misi\u00f3w bandyckich<br>Krokodyli szczurk\u00f3w skarbeczk\u00f3w srok grodzkich<br>To trzeba jeszcze tak w\u0142a\u015bnie<br>Papugi <em>spro-kur-owa\u0107<\/em> te\u017c odpowiednie<br>Kto dalej b\u0119dzie jak nie<br>By zniewoli\u0107 zabra\u0107 mo\u017cliwo\u015b\u0107 samochod\u00f3w<br>To usun\u0105\u0107 pieska i tak<br>Te bestie szatany przez swoich<br>Zepsutych \u0142ajdak\u00f3w przecie\u017c i wszystko<br>Zawodowych s\u0142u\u017cbowych urz\u0119dowych wszyscy przecie\u017c<br>Maj\u0105 by\u0107 na us\u0142ugach ob\u0142udy<br>Ku wszelkim zbrodniom bestii chorym<\/p>\n\n\n\n<p>3.<br>Szczyc\u0105 si\u0119 bestie \u0142ajdactwo nowoczesno\u015bci\u0105<br>Tymczasem oni uczynili z ob\u0142udy<br>&#8222;Taniec hipokryt\u00f3w&#8221; dla wszystkich<br>Jak w \u015bredniowieczu &#8222;taniec \u015bmierci&#8221;<br>Taka sama to makabra przecie\u017c<br>Tylko za ob\u0142ud\u0119 \u015bmier\u0107 wieczna<br>Ale taka wyk\u0142adnia nie pasuje<br>Bestii i \u0142ajdactwu a ja<br>My\u015bla\u0142em \u017ce wielko\u015b\u0107 si\u0119 mierzy<br>Wy\u017cynami cnoty moralnej tymczasem bestie<br>Z ob\u0142udy ku zbrodniom uczynili<br>Probierz swych wszelkich zepsutych antywarto\u015bci<\/p>\n\n\n\n<p>4.<br>I wszystkie stany w \u015bredniowieczu<br>Mia\u0142 ogarnia\u0107 ten &#8222;taniec \u015bmierci&#8221;<br>A pod\u0142ug bestii ca\u0142y aparat<br>Totalitarnego bestii pa\u0144stwa a kto<br>Temu nie pasuje tego usun\u0105\u0107<br>Jak Prezydenta Nawrockiego czy opozycj\u0119<br>Ustawopisz\u0105cy maj\u0105 przecie\u017c psu\u0107 dzieci<br>Niszczy\u0107 rodziny w imi\u0119 ideologizm\u00f3w<br>Przyk\u0142ada\u0107 pi\u0119tno &#8222;mowy nienawi\u015bci&#8221;<br>Dla tych kt\u00f3rzy si\u0119 broni\u0105<br>Przed przemoc\u0105 chor\u0105 tych bestii<br>I r\u00f3wnie zepsutego \u0142ajdactwa przecie\u017c<br>A jak tak nie wyjdzie<br>To rozporz\u0105dzeniami poza procesem procedwania<br>Mo\u017cna wprowadza\u0107 niezgodne z Konstytucj\u0105<br>R\u00f3\u017cne tak naprawd\u0119 bezprawia niedemokratycznie<\/p>\n\n\n\n<p>Po-s\u0105dy maj\u0105 przecie\u017c wydawa\u0107 wyroki<br>Te\u017c jak w PRL-u \u015bci\u015ble<br>Wedle mocodawstwa przemocy bestii \u0142ajdactwa<br>A o aparacie bezpiecze\u0144stwa pisa\u0142em<br>Na przyk\u0142adzie naszym ju\u017c wcze\u015bniej<br>Podobnie czwarta w\u0142adza czyli mediohisterycy<br>Na us\u0142ugach bestii i \u0142ajdactwa<br>Wie kogo i jak szkalowa\u0107<br>Kto si\u0119 bestiom nie podoba<br>I jak nale\u017cy go niszczy\u0107<br>Obmow\u0105 oszczerstwami jak fa\u0142szywymi oskar\u017ceniami<br>I wiedz\u0105 urz\u0119dasy wykonawcze jak<br>Dzia\u0142a\u0107 pod\u0142ug tego wszystkiego co<br>Bestie wyznaczaj\u0105 cho\u0107by wobec nas<br>Ale i innych niewinnych tej<br>Chorej nienawi\u015bci nagonki poronionej bestii<br>I zar\u00f3wno z\u0142em skorumpowanego \u0142ajdactwa<\/p>\n\n\n\n<p>5.<br>Ta diagnoza tego totalitarnego pa\u0144stwa<br>Ale to nie wszystko pod\u0142ug<br>Bestii jest przecie\u017c te\u017c prawo<br>Do zabijania bestii \u0142ajdactwu nienawistnych<br>I te\u017c jak w ob\u0142udzie<br>Tych szatan\u00f3w w tym mo\u017ce<br>Uczestniczy\u0107 ka\u017cdy a tu to<br>Nawet \u015bredniowieczny &#8222;taniec \u015bmierci&#8221; ob\u0142udnik\u00f3w<br>Wszelkiej ma\u015bci morderc\u00f3w zbrodniarzy jest<br>Bardzo na miejscu wymownie aktualny<br>I nie powiedz\u0105 przecie\u017c bestie<br>\u017be za to \u015bmier\u0107 wieczna<br>Bo to nie jest nowoczesne<br>\u015amier\u0107 potworna stara jak \u015bwiat<br>Byleby nowocze\u015bnie k\u0142amstwami wszystko przedstawia\u0107<\/p>\n\n\n\n<figure class=\"wp-block-gallery has-nested-images columns-default is-cropped wp-block-gallery-1 is-layout-flex wp-block-gallery-is-layout-flex\">\n<figure class=\"wp-block-image size-large\"><a href=\"https:\/\/hubertpietka.bialystok.pl\/wp-content\/uploads\/2026\/03\/1000053854.jpg\"><img loading=\"lazy\" decoding=\"async\" width=\"771\" height=\"1024\" data-id=\"10402\" src=\"https:\/\/hubertpietka.bialystok.pl\/wp-content\/uploads\/2026\/03\/1000053854-771x1024.jpg\" alt=\"\" class=\"wp-image-10402\" srcset=\"https:\/\/hubertpietka.bialystok.pl\/wp-content\/uploads\/2026\/03\/1000053854-771x1024.jpg 771w, https:\/\/hubertpietka.bialystok.pl\/wp-content\/uploads\/2026\/03\/1000053854-226x300.jpg 226w, https:\/\/hubertpietka.bialystok.pl\/wp-content\/uploads\/2026\/03\/1000053854-768x1021.jpg 768w, https:\/\/hubertpietka.bialystok.pl\/wp-content\/uploads\/2026\/03\/1000053854-1156x1536.jpg 1156w, https:\/\/hubertpietka.bialystok.pl\/wp-content\/uploads\/2026\/03\/1000053854.jpg 1204w\" sizes=\"auto, (max-width: 771px) 100vw, 771px\" \/><\/a><\/figure>\n<\/figure>\n\n\n\n<p>Wobec mnie \u017cony nas<br>Naszego i naszych tak wszelk\u0105<br>Przemoc\u0105 i wszelkimi k\u0142amstwami dzia\u0142a<br>To bestii \u0142ajdactwa totalitarne pa\u0144stwo<br>I wobec innych niewinnych nienawi\u015bci<br>Bo sk\u0105d tylu ju\u017c m\u0119czennik\u00f3w<br>Tego bestialstwa szata\u0144skiego perfidnego bezwzgl\u0119dnego<\/p>\n\n\n\n<p><strong><em><a href=\"https:\/\/youtu.be\/UN50kGekJRw\">Lady Pank &#8211; Zapomnie\u0107 <\/a><\/em><\/strong><\/p>\n\n\n\n<p>Ten taniec przemocy wszelkich hipokryt\u00f3w<br>Ku zbrodniom ob\u0142\u0119dnym bestii \u0142ajdactwa<br>Wobec nas naszego i naszych<br>W ich ob\u0142udnym z\u0142a zepsuciu<\/p>\n\n\n\n<p>( <strong><em><a href=\"https:\/\/youtu.be\/nHBBOI8kfYo\">Lady Pank &#8211; Troch\u0119 niepami\u0119ci<\/a><\/em><\/strong> )<\/p>\n\n\n\n<p><strong>Jak u Kafki w &#8222;Procesie&#8221;<br>Totalitarna przemoc bestii i \u0142ajdactwa<br>Wszelkiej ma\u015bci i pozycji spo\u0142ecznej<br>Ob\u0142uda ku chorym szata\u0144sko zbrodniom<br>Wobec tych niewinnych dzieci Bo\u017cych<\/strong><\/p>\n","protected":false},"excerpt":{"rendered":"<p>1.Bynajmniej nie jestem megalomanemI wola\u0142bym \u017ceby nas omija\u0142oTo szata\u0144skie zamieszanie jakby toOde mnie zale\u017ca\u0142o ale B\u00f3gDopuszcza by tak by\u0142o taCa\u0142a przemoc szatan\u00f3w bestii i \u0142ajdak\u00f3w&hellip; <\/p>\n","protected":false},"author":1,"featured_media":0,"parent":0,"menu_order":0,"comment_status":"closed","ping_status":"closed","template":"","meta":{"footnotes":""},"class_list":["post-10401","page","type-page","status-publish","hentry"],"_links":{"self":[{"href":"https:\/\/hubertpietka.bialystok.pl\/index.php?rest_route=\/wp\/v2\/pages\/10401","targetHints":{"allow":["GET"]}}],"collection":[{"href":"https:\/\/hubertpietka.bialystok.pl\/index.php?rest_route=\/wp\/v2\/pages"}],"about":[{"href":"https:\/\/hubertpietka.bialystok.pl\/index.php?rest_route=\/wp\/v2\/types\/page"}],"author":[{"embeddable":true,"href":"https:\/\/hubertpietka.bialystok.pl\/index.php?rest_route=\/wp\/v2\/users\/1"}],"replies":[{"embeddable":true,"href":"https:\/\/hubertpietka.bialystok.pl\/index.php?rest_route=%2Fwp%2Fv2%2Fcomments&post=10401"}],"version-history":[{"count":1,"href":"https:\/\/hubertpietka.bialystok.pl\/index.php?rest_route=\/wp\/v2\/pages\/10401\/revisions"}],"predecessor-version":[{"id":10403,"href":"https:\/\/hubertpietka.bialystok.pl\/index.php?rest_route=\/wp\/v2\/pages\/10401\/revisions\/10403"}],"wp:attachment":[{"href":"https:\/\/hubertpietka.bialystok.pl\/index.php?rest_route=%2Fwp%2Fv2%2Fmedia&parent=10401"}],"curies":[{"name":"wp","href":"https:\/\/api.w.org\/{rel}","templated":true}]}}