{"id":10405,"date":"2026-03-07T09:43:29","date_gmt":"2026-03-07T09:43:29","guid":{"rendered":"https:\/\/hubertpietka.bialystok.pl\/?page_id=10405"},"modified":"2026-03-07T09:43:29","modified_gmt":"2026-03-07T09:43:29","slug":"szczucie-wszedzie-zawsze-bestii-wyrazem-i-lajdactwa-i-algebra-chora-sluzaca-zbrodniom","status":"publish","type":"page","link":"https:\/\/hubertpietka.bialystok.pl\/?page_id=10405","title":{"rendered":"Szczucie wsz\u0119dzie zawsze &#8211; bestii wyrazem i \u0142ajdactwa \/ i algebra chora &#8211; s\u0142u\u017c\u0105ca zbrodniom"},"content":{"rendered":"\n<p>Szczucie jest wyrazem dzia\u0142a\u0144 bestii<br>Ich idea\u0142 szczu\u0107 na nas<br>Naszych i nasze wszelkich \u0142ajdak\u00f3w<br>Szczu\u0107 psy niebezpieczne na nasze<br>By w odpowiednim momencie popu\u015bci\u0107<br>Ich niby przypadkiem do agresji<br>Szczu\u0107 oczernianiem nienawi\u015bci niech\u0119ci kierowaniem<br>Do nas jako niby odpowiedzialnych<br>Za z\u0142owrogo\u015b\u0107 bestii kt\u00f3r\u0105 oni<br>Chc\u0105 czyni\u0107 zawsze i wsz\u0119dzie<br>Oskar\u017ca\u0107 nas za tych z\u0142o<br>Szata\u0144skie i \u0142ajdak\u00f3w bo staramy<br>Si\u0119 broni\u0107 przed ich po\u017c\u0105daniami<br>Zbrodni dla nas naszego i naszych<br>I wszelkiego sprzedajnego \u0142ajdactwa od<br>Tej podwiji po misi\u00f3w bandyckich<br>Czy innych ob\u0142udnik\u00f3w s\u0142u\u017cbist\u00f3w wykonawc\u00f3w<br>Ich chorego ob\u0142\u0119du op\u0119tania szata\u0144stwem<\/p>\n\n\n\n<figure class=\"wp-block-gallery has-nested-images columns-default is-cropped wp-block-gallery-1 is-layout-flex wp-block-gallery-is-layout-flex\">\n<figure class=\"wp-block-image size-large\"><a href=\"https:\/\/hubertpietka.bialystok.pl\/wp-content\/uploads\/2026\/03\/1000054112.jpg\"><img loading=\"lazy\" decoding=\"async\" width=\"771\" height=\"1024\" data-id=\"10406\" src=\"https:\/\/hubertpietka.bialystok.pl\/wp-content\/uploads\/2026\/03\/1000054112-771x1024.jpg\" alt=\"\" class=\"wp-image-10406\" srcset=\"https:\/\/hubertpietka.bialystok.pl\/wp-content\/uploads\/2026\/03\/1000054112-771x1024.jpg 771w, https:\/\/hubertpietka.bialystok.pl\/wp-content\/uploads\/2026\/03\/1000054112-226x300.jpg 226w, https:\/\/hubertpietka.bialystok.pl\/wp-content\/uploads\/2026\/03\/1000054112-768x1021.jpg 768w, https:\/\/hubertpietka.bialystok.pl\/wp-content\/uploads\/2026\/03\/1000054112-1156x1536.jpg 1156w, https:\/\/hubertpietka.bialystok.pl\/wp-content\/uploads\/2026\/03\/1000054112.jpg 1204w\" sizes=\"auto, (max-width: 771px) 100vw, 771px\" \/><\/a><\/figure>\n<\/figure>\n\n\n\n<p>A szatanom ju\u017c sz\u00f3stki tylko<br>Nie wystarczaj\u0105 lubi\u0105 te\u017c pi\u0105tki<br>Oczywi\u015bcie tak jak pasuje ich<br>Po\u017c\u0105daniom zbrodni jest ju\u017c b\u0142.<br>Pi\u0105tka Pozna\u0144ska a szatany te<br>Tak w\u0142a\u015bnie powt\u00f3rzy\u0107 tam pi\u0105tk\u0119<br>A mo\u017ce sz\u00f3stk\u0119 \u00f3semk\u0119 jak<br>Pasuje szatan\u00f3w tych chorym zbrodniom<br>Tu doda\u0107 tam odj\u0105\u0107 byleby<br>Pi\u0105tka zab\u0142udowska pi\u0105tka pietkowa pi\u0105tka dawidowa pi\u0105tka<br>Bukowi\u0144ska pi\u0105tka warszawska itp. itd.<br>Pi\u0105tka \u0142om\u017cy\u0144ska pi\u0105tka podg\u00f3rska pi\u0105tka<br>Warszawska kielecka krakowska pi\u0105tka<br>Z pi\u0105tki mo\u017cna zrobi\u0107 sz\u00f3stk\u0119<br>Te\u017c odpowiednio odejmowa\u0107 dzieli\u0107 byleby<br>Tylko m\u00f3c szatani\u0107 wykolejonym wsz\u0119dzie<br>Jak to op\u0119tanym zbrodniami pasuje<br>Lubi\u0105 szatany tak algebrowa\u0107 jak<br>To wychodzi ob\u0142\u0119dowi ich zbrodni<br>Zepsuci popaprani ob\u0142\u0119dem chorym potwory<br>Bo wszystko byle ku zbrodniom<\/p>\n\n\n\n<p><strong><em><a href=\"https:\/\/youtu.be\/IHT5dKpYYt0?si=onfKXEegd_ifc-nn\">Piotr Cugowski &#8211; Niedoro\u015bli <\/a><\/em><\/strong><\/p>\n","protected":false},"excerpt":{"rendered":"<p>Szczucie jest wyrazem dzia\u0142a\u0144 bestiiIch idea\u0142 szczu\u0107 na nasNaszych i nasze wszelkich \u0142ajdak\u00f3wSzczu\u0107 psy niebezpieczne na naszeBy w odpowiednim momencie popu\u015bci\u0107Ich niby przypadkiem do agresjiSzczu\u0107&hellip; <\/p>\n","protected":false},"author":1,"featured_media":0,"parent":0,"menu_order":0,"comment_status":"closed","ping_status":"closed","template":"","meta":{"footnotes":""},"class_list":["post-10405","page","type-page","status-publish","hentry"],"_links":{"self":[{"href":"https:\/\/hubertpietka.bialystok.pl\/index.php?rest_route=\/wp\/v2\/pages\/10405","targetHints":{"allow":["GET"]}}],"collection":[{"href":"https:\/\/hubertpietka.bialystok.pl\/index.php?rest_route=\/wp\/v2\/pages"}],"about":[{"href":"https:\/\/hubertpietka.bialystok.pl\/index.php?rest_route=\/wp\/v2\/types\/page"}],"author":[{"embeddable":true,"href":"https:\/\/hubertpietka.bialystok.pl\/index.php?rest_route=\/wp\/v2\/users\/1"}],"replies":[{"embeddable":true,"href":"https:\/\/hubertpietka.bialystok.pl\/index.php?rest_route=%2Fwp%2Fv2%2Fcomments&post=10405"}],"version-history":[{"count":1,"href":"https:\/\/hubertpietka.bialystok.pl\/index.php?rest_route=\/wp\/v2\/pages\/10405\/revisions"}],"predecessor-version":[{"id":10407,"href":"https:\/\/hubertpietka.bialystok.pl\/index.php?rest_route=\/wp\/v2\/pages\/10405\/revisions\/10407"}],"wp:attachment":[{"href":"https:\/\/hubertpietka.bialystok.pl\/index.php?rest_route=%2Fwp%2Fv2%2Fmedia&parent=10405"}],"curies":[{"name":"wp","href":"https:\/\/api.w.org\/{rel}","templated":true}]}}