{"id":10411,"date":"2026-03-11T15:31:45","date_gmt":"2026-03-11T15:31:45","guid":{"rendered":"https:\/\/hubertpietka.bialystok.pl\/?page_id=10411"},"modified":"2026-03-11T15:31:45","modified_gmt":"2026-03-11T15:31:45","slug":"oblakanie-zlem-i-zbrodniami-najgorszym-obledem-szatanskim","status":"publish","type":"page","link":"https:\/\/hubertpietka.bialystok.pl\/?page_id=10411","title":{"rendered":"Ob\u0142\u0105kanie z\u0142em i zbrodniami \/ najgorszym ob\u0142\u0119dem szata\u0144skim"},"content":{"rendered":"\n<p>Wymy\u015bli\u0142y sobie bestie szata\u0144ski spos\u00f3b nowy<br>Na mnie napadni\u0119cie nowych obro\u0144c\u00f3w<br>B\u0119d\u0105 mieli swych zbrodni tych<br>Robotnik\u00f3w ob\u0142udnik\u00f3w bia\u0142oruskich czy jakich<br>Z d\u017awiga \u017curawia maj\u0105 na<br>Mnie obro\u0144cy z\u0142a bestii desant<br>Robi\u0107 odpowiedni a mo\u017ce ob\u0142udniki<br>Misiowe czy s\u0142u\u017cbi\u015bci jacy bestii<br>Maj\u0105 u\u017cy\u0107 takiej metody jeszcze<br>Chory ob\u0142\u0119dny \u015bwiat zepsucia bestii<br>Kt\u00f3ry mo\u017ce wykorzystywa\u0107 wszystkich odpowiednio<br>Do swych ob\u0142\u0105kanych zbrodni wynaturzonych<br>A mo\u017ce przez kratk\u0119 wentylacyjn\u0105<br>Spr\u00f3buj\u0105 szatany mo\u017ce znajd\u0105 odpowiednich<br>Kt\u00f3rzy si\u0119 przecisn\u0105 niestety tu<br>Nie ma komina dla takich<br>Ob\u0142\u0105kanych z\u0142em miko\u0142aj\u00f3w bestii szata\u0144stwami<br>Co jeszcze wymy\u015bl\u0105 ci zwyrodnialcy<br>Byleby tylko ku swoim zbrodniom<\/p>\n\n\n\n<figure class=\"wp-block-gallery has-nested-images columns-default is-cropped wp-block-gallery-1 is-layout-flex wp-block-gallery-is-layout-flex\">\n<figure class=\"wp-block-image size-large\"><a href=\"https:\/\/hubertpietka.bialystok.pl\/wp-content\/uploads\/2026\/03\/1000054928-scaled.jpg\"><img loading=\"lazy\" decoding=\"async\" width=\"771\" height=\"1024\" data-id=\"10412\" src=\"https:\/\/hubertpietka.bialystok.pl\/wp-content\/uploads\/2026\/03\/1000054928-771x1024.jpg\" alt=\"\" class=\"wp-image-10412\" srcset=\"https:\/\/hubertpietka.bialystok.pl\/wp-content\/uploads\/2026\/03\/1000054928-771x1024.jpg 771w, https:\/\/hubertpietka.bialystok.pl\/wp-content\/uploads\/2026\/03\/1000054928-226x300.jpg 226w, https:\/\/hubertpietka.bialystok.pl\/wp-content\/uploads\/2026\/03\/1000054928-768x1020.jpg 768w, https:\/\/hubertpietka.bialystok.pl\/wp-content\/uploads\/2026\/03\/1000054928-1157x1536.jpg 1157w, https:\/\/hubertpietka.bialystok.pl\/wp-content\/uploads\/2026\/03\/1000054928-1542x2048.jpg 1542w, https:\/\/hubertpietka.bialystok.pl\/wp-content\/uploads\/2026\/03\/1000054928-scaled.jpg 1928w\" sizes=\"auto, (max-width: 771px) 100vw, 771px\" \/><\/a><\/figure>\n<\/figure>\n\n\n\n<p><em>A teraz ludzie czy wy<br>Nie widzicie \u017ce wszystko u<br>Tych szata\u0144skich bestii u \u0142ajdactwa<br>Mu s\u0142u\u017c\u0105cego ich zbrodniom wszelkim<br>Jest na odwr\u00f3t ni\u017c w<br>Odwiecznych porz\u0105dku Bo\u017cym \u017ce te<br>Szatany odwracaj\u0105 ca\u0142y \u0142ad moralny<br>Broni\u0105 ob\u0142udnik\u00f3w s\u0142u\u017c\u0105cych ich zbrodniom<br>A prze\u015bladuj\u0105 obro\u0144c\u00f3w Bo\u017cych warto\u015bci<br>Wszyscy u tych szatan\u00f3w maj\u0105<br>\u015aciga\u0107 obro\u0144c\u00f3w \u017cycia jakim ja<br>Jestem w\u0142a\u015bnie w imi\u0119 obrony<br>Do czego do prawa \u015bmieci zadawania<br>Oczywi\u015bcie tym kt\u00f3rzy podpadli szatanom<br>W jakikolwiek zreszt\u0105 spos\u00f3b<br>Chory ob\u0142\u0119dnie \u015bwiat zbrodni bestii<br>Ca\u0142y porz\u0105dek odwr\u00f3cony bo w<br>Imi\u0119 ob\u0142\u0119du cywilizacji \u015bmierci bestii<br>Maj\u0105 by\u0107 jak ja \u015bcigani<br>Obrony \u017cycia i Bo\u017cych warto\u015bci<br>Jak\u017ce\u017c to nie szatany<br>Nie widzicie tego ludzie<br>Tak jeste\u015bcie tym ob\u0142\u0119dem chorym<br>Omamieni \u017ce przyznajcie racj\u0119 \u015bmierci<br>Niewinnych przecie\u017c tej szata\u0144skiej nienawi\u015bci<br>Tak jeste\u015bcie og\u0142upiali \u017ce w<br>Imi\u0119 tych zbrodni obro\u0144c\u00f3w \u017cycia<br>Chcecie prze\u015bladowa\u0107 zniewoli\u0107 ich niszczy\u0107<br>Tak ot\u0119pia\u0142e macie umys\u0142y<br>\u017be nie widzicie tu niewsp\u00f3\u0142mierno\u015bci<br>Obro\u0144c\u00f3w \u017cycia do s\u0142u\u017calc\u00f3w zbrodniom<br>Przecie\u017c ja cho\u0107by nikomu<br>Nie chc\u0119 z\u0142a robi\u0107 a<br>Te szatany bestie i \u0142ajdaki<br>Mnie \u015bcigaj\u0105 za \u017cycia obron\u0119<br>Swej \u017cony i innych niewinnych<br>Ob\u0142\u0105kaniu z\u0142owrogiemu \u015bmierci\u0105 tych bestii<br>I \u0142ajdactwa r\u00f3wnie zepsutego<br>Naprawd\u0119 tego nie widzicie<br>Czy tylko udajecie by mie\u0107<br>Spok\u00f3j tak zwany \u015bwi\u0119ty dop\u00f3ki<br>Was nie dotknie nienawi\u015b\u0107 szatan\u00f3w<br>I te szatany to g\u0142osz\u0105<br>Tym si\u0119 szczyc\u0105 kultem \u015bmierci<br>Wobec ca\u0142ego \u015bwiata chyba tego<br>A to powinno by\u0107 pot\u0119pione<br>Jak ka\u017cdy ob\u0142\u0119d w z\u0142u<br>Dla kogokolwiek zreszt\u0105 a to<br>Ob\u0142\u0105kanie najgorsze przecie\u017c bo zbrodniami<br>Bo \u015bmiecia bo nienawi\u015bci\u0105 zniewoleniem<br>Czy\u017c mo\u017ce by\u0107 ob\u0142\u0119d szata\u0144ski<br>Ni\u017c to wi\u0119kszy jeszcze jaki\u015b<br>I maj\u0105 temu s\u0142u\u017cy\u0107 wszyscy<br>Ob\u0142\u0119dowi \u015bmierci zniewolenia i zniszczenia<br>Tych bestii zawodowi prywatni s\u0142u\u017cbowi<br>Oczywi\u015bcie wobec nas a jak\u017ce<br>My jeste\u015bmy pierwsi na li\u015bcie<br>Szata\u0144skiej tych bestii zepsutych nienawi\u015bci\u0105<br>Naprawd\u0119 tego nie widzicie przejrzyjcie<br>Bo wy te\u017c nie przetrwacie<br>Je\u015bli ob\u0142\u0119dowi bestii i \u0142ajdactwa<br>S\u0142uszno\u015b\u0107 przyznacie to si\u0119 na<br>Was obr\u00f3ci pod\u0142ug tego co<br>Wyznajecie i czemu s\u0142u\u017cycie<br>Czyli ob\u0142\u0119dowi \u015bmierci zniewolenia zniszczenia<br>Tych szatan\u00f3w op\u0119tanych tym totalnie<br>Ave Maria bro\u0144 nas przed<br>Tym wszelkim ob\u0142\u0105kaniem z\u0142em szatan\u00f3w<br>Wspieraj Panie drog\u0119 obro\u0144c\u00f3w<br>Bo\u017cych warto\u015bci i ich prowad\u017a<br>Bo zbrodnie szata\u0144skie tych bestii<br>I \u0142ajdactwa ju\u017c do Boga<br>Wo\u0142aj\u0105 g\u0142o\u015bno z tego pado\u0142u<\/em><\/p>\n\n\n\n<p>( <strong><em><a href=\"https:\/\/youtu.be\/W7GoKPwy8ag\">D\u017cem &#8211; Zanim<\/a><\/em><\/strong> )<\/p>\n\n\n\n<p class=\"has-text-align-right\">( <strong><em><a href=\"https:\/\/youtu.be\/HyO-OwHzipk\">Edyta Geppert &#8211; Zamiast <\/a><\/em><\/strong>)<\/p>\n\n\n\n<p class=\"has-text-align-center\"><strong><em><a href=\"https:\/\/youtu.be\/Emv_i4s5OJQ\">Stan Borys &#8211; Anna <\/a><\/em><\/strong><\/p>\n\n\n\n<p class=\"has-text-align-center\">\u2665\ufe0f<\/p>\n\n\n\n<p class=\"has-text-align-center\"><em>Tylko Anna dotkni\u0119ci ob\u0142\u0119dem szata\u0144skim<\/em>! <\/p>\n","protected":false},"excerpt":{"rendered":"<p>Wymy\u015bli\u0142y sobie bestie szata\u0144ski spos\u00f3b nowyNa mnie napadni\u0119cie nowych obro\u0144c\u00f3wB\u0119d\u0105 mieli swych zbrodni tychRobotnik\u00f3w ob\u0142udnik\u00f3w bia\u0142oruskich czy jakichZ d\u017awiga \u017curawia maj\u0105 naMnie obro\u0144cy z\u0142a bestii&hellip; <\/p>\n","protected":false},"author":1,"featured_media":0,"parent":0,"menu_order":0,"comment_status":"closed","ping_status":"closed","template":"","meta":{"footnotes":""},"class_list":["post-10411","page","type-page","status-publish","hentry"],"_links":{"self":[{"href":"https:\/\/hubertpietka.bialystok.pl\/index.php?rest_route=\/wp\/v2\/pages\/10411","targetHints":{"allow":["GET"]}}],"collection":[{"href":"https:\/\/hubertpietka.bialystok.pl\/index.php?rest_route=\/wp\/v2\/pages"}],"about":[{"href":"https:\/\/hubertpietka.bialystok.pl\/index.php?rest_route=\/wp\/v2\/types\/page"}],"author":[{"embeddable":true,"href":"https:\/\/hubertpietka.bialystok.pl\/index.php?rest_route=\/wp\/v2\/users\/1"}],"replies":[{"embeddable":true,"href":"https:\/\/hubertpietka.bialystok.pl\/index.php?rest_route=%2Fwp%2Fv2%2Fcomments&post=10411"}],"version-history":[{"count":1,"href":"https:\/\/hubertpietka.bialystok.pl\/index.php?rest_route=\/wp\/v2\/pages\/10411\/revisions"}],"predecessor-version":[{"id":10413,"href":"https:\/\/hubertpietka.bialystok.pl\/index.php?rest_route=\/wp\/v2\/pages\/10411\/revisions\/10413"}],"wp:attachment":[{"href":"https:\/\/hubertpietka.bialystok.pl\/index.php?rest_route=%2Fwp%2Fv2%2Fmedia&parent=10411"}],"curies":[{"name":"wp","href":"https:\/\/api.w.org\/{rel}","templated":true}]}}