{"id":10421,"date":"2026-03-14T09:12:23","date_gmt":"2026-03-14T09:12:23","guid":{"rendered":"https:\/\/hubertpietka.bialystok.pl\/?page_id=10421"},"modified":"2026-03-14T09:12:23","modified_gmt":"2026-03-14T09:12:23","slug":"obled-obludy-ku-zbrodniom-zepsutych-szatanstwem-bestii-i-lajdactwa-zawsze-pod-plaszczykiem-niby-jakiegos-wiekszego-dobra","status":"publish","type":"page","link":"https:\/\/hubertpietka.bialystok.pl\/?page_id=10421","title":{"rendered":"Ob\u0142\u0119d ob\u0142udy ku zbrodniom &#8211; zepsutych szata\u0144stwem bestii i \u0142ajdactwa \/ zawsze pod p\u0142aszczykiem &#8211; niby jakiego\u015b wi\u0119kszego dobra"},"content":{"rendered":"\n<p>Ob\u0142uda jest zawsze pod szata\u0144skim<br>Pozorem niby jakiego\u015b dobra wi\u0119kszego<br>Z\u0142o ma zakry\u0107 p\u0142aszczyk niby<br>Dobra \u017ceby usprawiedliwi\u0107 jako\u015b te<br>Ich zbrodnie szata\u0144skie wszystkie<br>Najpierw bestii zepsutego \u0142ajdactwa potem<\/p>\n\n\n\n<p>I tak z zabiciem \u017cony<br>\u017be to jest niby wym\u00f3g<br>Jakiej\u015b sprawiedliwo\u015bci tak chorej ob\u0142\u0119dnie<br>Bo sprawiedliwo\u015b\u0107 nigdy nie wymaga<br>Zabicia ta prawdziwie pod\u0142ug Boga<br>Zabi\u0107 mo\u017cna tylko w s\u0142usznej<br>Samoobronie gdy kto\u015b zagra\u017ca komu\u015b<br>Albo \u017ce j\u0105 trzeba niejako<br>Z\u0142o\u017cy\u0107 w ofierze chyba szatanowi<br>Jak i tym bestiom<br>Nie przyjmuj\u0105 oczywi\u015bcie ob\u0142udnicy zbrodniczy<br>S\u0142\u00f3w Boga &#8222;mi\u0142o\u015bci pragn\u0119<br>Nie krwawej ofiary&#8221; kt\u00f3re to<br>S\u0142owa mo\u017cna rozumie\u0107 na inne<br>Te\u017c sposoby cho\u0107by w obliczu<br>Ob\u0142udni\u00f3w w Ko\u015bciele kt\u00f3rzy zachowuj\u0105<br>Pozory pobo\u017cno\u015bci by jednocze\u015bnie spe\u0142nia\u0107<br>Zbrodnie bestii mog\u0105 oni nawet<br>Ca\u0142y czas kl\u0119cze\u0107 \u0142zy wylewa\u0107<br>A swoj\u0105 drog\u0105 zbrodnie chore<br>Tych bestii chcie\u0107 jako\u015b spe\u0142nia\u0107<br>Albo \u017ce niby \u015bmier\u0107 \u017cony<br>Ma wyj\u015b\u0107 na przeciw przysz\u0142o\u015bci<br>\u017be niby kto\u015b co\u015b b\u0119dzie<br>Dla mnie lepsze lepiej wiedz\u0105<br>Przecie\u017c ob\u0142udnicy szata\u0144scy bestie \u0142ajdactwo<br>Ni\u017c B\u00f3g kt\u00f3ry mi j\u0105<br>Akurat da\u0142 na to wszystko<br>Ale ob\u0142udnicy wszystko przekr\u0119caj\u0105 szata\u0144sko<br>K\u0142amstwami niby ku dobru wi\u0119kszemu<br>A byleby tylko spe\u0142nia\u0107 swe<br>Ob\u0142\u0119dnie chore zbrodnie nie powiedz\u0105<br>Przecie\u017c \u017ce jej nienawidz\u0105 bo<br>Jest mi wsparciem wsp\u00f3\u0142miernie wymiernym<br>Bo mnie nienawidz\u0105 najpierw i<br>Wszelkich spraw prawdziwie Bo\u017cych te\u017c<br>Odpowiednio przy tym bo one<br>Demaskuj\u0105 ich zepsucie i po\u017c\u0105dania<br>Wszelkie nieuporz\u0105dkowane wobec warto\u015bci Boga<br>Podobnie z niewinnymi ofiarami bestialstw szatan\u00f3w<br>Nie powiedz\u0105 przecie\u017c \u017ce chc\u0105<br>Sobie pole odpowiednio wyczy\u015bci\u0107<br>Lecz b\u0119d\u0105 m\u00f3wi\u0107 \u017ce zabijaj\u0105<br>Po to by wyeliminowa\u0107 elementy<br>Niepo\u017c\u0105dane ze spo\u0142ecze\u0144stwa niby ska\u017cone<br>Tak wiar\u0105 chyba prost\u0105 czyst\u0105<br>Czym\u015b by spo\u0142ecze\u0144stwo niby oczy\u015bci\u0107<br>\u017be niby oni gorsi a<br>Oni bestie \u0142ajdactwo ci lepsi<br>Nie powiedz\u0105 \u017ce to z<br>Nienawi\u015bci tak naprawd\u0119 do spraw<br>Bo\u017cych i warto\u015bci zreszt\u0105 jakby<br>Jak wcze\u015bniej pisa\u0142em zbrodnie mo\u017cna<br>By czymkolwiek usprawiedliwi\u0107 zw\u0142aszcza na<br>Tych niewinnych tylko szata\u0144skim k\u0142amstwem<br>Kt\u00f3re ma wychodzi\u0107 na przeciw<br>Z\u0142ym ich po\u017c\u0105daniom nienawi\u015bci chorej<\/p>\n\n\n\n<p>Podobnie ze mn\u0105 nie powiedz\u0105<br>Ob\u0142udnicy jacytamkolwiek zreszt\u0105 s\u0142u\u017cbi\u015bci prywatni<br>\u017be zbrodnie bestii spe\u0142niaj\u0105 te<br>Z nienawi\u015bci ob\u0142\u0119dnie chorej w\u0142a\u015bnie<br>Lecz \u017ce niby w obronie<br>Mnie przed samym sob\u0105<br>Bo broni\u0119 \u017cony bliskich naszego<br>Przed ich poronionymi zwyrodnia\u0142ymi zbrodniami<br>Tego nie powiedz\u0105 tylko \u017ce<br>Niby po to bym sobie<br>Tam czego\u015b nie zrobi\u0142 wi\u0119c<br>Wymy\u015bla\u0107 b\u0119d\u0105 wszelkie szata\u0144skie podst\u0119py<br>By mnie zniewoli\u0107 odpowiednio<br>Tak naprawd\u0119 po to by<br>Uczyni\u0107 ze mnie ro\u015blink\u0119 jak<br>Ju\u017c ob\u0142udnicy jacy mnie dopadn\u0105<br>O to im tak naprawd\u0119<br>Chodzi tym szatanom ale tego<br>Nie powiedz\u0105 b\u0119d\u0105 oczy mydli\u0107<br>Ludziom wszystkim wok\u00f3\u0142 \u017ce niby<br>To s\u0105 uprawnione dzia\u0142ania w s\u0142usznej<br>Sprawie mnie chronienia o szatany<br>Jakby chcieli mnie chroni\u0107 nie<br>D\u0105\u017cyli by do zabicia mi<br>\u017bony bliskich tych zwierz\u0105t niszczenia<br>Wsz\u0119dzie zawsze nas naszych naszego<\/p>\n\n\n\n<p>Podobnie z tym pieskiem zreszt\u0105<br>Zepsute szatany chc\u0105 go zabi\u0107<br>Bo jest ochron\u0105 dla nas<br>Ale tego nie powiedz\u0105 ob\u0142udnicy<br>Lecz b\u0119d\u0105 mno\u017cy\u0107 chore pomys\u0142y<br>\u017be jest on zagro\u017ceniem dla ludzi<br>Dzieci itp. nawet z samochodu<br>Takie to zepsute ob\u0142ud\u0105 szatany<br>Ob\u0142uda ku zbrodniom jest zawsze<br>Pod p\u0142aszczykiem niby wi\u0119kszego dobra<br>I tak te szatany zepsute<br>Zbrodnicze post\u0119puj\u0105 ze wszystkim naszym<br>Byleby tylko nas naszych nasze<br>Wszelkich im nienawistnych ob\u0142\u0119dnie niszczy\u0107<br>Nie powiedz\u0105 przecie\u017c \u017ce s\u0105<br>Zepsuci op\u0119taniem zbrodniami szata\u0144skimi tym<br>Z\u0142a ob\u0142\u0119dem dla im nienawistnych<br>Lecz b\u0119d\u0105 mno\u017cy\u0107 pozory dobra<br>Dla niby usprawiedliwienia swych zbrodni<br>Totalnie chorych bestie i \u0142ajdactwo<br>Zar\u00f3wno zepsute wszelkim z\u0142em szata\u0144skim<br>Po\u017c\u0105daniami zbrodni dla prawdziwych dzieci<br>Bo\u017cych pod\u0142ug po\u017c\u0105da\u0144 ich pana<br>Ojca k\u0142amstw i zbrodni szatana<br>To z niego jest wszystko<br>Mimo jakichkolwiek pozor\u00f3w spraw Bo\u017cych<\/p>\n\n\n\n<figure class=\"wp-block-gallery has-nested-images columns-default is-cropped wp-block-gallery-1 is-layout-flex wp-block-gallery-is-layout-flex\">\n<figure class=\"wp-block-image size-large\"><a href=\"https:\/\/hubertpietka.bialystok.pl\/wp-content\/uploads\/2026\/03\/1000055377.jpg\"><img loading=\"lazy\" decoding=\"async\" width=\"771\" height=\"1024\" data-id=\"10422\" src=\"https:\/\/hubertpietka.bialystok.pl\/wp-content\/uploads\/2026\/03\/1000055377-771x1024.jpg\" alt=\"\" class=\"wp-image-10422\" srcset=\"https:\/\/hubertpietka.bialystok.pl\/wp-content\/uploads\/2026\/03\/1000055377-771x1024.jpg 771w, https:\/\/hubertpietka.bialystok.pl\/wp-content\/uploads\/2026\/03\/1000055377-226x300.jpg 226w, https:\/\/hubertpietka.bialystok.pl\/wp-content\/uploads\/2026\/03\/1000055377-768x1021.jpg 768w, https:\/\/hubertpietka.bialystok.pl\/wp-content\/uploads\/2026\/03\/1000055377-1156x1536.jpg 1156w, https:\/\/hubertpietka.bialystok.pl\/wp-content\/uploads\/2026\/03\/1000055377.jpg 1204w\" sizes=\"auto, (max-width: 771px) 100vw, 771px\" \/><\/a><\/figure>\n<\/figure>\n","protected":false},"excerpt":{"rendered":"<p>Ob\u0142uda jest zawsze pod szata\u0144skimPozorem niby jakiego\u015b dobra wi\u0119kszegoZ\u0142o ma zakry\u0107 p\u0142aszczyk nibyDobra \u017ceby usprawiedliwi\u0107 jako\u015b teIch zbrodnie szata\u0144skie wszystkieNajpierw bestii zepsutego \u0142ajdactwa potem I&hellip; <\/p>\n","protected":false},"author":1,"featured_media":0,"parent":0,"menu_order":0,"comment_status":"closed","ping_status":"closed","template":"","meta":{"footnotes":""},"class_list":["post-10421","page","type-page","status-publish","hentry"],"_links":{"self":[{"href":"https:\/\/hubertpietka.bialystok.pl\/index.php?rest_route=\/wp\/v2\/pages\/10421","targetHints":{"allow":["GET"]}}],"collection":[{"href":"https:\/\/hubertpietka.bialystok.pl\/index.php?rest_route=\/wp\/v2\/pages"}],"about":[{"href":"https:\/\/hubertpietka.bialystok.pl\/index.php?rest_route=\/wp\/v2\/types\/page"}],"author":[{"embeddable":true,"href":"https:\/\/hubertpietka.bialystok.pl\/index.php?rest_route=\/wp\/v2\/users\/1"}],"replies":[{"embeddable":true,"href":"https:\/\/hubertpietka.bialystok.pl\/index.php?rest_route=%2Fwp%2Fv2%2Fcomments&post=10421"}],"version-history":[{"count":1,"href":"https:\/\/hubertpietka.bialystok.pl\/index.php?rest_route=\/wp\/v2\/pages\/10421\/revisions"}],"predecessor-version":[{"id":10423,"href":"https:\/\/hubertpietka.bialystok.pl\/index.php?rest_route=\/wp\/v2\/pages\/10421\/revisions\/10423"}],"wp:attachment":[{"href":"https:\/\/hubertpietka.bialystok.pl\/index.php?rest_route=%2Fwp%2Fv2%2Fmedia&parent=10421"}],"curies":[{"name":"wp","href":"https:\/\/api.w.org\/{rel}","templated":true}]}}