{"id":10426,"date":"2026-03-15T07:54:07","date_gmt":"2026-03-15T07:54:07","guid":{"rendered":"https:\/\/hubertpietka.bialystok.pl\/?page_id=10426"},"modified":"2026-03-15T07:54:07","modified_gmt":"2026-03-15T07:54:07","slug":"bydlo-bydlaki-byleby-podlug-bestii-lajdaczyc-zlo-przewodnikiem-przeciez-wszelkich-zepsutych-dazen-zbrodniczych-obledem","status":"publish","type":"page","link":"https:\/\/hubertpietka.bialystok.pl\/?page_id=10426","title":{"rendered":"Byd\u0142o &#8211; bydlaki \/ byleby pod\u0142ug bestii \u0142ajdaczy\u0107 &#8211; z\u0142o przewodnikiem przecie\u017c \/ wszelkich zepsutych &#8211; d\u0105\u017ce\u0144 zbrodniczych ob\u0142\u0119dem"},"content":{"rendered":"\n<p>*<strong>Byd-\u0142o<\/strong>* zawsze wie<br>Co jak i gdzie<br>Ich *<strong>byt \u0142o<\/strong>* okre\u015bla<br>Jak u tego podwiji<br>*<em><strong>\u0141o<\/strong><\/em>* byleby tylko ku \u0142ajdactwom<br>Ca\u0142kowicie wymiernie szata\u0144sko pod\u0142ug bestii<\/p>\n\n\n\n<p>*<strong>Byd-laki<\/strong>* wiedz\u0105 zawsze jak \u0142ajdaczy\u0107<br>Sw\u00f3j *<strong>byt <em>lake<\/em><\/strong>* okre\u015blaj\u0105 tak<br>Na podobie\u0144stwo szata\u0144stw bestii<br>Ich ob\u0142udnych po\u017c\u0105da\u0144 zbrodni<br>Id\u0105 jak stado baran\u00f3w<br>Za tych bestii ob\u0142\u0119dem chorym<br>Okre\u015blaj\u0105 sw\u00f3j byt pod\u0142ug szanta\u017c\u00f3w<br>Tych szatan\u00f3w nie spraw Bo\u017cych<br>Wsp\u00f3\u0142praca ob\u0142udna ze zbrodniami przemoc\u0105<br>Zawsze sprzeciwia si\u0119 Bogu<br>Ale to im nie przeszkadza<br>Byleby tylko mieli koryto kas\u0119<br>Na swe wszelkie r\u00f3\u017cne \u0142ajdactwa<br>To zrobi\u0105 pod\u0142ug bestii wszystko<br>Zepsute bydlaki kim by<br>Nie byli i zreszt\u0105<br>Zawodowi prywatni s\u0142u\u017cbowi od misi\u00f3w<br>Po innych s\u0142u\u017cbist\u00f3w od podwiji<br>Po tam ta\u0142atajstwo zreszt\u0105 jacykolwiek<br>Byleby pod\u0142ug bestii \u0142ajdaczy\u0107 ob\u0142udnie<br>To mo\u017ce bestie rzuc\u0105 im<br>Odpowiednie jakie\u015b och\u0142apy<br>Przewodnikami byd\u0142a stada s\u0105 przecie\u017c<br>Bestie pod\u0142ug ob\u0142udy ku zbrodniom<br>Przemocy wobec nas naszego naszych<\/p>\n\n\n\n<figure class=\"wp-block-gallery has-nested-images columns-default is-cropped wp-block-gallery-1 is-layout-flex wp-block-gallery-is-layout-flex\">\n<figure class=\"wp-block-image size-large\"><a href=\"https:\/\/hubertpietka.bialystok.pl\/wp-content\/uploads\/2026\/03\/1000055576.jpg\"><img loading=\"lazy\" decoding=\"async\" width=\"771\" height=\"1024\" data-id=\"10427\" src=\"https:\/\/hubertpietka.bialystok.pl\/wp-content\/uploads\/2026\/03\/1000055576-771x1024.jpg\" alt=\"\" class=\"wp-image-10427\" srcset=\"https:\/\/hubertpietka.bialystok.pl\/wp-content\/uploads\/2026\/03\/1000055576-771x1024.jpg 771w, https:\/\/hubertpietka.bialystok.pl\/wp-content\/uploads\/2026\/03\/1000055576-226x300.jpg 226w, https:\/\/hubertpietka.bialystok.pl\/wp-content\/uploads\/2026\/03\/1000055576-768x1021.jpg 768w, https:\/\/hubertpietka.bialystok.pl\/wp-content\/uploads\/2026\/03\/1000055576-1156x1536.jpg 1156w, https:\/\/hubertpietka.bialystok.pl\/wp-content\/uploads\/2026\/03\/1000055576.jpg 1204w\" sizes=\"auto, (max-width: 771px) 100vw, 771px\" \/><\/a><\/figure>\n<\/figure>\n\n\n\n<p>I jak to jest<br>Z t\u0105 sekt\u0105 bestii<br>\u017be oni preferuj\u0105 prawos\u0142awie<br>Bo cho\u0107by dzisiaj dzwoni\u0105 cerkwie<br>A milcz\u0105 dzwony ko\u015bcielne<br>Ale wiadomo od zawsze<br>\u017be szatany nienawidz\u0105 Ko\u015bcio\u0142a \u015bwi\u0119tego<br>Tak by\u0142o w ca\u0142ej historii<br>\u015awiata i chrze\u015bcija\u0144stwa a zreszt\u0105<br>Czy\u017c wymiernymi uczestnikami &#8222;jaskini zb\u00f3jc\u00f3w&#8221;<br>Nie s\u0105 czasem w\u0142a\u015bnie prawos\u0142awni<br>A tu pacyny czy\u017c nie<br>Z nich si\u0119 wywodz\u0105 g\u0142\u00f3wnie<br>Cho\u0107 nie tylko byleby i<br>Ko\u015bci\u00f3\u0142 \u015bwi\u0119ty zniszczy\u0107 szata\u0144stwami bestii<br>Prawowierna postawa przecie\u017c z natury<br>Spraw Bo\u017cych sprzeciwia si\u0119 zbrodniom<br>I ob\u0142udzie bestii i \u0142ajdactwa<br>A najlepiej Ko\u015bci\u00f3\u0142 niszczy\u0107 przecie\u017c<br>Od \u015brodka bestie przecie\u017c doskonale<br>Opanowa\u0142y wszelkie zepsute socjotechniki szatana<br><em>Jezu ufam Tobie ave Maria<\/em><\/p>\n","protected":false},"excerpt":{"rendered":"<p>*Byd-\u0142o* zawsze wieCo jak i gdzieIch *byt \u0142o* okre\u015blaJak u tego podwiji*\u0141o* byleby tylko ku \u0142ajdactwomCa\u0142kowicie wymiernie szata\u0144sko pod\u0142ug bestii *Byd-laki* wiedz\u0105 zawsze jak \u0142ajdaczy\u0107Sw\u00f3j&hellip; <\/p>\n","protected":false},"author":1,"featured_media":0,"parent":0,"menu_order":0,"comment_status":"closed","ping_status":"closed","template":"","meta":{"footnotes":""},"class_list":["post-10426","page","type-page","status-publish","hentry"],"_links":{"self":[{"href":"https:\/\/hubertpietka.bialystok.pl\/index.php?rest_route=\/wp\/v2\/pages\/10426","targetHints":{"allow":["GET"]}}],"collection":[{"href":"https:\/\/hubertpietka.bialystok.pl\/index.php?rest_route=\/wp\/v2\/pages"}],"about":[{"href":"https:\/\/hubertpietka.bialystok.pl\/index.php?rest_route=\/wp\/v2\/types\/page"}],"author":[{"embeddable":true,"href":"https:\/\/hubertpietka.bialystok.pl\/index.php?rest_route=\/wp\/v2\/users\/1"}],"replies":[{"embeddable":true,"href":"https:\/\/hubertpietka.bialystok.pl\/index.php?rest_route=%2Fwp%2Fv2%2Fcomments&post=10426"}],"version-history":[{"count":1,"href":"https:\/\/hubertpietka.bialystok.pl\/index.php?rest_route=\/wp\/v2\/pages\/10426\/revisions"}],"predecessor-version":[{"id":10428,"href":"https:\/\/hubertpietka.bialystok.pl\/index.php?rest_route=\/wp\/v2\/pages\/10426\/revisions\/10428"}],"wp:attachment":[{"href":"https:\/\/hubertpietka.bialystok.pl\/index.php?rest_route=%2Fwp%2Fv2%2Fmedia&parent=10426"}],"curies":[{"name":"wp","href":"https:\/\/api.w.org\/{rel}","templated":true}]}}