{"id":1043,"date":"2018-02-26T11:56:09","date_gmt":"2018-02-26T11:56:09","guid":{"rendered":"http:\/\/hubertpietka.bialystok.pl\/?page_id=1043"},"modified":"2018-02-26T12:22:24","modified_gmt":"2018-02-26T12:22:24","slug":"walka-duchowa","status":"publish","type":"page","link":"https:\/\/hubertpietka.bialystok.pl\/?page_id=1043","title":{"rendered":"Walka duchowa"},"content":{"rendered":"<p><strong>Walka duchowa<\/strong><\/p>\n<p>Obecny czas<br \/>\nJest ostatnim<br \/>\nWalki \u015bmiertelnej<br \/>\nO dusz\u0119 cz\u0142owieka<\/p>\n<p><em>Bracie&#8230; nie zwlekaj<\/em><em><br \/>\nPrzybli\u017c si\u0119 do Boga<br \/>\nA On sam Ci poda<br \/>\nCo czyni\u0107 Ci wypada<\/em><\/p>\n<p>To czas duchowej walki<br \/>\nDobra ze z\u0142em<br \/>\nCiemno\u015bci ze \u015bwiat\u0142em<br \/>\nNawracajmy si\u0119<\/p>\n<p><em>Bracie&#8230;<\/em><\/p>\n<p>Wybierajmy \u017cycie<br \/>\nBy\u015bmy \u017cyli<br \/>\nW lepszym \u015bwiecie<br \/>\nDobrych s\u0142\u00f3w i czyn\u00f3w<\/p>\n<p><em>Bracie&#8230;<\/em><\/p>\n<p>Zale\u017cy mi na Tobie<br \/>\nBogu na Tobie zale\u017cy<br \/>\nPrzybli\u017c si\u0119 do Niego<br \/>\nA On przygarnie Ciebie<\/p>\n<p><em>Bracie&#8230;<\/em><\/p>\n<p>Nie zatwardzajmy serc naszych<br \/>\nNie trwajmy w z\u0142ym uporze<br \/>\nOtw\u00f3rzmy nasze serca<br \/>\nNa pomoc Bo\u017c\u0105<\/p>\n<p><em>Bracie&#8230;<\/em><\/p>\n<p>B\u00f3g nie chce Twojej zguby<br \/>\nLecz by\u015b \u017cy\u0142 szcz\u0119\u015bliwy<br \/>\nDobrem pi\u0119knem prawd\u0105<br \/>\nB\u00f3g jest dobry<\/p>\n<p><em>Bracie&#8230;<\/em><\/p>\n<p>Powr\u00f3\u0107my do warto\u015bci<br \/>\nBy \u017cy\u0107 w mi\u0142o\u015bci<br \/>\nRadowa\u0107 si\u0119 sob\u0105 wzajem<br \/>\nW ka\u017cdym \u017cycia kraju<\/p>\n<p><em>Bracie&#8230;<\/em><\/p>\n<p>Przecie\u017c pok\u00f3j jest celem ludzko\u015bci<br \/>\nNawracajmy si\u0119<br \/>\nBy nie by\u0142o wi\u0119cej wojen<br \/>\nLecz wolno\u015b\u0107 i wesele<\/p>\n<p><em>Bracie&#8230;<\/em><\/p>\n<p>Duchowej walki to czas<br \/>\nO dusz\u0119 Tw\u0105<br \/>\nPrzyjmij pomocn\u0105 d\u0142o\u0144<br \/>\nB\u00f3g \u0142agodnie ujmie j\u0105<\/p>\n<p><em>Bracie&#8230;<\/em><\/p>\n<p>By\u015bmy razem mogli wygra\u0107<br \/>\nT\u0105 duchow\u0105 walk\u0119<br \/>\nO cz\u0142owieka i nasz\u0105 ziemi\u0119<br \/>\nNawr\u00f3\u0107my si\u0119 nie grzeszmy ju\u017c<\/p>\n<p><em>Bracie&#8230;<\/em><\/p>\n<p>Ja ci\u0119 prosz\u0119 zaklinam<br \/>\nNie odrzucaj Boga<br \/>\nBy nie ogarn\u0119\u0142a ci\u0119 trwoga<br \/>\nLecz \u0142aska Bo\u017ca<\/p>\n<p><em>Bracie&#8230;<\/em><\/p>\n<p>Przyjmij moje pokszepienie<br \/>\nI dobre \u017cyczenie<br \/>\nNie zawiedziesz si\u0119<br \/>\nJe\u015bli w Bogu z\u0142o\u017cysz swe nadzieje<\/p>\n<p>&nbsp;<\/p>\n<p><em>Bracie\u2026 Bracie&#8230;<br \/>\n<\/em><\/p>\n<p>&nbsp;<\/p>\n<p style=\"text-align: center;\"><strong><a href=\"https:\/\/www.youtube.com\/watch?v=cJoE-bg2Cgc\">Perfect &#8211; Ca\u0142kiem inny kraj<\/a><\/strong><\/p>\n<h1 class=\"title style-scope ytd-video-primary-info-renderer\" style=\"text-align: center;\"><a href=\"https:\/\/www.youtube.com\/watch?v=7f0eWseaK1c\">Jeszcze si\u0119 kiedy\u015b rozsmuc\u0119 &#8211; Duszpasterstwo Akademickie &#8222;U Szczepana&#8221;<\/a><\/h1>\n<h1 class=\"title style-scope ytd-video-primary-info-renderer\" style=\"text-align: center;\"><a href=\"https:\/\/www.youtube.com\/watch?v=Me30QMFoXnw\">Deep Purple &#8211; When a Blind Man Cries<\/a><\/h1>\n<h1 class=\"title style-scope ytd-video-primary-info-renderer\" style=\"text-align: center;\"><a href=\"https:\/\/www.youtube.com\/watch?v=7MnaNA1VjDI\">Gregory Lemarchal &#8211; Sos d&#8217;un terrien en detresse<\/a><\/h1>\n<p style=\"text-align: center;\"><strong><a href=\"https:\/\/www.youtube.com\/watch?v=GuQxvsxM5OQ\">Houk &#8211; Wsta\u0144<\/a><\/strong><\/p>\n","protected":false},"excerpt":{"rendered":"<p>Walka duchowa Obecny czas Jest ostatnim Walki \u015bmiertelnej O dusz\u0119 cz\u0142owieka Bracie&#8230; nie zwlekaj Przybli\u017c si\u0119 do Boga A On sam Ci poda Co czyni\u0107&hellip; <\/p>\n","protected":false},"author":1,"featured_media":0,"parent":0,"menu_order":0,"comment_status":"closed","ping_status":"closed","template":"","meta":{"footnotes":""},"class_list":["post-1043","page","type-page","status-publish","hentry"],"_links":{"self":[{"href":"https:\/\/hubertpietka.bialystok.pl\/index.php?rest_route=\/wp\/v2\/pages\/1043","targetHints":{"allow":["GET"]}}],"collection":[{"href":"https:\/\/hubertpietka.bialystok.pl\/index.php?rest_route=\/wp\/v2\/pages"}],"about":[{"href":"https:\/\/hubertpietka.bialystok.pl\/index.php?rest_route=\/wp\/v2\/types\/page"}],"author":[{"embeddable":true,"href":"https:\/\/hubertpietka.bialystok.pl\/index.php?rest_route=\/wp\/v2\/users\/1"}],"replies":[{"embeddable":true,"href":"https:\/\/hubertpietka.bialystok.pl\/index.php?rest_route=%2Fwp%2Fv2%2Fcomments&post=1043"}],"version-history":[{"count":6,"href":"https:\/\/hubertpietka.bialystok.pl\/index.php?rest_route=\/wp\/v2\/pages\/1043\/revisions"}],"predecessor-version":[{"id":1049,"href":"https:\/\/hubertpietka.bialystok.pl\/index.php?rest_route=\/wp\/v2\/pages\/1043\/revisions\/1049"}],"wp:attachment":[{"href":"https:\/\/hubertpietka.bialystok.pl\/index.php?rest_route=%2Fwp%2Fv2%2Fmedia&parent=1043"}],"curies":[{"name":"wp","href":"https:\/\/api.w.org\/{rel}","templated":true}]}}