{"id":10431,"date":"2026-03-15T13:41:12","date_gmt":"2026-03-15T13:41:12","guid":{"rendered":"https:\/\/hubertpietka.bialystok.pl\/?page_id=10431"},"modified":"2026-03-15T13:48:01","modified_gmt":"2026-03-15T13:48:01","slug":"w-zielone-czerwone-granie-ukartowane-obluda-zawsze-na-bestii-lajdactwa-chorych-sprawkach","status":"publish","type":"page","link":"https:\/\/hubertpietka.bialystok.pl\/?page_id=10431","title":{"rendered":"W zielone &#8211; czerwone granie \/ ukartowane &#8211; ob\u0142ud\u0105 zawsze \/ na bestii \u0142ajdactwa &#8211; chorych sprawkach"},"content":{"rendered":"\n<p>Skoro bestie maj\u0105 panowa\u0107 nad<br>Tym ty \u015bwiatem wsp\u00f3\u0142dziel\u0105c to<br>Odpowiednio ze sprzedajnym zepsutym \u0142ajdactwem<br>To dla nich dla szatan\u00f3w<br>Jest zawsze zielone \u015bwiat\u0142o do<br>Z\u0142a oczywi\u015bcie podpadni\u0119tym ich nienawi\u015bci<\/p>\n\n\n\n<p>Cho\u0107by to bydle podwijskie zawsze<br>Ma zielone \u015bwiat\u0142o do swych<br>Chorych ob\u0142\u0119dnie napa\u015bci skoro ma<br>Za plecami bestie i mo\u017ce<br>Zosta\u0107 skompromitowany \u0142a\u017ceniem truj\u0105cym<br>Po tym naszym oczywi\u015bcie je\u015bli<br>Te\u017c odpowiednio nie wyeliminuje si\u0119<br>\u015awiadk\u00f3w jego proceder\u00f3w \u0142ajdackich<br>I zobacz jaki pi\u0119kny przypadek<br>Jak si\u0119 czy\u015bci odpowiednio przestrze\u0144<br>Do napastliwych \u0142ajdactw nagle wyparowuj\u0105<br>Odpowiedni z dzie\u0107mi z placyku<br>Kiedy ma \u0142ajdaczy\u0107 to bydle<\/p>\n\n\n\n<p>Podobnie tam ta\u0142atajstwo r\u00f3wnie prostackie<br>Ma zawsze te\u017c zielone \u015bwiat\u0142o<br>Od bestii na swe \u0142ajdactwa<br>No przecie\u017c nie ku dobru<br>Dla nas dla takich przecie\u017c<br>Zawsze czerwone \u015bwiat\u0142o dla tych<br>Kt\u00f3rzy nas wspieraj\u0105 w czymkolwiek<br>Zw\u0142aszcza w tych wa\u017cnych sprawach<br>Pracy samochod\u00f3w miejsc naszych itp<br>Ci s\u0105 pierwsi do wyeliminowania<br>Z \u017cycia pod\u0142ug szata\u0144skich bestii<br>Przecie\u017c ci zbrodniarze czerwone \u015bwiat\u0142o<br>Dla \u017cycia daj\u0105 co tam<br>\u017be te\u017c dla \u017cycia \u015bwiata<br>Bestie i \u0142ajdactwo maj\u0105 przecie\u017c<br>Na wszystko swoje mistyfikacji k\u0142amstwa<br>A zielone \u015bwiat\u0142o dla \u015bmierci<br>Pod\u0142ug bestii oczywi\u015bcie nie<br>Dla nich i sprzedajnie ob\u0142udnego<br>\u0141ajdactwa wszelkiego lecz dla tych<br>Kt\u00f3rzy s\u0142u\u017c\u0105 Bo\u017cym warto\u015bciom<br>I Boga prawdziwym dzieciom odpowiednio<\/p>\n\n\n\n<figure class=\"wp-block-gallery has-nested-images columns-default is-cropped wp-block-gallery-1 is-layout-flex wp-block-gallery-is-layout-flex\">\n<figure class=\"wp-block-image size-large\"><a href=\"https:\/\/hubertpietka.bialystok.pl\/wp-content\/uploads\/2026\/03\/1000055593.jpg\"><img loading=\"lazy\" decoding=\"async\" width=\"771\" height=\"1024\" data-id=\"10432\" src=\"https:\/\/hubertpietka.bialystok.pl\/wp-content\/uploads\/2026\/03\/1000055593-771x1024.jpg\" alt=\"\" class=\"wp-image-10432\" srcset=\"https:\/\/hubertpietka.bialystok.pl\/wp-content\/uploads\/2026\/03\/1000055593-771x1024.jpg 771w, https:\/\/hubertpietka.bialystok.pl\/wp-content\/uploads\/2026\/03\/1000055593-226x300.jpg 226w, https:\/\/hubertpietka.bialystok.pl\/wp-content\/uploads\/2026\/03\/1000055593-768x1021.jpg 768w, https:\/\/hubertpietka.bialystok.pl\/wp-content\/uploads\/2026\/03\/1000055593-1156x1536.jpg 1156w, https:\/\/hubertpietka.bialystok.pl\/wp-content\/uploads\/2026\/03\/1000055593.jpg 1204w\" sizes=\"auto, (max-width: 771px) 100vw, 771px\" \/><\/a><\/figure>\n<\/figure>\n\n\n\n<p><em>Pod\u0142ug tego mnie i \u017con\u0119<br>Zawsze mo\u017cna pr\u00f3bowa\u0107 z\u0142apa\u0107<br>Na czerwone i dos\u0142ownie<br>I przeno\u015bnie nie tylko przecie\u017c<br>W samochodzie ma nam zagra\u017ca\u0107<br>Wszystko odpowiednio pod\u0142ug ob\u0142udy szatan\u00f3w<br>Ku zbrodniom nam naszym naszemu<br>I jaki\u015b wypadek czerwony mo\u017cna<br>Nam naszym odpowiednio jako\u015b sprokurowa\u0107<br>Itp itd du\u017co przecie\u017c szatany<br>Maj\u0105 do wyboru \u015brodk\u00f3w czerwonych<br>\u015amierci zniewolenia i zniszczenia<br>I mi\u015bki po\u0142ajdacz\u0105 jak trzeba<br>A raczej staraj\u0105 si\u0119 zawsze<br>I inni s\u0142u\u017cbi\u015bci bestii<br>I prywatni kim by i<br>Nie byli to przecie\u017c bydlacy<br>Skoro przez ob\u0142ud\u0119 ku zbrodniom<br>Realizuj\u0105 ob\u0142\u0105kani z\u0142em \u017cycie swoje<br>Podsumowuj\u0105c dla nas zawsze<br>Na by\u0107 czerwone \u015bwiat\u0142o<br>A dla ob\u0142udnik\u00f3w odpowiednio zielone<br>Do \u0142ajdactw ich zreszt\u0105 wszelkich<br>Zepsutych wierutnych sromotnie chorych zbrodniarzy<br>W tym ob\u0142\u0119dzie z\u0142a bestii<\/em><\/p>\n\n\n\n<p>[ <strong><em><a href=\"https:\/\/youtu.be\/rwCvR274Wbc\">Czerwone maki na Monte Cassino (Nightwish style)<\/a><\/em><\/strong><\/p>\n\n\n\n<p><strong><em><a href=\"https:\/\/youtu.be\/Z2TWtyoZBuo\">Bia\u0142y Krzy\u017c (Epic metal)<\/a><\/em><\/strong> ]<\/p>\n\n\n\n<p class=\"has-text-align-center\">\/<\/p>\n\n\n\n<p class=\"has-text-align-right\">( <strong><em><a href=\"https:\/\/youtu.be\/G2ztwrgKeMA\">Jeszcze w zielone gramy &#8211; Zesp\u00f3\u0142 i Przyjaciele Teatru Ateneum<\/a><\/em><\/strong> )<\/p>\n","protected":false},"excerpt":{"rendered":"<p>Skoro bestie maj\u0105 panowa\u0107 nadTym ty \u015bwiatem wsp\u00f3\u0142dziel\u0105c toOdpowiednio ze sprzedajnym zepsutym \u0142ajdactwemTo dla nich dla szatan\u00f3wJest zawsze zielone \u015bwiat\u0142o doZ\u0142a oczywi\u015bcie podpadni\u0119tym ich nienawi\u015bci&hellip; <\/p>\n","protected":false},"author":1,"featured_media":0,"parent":0,"menu_order":0,"comment_status":"closed","ping_status":"closed","template":"","meta":{"footnotes":""},"class_list":["post-10431","page","type-page","status-publish","hentry"],"_links":{"self":[{"href":"https:\/\/hubertpietka.bialystok.pl\/index.php?rest_route=\/wp\/v2\/pages\/10431","targetHints":{"allow":["GET"]}}],"collection":[{"href":"https:\/\/hubertpietka.bialystok.pl\/index.php?rest_route=\/wp\/v2\/pages"}],"about":[{"href":"https:\/\/hubertpietka.bialystok.pl\/index.php?rest_route=\/wp\/v2\/types\/page"}],"author":[{"embeddable":true,"href":"https:\/\/hubertpietka.bialystok.pl\/index.php?rest_route=\/wp\/v2\/users\/1"}],"replies":[{"embeddable":true,"href":"https:\/\/hubertpietka.bialystok.pl\/index.php?rest_route=%2Fwp%2Fv2%2Fcomments&post=10431"}],"version-history":[{"count":3,"href":"https:\/\/hubertpietka.bialystok.pl\/index.php?rest_route=\/wp\/v2\/pages\/10431\/revisions"}],"predecessor-version":[{"id":10436,"href":"https:\/\/hubertpietka.bialystok.pl\/index.php?rest_route=\/wp\/v2\/pages\/10431\/revisions\/10436"}],"wp:attachment":[{"href":"https:\/\/hubertpietka.bialystok.pl\/index.php?rest_route=%2Fwp%2Fv2%2Fmedia&parent=10431"}],"curies":[{"name":"wp","href":"https:\/\/api.w.org\/{rel}","templated":true}]}}