{"id":10437,"date":"2026-03-17T20:34:05","date_gmt":"2026-03-17T20:34:05","guid":{"rendered":"https:\/\/hubertpietka.bialystok.pl\/?page_id=10437"},"modified":"2026-03-17T20:34:05","modified_gmt":"2026-03-17T20:34:05","slug":"wbrew-szatanom-bog-realizuje-swoje-prawdziwie-sprawy","status":"publish","type":"page","link":"https:\/\/hubertpietka.bialystok.pl\/?page_id=10437","title":{"rendered":"Wbrew szatanom \/ B\u00f3g realizuje &#8211; Swoje prawdziwie sprawy"},"content":{"rendered":"\n<p>U tych szatan\u00f3w wszystko jest<br>Parodi\u0105 prostack\u0105 spraw Bo\u017cych<br>Nawet S\u0142owa Pana traktuj\u0105 ob\u0142udnicy zbrodniczy<br>Przecie\u017c zreszt\u0105 tak samo<br>Odwrotno\u015b\u0107 u szatan\u00f3w tego co<br>Jest kwintesencj\u0105 Boga czego On<br>Pragnie dla \u015bwiata i ludzi<br>Ale co si\u0119 dziwi\u0107 skoro<br>Szatan te\u017c czasem przybiera pozory<br>Cho\u0107by pobo\u017cno\u015bci by ludzi zwodzi\u0107<br>Anio\u0142 zepsucia i \u015bmierci umie<br>Przecie\u017c udawa\u0107 anio\u0142a \u015bwiat\u0142o\u015bci<\/p>\n\n\n\n<p>I tak z dzisiejszym lekcjonarzem mszalnym<br>W Pierwszym Czytaniu jest mowa<br>O \u0142asce Bo\u017cej p\u0142yn\u0105cej spod<br>O\u0142tarza na pewno nic nie<br>P\u0142ynie dobrego z &#8222;ohydy spustoszenia&#8221;<br>Ale to szczeg\u00f3\u0142 do rzeczy<br>Te szatany powoduj\u0105 tak w\u0142a\u015bnie<br>Na odwr\u00f3t spraw Bo\u017cych<br>Zamiast dobro u nich z\u0142o<br>Kt\u00f3re najpierw si\u0119ga\u0142o nam do<br>Kostek potem do kolon bioder<br>Szyi a teraz chc\u0105 nas<br>Zatopi\u0107 szatany z\u0142em zbrodniczym<br>Rozpami\u0119tali si\u0119 bestie i \u0142ajdaki<br>W zbrodniach zniewolenia \u015bmierci zniszczenia<br>I to chc\u0105 wobec nas<br>Naszego i naszych z\u0142em powodowa\u0107<br>Jak te cho\u0107by ob\u0142udniki misiowe<br>Najlepiej zrobi\u0107 ustawk\u0119 kt\u00f3rej nie<br>Mo\u017cna wymin\u0105\u0107 jak cho\u0107by ostatnio<br>Na ekspres\u00f3wce se ob\u0142udniki upodobali<br>W ko\u0144cu maj\u0105 przecie\u017c dopa\u015b\u0107<br>Ma nas zatopi\u0107 z\u0142o bestii<br>Przez cho\u0107by takich bydlak\u00f3w ale<br>Maj\u0105 ich przecie\u017c r\u00f3\u017cnych du\u017co<br>Wi\u0119cej do swej dyspozycji szatany<br>Zawodowych prywatnych i s\u0142u\u017cbowych<\/p>\n\n\n\n<p>A teraz szata\u0144skie ob\u0142udniki <em>rzek\u0142em<\/em><br>A s\u0142owa moja jak <em>rzeka<\/em><br>Ta w\u0142a\u015bnie ze S\u0142owa Bo\u017cego<br>Nie dzi\u0119ki waszym odwr\u00f3conym plecami<br>Do Boga prawdziwego szata\u0144stwom lecz<br>W\u0142a\u015bnie dzi\u0119ki tym s\u0142owom moim<br>Mog\u0105 rozkwitn\u0105\u0107 kiedy\u015b Bo\u017ce ogrody<br>Wy tylko czyhacie ob\u0142udnicy zbrodniczy<br>By pochwyci\u0107 na s\u0142owie i<br>By zniewoli\u0107 definitywnie dzieci Bo\u017ce<br>A B\u00f3g swoje cho\u0107by tym<br>Ma\u0142ym moim s\u0142owem te\u017c czyni<br>I dokona swego szatany wbrew<br>Waszej ob\u0142udzie ku zbrodniom sromotnej<\/p>\n\n\n\n<figure class=\"wp-block-gallery has-nested-images columns-default is-cropped wp-block-gallery-1 is-layout-flex wp-block-gallery-is-layout-flex\">\n<figure class=\"wp-block-image size-large\"><a href=\"https:\/\/hubertpietka.bialystok.pl\/wp-content\/uploads\/2026\/03\/1000056088.jpg\"><img loading=\"lazy\" decoding=\"async\" width=\"1024\" height=\"771\" data-id=\"10438\" src=\"https:\/\/hubertpietka.bialystok.pl\/wp-content\/uploads\/2026\/03\/1000056088-1024x771.jpg\" alt=\"\" class=\"wp-image-10438\" srcset=\"https:\/\/hubertpietka.bialystok.pl\/wp-content\/uploads\/2026\/03\/1000056088-1024x771.jpg 1024w, https:\/\/hubertpietka.bialystok.pl\/wp-content\/uploads\/2026\/03\/1000056088-300x226.jpg 300w, https:\/\/hubertpietka.bialystok.pl\/wp-content\/uploads\/2026\/03\/1000056088-768x578.jpg 768w, https:\/\/hubertpietka.bialystok.pl\/wp-content\/uploads\/2026\/03\/1000056088-1536x1156.jpg 1536w, https:\/\/hubertpietka.bialystok.pl\/wp-content\/uploads\/2026\/03\/1000056088.jpg 1600w\" sizes=\"auto, (max-width: 1024px) 100vw, 1024px\" \/><\/a><\/figure>\n<\/figure>\n\n\n\n<p><em>A teraz z Ewangelii ob\u0142udnicy<br>&#8217;38 lat mo\u017cna czeka\u0107 na<br>Dar uzdrowienia i to si\u0119<br>Dokonuje kiedy odnajdzie nas Jezus<br>A co maj\u0105 do zaproponowania<br>Wszelkie zepsute szatany nawet je\u015bli<br>Niezale\u017cnie od tych tutaj<br>Rok &#8217;39 czyli kolejn\u0105 wojn\u0119<br>Tym tam odpowiednim nie wystarczy<br>Ukrainy cho\u0107by nieustannie niszczenie<br>Nie wiem dlaczego wysz\u0142o mi<br>To jako\u015b tu do pary<br>Cho\u0107 niezale\u017cne to sprawy<br>Ale \u017ar\u00f3d\u0142o z\u0142a jest jedno<br>I jest nim szatan nawet<br>Je\u015bli ob\u0142udnicy maj\u0105 swe objawienia<br>Fa\u0142szywe czy niby proroctwa<br>B\u00f3g pisze prosto tak w\u0142a\u015bnie<br>Jezu ufam Tobie Panie<br>To mia\u0142o by\u0107 i zosta\u0142o<br>Odpowiednio te\u017c tu powiedziane<br>A B\u00f3g i tak zwyci\u0119\u017cy<br>Wbrew tym konwulsjom z\u0142a szata\u0144skim <\/em><\/p>\n\n\n\n<hr class=\"wp-block-separator has-alpha-channel-opacity\"\/>\n\n\n\n<p class=\"has-text-align-center\">( <strong><em><a href=\"https:\/\/youtu.be\/Ilul4xGdm04\">Zenek Kupatasa &#8211; Ale\u015b przypomnia\u0142<\/a><\/em><\/strong> )<\/p>\n\n\n\n<p><\/p>\n","protected":false},"excerpt":{"rendered":"<p>U tych szatan\u00f3w wszystko jestParodi\u0105 prostack\u0105 spraw Bo\u017cychNawet S\u0142owa Pana traktuj\u0105 ob\u0142udnicy zbrodniczyPrzecie\u017c zreszt\u0105 tak samoOdwrotno\u015b\u0107 u szatan\u00f3w tego coJest kwintesencj\u0105 Boga czego OnPragnie dla&hellip; <\/p>\n","protected":false},"author":1,"featured_media":0,"parent":0,"menu_order":0,"comment_status":"closed","ping_status":"closed","template":"","meta":{"footnotes":""},"class_list":["post-10437","page","type-page","status-publish","hentry"],"_links":{"self":[{"href":"https:\/\/hubertpietka.bialystok.pl\/index.php?rest_route=\/wp\/v2\/pages\/10437","targetHints":{"allow":["GET"]}}],"collection":[{"href":"https:\/\/hubertpietka.bialystok.pl\/index.php?rest_route=\/wp\/v2\/pages"}],"about":[{"href":"https:\/\/hubertpietka.bialystok.pl\/index.php?rest_route=\/wp\/v2\/types\/page"}],"author":[{"embeddable":true,"href":"https:\/\/hubertpietka.bialystok.pl\/index.php?rest_route=\/wp\/v2\/users\/1"}],"replies":[{"embeddable":true,"href":"https:\/\/hubertpietka.bialystok.pl\/index.php?rest_route=%2Fwp%2Fv2%2Fcomments&post=10437"}],"version-history":[{"count":1,"href":"https:\/\/hubertpietka.bialystok.pl\/index.php?rest_route=\/wp\/v2\/pages\/10437\/revisions"}],"predecessor-version":[{"id":10439,"href":"https:\/\/hubertpietka.bialystok.pl\/index.php?rest_route=\/wp\/v2\/pages\/10437\/revisions\/10439"}],"wp:attachment":[{"href":"https:\/\/hubertpietka.bialystok.pl\/index.php?rest_route=%2Fwp%2Fv2%2Fmedia&parent=10437"}],"curies":[{"name":"wp","href":"https:\/\/api.w.org\/{rel}","templated":true}]}}