{"id":10442,"date":"2026-03-22T08:04:48","date_gmt":"2026-03-22T08:04:48","guid":{"rendered":"https:\/\/hubertpietka.bialystok.pl\/?page_id=10442"},"modified":"2026-03-22T08:04:48","modified_gmt":"2026-03-22T08:04:48","slug":"kazdy-przyczynek-obludnikow-ku-zniszczeniu-zniewolenia-smierci-dla-nas-naszych-naszego-odpowiedni-dla-totalnego-zepsucia-bestii","status":"publish","type":"page","link":"https:\/\/hubertpietka.bialystok.pl\/?page_id=10442","title":{"rendered":"Ka\u017cdy przyczynek ob\u0142udnik\u00f3w &#8211; ku zniszczeniu zniewolenia \u015bmierci \/ dla nas naszych naszego &#8211; odpowiedni dla totalnego zepsucia bestii"},"content":{"rendered":"\n<p>Dla tych szatan\u00f3w ka\u017cda mo\u017cliwo\u015b\u0107<br>Nam szkodzenia niszczenia nas naszych<br>I naszego jest z\u0142oczy\u0144czo odpowiednia<br>Maj\u0105 na to sprawdzonych ob\u0142udnik\u00f3w<br>Zadeklarowanych w \u0142ajdactwie jak cho\u0107by<br>To bydle podwijskie misie bandyckie<br>Inni bestii s\u0142u\u017cbi\u015bci to tam<br>Ta\u0142atajstwo prostackie i nieoczywistych bydlak\u00f3w<br>Te\u017c przecie\u017c maj\u0105 cho\u0107by te<br>Niewini\u0105tka ob\u0142udnicy \u0142ajdacz\u0105cy przypadkiem zawsze<br>Pod\u0142ug po\u017c\u0105da\u0144 zbrodni tych bestii<br>Ale chc\u0105 wszystkich szatany wykorzystywa\u0107<br>Tak w\u0142a\u015bnie nawet i w(n)et<br>Pod\u0142ug szanta\u017cu szatan\u00f3w ma s\u0142u\u017cy\u0107<br>Ich zbrodniom wnet czy powoli<br>Wyka\u0144cza\u0107 lubuj\u0105 si\u0119 bestie przecie\u017c<br>W \u015bmierci ka\u017cdej zniewoleniu zniszczeniu<br>Tak s\u0105 totalnie zepsuci szata\u0144sko<\/p>\n\n\n\n<figure class=\"wp-block-gallery has-nested-images columns-default is-cropped wp-block-gallery-1 is-layout-flex wp-block-gallery-is-layout-flex\">\n<figure class=\"wp-block-image size-large\"><a href=\"https:\/\/hubertpietka.bialystok.pl\/wp-content\/uploads\/2026\/03\/1000057117.jpg\"><img loading=\"lazy\" decoding=\"async\" width=\"1024\" height=\"771\" data-id=\"10443\" src=\"https:\/\/hubertpietka.bialystok.pl\/wp-content\/uploads\/2026\/03\/1000057117-1024x771.jpg\" alt=\"\" class=\"wp-image-10443\" srcset=\"https:\/\/hubertpietka.bialystok.pl\/wp-content\/uploads\/2026\/03\/1000057117-1024x771.jpg 1024w, https:\/\/hubertpietka.bialystok.pl\/wp-content\/uploads\/2026\/03\/1000057117-300x226.jpg 300w, https:\/\/hubertpietka.bialystok.pl\/wp-content\/uploads\/2026\/03\/1000057117-768x578.jpg 768w, https:\/\/hubertpietka.bialystok.pl\/wp-content\/uploads\/2026\/03\/1000057117-1536x1156.jpg 1536w, https:\/\/hubertpietka.bialystok.pl\/wp-content\/uploads\/2026\/03\/1000057117.jpg 1600w\" sizes=\"auto, (max-width: 1024px) 100vw, 1024px\" \/><\/a><\/figure>\n<\/figure>\n\n\n\n<p><em>Szatany maj\u0105 przewag\u0119 przemoc z\u0142owrog\u0105<br>Odpowiedni\u0105 i odpowiednich a pod\u0142ug<br>\u0141ajdactwa nale\u017cy s\u0142u\u017cy\u0107 bestiom<br>Za z\u0142e nam maj\u0105 bydlaki<br>\u017be si\u0119 bronimy przed szata\u0144stwami<br>Bo bestie s\u0105 przecie\u017c m\u015bciwe<br>A jako\u015b pod\u0142ug k\u0142amstw szatan\u00f3w<br>No zobacz nie b\u0119dzie im<br>Przeszkadza\u0107 koniec \u015bwiata tak si\u0119<br>Wydaje tym ob\u0142udnikom a ta<br>Ob\u0142uda ku zbrodniom na przek\u00f3r<br>Ich z\u0142udliwemu zepsuciu po\u017cre ich<br>Wtedy w\u0142a\u015bnie definitywnie i ca\u0142kowicie<br>I to na wieki wraz<br>Z tymi bestiami kt\u00f3rym s\u0142u\u017c\u0105<br>Ka\u017cd\u0105 zbrodni\u0105 chor\u0105 pod\u0142\u0105 ob\u0142ud\u0105<br>Bo B\u00f3g ob\u0142udnicy wszeteczni nie<br>Ma obowi\u0105zku stosowa\u0107 si\u0119 do<br>K\u0142amstw pop\u0119dliwych zbrodniami tych bestii<br>Jakichkolwiek by mieli zreszt\u0105 ich<br>Wykonawc\u00f3w zepsutych z\u0142oczynieniem pod\u0142ug szatan\u00f3w<br>Jezu ufam Tobie prowad\u017a Mario<\/em><\/p>\n","protected":false},"excerpt":{"rendered":"<p>Dla tych szatan\u00f3w ka\u017cda mo\u017cliwo\u015b\u0107Nam szkodzenia niszczenia nas naszychI naszego jest z\u0142oczy\u0144czo odpowiedniaMaj\u0105 na to sprawdzonych ob\u0142udnik\u00f3wZadeklarowanych w \u0142ajdactwie jak cho\u0107byTo bydle podwijskie misie bandyckieInni&hellip; <\/p>\n","protected":false},"author":1,"featured_media":0,"parent":0,"menu_order":0,"comment_status":"closed","ping_status":"closed","template":"","meta":{"footnotes":""},"class_list":["post-10442","page","type-page","status-publish","hentry"],"_links":{"self":[{"href":"https:\/\/hubertpietka.bialystok.pl\/index.php?rest_route=\/wp\/v2\/pages\/10442","targetHints":{"allow":["GET"]}}],"collection":[{"href":"https:\/\/hubertpietka.bialystok.pl\/index.php?rest_route=\/wp\/v2\/pages"}],"about":[{"href":"https:\/\/hubertpietka.bialystok.pl\/index.php?rest_route=\/wp\/v2\/types\/page"}],"author":[{"embeddable":true,"href":"https:\/\/hubertpietka.bialystok.pl\/index.php?rest_route=\/wp\/v2\/users\/1"}],"replies":[{"embeddable":true,"href":"https:\/\/hubertpietka.bialystok.pl\/index.php?rest_route=%2Fwp%2Fv2%2Fcomments&post=10442"}],"version-history":[{"count":1,"href":"https:\/\/hubertpietka.bialystok.pl\/index.php?rest_route=\/wp\/v2\/pages\/10442\/revisions"}],"predecessor-version":[{"id":10444,"href":"https:\/\/hubertpietka.bialystok.pl\/index.php?rest_route=\/wp\/v2\/pages\/10442\/revisions\/10444"}],"wp:attachment":[{"href":"https:\/\/hubertpietka.bialystok.pl\/index.php?rest_route=%2Fwp%2Fv2%2Fmedia&parent=10442"}],"curies":[{"name":"wp","href":"https:\/\/api.w.org\/{rel}","templated":true}]}}