{"id":10446,"date":"2026-03-22T23:19:53","date_gmt":"2026-03-22T23:19:53","guid":{"rendered":"https:\/\/hubertpietka.bialystok.pl\/?page_id=10446"},"modified":"2026-03-22T23:19:53","modified_gmt":"2026-03-22T23:19:53","slug":"sciemy-obledne-totalnie-wszelkich-szatanow-bestii-i-lajdakow","status":"publish","type":"page","link":"https:\/\/hubertpietka.bialystok.pl\/?page_id=10446","title":{"rendered":"\u015aciemy ob\u0142\u0119dne totalnie &#8211; wszelkich szatan\u00f3w \/ bestii i \u0142ajdak\u00f3w"},"content":{"rendered":"\n<p>Czy wy naprawd\u0119 tego<br>Nie widzicie jak szata\u0144skie totalnie<br>S\u0105 te bestie i bydlacy<br>\u0141ajdacz\u0105cy z nimi jak cho\u0107by<br>Te mi\u015bki kt\u00f3re nas \u015bcigaj\u0105<br>Robi\u0105 ob\u0142awy za k\u0142amstwa szatan\u00f3w<br>Ile k\u0142amstw chorych wymy\u015bl\u0105 jeszcze<br>To zepsute \u0142ajdactwo i te<br>Szata\u0144skie bestie kt\u00f3re w nas<br>Wymierzone naszych i nasze maj\u0105<br>S\u0142u\u017cy\u0107 wszelkim ich zbrodniom szata\u0144skim<\/p>\n\n\n\n<p>Czy wy tego naprawd\u0119<br>Nie zauwa\u017cacie \u017ce to jest<br>Z\u0142o szata\u0144skie w najperfidniejszej postaci<br>Si\u0119gaj\u0105ce szata\u0144skich wy\u017cyn najgorszej ob\u0142udy<\/p>\n\n\n\n<p>Bo teraz sobie wymy\u015bli\u0142y szatany<br>\u017be skoro si\u0119 sp\u00f3\u017ani\u0142em z<br>Op\u0142aceniem ubezpieczenia OC na ten<br>Samoch\u00f3d kt\u00f3rym je\u017adzi g\u0142\u00f3wnie \u017cona<br>To nic \u017ce tylko przecie\u017c<br>Par\u0119 dni kara pod\u0142ug szatan\u00f3w<br>Ma by\u0107 najsurowsza tu zapewne<br>I oczywi\u015bcie ubezpieczalnia pod\u0142ug bestii<br>Nie przed\u0142o\u017cy\u0142a nam propozycji przed\u0142u\u017cenia<br>Ubezpieczenia a mog\u0142a to zrobi\u0107<br>I listownie i mailowo<br>Ale przecie\u017c w to graj\u0105<br>Te szata\u0144skie bestie i \u0142ajdactwo<br>I teraz misiowe ob\u0142udniki<br>Bo wiedz\u0105 \u017ce to \u015bciema<br>\u015aciga\u0107 nas maj\u0105 \u017ce my<br>Niby w ci\u0105gu tych paru<br>Dni uszkodzili\u015bmy czyj\u015b samoch\u00f3d albo<br>Jeszcze lepiej komu\u015b nim zrobili\u015bmy<br>Jak\u0105\u015b krzywd\u0119 odpowiednio pod\u0142ug k\u0142amstw<br>Ob\u0142udy najgorszej tych szatan\u00f3w wszelkich<br>I najlepiej jeszcze \u017ce uciekli\u015bmy<br>Z miejsca wypadku czy zdarzenia<br>Co za zepsute szatany totalnie<br>Zreszt\u0105 te mi\u015bki ob\u0142udne tak<br>Graj\u0105 odpowiednio we wszelkie k\u0142amstwa<br>Tych szatan\u00f3w by nas dopa\u015b\u0107<br>I uziemi\u0107 chocia\u017c kar\u0119 spowodowa\u0107<br>Nawet jak\u0105\u015b najlepiej jak najwi\u0119ksz\u0105<br>Te mi\u015bki uczestnicz\u0105 w szata\u0144skich<br>\u015aciemach ob\u0142udy ku zbrodniom<br>Tych szatan\u00f3w zreszt\u0105 i wszelkich<br>Podobnie i inni s\u0142u\u017cbi\u015bci bestii<br>Te te\u017c maj\u0105 swoje \u015bciemy<br>Zgodne z szata\u0144stwami bestii \u0142ajdactwa<br>Tak jak to tam bydle<br>Podwijskie tyle lat ma nas<br>Napada\u0107 zepsuty bydlak bo wiemy<br>\u017be szata\u0144sko chodzi po naszym<br>Bynajmniej nie w dobra celu<\/p>\n\n\n\n<p>Takie to zepsute totalnie szatany<br>Jakie jeszcze wymy\u015bl\u0105 ob\u0142udy k\u0142amstwa<br>Byleby tylko nas dopa\u015b\u0107 zdrajc\u00f3w<br>Zreszt\u0105 i wszelakich chorymi zbrodniami<br>Ile oni b\u0119d\u0105 si\u0119 na<br>Nas pastwi\u0107 i nas prze\u015bladowa\u0107<br>Cho\u0107by te \u0142ajdaki misiowe<br>Czy tam i jacy ob\u0142udnicy<br>Wsz\u0119dzie maj\u0105 przecie\u017c takich odpowiednio<br>Czy wy naprawd\u0119 nie widzicie<br>\u017be te szata\u0144stwa ob\u0142udnik\u00f3w pod\u0142ych<br>I bestii pospo\u0142u przekraczaj\u0105 ju\u017c<br>Chyba wszelkie czegokolwiek zreszt\u0105 normy<br>Jak B\u00f3g ma na to<br>Nie odpowiedzie\u0107 na takie szata\u0144stwa<br>Wszelakie ku tym Bo\u017cym dzieciom<br>My\u015blicie \u017ce b\u0119dzie post\u0119powa\u0142 wed\u0142ug<br>K\u0142amstw tych szatan\u00f3w jakichkolwiek zreszt\u0105<br>Oj biedni bo to szatan\u00f3w<br>Zepsucie dna moralnego przekracza wszystko<\/p>\n\n\n\n<p>Czy wy naprawd\u0119 tego<br>Nie widzicie jak szata\u0144skie totalnie<br>S\u0105 te bestie i bydlacy<br>\u0141ajdacz\u0105cy z nimi jak cho\u0107by<br>Te mi\u015bki kt\u00f3re nas \u015bcigaj\u0105<br>Robi\u0105 ob\u0142awy za k\u0142amstwa szatan\u00f3w<br>Ile k\u0142amstw chorych wymy\u015bl\u0105 jeszcze<br>To zepsute \u0142ajdactwo i te<br>Szata\u0144skie bestie kt\u00f3re w nas<br>Wymierzone naszych i nasze maj\u0105<br>S\u0142u\u017cy\u0107 wszelkim ich zbrodniom szata\u0144skim<\/p>\n\n\n\n<p>Czy wy tego napraw\u0119<br>Nie zauwa\u017canie \u017ce to jest<br>Z\u0142o szata\u0144skie w najperfidniejszej postaci<br>Si\u0119gaj\u0105ce szata\u0144skich wy\u017cyn najgorszej ob\u0142udy<\/p>\n\n\n\n<p>Bo teraz sobie wymy\u015bli\u0142y szatany<br>\u017be skoro si\u0119 sp\u00f3\u017ani\u0142em z<br>Op\u0142aceniem ubezpieczenia OC na ten<br>Samoch\u00f3d kt\u00f3rym je\u017adzi g\u0142\u00f3wnie \u017cona<br>To nic \u017ce tylko przecie\u017c<br>Par\u0119 dni kara pod\u0142ug szatan\u00f3w<br>Ma by\u0107 najsurowsza tu zapewne<br>I oczywi\u015bcie ubezpieczalnia pod\u0142ug bestii<br>Nie przed\u0142o\u017cy\u0142a nam propozycji przed\u0142u\u017cenia<br>Ubezpieczenia a mog\u0142a to zrobi\u0107<br>I listownie i mailowo<br>Ale przecie\u017c w to graj\u0105<br>Te szata\u0144skie bestie i \u0142ajdactwo<br>I teraz misiowe ob\u0142udniki<br>Bo wiedz\u0105 \u017ce to \u015bciema<br>\u015aciga\u0107 nas maj\u0105 \u017ce my<br>Niby w ci\u0105gu tych paru<br>Dni uszkodzili\u015bmy czyj\u015b samoch\u00f3d albo<br>Jeszcze lepiej komu\u015b nim zrobili\u015bmy<br>Jak\u0105\u015b krzywd\u0119 odpowiednio pod\u0142ug k\u0142amstw<br>Ob\u0142udy najgorszej tych szatan\u00f3w wszelkich<br>I najlepiej jeszcze uciekli\u015bmy<br>Z miejsca wypadku czy zdarzenia<br>Co za zepsute szatany totalnie<br>Zreszt\u0105 te mi\u015bki ob\u0142udne tak<br>Graj\u0105 odpowiednio we wszelkie k\u0142amstwa<br>Tych szatan\u00f3w by nas dopa\u015b\u0107<br>I uziemi\u0107 chocia\u017c kar\u0119 spowodowa\u0107<br>Nawet jaka\u015b najlepiej jak najwi\u0119ksz\u0105<br>Te mi\u015bki uczestnicz\u0105 w szata\u0144skich<br>\u015aciemach ob\u0142udy ku zbrodniom<br>Tych szatan\u00f3w zreszt\u0105 i wszelkich<br>Podobnie i inni s\u0142u\u017cbi\u015bci bestii<br>Te te\u017c maj\u0105 swoje \u015bciemy<br>Zgodne z szata\u0144stwami bestii \u0142ajdactwa<br>Tak jak to tam bydle<br>Podwijskie tyle lat ma nas<br>Napada\u0107 zepsuty bydlaki bo wiemy<br>\u017be szata\u0144sko chodzi po naszym<br>Bynajmniej nie w dobra celu<\/p>\n\n\n\n<figure class=\"wp-block-gallery has-nested-images columns-default is-cropped wp-block-gallery-1 is-layout-flex wp-block-gallery-is-layout-flex\">\n<figure class=\"wp-block-image size-large\"><a href=\"https:\/\/hubertpietka.bialystok.pl\/wp-content\/uploads\/2026\/03\/1000057296.jpg\"><img loading=\"lazy\" decoding=\"async\" width=\"1024\" height=\"771\" data-id=\"10447\" src=\"https:\/\/hubertpietka.bialystok.pl\/wp-content\/uploads\/2026\/03\/1000057296-1024x771.jpg\" alt=\"\" class=\"wp-image-10447\" srcset=\"https:\/\/hubertpietka.bialystok.pl\/wp-content\/uploads\/2026\/03\/1000057296-1024x771.jpg 1024w, https:\/\/hubertpietka.bialystok.pl\/wp-content\/uploads\/2026\/03\/1000057296-300x226.jpg 300w, https:\/\/hubertpietka.bialystok.pl\/wp-content\/uploads\/2026\/03\/1000057296-768x578.jpg 768w, https:\/\/hubertpietka.bialystok.pl\/wp-content\/uploads\/2026\/03\/1000057296-1536x1156.jpg 1536w, https:\/\/hubertpietka.bialystok.pl\/wp-content\/uploads\/2026\/03\/1000057296.jpg 1600w\" sizes=\"auto, (max-width: 1024px) 100vw, 1024px\" \/><\/a><\/figure>\n<\/figure>\n\n\n\n<p><em>Takie to zepsute totalnie szatany<br>Jakie jeszcze wymy\u015bl\u0105 ob\u0142udy k\u0142amstwa<br>Byleby tylko nas dopa\u015b\u0107 zdrajc\u00f3w<br>Zreszt\u0105 i wszelakich chorymi zbrodniami<br>Ile oni b\u0119d\u0105 si\u0119 na<br>Nas pastwi\u0107 i nas prze\u015bladowa\u0107<br>Cho\u0107by te \u0142ajdaki misiowe<br>Czy tam i jacy ob\u0142udnicy<br>Wsz\u0119dzie maj\u0105 przecie\u017c takich odpowiednio<br>Czy wy naprawd\u0119 nie widzicie<br>\u017be te szata\u0144stwa ob\u0142udnik\u00f3w pod\u0142ych<br>I bestii pospo\u0142u przekraczaj\u0105 ju\u017c<br>Chyba wszelkie czegokolwiek zreszt\u0105 normy<br>Jak B\u00f3g ma na to<br>Nie odpowiedzie\u0107 na takie szata\u0144stwa<br>Wszelakie ku tym Bo\u017cym dzieciom<br>My\u015blicie \u017ce b\u0119dzie post\u0119powa\u0142 wed\u0142ug<br>K\u0142amstw tych szatan\u00f3w jakichkolwiek zreszt\u0105<br>Oj biedni bo to szatan\u00f3w<br>Zepsucie dna moralnego przekracza wszystko<\/em><\/p>\n\n\n\n<hr class=\"wp-block-separator has-alpha-channel-opacity\"\/>\n\n\n\n<p>I co za szatany zepsute<br>Podstawia\u0107 podobne do naszych samochody<br>I \u017ce niby my co\u015b<br>Wy naprawd\u0119 nie widzicie i<br>Nie rozr\u00f3\u017cniacie tak zepsutych szata\u0144stw<br>Wy ca\u0142y ten biedny \u015bwiecie<br>Bo je\u015bli oni skonsumuj\u0105 te<br>Wszystkie tu swoje ob\u0142\u0119dne zbrodnie<br>Ten \u015bwiat te\u017c si\u0119 sko\u0144czy<br>Ale wolicie nie widzie\u0107 tego<br>Bo tak jest \u0142atwiej wygodniej<br>A to wszystko do Boga<br>Ju\u017c g\u0142o\u015bno wo\u0142a o Jego<br>Pomst\u0119 plus krew niewinnych m\u0119czennik\u00f3w szata\u0144skich bestii<br>I \u0142ajdactwa r\u00f3wnie zreszt\u0105 zepsutego<br>S\u0142u\u017c\u0105cego ich zbrodniom chorym wszelkim<\/p>\n\n\n\n<p><\/p>\n","protected":false},"excerpt":{"rendered":"<p>Czy wy naprawd\u0119 tegoNie widzicie jak szata\u0144skie totalnieS\u0105 te bestie i bydlacy\u0141ajdacz\u0105cy z nimi jak cho\u0107byTe mi\u015bki kt\u00f3re nas \u015bcigaj\u0105Robi\u0105 ob\u0142awy za k\u0142amstwa szatan\u00f3wIle k\u0142amstw&hellip; <\/p>\n","protected":false},"author":1,"featured_media":0,"parent":0,"menu_order":0,"comment_status":"closed","ping_status":"closed","template":"","meta":{"footnotes":""},"class_list":["post-10446","page","type-page","status-publish","hentry"],"_links":{"self":[{"href":"https:\/\/hubertpietka.bialystok.pl\/index.php?rest_route=\/wp\/v2\/pages\/10446","targetHints":{"allow":["GET"]}}],"collection":[{"href":"https:\/\/hubertpietka.bialystok.pl\/index.php?rest_route=\/wp\/v2\/pages"}],"about":[{"href":"https:\/\/hubertpietka.bialystok.pl\/index.php?rest_route=\/wp\/v2\/types\/page"}],"author":[{"embeddable":true,"href":"https:\/\/hubertpietka.bialystok.pl\/index.php?rest_route=\/wp\/v2\/users\/1"}],"replies":[{"embeddable":true,"href":"https:\/\/hubertpietka.bialystok.pl\/index.php?rest_route=%2Fwp%2Fv2%2Fcomments&post=10446"}],"version-history":[{"count":1,"href":"https:\/\/hubertpietka.bialystok.pl\/index.php?rest_route=\/wp\/v2\/pages\/10446\/revisions"}],"predecessor-version":[{"id":10448,"href":"https:\/\/hubertpietka.bialystok.pl\/index.php?rest_route=\/wp\/v2\/pages\/10446\/revisions\/10448"}],"wp:attachment":[{"href":"https:\/\/hubertpietka.bialystok.pl\/index.php?rest_route=%2Fwp%2Fv2%2Fmedia&parent=10446"}],"curies":[{"name":"wp","href":"https:\/\/api.w.org\/{rel}","templated":true}]}}