{"id":10450,"date":"2026-03-24T23:35:22","date_gmt":"2026-03-24T23:35:22","guid":{"rendered":"https:\/\/hubertpietka.bialystok.pl\/?page_id=10450"},"modified":"2026-03-24T23:35:22","modified_gmt":"2026-03-24T23:35:22","slug":"demokracja-bestii-obluda-lajdactwa-i-ich-zloczynienie-nie-jedna-dwie-rzeczy-totalitarnego-kraju-szatanow","status":"publish","type":"page","link":"https:\/\/hubertpietka.bialystok.pl\/?page_id=10450","title":{"rendered":"Demokracja bestii \/ ob\u0142uda \u0142ajdactwa i ich z\u0142oczynienie &#8211; nie jedna dwie rzeczy \/ totalitarnego kraju szatan\u00f3w"},"content":{"rendered":"\n<p>Troch\u0119 si\u0119 pomyli\u0142em niesprawiedliwie \u017ce<br>Tylko jedna rzecz jest demokratyczna<br>W totalitarnym kraju tych bestii<br>Bo wzi\u0105\u0142em pod uwag\u0119 tylko<br>Intencj\u0119 ob\u0142ud\u0119 bestii i \u0142ajdactwa<br>A nie skonsumowanie z\u0142a owocu<br>Bo przecie\u017c w kraju bestii<br>Z\u0142o jeszcze jest demokratyczne odpowiednio<br>Oczywi\u015bcie wobec nas naszych naszego<br>Takich zbrodni mo\u017ce dokonywa\u0107 ka\u017cdy<br>Od g\u00f3wniarzy po starych<br>Od zawodowych s\u0142u\u017cbowych po prywatnych<br>Niekt\u00f3rzy si\u0119 nawet w tym<br>Chyba i wyspecjalizowali w tej<br>Ob\u0142udzie bestii ku zbrodniom \u0142ajdactwo<br>Oczywi\u015bcie odpowiednie zawsze a za<br>Takie rzeczy u bestii jest<br>Pochwa\u0142a i nagroda mo\u017ce nawet<br>Si\u0119 znajdzie te\u017c jaka\u015b oczywi\u015bcie<br>Je\u015bli materia z\u0142a czytaj zbrodni<br>B\u0119dzie wystarczaj\u0105co du\u017ca pod\u0142ug bestii<br>Zabi\u0107 zniewoli\u0107 zniszczy\u0107 mnie \u017con\u0119<br>Te zwierz\u0119ta bliskich nasze miejsca<br>Samochody takie rzeczy szczeg\u00f3lnie ceni\u0105<br>Bestie wi\u0119c odpowiednie \u0142ajdactwo wie<br>W co celowa\u0107 ma zawsze<\/p>\n\n\n\n<p>I zobacz o Panie jakie<br>To s\u0105 szatany poniewa\u017c z<br>Niejakim trudem im przychodzi wyeliminowa\u0107<br>Z ruchu nasze samochody to<br>Wpadli na szata\u0144ski i\u015bcie pomys\u0142 tak by<br>Wyruga\u0107 nas z wszelkich tu<br>Wok\u00f3\u0142 miejsc parkingowych bestie przecie\u017c<br>Wychodz\u0105 z za\u0142o\u017cenia \u017ce jak<br>Nie z\u0142o tak to mo\u017cna<br>Inaczej w inny spos\u00f3b jaki\u015b<br>Byleby tylko osi\u0105gn\u0105\u0107 cele zbrodni<br>Swych byleby ob\u0142uda odpowiednich bydlak\u00f3w<br>Mog\u0142a nas po\u017cre\u0107 w ko\u0144cu<\/p>\n\n\n\n<p>Tak wi\u0119c tam szatany wymy\u015bli\u0142y<br>\u017be mo\u017cna \u015bciga\u0107 z <em>orzeczywnictwa<\/em><br>Tam znowu bydlaka znale\u017ali <em>zdepstanego<\/em><br><em>WyCzy\u015bcili<\/em> z ulicy te\u017c odpowiednio<br>Tam znowu bydle podwijskie ma<br>Grasowa\u0107 a jak nie on<br>To s\u0142u\u017calcy grodzcy lub misie<br>Te\u017c swoje zrobi\u0105 odpowiednio oczywi\u015bcie<br>I mimo \u017ce nie ma<br>Tu akurat strefy to przecie\u017c<br>Wymy\u015bl\u0105 co\u015b s\u0142u\u017cbi\u015bci bestii odpowiednio<br>Takie to totalnie zepsute szatany<br>No bo przecie\u017c r\u00f3\u017cni s\u0142u\u017cbi\u015bci<br>Maj\u0105 nas \u015bciga\u0107 na ka\u017cdym<br>Kroku te\u017c odpowiednio pod\u0142ug po\u017c\u0105da\u0144<br>Nienawi\u015bci ob\u0142\u0119dnej tych szatan\u00f3w totalnych<\/p>\n\n\n\n<p>Na podobnej zasadzie trzeba cedzi\u0107<br>Ka\u017cdy nasz \u015bmiecik a syf<br>Niech b\u0119dzie wsz\u0119dzie wok\u00f3\u0142 tacy<br>Szata\u0144scy esteci ale najwa\u017cniejsze by<br>Syf by\u0142 w ludzkich sercach<br>Tacy \u0142ajdacy najlepiej sprzedajni zawsze<br>Wiernie pod\u0142ug z\u0142a ob\u0142\u0119du<br>Na us\u0142ugach tych bestii<br>Jak cho\u0107by tu podwijskie bydle<br>Czy tam to ta\u0142atajstwo prostackie<br>Zreszt\u0105 wsz\u0119dzie sobie bestie odpowiednich<br>Ob\u0142udnik\u00f3w ku swoim zbrodniom znajd\u0105<\/p>\n\n\n\n<p>I zobacz jakie szatany jeszcze<br>Oskar\u017ca\u0107 maj\u0105 o otwieranie okien<br>Na klatce takie zachowanie antyspo\u0142eczne<br>To jest przecie\u017c gdy gazowanie<br>Bestii staje si\u0119 mniej skuteczne<\/p>\n\n\n\n<p>Bo\u017ce mi\u0142y totalnie szata\u0144scy ob\u0142udnicy<br>A i samochody czyste te\u017c<br>Lubi\u0105 bestie esteci zw\u0142aszcza wtedy<br>Gdy wok\u00f3\u0142 naszych takie by<br>Mo\u017cna nam by\u0142o wreszcie wlepi\u0107<br>Tam jaki\u015b upragniony szata\u0144sko mandacik<\/p>\n\n\n\n<figure class=\"wp-block-gallery has-nested-images columns-default is-cropped wp-block-gallery-1 is-layout-flex wp-block-gallery-is-layout-flex\">\n<figure class=\"wp-block-image size-large\"><a href=\"https:\/\/hubertpietka.bialystok.pl\/wp-content\/uploads\/2026\/03\/1000057843.jpg\"><img loading=\"lazy\" decoding=\"async\" width=\"771\" height=\"1024\" data-id=\"10451\" src=\"https:\/\/hubertpietka.bialystok.pl\/wp-content\/uploads\/2026\/03\/1000057843-771x1024.jpg\" alt=\"\" class=\"wp-image-10451\" srcset=\"https:\/\/hubertpietka.bialystok.pl\/wp-content\/uploads\/2026\/03\/1000057843-771x1024.jpg 771w, https:\/\/hubertpietka.bialystok.pl\/wp-content\/uploads\/2026\/03\/1000057843-226x300.jpg 226w, https:\/\/hubertpietka.bialystok.pl\/wp-content\/uploads\/2026\/03\/1000057843-768x1021.jpg 768w, https:\/\/hubertpietka.bialystok.pl\/wp-content\/uploads\/2026\/03\/1000057843-1156x1536.jpg 1156w, https:\/\/hubertpietka.bialystok.pl\/wp-content\/uploads\/2026\/03\/1000057843.jpg 1204w\" sizes=\"auto, (max-width: 771px) 100vw, 771px\" \/><\/a><\/figure>\n<\/figure>\n\n\n\n<p><em>A i koniecznie tam lampy<br>Maj\u0105 gasn\u0105\u0107 gdzie nasze samochody<br>Bestie lubi\u0105 przecie\u017c plus \u0142ajdactwo<br>Z\u0142o czyni\u0107 pod os\u0142on\u0105 ciemno\u015bci<br>Zreszt\u0105 pod\u0142ug tych szatan\u00f3w \u015bwiat\u0142o<br>Ma przecie\u017c zgasn\u0105\u0107 dla \u015bwiata<br>A w temacie nocy jeszcze<br>\u017be jak bydle podwijskie idzie<br>Spa\u0107 z kurami to wcze\u015bnie<br>Na by\u0107 pobudka bydlaka napa\u015bci<br>Ale to ju\u017c ustalaj\u0105 bestie<br>Wed\u0142ug odpowiedniego oczywi\u015bcie zawsze kontekstu<br>Misiowe \u0142ajdactwo czy jakie te\u017c<br>Wiedz\u0105 kiedy posy\u0142a\u0107 gdzie zawsze<br>Szatany totalnie popaprane wszelkimi zbrodniami<br>Zw\u0142aszcza jak m\u015bci\u0107 si\u0119 maj\u0105<br>Ale bestie \u0142ajdactwo tak zawsze<br>Za to zw\u0142aszcza \u017ce \u017cyjemy<br>Tu jeszcze w tym kraju<br>Totalnego z\u0142a odpowiednio dedykowanego oczywi\u015bcie<br>Przecie\u017c nie im bestii \u0142ajdactwu<br>Jezu ufam Tobie wspom\u00f3\u017c przeciw<br>Tej wszelkiej szata\u0144skiej totalnej przemocy<\/em><\/p>\n","protected":false},"excerpt":{"rendered":"<p>Troch\u0119 si\u0119 pomyli\u0142em niesprawiedliwie \u017ceTylko jedna rzecz jest demokratycznaW totalitarnym kraju tych bestiiBo wzi\u0105\u0142em pod uwag\u0119 tylkoIntencj\u0119 ob\u0142ud\u0119 bestii i \u0142ajdactwaA nie skonsumowanie z\u0142a owocuBo&hellip; <\/p>\n","protected":false},"author":1,"featured_media":0,"parent":0,"menu_order":0,"comment_status":"closed","ping_status":"closed","template":"","meta":{"footnotes":""},"class_list":["post-10450","page","type-page","status-publish","hentry"],"_links":{"self":[{"href":"https:\/\/hubertpietka.bialystok.pl\/index.php?rest_route=\/wp\/v2\/pages\/10450","targetHints":{"allow":["GET"]}}],"collection":[{"href":"https:\/\/hubertpietka.bialystok.pl\/index.php?rest_route=\/wp\/v2\/pages"}],"about":[{"href":"https:\/\/hubertpietka.bialystok.pl\/index.php?rest_route=\/wp\/v2\/types\/page"}],"author":[{"embeddable":true,"href":"https:\/\/hubertpietka.bialystok.pl\/index.php?rest_route=\/wp\/v2\/users\/1"}],"replies":[{"embeddable":true,"href":"https:\/\/hubertpietka.bialystok.pl\/index.php?rest_route=%2Fwp%2Fv2%2Fcomments&post=10450"}],"version-history":[{"count":1,"href":"https:\/\/hubertpietka.bialystok.pl\/index.php?rest_route=\/wp\/v2\/pages\/10450\/revisions"}],"predecessor-version":[{"id":10452,"href":"https:\/\/hubertpietka.bialystok.pl\/index.php?rest_route=\/wp\/v2\/pages\/10450\/revisions\/10452"}],"wp:attachment":[{"href":"https:\/\/hubertpietka.bialystok.pl\/index.php?rest_route=%2Fwp%2Fv2%2Fmedia&parent=10450"}],"curies":[{"name":"wp","href":"https:\/\/api.w.org\/{rel}","templated":true}]}}