{"id":10454,"date":"2026-03-26T11:20:04","date_gmt":"2026-03-26T11:20:04","guid":{"rendered":"https:\/\/hubertpietka.bialystok.pl\/?page_id=10454"},"modified":"2026-03-26T11:20:04","modified_gmt":"2026-03-26T11:20:04","slug":"jad-skorpionow-sieci-intryg-i-knowan-pajeczych-zawsze-wszedzie-a-wdziecznosc-wdziecznosc","status":"publish","type":"page","link":"https:\/\/hubertpietka.bialystok.pl\/?page_id=10454","title":{"rendered":"Jad skorpion\u00f3w sieci intryg i knowa\u0144 paj\u0119czych &#8211; zawsze wsz\u0119dzie \/ a wdzi\u0119czno\u015b\u0107 wdzi\u0119czno\u015b\u0107"},"content":{"rendered":"\n<p>Knuj\u0105 szatany swych intryg sieci<br>Ju\u017c nie do policzenia nawet<br>Tyle maj\u0105 szata\u0144skich opcji swych<br>Wszelkich zbrodni knuj\u0105 i knuj\u0105<br>Ci\u0105gle by uderza\u0107 potwornie w<br>Nas naszych i nasze mno\u017c\u0105c<br>Nieustannie warianty chore swych szata\u0144stw<br>To ju\u017c jest chyba i<br>Nawet nie do ogarni\u0119cia jako\u015b<br>I wszelkie \u0142ajdactwo ob\u0142udne zbrodnicze<br>Kt\u00f3re maj\u0105 ku swym zbrodniom<\/p>\n\n\n\n<p>A teraz w kontek\u015bcie jeszcze<br>Sieci paj\u0119czych i knucia odpowiedniego<br>Nie wystarczy temu bydlakowi podwijskiemu<br>Chodzenie po naszym ch\u0119ci napa\u015bci<br>A jakie on hodowle uprawia<br>Jakich zwierz\u0105tek owad\u00f3w os szerszeni<br>Paj\u0105k\u00f3w w\u0142a\u015bnie itp itd<br>Mo\u017cna by zapyta\u0107 jego dzieci<br>O czym tatu\u015b m\u00f3wi\u0107 zakaza\u0142<br>Czego dotyka\u0107 i gdzie zagl\u0105da\u0107<br>Wsz\u0119dzie maj\u0105 by\u0107 przecie\u017c cho\u0107by<br>Skorpiony szata\u0144skie dos\u0142ownie i przeno\u015bnie<\/p>\n\n\n\n<figure class=\"wp-block-gallery has-nested-images columns-default is-cropped wp-block-gallery-1 is-layout-flex wp-block-gallery-is-layout-flex\">\n<figure class=\"wp-block-image size-large\"><a href=\"https:\/\/hubertpietka.bialystok.pl\/wp-content\/uploads\/2026\/03\/1000058090.jpg\"><img loading=\"lazy\" decoding=\"async\" width=\"1024\" height=\"771\" data-id=\"10455\" src=\"https:\/\/hubertpietka.bialystok.pl\/wp-content\/uploads\/2026\/03\/1000058090-1024x771.jpg\" alt=\"\" class=\"wp-image-10455\" srcset=\"https:\/\/hubertpietka.bialystok.pl\/wp-content\/uploads\/2026\/03\/1000058090-1024x771.jpg 1024w, https:\/\/hubertpietka.bialystok.pl\/wp-content\/uploads\/2026\/03\/1000058090-300x226.jpg 300w, https:\/\/hubertpietka.bialystok.pl\/wp-content\/uploads\/2026\/03\/1000058090-768x578.jpg 768w, https:\/\/hubertpietka.bialystok.pl\/wp-content\/uploads\/2026\/03\/1000058090-1536x1156.jpg 1536w, https:\/\/hubertpietka.bialystok.pl\/wp-content\/uploads\/2026\/03\/1000058090.jpg 1600w\" sizes=\"auto, (max-width: 1024px) 100vw, 1024px\" \/><\/a><\/figure>\n<\/figure>\n\n\n\n<p>A w szkole u \u017cony<br>Zobacz jakie zgrywusy zepsute szata\u0144skie<br>Na 7 lekcji tak szatany<br>Sromotne g\u00f3wniarstwo dzisiaj ma skorpioni\u0107<br>Pod\u0142ug was pretekst przezi\u0119bienia jest<br>Zreszt\u0105 zawsze wymy\u015bli si\u0119 jaki\u015b<br>Ku ich chorym poronionym szata\u0144stwom<br>I ka\u017c\u0105 jej to pisa\u0107<br>Do mnie i ja si\u0119<br>Mam niby na to zgodzi\u0107<br>Wykoleje\u0144cy totalni tak te\u017c lubi\u0105<br>Prze\u015bladowa\u0107 szatany zn\u0119ca\u0107 si\u0119 cho\u0107by<br>T\u0105 w\u0142a\u015bnie perwersyjnie perspektyw\u0105 \u015bmierci<br>A swoj\u0105 drog\u0105 widzicie sami<br>Jak dzieci psuj\u0105 szatany nawet<br>Z podstaw\u00f3wki skoro nak\u0142aniaj\u0105 je<br>Do swych szata\u0144skich zbrodni pod<br>Pretekstem cho\u0107by niekaralno\u015bci nieletnich takie<br>To totalnie wyrodne zdegenerowane szatany<br>I to samo robi\u0105 z<br>\u0141ajdactwem swoim kim by nie<br>Byli oni w wieku jakimkolwiek<\/p>\n\n\n\n<p>Sieci intryg skorpiony wprost przeno\u015bnie<br>Szatany totalne i ich \u0142ajdactwo<br>R\u00f3wnie zepsute i chore szata\u0144stwami<br>I nie da si\u0119 ju\u017c<br>Chyba nawet wymieni\u0107 innych rzeczy<br>Gazowania wsz\u0119dzie napa\u015bci prowokacji \u015bciem<br>S\u0142u\u017cb r\u00f3\u017cnych od misiowych po<br>Tam jakie i wszelkich \u0142ajdak\u00f3w<br>Maj\u0105cych s\u0142u\u017cy\u0107 szata\u0144stwom zepsutym bestii<\/p>\n\n\n\n<p>To ju\u017c s\u0105 prze\u015bladowania a<br>Nawet si\u0119 zn\u0119cania na kroku<br>Prawie ka\u017cdym w takiej czy<br>Innej wersji chorej ob\u0142udy szata\u0144skiej<br>Byleby ku zbrodniom szata\u0144skim na<br>Nas naszych naszym niewinnych innych<br>Op\u0119tani zbrodniami \u015bmierci zniewolenia zniszczenia<\/p>\n\n\n\n<p>I mam by\u0107 wdzi\u0119czny innym<br>To jestem za ka\u017cde dobro<br>Ale to my prze\u017cywamy na<br>Tak zwanego \u017cywca to wszystko<br>I nie zdezerteruj\u0119 st\u0105d<br>Je\u015bli o to te\u017c chodzi<br>Zbyt du\u017co chc\u0105 oni<br>Tu wyko\u0144czy\u0107 niewinnych owiec<br>A jak ob\u0142uda szata\u0144ska bestii<br>\u0141ajdactwa nas po\u017cre zbrodniami to<br>Sorry \u015bwiecie wy te\u017c zostaniecie<br>Tu wyeliminowani wi\u0119c jest to<br>Tak\u017ce w waszym interesie by<br>Bestie i \u0142ajdactwo swymi zbrodniami<br>Nas jednak i nie po\u017car\u0142y<br>Cho\u0107 tak jestem przecie\u017c wdzi\u0119czny<br>Nale\u017cy si\u0119 no przecie\u017c a<br>Co nam si\u0119 tu nale\u017cy<br>Od was \u015bwiecie bo to<br>My tym trudem \u015bmiertelnym wszelkim<br>Ten \u015bwiat jednak i podtrzymujemy<br>Wbrew szata\u0144skim k\u0142amstwom zepsutych wszelkich<br>\u017be niby jest b\u0119dzie inaczej<br>Tak\u017ce jeste\u015bmy wdzi\u0119czni a jak\u017ce<br>Ale wdzi\u0119czno\u015b\u0107 powinna i\u015b\u0107 jednak<br>W parze cho\u0107by w zwi\u0105zku<br>Z tym naszym nieludzkim wysi\u0142kiem<br>Bo prawie nad cz\u0142owiecze si\u0142y<br>Bior\u0105c pod uwag\u0119 czas skal\u0119<br>Tych prze\u015bladowa\u0144 wszelkich zepsutych szatan\u00f3w<\/p>\n\n\n\n<p class=\"has-text-align-center\">( <strong><em><a href=\"https:\/\/youtu.be\/B3ijyMBqlWs\">P. Gintrowski, Z. \u0141api\u0144ski &#8211; Raport z obl\u0119\u017conego miasta<\/a><\/em><\/strong> )<\/p>\n\n\n\n<p><em>I ja nie mog\u0119 inaczej<br>Ni\u017c wol\u0105 Bo\u017c\u0105 trwa\u0107 tutaj<br>Cokolwiek chcia\u0142by powiedzie\u0107 ten \u015bwiat<br>Dla mnie nie ma innej<br>Tu opcji ni\u017c to ma\u0142\u017ce\u0144stwo<br>I tu wszelkie sprawy Bo\u017ce<br>I podobnie niewinne dzieci Jego<br>Nie mam tu pola do<br>Jakiegokolwiek wanewru wbrew k\u0142amstwom wszelkim<br>Ale jestem wdzi\u0119czny przecie\u017c sami<br>Na pewno by\u015bmy tu nie<br>Wytrwali ale sorry to<br>Jest te\u017c w \u015bwiata interesie<br>By\u015bmy jednak wytrwali na stanowisku<br>Tych spraw Bo\u017cych wszelkich nawet<br>Je\u015bli wszyscy rozumiej\u0105 to opatrznie<br>I tylko li po ludzku<br>A my mamy Bo\u017ce sprawy<br>Wype\u0142nia\u0107 wiernie wbrew \u015bwiatowo\u015bci jakiejkolwiek<br>Ale jestem wdzi\u0119czny wi\u0119c dzi\u0119kuj\u0119<br>\u017be jeszcze szatany nas zbrodniami<br>Nie po\u017car\u0142y nas naszego naszych<br>\u017be \u015bwiat ten trwa jeszcze<\/em><\/p>\n","protected":false},"excerpt":{"rendered":"<p>Knuj\u0105 szatany swych intryg sieciJu\u017c nie do policzenia nawetTyle maj\u0105 szata\u0144skich opcji swychWszelkich zbrodni knuj\u0105 i knuj\u0105Ci\u0105gle by uderza\u0107 potwornie wNas naszych i nasze mno\u017c\u0105cNieustannie&hellip; <\/p>\n","protected":false},"author":1,"featured_media":0,"parent":0,"menu_order":0,"comment_status":"closed","ping_status":"closed","template":"","meta":{"footnotes":""},"class_list":["post-10454","page","type-page","status-publish","hentry"],"_links":{"self":[{"href":"https:\/\/hubertpietka.bialystok.pl\/index.php?rest_route=\/wp\/v2\/pages\/10454","targetHints":{"allow":["GET"]}}],"collection":[{"href":"https:\/\/hubertpietka.bialystok.pl\/index.php?rest_route=\/wp\/v2\/pages"}],"about":[{"href":"https:\/\/hubertpietka.bialystok.pl\/index.php?rest_route=\/wp\/v2\/types\/page"}],"author":[{"embeddable":true,"href":"https:\/\/hubertpietka.bialystok.pl\/index.php?rest_route=\/wp\/v2\/users\/1"}],"replies":[{"embeddable":true,"href":"https:\/\/hubertpietka.bialystok.pl\/index.php?rest_route=%2Fwp%2Fv2%2Fcomments&post=10454"}],"version-history":[{"count":1,"href":"https:\/\/hubertpietka.bialystok.pl\/index.php?rest_route=\/wp\/v2\/pages\/10454\/revisions"}],"predecessor-version":[{"id":10456,"href":"https:\/\/hubertpietka.bialystok.pl\/index.php?rest_route=\/wp\/v2\/pages\/10454\/revisions\/10456"}],"wp:attachment":[{"href":"https:\/\/hubertpietka.bialystok.pl\/index.php?rest_route=%2Fwp%2Fv2%2Fmedia&parent=10454"}],"curies":[{"name":"wp","href":"https:\/\/api.w.org\/{rel}","templated":true}]}}