{"id":10458,"date":"2026-03-26T23:02:53","date_gmt":"2026-03-26T23:02:53","guid":{"rendered":"https:\/\/hubertpietka.bialystok.pl\/?page_id=10458"},"modified":"2026-03-26T23:02:53","modified_gmt":"2026-03-26T23:02:53","slug":"niedostosowani-spolecznie-na-skutek-obludy-zlowrogiej-lajdactwa-i-bestii-zepsutego-owocu-nienawisci-ku-zbrodniom-wszystko-wobec-tych-dzieci-bozych","status":"publish","type":"page","link":"https:\/\/hubertpietka.bialystok.pl\/?page_id=10458","title":{"rendered":"Niedostosowani spo\u0142ecznie na skutek \/ ob\u0142udy z\u0142owrogiej \u0142ajdactwa i bestii &#8211; zepsutego owocu nienawi\u015bci ku zbrodniom \/ wszystko wobec tych dzieci Bo\u017cych"},"content":{"rendered":"\n<p>Ob\u0142udnicy totalnie szata\u0144scy bestie \u0142ajdactwo<br>Tak rozgrywaj\u0105 wszystko by<br>Ze mnie z nas uczyni\u0107<br>Persony non grata elementy niepo\u017c\u0105dane<br>Niby niedostosowane spo\u0142ecznie a nawet<br>Wrogie niby porz\u0105dnemu po\u017cyciu<br>Bestii z \u0142ajdactwem r\u00f3wnie wyst\u0119pnym<\/p>\n\n\n\n<p>Tak wszystko rozgrywaj\u0105 te szatany<br>Jak p\u00f3ki co jeszcze nie<br>Uda\u0142o im si\u0119 \u017cycia tej<br>\u017bony mojej pozbawi\u0107 tudzie\u017c mojego<br>I bliskich i tych zwierz\u0105t<\/p>\n\n\n\n<p>Zepsute szatany \u017ce my co\u015b<br>Nie tak tu cho\u0107by w<br>Tym mieszkaniu palenie zobacz przeszkadza<br>Ob\u0142udnikom \u0142ajdackim na balkonie jakby<br>To ale p\u00f3ki co chyba<br>Nie by\u0142o nie jest zabronione<br>Tak jak przeszkadza ob\u0142udnikom to<br>Z rzadka przecie\u017c szczekanie ps\u00f3w<br>Bo to bydle czy inni<br>Nie mog\u0105 sobie napada\u0107 spokojnie<br>I tak rozgrywaj\u0105 wszystko ob\u0142udnicy<br>Byleby nas pozbawi\u0107 tu mieszkania<br>Z brudem na klatce jakby<br>Tutaj inni unosili si\u0119 nad<br>Ziemi\u0105 ale tylko my brudzimy<br>Przeszkadzamy ich \u0142ajdactwom wzajemnym sprzedajnie<br>Tu w tyn komforcie szata\u0144skim<br>Bestii i r\u00f3wnie zepsutego \u0142ajdactwa<br>Przeciwko tym im nienawistnym wszelkim<br>Jak te\u017c przeszkadza okien otwieranie<br>Tam szatanom ma\u0142o skuteczne gazowanie<br>I tak ta \u015bciema szata\u0144ska<br>Ze wszech stron ma nas<br>Pozbawi\u0107 tu mieszkania a przy<br>Okazji jako element niedostosowany spo\u0142ecznie<br>Ma nas mnie odpowiednio umie\u015bci\u0107<br>Sami sobie dopiszcie gdzie najch\u0119tniej<br>Wiedzia\u0142yby mnie nas szata\u0144skie bestie<br>I r\u00f3wnie zreszt\u0105 zepsute \u0142ajdactwo<\/p>\n\n\n\n<p>( <strong><em><a href=\"https:\/\/youtu.be\/vPYKFuGHu0A\">Kobranocka &#8211; P\u00f3ki to nie zabronione<\/a><\/em><\/strong> )<\/p>\n\n\n\n<p>Tak te\u017c szatany rozgrywaj\u0105 z<br>Tymi ob\u0142udnikami mi\u015bkowymi kt\u00f3re ostatnio<br>\u015acigaj\u0105 nas niemal na kroku<br>Chyba ka\u017cdym ale przecie\u017c wiedz\u0105<br>Nie tylko ci ob\u0142udnicy co<br>My gdzie i jak zawsze<br>Byle pozbawi\u0107 nas mo\u017cliwo\u015bci samochod\u00f3w<br>I \u017ce niby o szata\u0144scy<br>Obludnicy my nie tak traktujemy te<br>Zwierz\u0119ta \u017ale si\u0119 nimi opiekujemy<br>Przecie\u017c te szatany to samo<br>Rozgrywali na wsi z tym<br>Pijackim psychopat\u0105 poprzez tam s\u0105siedztwo<br>Czy tam i jakich zreszt\u0105<\/p>\n\n\n\n<figure class=\"wp-block-gallery has-nested-images columns-default is-cropped wp-block-gallery-1 is-layout-flex wp-block-gallery-is-layout-flex\">\n<figure class=\"wp-block-image size-large\"><a href=\"https:\/\/hubertpietka.bialystok.pl\/wp-content\/uploads\/2026\/03\/1000058138.jpg\"><img loading=\"lazy\" decoding=\"async\" width=\"771\" height=\"1024\" data-id=\"10459\" src=\"https:\/\/hubertpietka.bialystok.pl\/wp-content\/uploads\/2026\/03\/1000058138-771x1024.jpg\" alt=\"\" class=\"wp-image-10459\" srcset=\"https:\/\/hubertpietka.bialystok.pl\/wp-content\/uploads\/2026\/03\/1000058138-771x1024.jpg 771w, https:\/\/hubertpietka.bialystok.pl\/wp-content\/uploads\/2026\/03\/1000058138-226x300.jpg 226w, https:\/\/hubertpietka.bialystok.pl\/wp-content\/uploads\/2026\/03\/1000058138-768x1021.jpg 768w, https:\/\/hubertpietka.bialystok.pl\/wp-content\/uploads\/2026\/03\/1000058138-1156x1536.jpg 1156w, https:\/\/hubertpietka.bialystok.pl\/wp-content\/uploads\/2026\/03\/1000058138.jpg 1204w\" sizes=\"auto, (max-width: 771px) 100vw, 771px\" \/><\/a><\/figure>\n<\/figure>\n\n\n\n<p><em>Szatany te same \u015bciemy z\u0142a<br>Schematy byle szata\u0144skie bestie \u0142ajdactwo<br>Mogli nas w ko\u0144cu wyko\u0144czy\u0107<br>Tak rozgrywaj\u0105 to we wszystkich<br>Naszych miejscach \u017ce niby my<br>Co\u015b nie tak niedostosowani spo\u0142ecznie<br>A te misiowe \u0142ajdaki \u015bci\u015ble<br>I inne bestii wszelcy s\u0142u\u017cbi\u015bci<br>Nie mog\u0105 nas z\u0142apa\u0107 jako\u015b<br>P\u00f3ki co na powa\u017cnych przewinieniach<br>To b\u0119d\u0105 uczestniczy\u0107 w tych<br>Szata\u0144skich \u015bciemach totalnie bestii \u0142ajdactwa<br>Pod jakimkolwiek chorym pozorem pretekstem<br>Byleby z\u0142o szatan\u00f3w zosta\u0142o<br>W ko\u0144cu wobec nas skonsumowane<br>Ich nienawi\u015b\u0107 prostactwo op\u0119tanie z\u0142owrogo\u015bci\u0105<br>Do tych dzieci Bo\u017cych ichniego<br>I ichnich tak to szatany<br>Bestie i \u0142ajdactwo rozgrywaj\u0105 wszystko<br>Byleby nas po\u017cre\u0107 ob\u0142ud\u0105 zbrodni<br>Totalnie zepsute szata\u0144stwo k\u0142amstwo ob\u0142udne<br>Ku zbrodniom goni kolejne k\u0142amstwo<br>Jezu ufam Tobie wspom\u00f3\u017c przeciwko<br>Tej z\u0142owrogo\u015bci szata\u0144skiej ob\u0142\u0119dnie nienawistnej<br>Maryjo oczyszczaj nasze kroki wszystkie<br>Wobec op\u0119tanych z\u0142em bestii \u0142ajdactwa<br>Szata\u0144skich wymiernie w ka\u017cdym calu<br>Bo pod\u0142ug tezy szata\u0144stw bestii<br>Ka\u017cda ob\u0142uda ku zbrodniom \u0142ajdactwa<\/em><\/p>\n\n\n\n<p class=\"has-text-align-right\"><strong><em><a href=\"https:\/\/youtu.be\/4RZoXaKIVw8\">Kobranocka &#8211; I nikomu nie wolno si\u0119 z tego \u015bmia\u0107 <\/a><\/em><\/strong><\/p>\n\n\n\n<p class=\"has-text-align-left\"><strong><em><a href=\"https:\/\/youtu.be\/u8J9LqYvQWA\">Kobranocka &#8211; M\u00f3wi\u0119 ci, \u017ce<\/a><\/em><\/strong><\/p>\n","protected":false},"excerpt":{"rendered":"<p>Ob\u0142udnicy totalnie szata\u0144scy bestie \u0142ajdactwoTak rozgrywaj\u0105 wszystko byZe mnie z nas uczyni\u0107Persony non grata elementy niepo\u017c\u0105daneNiby niedostosowane spo\u0142ecznie a nawetWrogie niby porz\u0105dnemu po\u017cyciuBestii z \u0142ajdactwem&hellip; <\/p>\n","protected":false},"author":1,"featured_media":0,"parent":0,"menu_order":0,"comment_status":"closed","ping_status":"closed","template":"","meta":{"footnotes":""},"class_list":["post-10458","page","type-page","status-publish","hentry"],"_links":{"self":[{"href":"https:\/\/hubertpietka.bialystok.pl\/index.php?rest_route=\/wp\/v2\/pages\/10458","targetHints":{"allow":["GET"]}}],"collection":[{"href":"https:\/\/hubertpietka.bialystok.pl\/index.php?rest_route=\/wp\/v2\/pages"}],"about":[{"href":"https:\/\/hubertpietka.bialystok.pl\/index.php?rest_route=\/wp\/v2\/types\/page"}],"author":[{"embeddable":true,"href":"https:\/\/hubertpietka.bialystok.pl\/index.php?rest_route=\/wp\/v2\/users\/1"}],"replies":[{"embeddable":true,"href":"https:\/\/hubertpietka.bialystok.pl\/index.php?rest_route=%2Fwp%2Fv2%2Fcomments&post=10458"}],"version-history":[{"count":1,"href":"https:\/\/hubertpietka.bialystok.pl\/index.php?rest_route=\/wp\/v2\/pages\/10458\/revisions"}],"predecessor-version":[{"id":10460,"href":"https:\/\/hubertpietka.bialystok.pl\/index.php?rest_route=\/wp\/v2\/pages\/10458\/revisions\/10460"}],"wp:attachment":[{"href":"https:\/\/hubertpietka.bialystok.pl\/index.php?rest_route=%2Fwp%2Fv2%2Fmedia&parent=10458"}],"curies":[{"name":"wp","href":"https:\/\/api.w.org\/{rel}","templated":true}]}}