{"id":10462,"date":"2026-03-27T10:53:02","date_gmt":"2026-03-27T10:53:02","guid":{"rendered":"https:\/\/hubertpietka.bialystok.pl\/?page_id=10462"},"modified":"2026-03-27T10:53:02","modified_gmt":"2026-03-27T10:53:02","slug":"szatanska-obsesja-smierci-zniewolenia-zniszczenia-byleby-tylko-uderzac-w-te-dzieci-boze-to-czym-sa-dla-innych-slug-pana-wszystko-podlug-obsesji-szatana","status":"publish","type":"page","link":"https:\/\/hubertpietka.bialystok.pl\/?page_id=10462","title":{"rendered":"Szata\u0144ska obsesja &#8211; \u015bmierci zniewolenia zniszczenia \/ byleby tylko uderza\u0107 &#8211; w te dzieci Bo\u017ce \/ to czym s\u0105 dla innych &#8211; s\u0142ug Pana \/ wszystko pod\u0142ug obsesji szatana"},"content":{"rendered":"\n<p>Szata\u0144sk\u0105 obsesja bestii zniewolenia \u015bmierci<br>I zniszczenie tego wszystkiego ob\u0142\u0119dnego<br>W z\u0142u dla nas naszych<br>I naszego najpierw \u017cony tych<br>Zwierz\u0105t i bliskich nam \u017cyczliwych<br>Dobro czyni\u0105cych wobec dzieci Bo\u017cych<br>Ob\u0142\u0105kanie op\u0119taniem zbrodni i zniszczenia<br>Tego co dzieci Bo\u017ce stanowi<br>Co do nich jako\u015b nale\u017cy<br>Podobnie r\u00f3wnie zepsutego \u0142ajdactwa chc\u0105cego<br>Mie\u0107 udzia\u0142 w zbrodniach szata\u0144skich<br>Od tej podwiji mszcz\u0105cej prawd\u0119<br>Bo mi\u015bki innych s\u0142u\u017cbist\u00f3w bestii<br>Maj\u0105cych mie\u0107 uczestnictwo w ich<br>\u015aciemach ob\u0142udy k\u0142amliwej ku zbrodniom<br>Wobec tego czym s\u0105 i<br>Mog\u0105 by\u0107 i b\u0119d\u0105 s\u0142udzy<br>Pana obsesja zbrodni por\u0105bana popaprana<br>Maj\u0105ca obejmowa\u0107 wszelkie spo\u0142eczne warstwy<br>Od g\u00f3wniarzy prominent\u00f3w po starych<\/p>\n\n\n\n<p><em>Tak realizuje si\u0119 nieustannie walka<br>Dzieci Bo\u017cych i przeciwko nim<br>Dzieci diab\u0142a pod\u0142ug zapowiedzi fatimskich<br>Na ten czas \u015bwiata ostatni<br>B\u0142ogos\u0142awieni jednak ci kt\u00f3rzy wspieraj\u0105<br>Dzie\u0142a Bo\u017ce przeciwko tej nienawi\u015bci<br>Ca\u0142ej szata\u0144skiej z\u0142owrogiej bestii \u0142ajdactwa<br>Ich d\u0105\u017ce\u0144 do zbrodni wykolejonych<br>I przemocy totalnej s\u0142ug z\u0142a<br>Kt\u00f3r\u0105 chc\u0105 niszczy\u0107 dzieci Boga<br>I wszelkie dzie\u0142a prawdy dobra<\/em><\/p>\n\n\n\n<figure class=\"wp-block-gallery has-nested-images columns-default is-cropped wp-block-gallery-1 is-layout-flex wp-block-gallery-is-layout-flex\">\n<figure class=\"wp-block-image size-large\"><a href=\"https:\/\/hubertpietka.bialystok.pl\/wp-content\/uploads\/2026\/03\/1000058193.jpg\"><img loading=\"lazy\" decoding=\"async\" width=\"771\" height=\"1024\" data-id=\"10463\" src=\"https:\/\/hubertpietka.bialystok.pl\/wp-content\/uploads\/2026\/03\/1000058193-771x1024.jpg\" alt=\"\" class=\"wp-image-10463\" srcset=\"https:\/\/hubertpietka.bialystok.pl\/wp-content\/uploads\/2026\/03\/1000058193-771x1024.jpg 771w, https:\/\/hubertpietka.bialystok.pl\/wp-content\/uploads\/2026\/03\/1000058193-226x300.jpg 226w, https:\/\/hubertpietka.bialystok.pl\/wp-content\/uploads\/2026\/03\/1000058193-768x1021.jpg 768w, https:\/\/hubertpietka.bialystok.pl\/wp-content\/uploads\/2026\/03\/1000058193-1156x1536.jpg 1156w, https:\/\/hubertpietka.bialystok.pl\/wp-content\/uploads\/2026\/03\/1000058193.jpg 1204w\" sizes=\"auto, (max-width: 771px) 100vw, 771px\" \/><\/a><\/figure>\n<\/figure>\n\n\n\n<p><strong>I ani mi Ani<br>Z nami naszymi naszym<br>I id\u017acie precz od nas<br>Naszego i naszych zepsute szatany<\/strong><\/p>\n\n\n\n<p><strong><em><a href=\"https:\/\/youtu.be\/NUs8XGEBj4E\">Z dalekiej Fatimy <\/a><\/em><\/strong><\/p>\n","protected":false},"excerpt":{"rendered":"<p>Szata\u0144sk\u0105 obsesja bestii zniewolenia \u015bmierciI zniszczenie tego wszystkiego ob\u0142\u0119dnegoW z\u0142u dla nas naszychI naszego najpierw \u017cony tychZwierz\u0105t i bliskich nam \u017cyczliwychDobro czyni\u0105cych wobec dzieci Bo\u017cychOb\u0142\u0105kanie&hellip; <\/p>\n","protected":false},"author":1,"featured_media":0,"parent":0,"menu_order":0,"comment_status":"closed","ping_status":"closed","template":"","meta":{"footnotes":""},"class_list":["post-10462","page","type-page","status-publish","hentry"],"_links":{"self":[{"href":"https:\/\/hubertpietka.bialystok.pl\/index.php?rest_route=\/wp\/v2\/pages\/10462","targetHints":{"allow":["GET"]}}],"collection":[{"href":"https:\/\/hubertpietka.bialystok.pl\/index.php?rest_route=\/wp\/v2\/pages"}],"about":[{"href":"https:\/\/hubertpietka.bialystok.pl\/index.php?rest_route=\/wp\/v2\/types\/page"}],"author":[{"embeddable":true,"href":"https:\/\/hubertpietka.bialystok.pl\/index.php?rest_route=\/wp\/v2\/users\/1"}],"replies":[{"embeddable":true,"href":"https:\/\/hubertpietka.bialystok.pl\/index.php?rest_route=%2Fwp%2Fv2%2Fcomments&post=10462"}],"version-history":[{"count":1,"href":"https:\/\/hubertpietka.bialystok.pl\/index.php?rest_route=\/wp\/v2\/pages\/10462\/revisions"}],"predecessor-version":[{"id":10464,"href":"https:\/\/hubertpietka.bialystok.pl\/index.php?rest_route=\/wp\/v2\/pages\/10462\/revisions\/10464"}],"wp:attachment":[{"href":"https:\/\/hubertpietka.bialystok.pl\/index.php?rest_route=%2Fwp%2Fv2%2Fmedia&parent=10462"}],"curies":[{"name":"wp","href":"https:\/\/api.w.org\/{rel}","templated":true}]}}