{"id":10466,"date":"2026-03-29T09:14:18","date_gmt":"2026-03-29T09:14:18","guid":{"rendered":"https:\/\/hubertpietka.bialystok.pl\/?page_id=10466"},"modified":"2026-03-29T13:27:41","modified_gmt":"2026-03-29T13:27:41","slug":"przewaga-zawsze-napastnikow-prowokatorow-obludnikow-w-kraju-zepsucia-totalnosci-zla-bestii-i-lajdactwa","status":"publish","type":"page","link":"https:\/\/hubertpietka.bialystok.pl\/?page_id=10466","title":{"rendered":"Przewaga zawsze napastnik\u00f3w prowokator\u00f3w ob\u0142udnik\u00f3w \/ w kraju zepsucia totalno\u015bci z\u0142a &#8211; bestii i \u0142ajdactwa"},"content":{"rendered":"\n<p>W zdemoralizowanym zepsutym totalitarnym kraju<br>Bestii wszelcy ob\u0142udnicy przemocowcy mog\u0105<br>Sobie dzia\u0142a\u0107 zawsze a ty<br>Nie mo\u017cesz si\u0119 broni\u0107 swego<br>I swoich nawet tym s\u0142owem<br>A jednak chocia\u017c za tymi<br>Wszelkimi ob\u0142udnikami prowokatorami napastnikami stoi<br>Przemoc bestii m\u0105dro\u015b\u0107 s\u0142owa jest<br>W Bogu zawsze usprawiedliwiona wbrew<br>Szata\u0144skiej przemocy bestii i \u0142ajdactwa<br>I wszelkich pod\u0142ych ich k\u0142amstw<\/p>\n\n\n\n<p>Tak to bydle zar\u00f3wno podwijskie<br>Dobrze si\u0119 \u017cyje przecie\u017c na<br>Sprzedawczykowym garnuszku u bestii<br>Zap\u0142acie judaszowej za zbrodnie wobec<br>Tych dzieci Bo\u017cych a bestie<br>Nie chc\u0105 wiele tylko z\u0142a<br>Dla nas naszego i naszych<br>Wi\u0119c to bydle zreszt\u0105 od<br>Ju\u017c bardzo dawna si\u0119<br>W tym odpowiednio realizuje sprawdza<br>I zobacz jaki pokrzywdzony niby<br>Niesprawiedliwie pos\u0105dzony za zepsucie latarki<br>A ile on tu rzeczy<br>Odpowiednio napsu\u0142 natru\u0142 itp to<br>B\u00f3g tylko raczy to wiedzie\u0107<br>A m\u015bci si\u0119 bydle sromotne<br>Wraz z t\u0105 gwiazda swoj\u0105<br>R\u00f3wnie zreszt\u0105 zepsut\u0105 bo wiem<br>O tym wszystkim wi\u0119c si\u0119<br>Obawia zgni\u0142a gnida \u017ce los<br>Si\u0119 mo\u017ce odwr\u00f3ci\u0107 i ja<br>B\u0119d\u0119 si\u0119 m\u015bci\u0142 na nim<br>Ja nie mam jednak takich<br>Predyspozycji szata\u0144skich niech to bydle<br>I jego ten pomiot ca\u0142y<br>Idzie precz ode mnie<br>Pod\u0142ug szata\u0144stw kt\u00f3re wyprawia i<br>Chce te\u017c nienawistnie ci\u0105gle czyni\u0107<\/p>\n\n\n\n<p>Podobnie to tam ta\u0142atajstwo prostackie<br>Te\u017c ma przewag\u0119 zbrodni nad<br>Nami zawsze pod\u0142ug przemocy bestii<br>A u szatana i szatan\u00f3w<br>Liczy si\u0119 tylko z\u0142a przewaga<br>Nad dzie\u0107mi Bo\u017cymi i przemoc<br>Ktora ma to wszystko potwierdza\u0107<\/p>\n\n\n\n<p>Tam zreszt\u0105 i jakie bydlaki<br>Kt\u00f3rzy pod\u0142ug tego co powy\u017cej<br>Czyli z\u0142a dominacji mog\u0105 \u0142ajdaczy\u0107<br>Sobie zawsze bo przemoc z\u0142owroga<br>Szata\u0144skich bestii wspiera z\u0142o zbrodnicze<br>Wobec nas naszego naszych zawsze<\/p>\n\n\n\n<p>Wykr\u0119cone totalnie szatany wobec praw<br>Bo\u017cych i warto\u015bci humanitarnych bo<br>Za przemoc szatany wobec nas<br>Chc\u0105 nagradza\u0107 i to wspieraj\u0105<br>A za dobro wobec nas<br>Chc\u0105 niszczy\u0107 te dzieci Bo\u017ce<br>Ca\u0142kowicie zdemoralizowane szatany pod\u0142ug diabelskiego<br>Odwr\u00f3cenia zreszt\u0105 ka\u017cdego porz\u0105dku Bo\u017cego<\/p>\n\n\n\n<p>Podobnie te mi\u015bki i inni<br>Bestii s\u0142u\u017cbi\u015bci mog\u0105 sobie zawsze<br>Uczestniczy\u0107 w ob\u0142udnych k\u0142amliwych \u015bciemach<br>Bestii i \u0142ajdactwa ku przemocy<br>Wobec nas byleby tylko zbrodnie<br>Bestii i \u0142ajdactwa zosta\u0142y ob\u0142ud\u0105<br>W ko\u0144cu skonsumowane nie mog\u0105<br>Znie\u015b\u0107 przecie\u017c tego zdegenerowani totalnie<br>\u017be my w Bogu na<br>Swym stanowisku wiernym czystym trwamy<br>Bo to jednocze\u015bnie oskar\u017ca ich<br>Zepsucie zreszt\u0105 wszelkie i kompromituje<br>To szata\u0144stwo w kraju bestii<br>I r\u00f3wnie ob\u0142\u0119dnego w z\u0142u<br>\u0141ajdactwa zreszt\u0105 wszelkiego wspieraj Panie<br>W tej walce przeciwko tym<br>Wszelkim szata\u0144stwom i ludziom zepsutym<br>Kt\u00f3rzy ze z\u0142a uczynili wymiar<br>Dla swego \u017cycia w Bogu<br>Sromotny je\u015bli si\u0119 nie nawr\u00f3c\u0105<\/p>\n\n\n\n<figure class=\"wp-block-gallery has-nested-images columns-default is-cropped wp-block-gallery-1 is-layout-flex wp-block-gallery-is-layout-flex\">\n<figure class=\"wp-block-image size-large\"><a href=\"https:\/\/hubertpietka.bialystok.pl\/wp-content\/uploads\/2026\/03\/1000058480.jpg\"><img loading=\"lazy\" decoding=\"async\" width=\"1024\" height=\"771\" data-id=\"10467\" src=\"https:\/\/hubertpietka.bialystok.pl\/wp-content\/uploads\/2026\/03\/1000058480-1024x771.jpg\" alt=\"\" class=\"wp-image-10467\" srcset=\"https:\/\/hubertpietka.bialystok.pl\/wp-content\/uploads\/2026\/03\/1000058480-1024x771.jpg 1024w, https:\/\/hubertpietka.bialystok.pl\/wp-content\/uploads\/2026\/03\/1000058480-300x226.jpg 300w, https:\/\/hubertpietka.bialystok.pl\/wp-content\/uploads\/2026\/03\/1000058480-768x578.jpg 768w, https:\/\/hubertpietka.bialystok.pl\/wp-content\/uploads\/2026\/03\/1000058480-1536x1156.jpg 1536w, https:\/\/hubertpietka.bialystok.pl\/wp-content\/uploads\/2026\/03\/1000058480.jpg 1600w\" sizes=\"auto, (max-width: 1024px) 100vw, 1024px\" \/><\/a><\/figure>\n<\/figure>\n\n\n\n<p><em>Podobnie bestie szata\u0144skie mog\u0105 przecie\u017c<br>Gazowa\u0107 injektowa\u0107 tak\u017ce przez \u0142ajdactwo<br>Opr\u00f3cz napa\u015bci prowokacji nibyprzypadkowe wypadki<br>Psy w\u015bciek\u0142e i osy zajad\u0142e<br>To wszystko mo\u017cna przecie\u017c zawsze<br>W totalitarnym kraju tych szatan\u00f3w<br>I taka jest prawda wbrew<br>Nienawistnej zajad\u0142o\u015bci tych wszystkich ob\u0142udnik\u00f3w<br>W chorym d\u0105\u017ceniu swoim do<br>Konsumpcji tej ob\u0142\u0119dnej z\u0142owrogiej przemocy<br>Ku \u015bmierci zniewoleniu i zniszczeniu<br>Dla dzieci Bo\u017cych ichniego ichnim<\/em><\/p>\n\n\n\n<hr class=\"wp-block-separator has-alpha-channel-opacity\"\/>\n\n\n\n<p>Dop.<\/p>\n\n\n\n<p><strong>I teraz znowu to bydle<br>Niewini\u0105tko udaje prze\u015bladowane przez s\u0105siada<br>Paranoika niby kt\u00f3rym mam by\u0107<br>W bestii i ob\u0142udnik\u00f3w zamy\u015ble<br>I tak w k\u00f3\u0142ko z<br>T\u0105 besti\u0105 bo on ju\u017c<br>Zas\u0142uguje na to miano ca\u0142kowicie<br>Pod\u0142ug sprzedawczykowstwa tym bestiom i<br>Uczestnictwa w ich ob\u0142udzie zbrodni<br>I tak w k\u00f3\u0142ko z<br>Tym wierutnym k\u0142amc\u0105 bydlakiem napastnikiem<br>Raz chce napada\u0107 raz znowu<br>Udaje uciemi\u0119\u017cone niewini\u0105tko ob\u0142udnik tylko<br>Bestie musz\u0105 jeszcze wyeliminowa\u0107 \u015bwiadk\u00f3w<br>Jego chodzenia po naszym czyli<br>S\u0105siad\u00f3w z naprzeciwka bydlaka naszego<br>I z boku tych kt\u00f3rzy<br>Mog\u0105 zezna\u0107 co\u015b przeciwnego bydlakowi<br>Cho\u0107by te\u017c analogicznie z bloku<br>Ale od czego ma on<br>Przecie\u017c bestie koordynator\u00f3w tej \u015bciemy<br>Szata\u0144skiej z tym \u0142ajdakiem zepsutym<br>A zaraz znowu mo\u017ce szatan<br>Jednak b\u0119dzie mia\u0142 se napada\u0107<br>I tak ci\u0105gle o Panie<br>Z tym bydlakiem i bestiami<br>Byleby wykona\u0107 swe sromotne szata\u0144stwa<br>\u015aciem ob\u0142udnych napastliwych na nas<br>A bydle se b\u0119dzie chodzi\u0107<br>Dalej po naszym te\u017c zapewne<br>I napada\u0107 nas znowu pod\u0142ug<br>Konfiguracji w\u0142a\u015bciwej szata\u0144stwom bestii<br>Raz niewini\u0105tko ob\u0142udnik zepsuty totalnie<br>A raz znowu napa\u015bci prowokacje<br>Szata\u0144stwo to jest totalne<br>Ci\u0105gle wi\u0119c se podwija \u0142ajdak<br>Jak pasuje to bestiom szata\u0144skim<br>Jezu ufam Tobie przem\u00f3\u017c to<br>Szata\u0144stwo ca\u0142e wykr\u0119cone podst\u0119pne przewrotne<br>Ca\u0142kowicie na podobie\u0144stwo szatana w\u0142a\u015bnie<br>Bo przeciwko tym dzieciom Bo\u017cym<br>I inne takie analogicznie sytuacje<br>Z tym tam ta\u0142atajstwem<br>Z misiami tak te\u017c by\u0142o<br>Tam z tym pieskiem psychopat\u0105<br>Z misiami te\u017c na dzia\u0142ce<br>I tak wsz\u0119dzie rozgrywaj\u0105 to<br>Zepsute bestie wobec nas w\u0142a\u015bnie<br>Przez wszelkich takich ob\u0142udnych bydlak\u00f3w<\/strong><\/p>\n\n\n\n<figure class=\"wp-block-gallery has-nested-images columns-default is-cropped wp-block-gallery-2 is-layout-flex wp-block-gallery-is-layout-flex\">\n<figure class=\"wp-block-image size-large\"><a href=\"https:\/\/hubertpietka.bialystok.pl\/wp-content\/uploads\/2026\/03\/1000058490.jpg\"><img loading=\"lazy\" decoding=\"async\" width=\"771\" height=\"1024\" data-id=\"10475\" src=\"https:\/\/hubertpietka.bialystok.pl\/wp-content\/uploads\/2026\/03\/1000058490-771x1024.jpg\" alt=\"\" class=\"wp-image-10475\" srcset=\"https:\/\/hubertpietka.bialystok.pl\/wp-content\/uploads\/2026\/03\/1000058490-771x1024.jpg 771w, https:\/\/hubertpietka.bialystok.pl\/wp-content\/uploads\/2026\/03\/1000058490-226x300.jpg 226w, https:\/\/hubertpietka.bialystok.pl\/wp-content\/uploads\/2026\/03\/1000058490-768x1021.jpg 768w, https:\/\/hubertpietka.bialystok.pl\/wp-content\/uploads\/2026\/03\/1000058490-1156x1536.jpg 1156w, https:\/\/hubertpietka.bialystok.pl\/wp-content\/uploads\/2026\/03\/1000058490.jpg 1204w\" sizes=\"auto, (max-width: 771px) 100vw, 771px\" \/><\/a><\/figure>\n<\/figure>\n\n\n\n<p>Podobnie i tam ta\u0142atajstwo prostackie<br>Te\u017c ma nas napada\u0107 byd\u0142o<br>Co im pod\u0142ug te\u017c bestii<br>Nie przeszkadza chodzi\u0107 po naszym<br>Jak nas tam nie ma<br>I psu\u0107 odpowiednio tru\u0107<br>Jak tu to bydle<br>Podobnie przecie\u017c i z dzia\u0142k\u0105<br>By\u0142o i z wsi\u0105 tamt\u0105<br>Takie to szatany bestie \u0142ajdactwa<br>Byleby ku z\u0142u szkodzie<br>Dla tych dzieci Bo\u017cych<br>Pod\u0142ug szatana ca\u0142kowicie zreszt\u0105 i<br>Te bestie i to \u0142ajdactwo<\/p>\n","protected":false},"excerpt":{"rendered":"<p>W zdemoralizowanym zepsutym totalitarnym krajuBestii wszelcy ob\u0142udnicy przemocowcy mog\u0105Sobie dzia\u0142a\u0107 zawsze a tyNie mo\u017cesz si\u0119 broni\u0107 swegoI swoich nawet tym s\u0142owemA jednak chocia\u017c za tymiWszelkimi&hellip; <\/p>\n","protected":false},"author":1,"featured_media":0,"parent":0,"menu_order":0,"comment_status":"closed","ping_status":"closed","template":"","meta":{"footnotes":""},"class_list":["post-10466","page","type-page","status-publish","hentry"],"_links":{"self":[{"href":"https:\/\/hubertpietka.bialystok.pl\/index.php?rest_route=\/wp\/v2\/pages\/10466","targetHints":{"allow":["GET"]}}],"collection":[{"href":"https:\/\/hubertpietka.bialystok.pl\/index.php?rest_route=\/wp\/v2\/pages"}],"about":[{"href":"https:\/\/hubertpietka.bialystok.pl\/index.php?rest_route=\/wp\/v2\/types\/page"}],"author":[{"embeddable":true,"href":"https:\/\/hubertpietka.bialystok.pl\/index.php?rest_route=\/wp\/v2\/users\/1"}],"replies":[{"embeddable":true,"href":"https:\/\/hubertpietka.bialystok.pl\/index.php?rest_route=%2Fwp%2Fv2%2Fcomments&post=10466"}],"version-history":[{"count":3,"href":"https:\/\/hubertpietka.bialystok.pl\/index.php?rest_route=\/wp\/v2\/pages\/10466\/revisions"}],"predecessor-version":[{"id":10476,"href":"https:\/\/hubertpietka.bialystok.pl\/index.php?rest_route=\/wp\/v2\/pages\/10466\/revisions\/10476"}],"wp:attachment":[{"href":"https:\/\/hubertpietka.bialystok.pl\/index.php?rest_route=%2Fwp%2Fv2%2Fmedia&parent=10466"}],"curies":[{"name":"wp","href":"https:\/\/api.w.org\/{rel}","templated":true}]}}