{"id":10514,"date":"2026-04-07T21:27:09","date_gmt":"2026-04-07T21:27:09","guid":{"rendered":"https:\/\/hubertpietka.bialystok.pl\/?page_id=10514"},"modified":"2026-04-07T21:27:09","modified_gmt":"2026-04-07T21:27:09","slug":"zdemoralizowane-zdegradowane-moralnie-lajdakow-spoleczenstwo-podlug-zepsucia-wynaturzenia-szatanstw-bestii","status":"publish","type":"page","link":"https:\/\/hubertpietka.bialystok.pl\/?page_id=10514","title":{"rendered":"Zdemoralizowane zdegradowane moralnie \u0142ajdak\u00f3w &#8211; spo\u0142ecze\u0144stwo \/ pod\u0142ug zepsucia wynaturzenia &#8211; szata\u0144stw bestii"},"content":{"rendered":"\n<p>Szatany s\u0105 szatanami bo s\u0105<br>W z\u0142u na tzw. zaparte<br>Zadeklarowani w tym na ca\u0142ego<br>Niejako na przepad\u0142e podobnie zreszt\u0105<br>Jak byli hitlerowscy niekt\u00f3rzy na<br>Procesie norymberskim po drugiej apokalipsie<br>Wszystko b\u0119d\u0105 m\u00f3wi\u0107 byleby tylko<br>Z\u0142o swe szata\u0144skie przekr\u0119ci\u0107<br>Wybiela\u0107 jako\u015b czy niby usprawiedliwia\u0107<\/p>\n\n\n\n<p>I jednocze\u015bnie tym samym bestie<br>Deprawuj\u0105 i degraduj\u0105 moralnie \u0142ajdactwo<br>Bo za z\u0142o wobec cho\u0107by<br>Tych dzieci Bo\u017cych sprzedawczyk\u00f3w nagradzaj\u0105<br>A za dobro wobec nas<br>Chc\u0105 ludzi dobrej woli kara\u0107<br>Degraduj\u0105 totalnie czyni\u0105c takich<br>&#8222;Dwakro\u0107 bardziej winnymi piek\u0142a ni\u017c<br>Oni sami&#8221; pod\u0142ug s\u0142\u00f3w Jezusowych<br>O ob\u0142udnikach zbrodniczych w\u0142a\u015bnie takich<br>Po co maj\u0105 \u017ali tacy<br>Si\u0119 nawraca\u0107 skoro pod\u0142ug korupcji<br>Op\u0142aca si\u0119 s\u0142u\u017cy\u0107 szata\u0144stwom bestii<br>Ca\u0142kowicie szatany odwr\u00f3cili porz\u0105dek Bo\u017cy<br>Kary za z\u0142o za dobro<br>Za\u015b nagrody a u tych<br>Ca\u0142kowicie zepsutych dobro nazywaj\u0105 z\u0142em<br>Pod\u0142ug wynaturzenia relatywizmu szata\u0144skich bestii<br>I na odwr\u00f3t a zw\u0142aszcza<br>To wszystko wobec tych ma\u0142ych<\/p>\n\n\n\n<p>A teraz \u017cony tzw. casus<br>My\u015bl\u0105 kalkuluj\u0105 szatany \u017ce jak<br>J\u0105 zabij\u0105 jakkolwiek by zgin\u0119\u0142a<br>To b\u0119dzie to potwierdzeniem ich<br>Zbrodni morderczych te\u017c na innych<br>Tylko oczywi\u015bcie nie bior\u0105 szatany<br>Zreszt\u0105 bestie i \u0142ajdactwo tego<br>Pod uwag\u0119 \u017ce ten \u015bwiat<br>W ten spos\u00f3b si\u0119 mo\u017ce<br>Sko\u0144czy\u0107 jednak\u017ce ale oni przecie\u017c<br>Na wszystko maj\u0105 swej ob\u0142udy<br>K\u0142amstwa zreszt\u0105 wszelkie byleby pod\u0142ug<br>Relatywizacji szatan\u00f3w i uzurpacji praw Boskich<br>Decydowania o \u017cyciu i \u015bmierci<br>Byleby wszystko pod\u0142ug szatan\u00f3w by\u0142o<br>A u nich \u015bci\u015ble z\u0142o<br>Zreszt\u0105 ka\u017cde na u\u015bwi\u0119ca\u0107 ich<br>Wszelkie chore szata\u0144skie k\u0142amstwa zbrodnie<\/p>\n\n\n\n<figure class=\"wp-block-gallery has-nested-images columns-default is-cropped wp-block-gallery-1 is-layout-flex wp-block-gallery-is-layout-flex\">\n<figure class=\"wp-block-image size-large\"><a href=\"https:\/\/hubertpietka.bialystok.pl\/wp-content\/uploads\/2026\/04\/1000060070.jpg\"><img loading=\"lazy\" decoding=\"async\" width=\"771\" height=\"1024\" data-id=\"10515\" src=\"https:\/\/hubertpietka.bialystok.pl\/wp-content\/uploads\/2026\/04\/1000060070-771x1024.jpg\" alt=\"\" class=\"wp-image-10515\" srcset=\"https:\/\/hubertpietka.bialystok.pl\/wp-content\/uploads\/2026\/04\/1000060070-771x1024.jpg 771w, https:\/\/hubertpietka.bialystok.pl\/wp-content\/uploads\/2026\/04\/1000060070-226x300.jpg 226w, https:\/\/hubertpietka.bialystok.pl\/wp-content\/uploads\/2026\/04\/1000060070-768x1021.jpg 768w, https:\/\/hubertpietka.bialystok.pl\/wp-content\/uploads\/2026\/04\/1000060070-1156x1536.jpg 1156w, https:\/\/hubertpietka.bialystok.pl\/wp-content\/uploads\/2026\/04\/1000060070.jpg 1204w\" sizes=\"auto, (max-width: 771px) 100vw, 771px\" \/><\/a><\/figure>\n<\/figure>\n\n\n\n<p>I jeszcze musz\u0119 wzi\u0105\u0107 tu<br>Na tapet\u0119 pewnego prymitywnego widelca<br>Ju\u017c wtedy w internatio by\u0142<br>*<strong>Men-dom<\/strong>* bo donosi\u0142 na koleg\u00f3w<br>I to mu wida\u0107 zosta\u0142o te\u017c<br>Pod\u0142ug bestii i \u0142ajdactwa zepsutego<br>By tak niszczy\u0107 zasoby nawet<br>Mu jako\u015b znajomych kiedy takie<br>Bydle jest na stanowisku kt\u00f3re<br>Pod\u0142ug bestii mo\u017ce nam szkodzi\u0107<br>Skutecznie wida\u0107 kto by\u0142 kablem<br>Za m\u0142odu to mu zostaje<br>I na potem bo \u0142ajdaczek<br>Nie m\u00f3g\u0142 koleg\u00f3w se znale\u017a\u0107<br>Bo by\u0142 maminsynkiem zniewie\u015bcia\u0142ym zreszt\u0105<br>Na marginesie \u017cycia kole\u017ce\u0144skiego<br>Teraz pracuje w podobnym klimacie<br>To menda b\u0119dzie czerpa\u0142 korzy\u015bci<br>Z donoszenia na tego kto<br>Nie by\u0142 mu nawet pomimo<br>Powy\u017cszego wtedy jako\u015b nie\u017cyczliwy a<br>Czy\u017c widelec m\u0142odszy nie jest<br>Te\u017c czasem na podobnym stanowisku<br>Zasobnym w mo\u017cliwo\u015b\u0107 \u0142ajdactw czynienia<\/p>\n\n\n\n<p class=\"has-text-align-left\"><em>Kto by\u0142 bydlakiem za m\u0142odu<br>To mu to wida\u0107 zostaje<br>To bydle podwijskie ile lat<br>Ju\u017c tu mieszka siedem chyba<br>Mniej wi\u0119cej o tyle si\u0119<br>Postarza\u0142 i \u0142ajdaczy jeszcze gorzej<br>Kolejny raz si\u0119 tu sprawdza<br>Kto bydlakiem by\u0142 w m\u0142odo\u015bci<br>To zwykle mu to zostaje<br>I na potem bo si\u0119<br>\u0141ajdaki do z\u0142oczynienia zwyczajnie przyzwyczajaj\u0105<br>A czy\u017c w ten spos\u00f3b<br>Nie jest z komunistami \u017ce<br>Kto nim by\u0142 i czerpa\u0142<br>Z tego korzy\u015bci cho\u0107by jak<br>Te te\u017c bydlaki wskazane wy\u017cej<br>To i nim zostaje zwykle<br>Bo do \u0142atwych nieprawych zysk\u00f3w<br>Si\u0119 przyzwyczaja cz\u0142owiek przecie\u017c \u0142atwiej<br>Jest z\u0142oczyni\u0107 k\u0142ama\u0107 to nie<br>Wymaga wysi\u0142ku zbyt du\u017cego zw\u0142aszcza<br>Teraz gdy bestie dyktuj\u0105 warunki<br>Pod\u0142ug totalno\u015bci wszelkiej ich przemocy<br>Trzeba by\u0107 tylko w \u0142ajdactwach<br>Wiernym tych pod\u0142ug bestii r\u00f3\u017cnych<br>A dobro jest wysi\u0142kiem przecie\u017c<br>Dobro kosztuje du\u017co trzeba da\u0107<br>Co\u015b z siebie zw\u0142aszcza w<br>Tym zdemoralizowanym \u015bwiecie przez bestie<\/em><\/p>\n","protected":false},"excerpt":{"rendered":"<p>Szatany s\u0105 szatanami bo s\u0105W z\u0142u na tzw. zaparteZadeklarowani w tym na ca\u0142egoNiejako na przepad\u0142e podobnie zreszt\u0105Jak byli hitlerowscy niekt\u00f3rzy naProcesie norymberskim po drugiej apokalipsieWszystko&hellip; <\/p>\n","protected":false},"author":1,"featured_media":0,"parent":0,"menu_order":0,"comment_status":"closed","ping_status":"closed","template":"","meta":{"footnotes":""},"class_list":["post-10514","page","type-page","status-publish","hentry"],"_links":{"self":[{"href":"https:\/\/hubertpietka.bialystok.pl\/index.php?rest_route=\/wp\/v2\/pages\/10514","targetHints":{"allow":["GET"]}}],"collection":[{"href":"https:\/\/hubertpietka.bialystok.pl\/index.php?rest_route=\/wp\/v2\/pages"}],"about":[{"href":"https:\/\/hubertpietka.bialystok.pl\/index.php?rest_route=\/wp\/v2\/types\/page"}],"author":[{"embeddable":true,"href":"https:\/\/hubertpietka.bialystok.pl\/index.php?rest_route=\/wp\/v2\/users\/1"}],"replies":[{"embeddable":true,"href":"https:\/\/hubertpietka.bialystok.pl\/index.php?rest_route=%2Fwp%2Fv2%2Fcomments&post=10514"}],"version-history":[{"count":1,"href":"https:\/\/hubertpietka.bialystok.pl\/index.php?rest_route=\/wp\/v2\/pages\/10514\/revisions"}],"predecessor-version":[{"id":10516,"href":"https:\/\/hubertpietka.bialystok.pl\/index.php?rest_route=\/wp\/v2\/pages\/10514\/revisions\/10516"}],"wp:attachment":[{"href":"https:\/\/hubertpietka.bialystok.pl\/index.php?rest_route=%2Fwp%2Fv2%2Fmedia&parent=10514"}],"curies":[{"name":"wp","href":"https:\/\/api.w.org\/{rel}","templated":true}]}}