{"id":10518,"date":"2026-04-08T07:44:11","date_gmt":"2026-04-08T07:44:11","guid":{"rendered":"https:\/\/hubertpietka.bialystok.pl\/?page_id=10518"},"modified":"2026-04-08T07:44:11","modified_gmt":"2026-04-08T07:44:11","slug":"klamstwami-potwierdzac-klamstwa-szatanstwo-bestii-ma-przeciez-szantaze-przemoc-i-zdemoralizowane-lajdactwo-obludne","status":"publish","type":"page","link":"https:\/\/hubertpietka.bialystok.pl\/?page_id=10518","title":{"rendered":"K\u0142amstwami potwierdza\u0107 k\u0142amstwa &#8211; szata\u0144stwo bestii \/ ma przecie\u017c szanta\u017ce przemoc &#8211; i zdemoralizowane \u0142ajdactwo ob\u0142udne"},"content":{"rendered":"\n<p>Wszystko u tych szata\u0144skich bestii<br>I \u0142ajdak\u00f3w r\u00f3wnie zepsutych<br>Oparte jest na ob\u0142udnym k\u0142amstwie<br>I wszystko ma k\u0142amliwie oczywi\u015bcie<br>To k\u0142amstwo potwierdza\u0107 wed\u0142ug przemocy<br>I szanta\u017c\u00f3w tych szata\u0144skich bestii<\/p>\n\n\n\n<p>Za &#8222;like&#8221; na Facebooku czy<br>Mo\u017cna te\u017c mo\u017ce straci\u0107 co\u015b<br>\u017bycie czy co tam jeszcze<br>Pod\u0142ug przemocy zbrodni szata\u0144skich bestii<br>Czy za zaakceptowanie zaproszenia<br>Od nas do grona znajomych<br>Szatany szanta\u017cuj\u0105 zawsze i wsz\u0119dzie<br>Wi\u0119c nikt nie mo\u017ce odpowiednio<br>Polubi\u0107 przecie\u017c naszych post\u00f3w a<br>Je\u015bli to jest to wyrazem<br>Du\u017cej odwagi cywilnej jak wida\u0107<br>I zobacz jakie to szatany<br>Nawet dzie\u0144 dobry na osiedlu<br>Nam m\u00f3wi\u0107 zakazuj\u0105 ob\u0142udnicy wierutni<br>I to tym \u017ce kt\u00f3rymi<br>Wcze\u015bniej \u017cyczliwie rozmawiali\u015bmy zwyczajnie normalnie<br>A jednocze\u015bnie to bydle podwijskie<br>Ma niby za nasz brak<br>Uni\u017cenia wobec sprzedawczyka nas napada\u0107<br>Na podobnie przecie\u017c odwr\u00f3conej zasadzie<\/p>\n\n\n\n<p>A wszystko by k\u0142amliwie uzasadnia\u0107<br>Tez\u0119 szata\u0144sk\u0105 bestii o naszym<br>Niby jakim\u015b niedostosowaniu spo\u0142ecznym<br>Czy o naszej niezaradno\u015bci niby<br>Te\u017c i jakiej\u015b i oczywi\u015bcie<br>To po to by nas<br>A raczej mnie umie\u015bci\u0107 odpowiednio<br>Bo \u017con\u0119 przecie\u017c maj\u0105 zabi\u0107<br>Te szatany co im jednak<br>Te\u017c nie przeszkadza godzi\u0107 podobnie<br>We mnie jak jest okazja<br>Czy te zwierz\u0119ta cho\u0107by przy<br>Okazji szczepie\u0144 kt\u00f3rych przecie\u017c pilnujemy<br>By regularnie si\u0119 to dokonywa\u0142o<\/p>\n\n\n\n<p>Zreszt\u0105 szatany du\u017co \u015brodk\u00f3w morderczych<br>Przecie\u017c maj\u0105 wobec nas naszego<br>I naszych i zobacz nawet<br>Otwarcie okna mo\u017ce by\u0107 pod\u0142ug<br>Totalnie zepsutych szatan\u00f3w wyrazem aspo\u0142eczno\u015bci<br>Zw\u0142aszcza jak to przeszkadza szatanom<br>Gazowa\u0107 odpowiednio bardziej skutecznie<\/p>\n\n\n\n<p>Tak wi\u0119c nie przeszkadza to<br>Szatanom bestiom \u0142ajdakom d\u0105\u017c\u0105c do<br>Tych tez k\u0142amliwych nas zabija\u0107<br>Zreszt\u0105 na sposoby wszelkie pod\u0142ug<br>Totalno\u015bci d\u0105\u017ce\u0144 zbrodniczych z\u0142a bestii<br>Czy zniewala\u0107 jak cho\u0107by przez<br>Misiowych ob\u0142udnik\u00f3w kt\u00f3re nie z\u0142apa\u0142y<br>Mnie prawie na niczym wa\u017cnym<br>Tak naprawd\u0119 cho\u0107 tyle tysi\u0119cy<br>Kilometr\u00f3w zrobi\u0142em w ci\u0105gu tych<br>Lat jak nas \u015bcigaj\u0105 ob\u0142udnicy<br>To te mi\u015bki inni te\u017c<br>S\u0142u\u017cbi\u015bci bestii dybi\u0105 na nas<br>Pod\u0142ug k\u0142amstw tych szatan\u00f3w<br>Str\u00f3\u017ce prawa a k\u0142ama\u0107 maj\u0105<br>Prostacko bezwzgl\u0119dnie jak to<br>Pasuje przecie\u017c \u0142ajdactwu i bestiom<br>S\u0142u\u017cby bezpiecze\u0144stwa totalitarnego bestii pa\u0144stwa<br>Mog\u0105 wszystko a nawet musz\u0105<br>W\u0142a\u015bnie pod\u0142ug po\u017c\u0105da\u0144 ob\u0142udnych bestii<br>Zbrodni zepsutych zreszt\u0105 i wszelkich<\/p>\n\n\n\n<p>Tak si\u0119 ustawili ci szata\u0144scy<br>Ob\u0142udnicy bestie i \u0142ajdactwo sromotne<br>I podobnie przecie\u017c na tej<br>Wsi ob\u0142udni\u00f3w prawos\u0142awnych te\u017c ma<br>By\u0107 niby pod\u0142ug tej tezy<br>K\u0142amliwej szatan\u00f3w \u017ce my niby<br>Niezaradni spo\u0142ecznie niedostosowani i<br>Za to tam ci ob\u0142udnicy<br>Maj\u0105 nas napada\u0107 bo pod\u0142ug<br>Szatan\u00f3w to niby nasze niedostosowanie<br>Ma skutkowa\u0107 nienawi\u015bci\u0105 wobec nas<br>W ka\u017cdym zreszt\u0105 ob\u0142udnik\u00f3w z\u0142oczynie<\/p>\n\n\n\n<p><em>A teraz jak mo\u017ce b\u0119dziemy<br>Troch\u0119 z \u017con\u0105 rozdzieleni<br>Ja tam ona tu i<br>Na odwr\u00f3t te\u017c mo\u017ce<br>To tym bardziej dla szatan\u00f3w<br>Bestii i \u0142ajdak\u00f3w odpowiedni przyczynek<br>Do ich zbrodni ob\u0142\u0119dnie chorych<\/em><\/p>\n\n\n\n<figure class=\"wp-block-gallery has-nested-images columns-default is-cropped wp-block-gallery-1 is-layout-flex wp-block-gallery-is-layout-flex\">\n<figure class=\"wp-block-image size-large\"><a href=\"https:\/\/hubertpietka.bialystok.pl\/wp-content\/uploads\/2026\/04\/1000060091.jpg\"><img loading=\"lazy\" decoding=\"async\" width=\"771\" height=\"1024\" data-id=\"10519\" src=\"https:\/\/hubertpietka.bialystok.pl\/wp-content\/uploads\/2026\/04\/1000060091-771x1024.jpg\" alt=\"\" class=\"wp-image-10519\" srcset=\"https:\/\/hubertpietka.bialystok.pl\/wp-content\/uploads\/2026\/04\/1000060091-771x1024.jpg 771w, https:\/\/hubertpietka.bialystok.pl\/wp-content\/uploads\/2026\/04\/1000060091-226x300.jpg 226w, https:\/\/hubertpietka.bialystok.pl\/wp-content\/uploads\/2026\/04\/1000060091-768x1021.jpg 768w, https:\/\/hubertpietka.bialystok.pl\/wp-content\/uploads\/2026\/04\/1000060091-1156x1536.jpg 1156w, https:\/\/hubertpietka.bialystok.pl\/wp-content\/uploads\/2026\/04\/1000060091.jpg 1204w\" sizes=\"auto, (max-width: 771px) 100vw, 771px\" \/><\/a><\/figure>\n<\/figure>\n\n\n\n<p><strong>Ani mi Ani z nami<br>Naszymi naszym id\u017acie precz wszelkie<br>Zepsute k\u0142amstwami ku zbrodniom szatany<br>Bestie i r\u00f3wnie zepsute \u0142ajdactwo<br>Te\u017c przecie\u017c pod\u0142ug ob\u0142udy zdemoralizowanej<br>Nawet r\u00f3\u017cni chyba jednak pseudo<br>Str\u00f3\u017ce prawa skoro pod\u0142ug k\u0142amstw<br>Tych szata\u0144skich bestii ku zbrodniom<br>Na nas naszych i naszym<br>Jezu ufam Tobie wspom\u00f3\u017c Mario<\/strong><\/p>\n","protected":false},"excerpt":{"rendered":"<p>Wszystko u tych szata\u0144skich bestiiI \u0142ajdak\u00f3w r\u00f3wnie zepsutychOparte jest na ob\u0142udnym k\u0142amstwieI wszystko ma k\u0142amliwie oczywi\u015bcieTo k\u0142amstwo potwierdza\u0107 wed\u0142ug przemocyI szanta\u017c\u00f3w tych szata\u0144skich bestii Za&hellip; <\/p>\n","protected":false},"author":1,"featured_media":0,"parent":0,"menu_order":0,"comment_status":"closed","ping_status":"closed","template":"","meta":{"footnotes":""},"class_list":["post-10518","page","type-page","status-publish","hentry"],"_links":{"self":[{"href":"https:\/\/hubertpietka.bialystok.pl\/index.php?rest_route=\/wp\/v2\/pages\/10518","targetHints":{"allow":["GET"]}}],"collection":[{"href":"https:\/\/hubertpietka.bialystok.pl\/index.php?rest_route=\/wp\/v2\/pages"}],"about":[{"href":"https:\/\/hubertpietka.bialystok.pl\/index.php?rest_route=\/wp\/v2\/types\/page"}],"author":[{"embeddable":true,"href":"https:\/\/hubertpietka.bialystok.pl\/index.php?rest_route=\/wp\/v2\/users\/1"}],"replies":[{"embeddable":true,"href":"https:\/\/hubertpietka.bialystok.pl\/index.php?rest_route=%2Fwp%2Fv2%2Fcomments&post=10518"}],"version-history":[{"count":1,"href":"https:\/\/hubertpietka.bialystok.pl\/index.php?rest_route=\/wp\/v2\/pages\/10518\/revisions"}],"predecessor-version":[{"id":10520,"href":"https:\/\/hubertpietka.bialystok.pl\/index.php?rest_route=\/wp\/v2\/pages\/10518\/revisions\/10520"}],"wp:attachment":[{"href":"https:\/\/hubertpietka.bialystok.pl\/index.php?rest_route=%2Fwp%2Fv2%2Fmedia&parent=10518"}],"curies":[{"name":"wp","href":"https:\/\/api.w.org\/{rel}","templated":true}]}}