{"id":10522,"date":"2026-04-09T22:52:53","date_gmt":"2026-04-09T22:52:53","guid":{"rendered":"https:\/\/hubertpietka.bialystok.pl\/?page_id=10522"},"modified":"2026-04-09T22:52:53","modified_gmt":"2026-04-09T22:52:53","slug":"refleksje-na-kanwie-hitlerowskich-bestii-i-kolaborantow-lajdackich-komunistow-sowieckich-i-kapusiow-sprzedawczykow-tez-tu-analogicznie","status":"publish","type":"page","link":"https:\/\/hubertpietka.bialystok.pl\/?page_id=10522","title":{"rendered":"Refleksje na kanwie hitlerowskich bestii &#8211; i kolaborant\u00f3w \u0142ajdackich \/ komunist\u00f3w sowieckich i kapusi\u00f3w sprzedawczyk\u00f3w &#8211; te\u017c tu analogicznie"},"content":{"rendered":"\n<p>&#8222;My mamy prawo i wed\u0142ug<br>Prawa on powinien umrze\u0107&#8221;<br>Bo nazywa nas bestiami szatanami<br>A nas bydlakami i \u0142ajdakami<\/p>\n\n\n\n<p>A teraz ob\u0142udnicy hitlerowcy te\u017c<br>Mieli prawo jak te\u017c komuni\u015bci<br>Rozporz\u0105dzeniami dekretami ludzi mordowali zniewalali<br>Niekt\u00f3rzy nawet mieli swoje konstytucje<br>Ob\u0142udnicy bo prawo kt\u00f3re ratyfikuje<br>Zbrodnie jest przest\u0119pstwem a nawet<br>Do pot\u0119gi entej bo jednocze\u015bnie<br>Psuje moralnie spo\u0142ecze\u0144stwa ca\u0142e<br>A teraz ob\u0142udnicy holocaust \u017byd\u00f3w<br>Cho\u0107by by\u0142 bardzo mocno prawnie<br>I naukowo w eugenice te\u017c<br>W Niemczech faszystowskich przecie\u017c osadzony<br>I ca\u0142e spo\u0142ecze\u0144stwo niemieckie przecie\u017c<br>Niemal prawie posz\u0142o za tym<br>Poza ma\u0142ymi wyj\u0105tkami kt\u00f3rzy zreszt\u0105<br>Byli prze\u015bladowani przez faszystowski system<br>Podobnie z komun\u0105 by\u0142o zreszt\u0105<br>Wobec warstw niepo\u017c\u0105danych przez \u015bmietank\u0119<br>W\u0142adzy politycznej komuny ich poplecznik\u00f3w<\/p>\n\n\n\n<figure class=\"wp-block-gallery has-nested-images columns-default is-cropped wp-block-gallery-1 is-layout-flex wp-block-gallery-is-layout-flex\">\n<figure class=\"wp-block-image size-large\"><a href=\"https:\/\/hubertpietka.bialystok.pl\/wp-content\/uploads\/2026\/04\/1000060459-scaled.jpg\"><img loading=\"lazy\" decoding=\"async\" width=\"1024\" height=\"771\" data-id=\"10523\" src=\"https:\/\/hubertpietka.bialystok.pl\/wp-content\/uploads\/2026\/04\/1000060459-1024x771.jpg\" alt=\"\" class=\"wp-image-10523\" srcset=\"https:\/\/hubertpietka.bialystok.pl\/wp-content\/uploads\/2026\/04\/1000060459-1024x771.jpg 1024w, https:\/\/hubertpietka.bialystok.pl\/wp-content\/uploads\/2026\/04\/1000060459-300x226.jpg 300w, https:\/\/hubertpietka.bialystok.pl\/wp-content\/uploads\/2026\/04\/1000060459-768x578.jpg 768w, https:\/\/hubertpietka.bialystok.pl\/wp-content\/uploads\/2026\/04\/1000060459-1536x1157.jpg 1536w, https:\/\/hubertpietka.bialystok.pl\/wp-content\/uploads\/2026\/04\/1000060459-2048x1542.jpg 2048w\" sizes=\"auto, (max-width: 1024px) 100vw, 1024px\" \/><\/a><\/figure>\n<\/figure>\n\n\n\n<p>A teraz ob\u0142udnicy \u0142ajdacy bydlacy<br>Jak nazywano wsp\u00f3\u0142pracownik\u00f3w z hitlerowcami<br>Czy\u017c nie kolaborantami a jak<br>Nazywano tw s\u0142u\u017cb bezpiecze\u0144stwa komunistycznego<br>Ka\u017cdego pa\u0144stwa czy\u017c nie kapusiami<br>A teraz ob\u0142udnicy pewnie \u017ce<br>Oni na tym garnuszku sprzedawczykowstwa<br>Ugrywali odpowiedni kapita\u0142 sobie u<br>Tych i tamtych okupant\u00f3w zar\u00f3wno<br>A te bestie s\u0105 sk\u0105d<br>S\u0105 z nas nie wiem<br>Ale w\u0105tpi\u0119 i nie wa\u017cne<br>Ile ich jest 7<br>77 czy 777 ale to<br>Raczej was \u0142ajdak\u00f3w bo ich<br>6 czy 66 czy 666<br>Lubi\u0105 szatany przecie\u017c te liczby<br>Do szatanienia pod\u0142ug nas naszego<br>I naszych innych dzieci Bo\u017cych<\/p>\n\n\n\n<figure class=\"wp-block-gallery has-nested-images columns-default is-cropped wp-block-gallery-2 is-layout-flex wp-block-gallery-is-layout-flex\">\n<figure class=\"wp-block-image size-large\"><a href=\"https:\/\/hubertpietka.bialystok.pl\/wp-content\/uploads\/2026\/04\/1000060464.jpg\"><img loading=\"lazy\" decoding=\"async\" width=\"1024\" height=\"771\" data-id=\"10526\" src=\"https:\/\/hubertpietka.bialystok.pl\/wp-content\/uploads\/2026\/04\/1000060464-1024x771.jpg\" alt=\"\" class=\"wp-image-10526\" srcset=\"https:\/\/hubertpietka.bialystok.pl\/wp-content\/uploads\/2026\/04\/1000060464-1024x771.jpg 1024w, https:\/\/hubertpietka.bialystok.pl\/wp-content\/uploads\/2026\/04\/1000060464-300x226.jpg 300w, https:\/\/hubertpietka.bialystok.pl\/wp-content\/uploads\/2026\/04\/1000060464-768x578.jpg 768w, https:\/\/hubertpietka.bialystok.pl\/wp-content\/uploads\/2026\/04\/1000060464-1536x1156.jpg 1536w, https:\/\/hubertpietka.bialystok.pl\/wp-content\/uploads\/2026\/04\/1000060464.jpg 1600w\" sizes=\"auto, (max-width: 1024px) 100vw, 1024px\" \/><\/a><\/figure>\n<\/figure>\n\n\n\n<p>A kto jest szatanem jak<br>Nie wyznawca zbrodni i k\u0142amstw<br>To jest definicja szata\u0144stwa pod\u0142ug<br>Materii najci\u0119\u017cszej tego do czego<br>I jak d\u0105\u017c\u0105 te bestie<br>I r\u00f3wnie zreszt\u0105 zepsute \u0142ajdactwo<br>I to kim by i<br>Nie byli oni wszyscy<br>Tak si\u0119 odbywa konsumpcja materii<br>Zbrodni i k\u0142amstw pod\u0142ug tego<br>W\u0142a\u015bnie nie \u017cycze\u0144 pobo\u017cnych ob\u0142udnik\u00f3w<br>Zreszt\u0105 i wszelakich i gdziekolwiek<\/p>\n\n\n\n<p>A teraz ta hucpa polityczna<br>Z mianowaniem s\u0119dzi\u00f3w Trybuna\u0142u Konstytucyjnego<br>Nie udaje si\u0119 wszystkiego odpowiednio<br>Dekretami i rozporz\u0105dzeniami jak<br>Nie przymierzaj\u0105c w komuni\u0119<br>To trzeba zamach zrobi\u0107<br>Je\u015bli nie na Konstytucj\u0119 sam\u0105<br>To byleby by\u0142a jej lewacka<br>Oczywi\u015bcie odpowiednia wyk\u0142adnia czy\u017c nie<br>Po to ta hucpa polityczna<br>I zobacz tego samego dnia<br>Przyklepali edukacj\u0119 zdrowotn\u0105 w szko\u0142ach<br>Z ca\u0142ym &#8222;dobrodziejstwem&#8221; lewactw ideologicznych<br>No przecie\u017c o to chodzi<br>Bo nie wywaliliby z szk\u00f3\u0142<br>Wychowania do \u017cycia w rodzinie<br>Psucie spo\u0142ecze\u0144stwa trzeba przecie\u017c zaczyna\u0107<br>Jak najwcze\u015bniej najlepiej od przedszkola<br>By wychowywa\u0107 sobie tuman\u00f3w najpierw<br>G\u00f3wniarzy kt\u00f3rzy zrobi\u0105 wszystko co<br>Tylko chce lewacka w\u0142adza<\/p>\n\n\n\n<p>I zobacz to wszystko<br>W przeddzie\u0144 rocznicy Zamachu Smole\u0144skiego<br>A ostatnio si\u0119 znowu obudzi\u0142<br>Seryjny samob\u00f3jca morderca cichy usuwaj\u0105cy<br>\u015awiadk\u00f3w kt\u00f3rzy mog\u0105 co\u015b powiedzie\u0107<br>Przeciwnego ni\u017c opcja poprawno\u015bci politycznej<br>A no przecie\u017c nie mo\u017cna<br>Dra\u017cni\u0107 Rosji ona mo\u017ce przecie\u017c<br>Jak na Ukrain\u0119 napa\u015b\u0107 tak\u017ce<br>I na Polsk\u0119 a lewaki<br>Zawsze s\u0105 us\u0142u\u017cne wobec w\u0142adzy<br>Kt\u00f3ra mo\u017ce zdominowa\u0107 warto\u015b\u0107 Polski<\/p>\n\n\n\n<figure class=\"wp-block-gallery has-nested-images columns-default is-cropped wp-block-gallery-3 is-layout-flex wp-block-gallery-is-layout-flex\">\n<figure class=\"wp-block-image size-large\"><a href=\"https:\/\/hubertpietka.bialystok.pl\/wp-content\/uploads\/2026\/04\/1000060462.jpg\"><img loading=\"lazy\" decoding=\"async\" width=\"1024\" height=\"771\" data-id=\"10524\" src=\"https:\/\/hubertpietka.bialystok.pl\/wp-content\/uploads\/2026\/04\/1000060462-1024x771.jpg\" alt=\"\" class=\"wp-image-10524\" srcset=\"https:\/\/hubertpietka.bialystok.pl\/wp-content\/uploads\/2026\/04\/1000060462-1024x771.jpg 1024w, https:\/\/hubertpietka.bialystok.pl\/wp-content\/uploads\/2026\/04\/1000060462-300x226.jpg 300w, https:\/\/hubertpietka.bialystok.pl\/wp-content\/uploads\/2026\/04\/1000060462-768x578.jpg 768w, https:\/\/hubertpietka.bialystok.pl\/wp-content\/uploads\/2026\/04\/1000060462-1536x1156.jpg 1536w, https:\/\/hubertpietka.bialystok.pl\/wp-content\/uploads\/2026\/04\/1000060462.jpg 1600w\" sizes=\"auto, (max-width: 1024px) 100vw, 1024px\" \/><\/a><\/figure>\n<\/figure>\n\n\n\n<p><em>A teraz ob\u0142udnicy bestie \u0142ajdaki<br>Zepsute zdemoralizowane wygod\u0105 samolubstwem k\u0142amstwami<br>W sobie zadufane i pyszne<br>Wbrew waszej instytucji mowy nienawi\u015bci<br>Lewackiej oczywi\u015bcie bo tylko w<br>Po\u017c\u0105danym kierunku poprawno\u015bci politycznej w\u0142adzy<br>Ja to tu podkre\u015bl\u0119 \u017ce<br>Jeste\u015bcie w\u0142a\u015bnie tacy pod\u0142ug zbrodni<br>W kt\u00f3rych uczestniczy\u0107 chcecie macie<br>Z troski o w\u0142asne tam<br>Cztery litery czy co tam<br>I jeszcze nie zmienia to<br>Faktu \u017ce takie okre\u015blenia wam<br>Przynale\u017c\u0105 jak bestiom szatanom niemieckim<br>Za drugiej apokalipsy jak komuchom<br>I analogicznie kolaborantom kapusiom sprzedawczykom<\/em><\/p>\n\n\n\n<figure class=\"wp-block-gallery has-nested-images columns-default is-cropped wp-block-gallery-4 is-layout-flex wp-block-gallery-is-layout-flex\">\n<figure class=\"wp-block-image size-large\"><a href=\"https:\/\/hubertpietka.bialystok.pl\/wp-content\/uploads\/2026\/04\/1000060463.jpg\"><img loading=\"lazy\" decoding=\"async\" width=\"1024\" height=\"771\" data-id=\"10525\" src=\"https:\/\/hubertpietka.bialystok.pl\/wp-content\/uploads\/2026\/04\/1000060463-1024x771.jpg\" alt=\"\" class=\"wp-image-10525\" srcset=\"https:\/\/hubertpietka.bialystok.pl\/wp-content\/uploads\/2026\/04\/1000060463-1024x771.jpg 1024w, https:\/\/hubertpietka.bialystok.pl\/wp-content\/uploads\/2026\/04\/1000060463-300x226.jpg 300w, https:\/\/hubertpietka.bialystok.pl\/wp-content\/uploads\/2026\/04\/1000060463-768x578.jpg 768w, https:\/\/hubertpietka.bialystok.pl\/wp-content\/uploads\/2026\/04\/1000060463-1536x1156.jpg 1536w, https:\/\/hubertpietka.bialystok.pl\/wp-content\/uploads\/2026\/04\/1000060463.jpg 1600w\" sizes=\"auto, (max-width: 1024px) 100vw, 1024px\" \/><\/a><\/figure>\n<\/figure>\n\n\n\n<p><strong>I ani mi Ani z nami<br>Naszymi i naszym ob\u0142udnicy szata\u0144scy<br>Zw\u0142aszcza jak jeste\u015bmy rozdzieleni od<br>Siebie w odleg\u0142o\u015bci niema\u0142ej znacznie<br>I spadajcie ob\u0142udnicy tych bestii<br>Na jakiejkolwiek zasadzie tu zale\u017cno\u015bci<br>Od nas naszego i naszych<br>Zawodowi prywatni i s\u0142u\u017cbowi<br>Bydle podwijskie ta\u0142atajstwo chach\u0142ackie<br>R\u00f3wnie prostackie ju\u017c zepsute g\u00f3wniarze<br>Misiowe ob\u0142udniki czy jakie s\u0142u\u017cbistowe<br>Dzieci ubek\u00f3w itp. itd. etc.<br>Historia was wszystkich i tak<br>Odpowiednio os\u0105dzi ob\u0142udnicy zreszt\u0105 wszelacy<br>Przeminie kiedy\u015b wszechpanuj\u0105ce zepsute lewactwo<br>Nawet je\u015bli w przysz\u0142ym \u015bwiecie<\/strong><\/p>\n\n\n\n<p>( <strong><em><a href=\"https:\/\/youtu.be\/OnzbjlPP6Sc\">Basti ft. Zet, Weronika Wiktoria &#8211; Smole\u0144sk<\/a><\/em><\/strong> )<\/p>\n\n\n\n<p class=\"has-text-align-center\"><strong><em><a href=\"https:\/\/youtu.be\/wEc6ZzIknOE\">Smole\u0144sk &#8211; Micha\u0142 Lorenc <\/a><\/em><\/strong><\/p>\n\n\n\n<p class=\"has-text-align-right\">( <strong><em><a href=\"https:\/\/youtu.be\/7VmuPAWPEx0\">Andrzej Ko\u0142akowski &#8211; Warszawa : Smole\u0144sk<\/a><\/em><\/strong> )<\/p>\n","protected":false},"excerpt":{"rendered":"<p>&#8222;My mamy prawo i wed\u0142ugPrawa on powinien umrze\u0107&#8221;Bo nazywa nas bestiami szatanamiA nas bydlakami i \u0142ajdakami A teraz ob\u0142udnicy hitlerowcy te\u017cMieli prawo jak te\u017c komuni\u015bciRozporz\u0105dzeniami&hellip; <\/p>\n","protected":false},"author":1,"featured_media":0,"parent":0,"menu_order":0,"comment_status":"closed","ping_status":"closed","template":"","meta":{"footnotes":""},"class_list":["post-10522","page","type-page","status-publish","hentry"],"_links":{"self":[{"href":"https:\/\/hubertpietka.bialystok.pl\/index.php?rest_route=\/wp\/v2\/pages\/10522","targetHints":{"allow":["GET"]}}],"collection":[{"href":"https:\/\/hubertpietka.bialystok.pl\/index.php?rest_route=\/wp\/v2\/pages"}],"about":[{"href":"https:\/\/hubertpietka.bialystok.pl\/index.php?rest_route=\/wp\/v2\/types\/page"}],"author":[{"embeddable":true,"href":"https:\/\/hubertpietka.bialystok.pl\/index.php?rest_route=\/wp\/v2\/users\/1"}],"replies":[{"embeddable":true,"href":"https:\/\/hubertpietka.bialystok.pl\/index.php?rest_route=%2Fwp%2Fv2%2Fcomments&post=10522"}],"version-history":[{"count":1,"href":"https:\/\/hubertpietka.bialystok.pl\/index.php?rest_route=\/wp\/v2\/pages\/10522\/revisions"}],"predecessor-version":[{"id":10527,"href":"https:\/\/hubertpietka.bialystok.pl\/index.php?rest_route=\/wp\/v2\/pages\/10522\/revisions\/10527"}],"wp:attachment":[{"href":"https:\/\/hubertpietka.bialystok.pl\/index.php?rest_route=%2Fwp%2Fv2%2Fmedia&parent=10522"}],"curies":[{"name":"wp","href":"https:\/\/api.w.org\/{rel}","templated":true}]}}