{"id":10529,"date":"2026-04-11T22:22:22","date_gmt":"2026-04-11T22:22:22","guid":{"rendered":"https:\/\/hubertpietka.bialystok.pl\/?page_id=10529"},"modified":"2026-04-11T22:22:22","modified_gmt":"2026-04-11T22:22:22","slug":"amoralni-hipokryci-pogardzaja-malzenstwem-tych-malych-niepomni-na-sprawy-boze-lecz-bestii-lajdactwa-klamstwa-zbrodnie","status":"publish","type":"page","link":"https:\/\/hubertpietka.bialystok.pl\/?page_id=10529","title":{"rendered":"Amoralni hipokryci pogardzaj\u0105 \/ ma\u0142\u017ce\u0144stwem tych ma\u0142ych &#8211; niepomni na sprawy Bo\u017ce \/ lecz bestii \u0142ajdactwa &#8211; k\u0142amstwa zbrodnie"},"content":{"rendered":"\n<p>Tam to ta\u0142atajstwo \u015bwi\u0119tuje Pasch\u0119<br>Ale zapewne bestii <em>prawo s\u0142awi\u0105c<\/em><br>Nie b\u0119dzie im to przeszkadza\u0107<br>W prostackich napa\u015bciach czy innych<br>Z\u0142oczynieniach w ramach pozor\u00f3w wypadk\u00f3w<br>Nieszcz\u0119\u015bliwych i niby przypadkowych<br>Podobnie bestiom kt\u00f3re przecie\u017c je\u015bli<br>Preferuj\u0105 <em>prawos\u0142awie<\/em> kosztem innych wyzna\u0144<br>To mo\u017ce i same prawos\u0142awne<br>Nie przeszkadza zapewne \u015bwi\u0119towanie Zmartwychwstania<br>Chrystusa i jednocze\u015bnie mordowanie szata\u0144skie<br>Ofiar niewinnych tych ich bestialstw<br>No nie widz\u0105 szata\u0144scy ob\u0142udnicy<br>Jako\u015b sprzeczno\u015bci w tym wszystkim<br>Dzia\u0142aj\u0105c jak faryzeusze przeciwko Chrystusowi<br>T\u0142um dziki Pi\u0142at i \u017co\u0142nierze<br>Przeciwko Synowi Bo\u017cemu raz kolejny<\/p>\n\n\n\n<p>A teraz ob\u0142udnicy je\u015bli oskar\u017cacie<br>Nas o to \u017ce jeste\u015bmy<br>Tylko lud\u017ami podatnymi na<br>Wszelkie r\u00f3\u017cne czynniki kt\u00f3re powoduj\u0105<br>Tak\u017ce stany przez nas niepo\u017c\u0105dane<br>I je\u015bli pod\u0142ug waszej pychy<br>I zadufania w samych siebie<br>Jeste\u015bmy dla was niby zgorszeniem<br>Tym \u017ce nie zawsze zgodnie<br>I \u017ce wybuchowo te\u017c czasem<br>A nawet wulgarnie wiem przecie\u017c<br>\u017be bestie na lad\u0119 k\u0142ad\u0105<br>Wobec nas to co ma<br>\u015awiadczy\u0107 w\u0142a\u015bnie przeciwko nam wi\u0119c<br>Je\u015bli ob\u0142udnicy tak wra\u017cliwi jeste\u015bcie<br>Zgorszeni naszymi postawami oczywi\u015bcie te\u017c<br>Nie bierzecie tego pod uwag\u0119<br>\u017bycia w ci\u0105g\u0142ym nacisku od<br>Tych bestii i r\u00f3wnie zepsutego<br>\u0141ajdactwa zreszt\u0105 wszelkiego \u0142\u0105cznie z<br>Niebezpiecze\u0144stwem utraty \u017cycia zdrowia wolno\u015bci<br>D\u00f3br naszych wszelkich i bliskich<br>Tego stresu oczywi\u015bcie pod uwag\u0119<br>Nie bierzecie ob\u0142udnicy tak zgodni<br>Przecie\u017c zawsze z ob\u0142udnikami wam<br>Podobnymi i jak wy w\u0142a\u015bnie<br>Wi\u0119c je\u015bli oskar\u017cacie nas hipokryci<br>O to wszystko \u017ce poddani<br>Bywamy s\u0142abo\u015bciom to wiedzcie zepsuci<br>\u017be \u017cycie w Bogu wiernie<br>Pod\u0142ug warto\u015bci niezbywalnej sakramentu ma\u0142\u017ce\u0144stwa<br>Jest du\u017co wi\u0119ksze ni\u017c to<\/p>\n\n\n\n<p>Wiem przecie\u017c ob\u0142udnicy \u017ce to<br>Wam nie pasuje bo chcecie<br>Pod\u0142ug bestii zabi\u0107 mi \u017con\u0119<br>Te zwierz\u0119ta bliskich nas zniewoli\u0107<br>I zabra\u0107 nam dobra nasze<br>Miejsca samochody prace zdrowie finanse<br>Wi\u0119c w zgodzie z szata\u0144stwem bestii<br>Powtarzacie mity o niedostosowaniu psychicznym<br>Jakby ma\u0142\u017ce\u0144stwo tylko to mia\u0142o<br>Stanowi\u0107 w\u0142a\u015bnie oczywi\u015bcie moc Bo\u017c\u0105<br>Tu sobie pomijacie i wierno\u015b\u0107<br>I czysto\u015b\u0107 ma\u0142\u017ce\u0144stwa bo sami<br>\u017byjecie w nieprawych nieczystych zwi\u0105zkach<br>I pod\u0142ug was mo\u017ce ob\u0142udnicy<br>Dopasowanie mo\u017ce b\u0119dzie w homoseksuali\u017amie<br>Nie widz\u0105 oczywi\u015bcie tu hipokryci<br>Wymog\u00f3w anormalnych przeciwko ludzkiej naturze<br>A mo\u017ce dzidzia a ile<br>Ich macie co z nimi<br>Robicie a ile codziennie abortujecie<br>Wi\u0119c se wasze argumentacje i<br>Jakie tam wymy\u015blicie jeszce wsad\u017acie<br>Po prostu gdzie\u015b pod\u0142ug cho\u0107by<br>Otumanienia seksem nieczysto\u015bciami sprzecznymi naturze<br>Ale to tak na marginesie<br>Bo B\u00f3g jest wi\u0119kszy ob\u0142udnicy<br>W tym pogardzanym przez was<br>Sakramencie ma\u0142\u017ce\u0144stwa ni\u017c cokolwiek wymy\u015blicie<br>A te wasze przyczynki nowe<br>Maj\u0105 tak naprawd\u0119 sankcjonowa\u0107 zbrodniarze<br>\u015amier\u0107 tej mojej \u017cony niewinnej<br>Tak naprawd\u0119 nienawi\u015bci tych bestii<br>Bo to nie ona do<br>Nich przysz\u0142a lecz oni tu<br>Przychodz\u0105c chc\u0105 czyni\u0107 wszelkie zbrodnie<br>Swoje nie tylko na nas<br>Naszych i naszym ale i<br>Innych niewinnych tych bestialstw wsp\u00f3\u0142czesnych<br>Nawet je\u015bli ku temu pos\u0142uguj\u0105<br>Si\u0119 \u0142ajdactwem czyni\u0105c ich tak<br>Zepsutymi jak oni sami<br>Zdegenerowanymi wynaturzonymi k\u0142amcami zab\u00f3jcami napastnikami<br>Kim by zreszt\u0105 nie byli<\/p>\n\n\n\n<p><strong>A tak si\u0119 rozwin\u0119\u0142y bestie<br>\u017be na ka\u017cd\u0105 zbrodnie morderstwo<br>Zniewolenie zniszczenie szkodzenie maj\u0105 przecie\u017c<br>Po ile\u015b tam opcji szata\u0144skich<br>Od gazowania po injektor\u00f3w<br>Wszelkie wypadki niby przypadkowe samochodowe<br>Po\u017cary zalania wybuchy pr\u0105dem pora\u017cenia<br>Itp. itd. etc.<br>Tak rozwin\u0119\u0142y si\u0119 w szata\u0144stwie<br>Z\u0142a wszelkiego dla nas bestie<\/strong><\/p>\n\n\n\n<figure class=\"wp-block-gallery has-nested-images columns-default is-cropped wp-block-gallery-1 is-layout-flex wp-block-gallery-is-layout-flex\">\n<figure class=\"wp-block-image size-large\"><a href=\"https:\/\/hubertpietka.bialystok.pl\/wp-content\/uploads\/2026\/04\/1000060781.jpg\"><img loading=\"lazy\" decoding=\"async\" width=\"1024\" height=\"771\" data-id=\"10530\" src=\"https:\/\/hubertpietka.bialystok.pl\/wp-content\/uploads\/2026\/04\/1000060781-1024x771.jpg\" alt=\"\" class=\"wp-image-10530\" srcset=\"https:\/\/hubertpietka.bialystok.pl\/wp-content\/uploads\/2026\/04\/1000060781-1024x771.jpg 1024w, https:\/\/hubertpietka.bialystok.pl\/wp-content\/uploads\/2026\/04\/1000060781-300x226.jpg 300w, https:\/\/hubertpietka.bialystok.pl\/wp-content\/uploads\/2026\/04\/1000060781-768x578.jpg 768w, https:\/\/hubertpietka.bialystok.pl\/wp-content\/uploads\/2026\/04\/1000060781-1536x1156.jpg 1536w, https:\/\/hubertpietka.bialystok.pl\/wp-content\/uploads\/2026\/04\/1000060781.jpg 1600w\" sizes=\"auto, (max-width: 1024px) 100vw, 1024px\" \/><\/a><\/figure>\n<\/figure>\n\n\n\n<p><em>I tylu ob\u0142udnik\u00f3w sprzedawczyk\u00f3w karierowicz\u00f3w<br>S\u0142u\u017cy tym szatanom podobnie \u0142ajdacz\u0105c<br>Od wspomnianego ta\u0142atajstwa po podwij\u0119<br>Od misiowych po innych s\u0142u\u017cbist\u00f3w<br>Nawet Widelec ma mnie wzi\u0105\u0107<br>Pod\u0142ug bestii na ich widelec<br>Tak si\u0119 rozwin\u0119\u0142y te szatany<br>W zbrodniach wobec dzieci Bo\u017cych<br>Co za ob\u0142\u0119dnie perfidny rozw\u00f3j<br>W szata\u0144stwach zepsutych sromotnych haniebnych<br>Jakiekolwiek pozory by im przypisywali<br>Bestie i r\u00f3wnie zepsute \u0142ajdactwo<\/em><\/p>\n","protected":false},"excerpt":{"rendered":"<p>Tam to ta\u0142atajstwo \u015bwi\u0119tuje Pasch\u0119Ale zapewne bestii prawo s\u0142awi\u0105cNie b\u0119dzie im to przeszkadza\u0107W prostackich napa\u015bciach czy innychZ\u0142oczynieniach w ramach pozor\u00f3w wypadk\u00f3wNieszcz\u0119\u015bliwych i niby przypadkowychPodobnie bestiom&hellip; <\/p>\n","protected":false},"author":1,"featured_media":0,"parent":0,"menu_order":0,"comment_status":"closed","ping_status":"closed","template":"","meta":{"footnotes":""},"class_list":["post-10529","page","type-page","status-publish","hentry"],"_links":{"self":[{"href":"https:\/\/hubertpietka.bialystok.pl\/index.php?rest_route=\/wp\/v2\/pages\/10529","targetHints":{"allow":["GET"]}}],"collection":[{"href":"https:\/\/hubertpietka.bialystok.pl\/index.php?rest_route=\/wp\/v2\/pages"}],"about":[{"href":"https:\/\/hubertpietka.bialystok.pl\/index.php?rest_route=\/wp\/v2\/types\/page"}],"author":[{"embeddable":true,"href":"https:\/\/hubertpietka.bialystok.pl\/index.php?rest_route=\/wp\/v2\/users\/1"}],"replies":[{"embeddable":true,"href":"https:\/\/hubertpietka.bialystok.pl\/index.php?rest_route=%2Fwp%2Fv2%2Fcomments&post=10529"}],"version-history":[{"count":1,"href":"https:\/\/hubertpietka.bialystok.pl\/index.php?rest_route=\/wp\/v2\/pages\/10529\/revisions"}],"predecessor-version":[{"id":10531,"href":"https:\/\/hubertpietka.bialystok.pl\/index.php?rest_route=\/wp\/v2\/pages\/10529\/revisions\/10531"}],"wp:attachment":[{"href":"https:\/\/hubertpietka.bialystok.pl\/index.php?rest_route=%2Fwp%2Fv2%2Fmedia&parent=10529"}],"curies":[{"name":"wp","href":"https:\/\/api.w.org\/{rel}","templated":true}]}}