{"id":10533,"date":"2026-04-12T21:53:02","date_gmt":"2026-04-12T21:53:02","guid":{"rendered":"https:\/\/hubertpietka.bialystok.pl\/?page_id=10533"},"modified":"2026-04-12T21:53:02","modified_gmt":"2026-04-12T21:53:02","slug":"petla-obludy-haniebnej-na-dzieci-boze-zawsze-wszedzie-zbrodniarzy-szatanskich-bestii-i-lajdactwa","status":"publish","type":"page","link":"https:\/\/hubertpietka.bialystok.pl\/?page_id=10533","title":{"rendered":"P\u0119tla ob\u0142udy haniebnej \/ na dzieci Bo\u017ce &#8211; zawsze wsz\u0119dzie \/ zbrodniarzy szata\u0144skich &#8211; bestii i \u0142ajdactwa"},"content":{"rendered":"\n<p>Zaciska si\u0119 coraz bardziej wsz\u0119dzie<br>P\u0119tla szata\u0144ska bestii i \u0142ajdactwa<br>Na nas przyk\u0142ad taki jak<br>Z tym parkowaniem tam bydle<br>Kt\u00f3re no zobacz *<strong>zdepstane<\/strong>* mo\u017ce<br>Nie pami\u0119ta jak si\u0119 nazywa<br>Ale wie kt\u00f3ry samoch\u00f3d wskaza\u0107<br>Pod\u0142ug po\u017c\u0105da\u0144 bestii podobnie ten<br>*<strong>Widelec<\/strong>* ma zadanie mnie z\u0142apa\u0107<br>By bestie mog\u0142y spe\u0142ni\u0107 po\u017c\u0105dania swoje<br>Podci\u0119cia nam podpory chleba<br>Tutaj znowu przy \u015bmietniku miejsca<br>Tylko dla bydlak\u00f3w na zakazie<br>Dla nas mandat od razu<br>Takie to szatany i tak<br>Oni ze wszystkim wobec nas<br>Najlepiej \u017ceby\u015bmy nie mieli ju\u017c<br>Gdzie parkowa\u0107 zreszt\u0105 przecie\u017c pod\u0142ug<br>Szatan\u00f3w nam samochody s\u0105 zb\u0119dne<br>Poza tym w sercach mo\u017ce<br>By\u0107 padlina byle samoch\u00f3d by\u0142<br>Na niedziel\u0119 odpowiednio umyty<br>A jak masz trzy to<br>Spr\u00f3buj tylko pomin\u0105\u0107 jaki\u015b<br>Ju\u017c czyhaj\u0105 odpowiednio s\u0142u\u017cbistowe bydlaki<\/p>\n\n\n\n<p>I jak nie to bydle<br>Sprzedawczykowe wyeliminowa\u0107 \u015bwiadk\u00f3w bym nie<br>M\u00f3g\u0142 tu tak m\u00f3wi\u0107 sobie<br>\u017beby i za to pod\u0142ug<br>Tych szatan\u00f3w mnie poci\u0105gn\u0105\u0107 do<br>Niby jakiej\u015b mojej nieodpowiedzialno\u015bci nieodpowiednio\u015bci<br>Ale przecie\u017c wszystko u bestii<br>I \u0142ajdak\u00f3w w spos\u00f3b taki<br>Czyli k\u0142amliwie z najgorsz\u0105 ob\u0142ud\u0105<br>Tam znowu to prostackie ta\u0142atajstwo<br>Dzia\u0142k\u0119 ju\u017c nam szatany wyeliminowa\u0142y<br>A wsz\u0119dzie te\u017c i pomi\u0119dzy<br>Misie bandyckie inni s\u0142u\u017cbi\u015bci bestii<br>Z takimi bydlakami i innymi<br>Do pary w\u0142a\u015bnie no c\u00f3\u017c<br>Za bestii szata\u0144skich \u0142ajdactwa paradoks<\/p>\n\n\n\n<p>Samochody miejsca te zwierz\u0119ta nasze<br>Prace \u015brodki do \u017cycia punkty<br>Newralgiczne dzia\u0142a\u0144 bestii i ob\u0142udnik\u00f3w<br>Im podobnym w szata\u0144stwach pod\u0142ug<\/p>\n\n\n\n<figure class=\"wp-block-gallery has-nested-images columns-default is-cropped wp-block-gallery-1 is-layout-flex wp-block-gallery-is-layout-flex\">\n<figure class=\"wp-block-image size-large\"><a href=\"https:\/\/hubertpietka.bialystok.pl\/wp-content\/uploads\/2026\/04\/1000061010.jpg\"><img loading=\"lazy\" decoding=\"async\" width=\"771\" height=\"1024\" data-id=\"10535\" src=\"https:\/\/hubertpietka.bialystok.pl\/wp-content\/uploads\/2026\/04\/1000061010-771x1024.jpg\" alt=\"\" class=\"wp-image-10535\" srcset=\"https:\/\/hubertpietka.bialystok.pl\/wp-content\/uploads\/2026\/04\/1000061010-771x1024.jpg 771w, https:\/\/hubertpietka.bialystok.pl\/wp-content\/uploads\/2026\/04\/1000061010-226x300.jpg 226w, https:\/\/hubertpietka.bialystok.pl\/wp-content\/uploads\/2026\/04\/1000061010-768x1021.jpg 768w, https:\/\/hubertpietka.bialystok.pl\/wp-content\/uploads\/2026\/04\/1000061010-1156x1536.jpg 1156w, https:\/\/hubertpietka.bialystok.pl\/wp-content\/uploads\/2026\/04\/1000061010.jpg 1204w\" sizes=\"auto, (max-width: 771px) 100vw, 771px\" \/><\/a><\/figure>\n<\/figure>\n\n\n\n<p>A poza tym godne szatany<br>We wszystkim szatana ojca zbrodni<br>I k\u0142amstw ob\u0142udy najbardziej pod\u0142ej<br>Godne szatany w\u0142a\u015bnie k\u0142amstwami zbrodniami<br>Morderstwami i d\u0105\u017ceniami takimi tudzie\u017c<br>Zniewolenia wszelkiego zniszczenia r\u00f3wnie\u017c dla<br>Naszych i innych niewinnych bestialstw<br>Godne szatany szatana tym wszystkim<br>Na zasadzie odwrotnej cho\u0107 podobnej<br>\u017be dzieci Bo\u017ce pod\u0142ug dobra<br>I \u017cycia w prawdziwe s\u0105<br>Boga te\u017c godne to te\u017c<br>Znajdzie swoje odpowiedniki eschatologiczne je\u015bli<br>Te szatany bestie i \u0142ajdactwo<br>Si\u0119 nie nawr\u00f3c\u0105 bo te<br>Bydlaki wszelakie podobnie staj\u0105c si\u0119<br>Godnymi bestii zas\u0142uguj\u0105 w szatanie<br>Te\u017c na tak\u0105 godno\u015b\u0107 w\u0142a\u015bnie<\/p>\n\n\n\n<p>I nawet szatany na k\u00f3\u0142ko<br>R\u00f3\u017ca\u0144cowe moje wkr\u0119ci\u0142y odpowiedniego ob\u0142udnika<br>Kt\u00f3ry mia\u0142 mnie skorpionem uk\u0142u\u0107<br>Zreszt\u0105 takich te\u017c wsz\u0119dzie maj\u0105<br>Tak\u017ce p\u0119tla szata\u0144ska bestii \u0142ajdactwa<br>Zaciska si\u0119 coraz bardziej mocniej<\/p>\n\n\n\n<p>A \u017ce ob\u0142udnicy lubi\u0105 udawa\u0107<br>R\u00f3\u017cne pozory cho\u0107by i pobo\u017cno\u015bci<br>Wi\u0119c nawet z miejsc modlitwy<br>Ob\u0142udnicy czyni\u0105 odpowiednio &#8222;jaskinie zab\u00f3jc\u00f3w&#8221;<br>Podobnie jak ze szk\u00f3\u0142 analogicznie<br>Miejsca zepsucie gdzie zbrodnie mog\u0105<br>Czyni\u0107 nawet g\u00f3wniarze ze wzgl\u0119du<br>Na brak odpowiedzialno\u015bci nieletnich<br>W razie jakby co bo<br>To przecie\u017c najlepiej wszystko razi\u0107<br>W nas zreszt\u0105 na r\u00f3\u017cne<br>Wszelkie sposoby tak\u017ce gazem<br>Z ukrycia tak lubi\u0105 to<br>Te szatany bestie i \u0142ajdactwo<\/p>\n\n\n\n<figure class=\"wp-block-gallery has-nested-images columns-default is-cropped wp-block-gallery-2 is-layout-flex wp-block-gallery-is-layout-flex\">\n<figure class=\"wp-block-image size-large\"><a href=\"https:\/\/hubertpietka.bialystok.pl\/wp-content\/uploads\/2026\/04\/1000061009.jpg\"><img loading=\"lazy\" decoding=\"async\" width=\"771\" height=\"1024\" data-id=\"10534\" src=\"https:\/\/hubertpietka.bialystok.pl\/wp-content\/uploads\/2026\/04\/1000061009-771x1024.jpg\" alt=\"\" class=\"wp-image-10534\" srcset=\"https:\/\/hubertpietka.bialystok.pl\/wp-content\/uploads\/2026\/04\/1000061009-771x1024.jpg 771w, https:\/\/hubertpietka.bialystok.pl\/wp-content\/uploads\/2026\/04\/1000061009-226x300.jpg 226w, https:\/\/hubertpietka.bialystok.pl\/wp-content\/uploads\/2026\/04\/1000061009-768x1021.jpg 768w, https:\/\/hubertpietka.bialystok.pl\/wp-content\/uploads\/2026\/04\/1000061009-1156x1536.jpg 1156w, https:\/\/hubertpietka.bialystok.pl\/wp-content\/uploads\/2026\/04\/1000061009.jpg 1204w\" sizes=\"auto, (max-width: 771px) 100vw, 771px\" \/><\/a><\/figure>\n<\/figure>\n\n\n\n<p><em>I jeszcze rzecz jedna refleksja<br>Co mia\u0142 wsp\u00f3lnego Jezus z<br>Ob\u0142udnikami cho\u0107by tego reprezentantami faryzeuszami<br>Czy On zabiega\u0142 o ich<br>Poparcie czy zrozumienie o jedno\u015b\u0107<br>Jak\u0105\u015b urojon\u0105 z nimi<br>Bo co ma wsp\u00f3lnego<br>Dobro ze z\u0142em i wyznawcy<br>Prawdy z wykonawcami ob\u0142udy sromotnej<br>Czy Jezus faryzeuszy wspiera\u0142 czy<br>Mo\u017ce jednak raczej pot\u0119pia\u0142 w\u0142a\u015bnie<br>M\u00f3wi\u0105c &#8222;jak wy mo\u017cecie uj\u015b\u0107<br>Tego pot\u0119pienia w piekle<br>Plemie wyrodne i \u017cmijowe&#8221;<br>Bo w negacji do warto\u015bci<br>I dzieci w prawdzie Bo\u017cych<br>Co ma wsp\u00f3lnego ciemno\u015b\u0107 z<br>\u015awiat\u0142em moralnym ob\u0142udnicy wykolejeni popaprani<br>Zreszt\u0105 z\u0142em wszelkim kt\u00f3re sami<br>Czyni\u0105 i im podobni wi\u0119c<br>Nie mog\u0105 znie\u015b\u0107 \u017ce kto\u015b<br>Nie post\u0119puje wed\u0142ug ich atrybut\u00f3w<br>Zepsucia zreszt\u0105 wszelakiego nieczysto\u015bci samolubstwa<br>Czy Jezus ob\u0142udnicy zabiega\u0142<br>O wykolejonych wyst\u0119pnych wszelkich faryzeuszy<br>Czy chcia\u0142 mie\u0107 co\u015b wsp\u00f3lnego<br>Z nimi i ich ob\u0142ud\u0105<\/em><\/p>\n","protected":false},"excerpt":{"rendered":"<p>Zaciska si\u0119 coraz bardziej wsz\u0119dzieP\u0119tla szata\u0144ska bestii i \u0142ajdactwaNa nas przyk\u0142ad taki jakZ tym parkowaniem tam bydleKt\u00f3re no zobacz *zdepstane* mo\u017ceNie pami\u0119ta jak si\u0119 nazywaAle&hellip; <\/p>\n","protected":false},"author":1,"featured_media":0,"parent":0,"menu_order":0,"comment_status":"closed","ping_status":"closed","template":"","meta":{"footnotes":""},"class_list":["post-10533","page","type-page","status-publish","hentry"],"_links":{"self":[{"href":"https:\/\/hubertpietka.bialystok.pl\/index.php?rest_route=\/wp\/v2\/pages\/10533","targetHints":{"allow":["GET"]}}],"collection":[{"href":"https:\/\/hubertpietka.bialystok.pl\/index.php?rest_route=\/wp\/v2\/pages"}],"about":[{"href":"https:\/\/hubertpietka.bialystok.pl\/index.php?rest_route=\/wp\/v2\/types\/page"}],"author":[{"embeddable":true,"href":"https:\/\/hubertpietka.bialystok.pl\/index.php?rest_route=\/wp\/v2\/users\/1"}],"replies":[{"embeddable":true,"href":"https:\/\/hubertpietka.bialystok.pl\/index.php?rest_route=%2Fwp%2Fv2%2Fcomments&post=10533"}],"version-history":[{"count":1,"href":"https:\/\/hubertpietka.bialystok.pl\/index.php?rest_route=\/wp\/v2\/pages\/10533\/revisions"}],"predecessor-version":[{"id":10536,"href":"https:\/\/hubertpietka.bialystok.pl\/index.php?rest_route=\/wp\/v2\/pages\/10533\/revisions\/10536"}],"wp:attachment":[{"href":"https:\/\/hubertpietka.bialystok.pl\/index.php?rest_route=%2Fwp%2Fv2%2Fmedia&parent=10533"}],"curies":[{"name":"wp","href":"https:\/\/api.w.org\/{rel}","templated":true}]}}