{"id":10543,"date":"2026-04-15T07:38:02","date_gmt":"2026-04-15T07:38:02","guid":{"rendered":"https:\/\/hubertpietka.bialystok.pl\/?page_id=10543"},"modified":"2026-04-15T07:38:02","modified_gmt":"2026-04-15T07:38:02","slug":"wie-czystosc-bog-wie-ze-czystosc-wbrew-klamstwom-szatanskich-zbrodniarzy-obludnikow","status":"publish","type":"page","link":"https:\/\/hubertpietka.bialystok.pl\/?page_id=10543","title":{"rendered":"*Wie-czysto\u015b\u0107* \/ B\u00f3g *wie \u017ce czysto\u015b\u0107* &#8211; wbrew k\u0142amstwom szata\u0144skich zbrodniarzy ob\u0142udnik\u00f3w"},"content":{"rendered":"\n<p>Poniewa\u017c szatan i jego istne<br>S\u0142ugi diabelskie bestie i \u0142ajdactwo<br>Najbardziej nienawidz\u0105 czysto\u015bci wiernej mi\u0142o\u015bci<br>Dlatego te szatany b\u0119d\u0105 mno\u017cy\u0107<br>Czytaj fabrykowa\u0107 niby dowody na<br>Jak\u0105\u015b nieczysto\u015b\u0107 nasz\u0105 najlepiej moj\u0105<br>Bo najwi\u0119kszym moim atrybutem Bo\u017cym<br>Jest w\u0142a\u015bnie dziewictwo i czysto\u015b\u0107<br>Nie maj\u0105 \u017cadnych ju\u017c argument\u00f3w<br>Szatany na nasze niby przest\u0119pstwa<br>To b\u0119d\u0105 je fabrykowa\u0107 montowa\u0107<br>Dzisiaj s\u0105 przecie\u017c AI mo\u017cliwo\u015bci<br>R\u00f3\u017cne ku temu cho\u0107by<br>O\u015bwiadczam wi\u0119c \u017ce nigdy<br>Wbrew ich totalnym k\u0142amstwom szata\u0144skim<br>Nie by\u0142em pedofilem pedziem nigdy<br>Nawet nie przekroczy\u0142em granic czysto\u015bci<br>Z jak\u0105kolwiek kobiet\u0105 dziewczyn\u0105 a<br>B\u00f3g wie \u017ce m\u00f3wi\u0119 prawd\u0119<br>I oni to wiedz\u0105 szatany<br>Dlatego fabrykuj\u0105 k\u0142amliwe dowody niby<br>Na jakie\u015b moje tu przest\u0119pstwa<br>Bo sami s\u0105 totalnie nieczy\u015bci<br>Wi\u0119c chc\u0105 mnie tak zgnoi\u0107<br>Pod\u0142ug zepsucia samych tu siebie<br>Bo wiedz\u0105 szatany pod\u0142ug szatana<br>\u017be to jest paradoksalnie nasz<br>Najwi\u0119kszy argument w Bogu w\u0142a\u015bnie<br>Moja czysto\u015b\u0107 dziewictwo i takie<br>Te\u017c w ca\u0142o\u015bci nasze ma\u0142\u017ce\u0144stwo<br>W czasach ostatecznych s\u0142ugi szatana<br>Pod\u0142ug przepowiedni Fatimskiej tak to<br>Rozgrywaj\u0105 przeciwko tym dzieciom Bo\u017cym<br>Przeciwko temu ma\u0142\u017ce\u0144stwu by je<br>Szata\u0144sko na wszelkie sposoby zniszczy\u0107<br>Szatany totalne fabrykuj\u0105 montuj\u0105 niby<br>Nasze przest\u0119pstwa seksualne czy jakie<br>Byleby post\u0119powa\u0107 pod\u0142ug swego zepsucia<br>Szata\u0144skiego wobec tych dzieci Bo\u017cych<br>Nie mog\u0105 bo nie mog\u0105<br>Bo ich nie ma u\u017cy\u0107<br>Dowod\u00f3w prawdziwych przest\u0119pstw przeciwko nam<br>To k\u0142ami\u0105 ob\u0142udnie wykorzystuj\u0105c metody<br>Fa\u0142szowania i manipulowania rzeczywisto\u015bci\u0105<br>Im dost\u0119pne byleby uderza\u0107<br>W nas a \u017ce nie<br>Mog\u0105 inaczej to wszelkim k\u0142amstwem<br>Szatany totalnie zepsute zdegenerowane wykolejone<br>Pod\u0142ug ojca swego szatana ca\u0142kowicie<\/p>\n\n\n\n<p>Nie udaje im si\u0119 zabi\u0107<br>P\u00f3ki co to najlepiej zniewoli\u0107<br>Tak by wyrz\u0105dza\u0107 nam przy<br>Okazji szkody te\u017c i inne<br>Wiadomo przecie\u017c jak z pedofilami<br>Cho\u0107by post\u0119puje si\u0119 w kryminale<br>Szatany wierutne sromotne byleby tylko<br>Ku swym wszelkim ob\u0142\u0119dnym zbrodniom<br>Brak s\u0142\u00f3w po prostu jacy<br>To wykoleje\u0144cy popaprani k\u0142amstwami zbrodniami<\/p>\n\n\n\n<figure class=\"wp-block-gallery has-nested-images columns-default is-cropped wp-block-gallery-1 is-layout-flex wp-block-gallery-is-layout-flex\">\n<figure class=\"wp-block-image size-large\"><a href=\"https:\/\/hubertpietka.bialystok.pl\/wp-content\/uploads\/2026\/04\/1000061317.jpg\"><img loading=\"lazy\" decoding=\"async\" width=\"771\" height=\"1024\" data-id=\"10545\" src=\"https:\/\/hubertpietka.bialystok.pl\/wp-content\/uploads\/2026\/04\/1000061317-771x1024.jpg\" alt=\"\" class=\"wp-image-10545\" srcset=\"https:\/\/hubertpietka.bialystok.pl\/wp-content\/uploads\/2026\/04\/1000061317-771x1024.jpg 771w, https:\/\/hubertpietka.bialystok.pl\/wp-content\/uploads\/2026\/04\/1000061317-226x300.jpg 226w, https:\/\/hubertpietka.bialystok.pl\/wp-content\/uploads\/2026\/04\/1000061317-768x1021.jpg 768w, https:\/\/hubertpietka.bialystok.pl\/wp-content\/uploads\/2026\/04\/1000061317-1156x1536.jpg 1156w, https:\/\/hubertpietka.bialystok.pl\/wp-content\/uploads\/2026\/04\/1000061317.jpg 1204w\" sizes=\"auto, (max-width: 771px) 100vw, 771px\" \/><\/a><\/figure>\n<\/figure>\n\n\n\n<p><strong>I ani mi Ani ob\u0142udnicy<br>Zreszt\u0105 wszelacy szata\u0144scy z tymi<br>Zwierz\u0119tami z nami naszymi naszym<br>Totalnie to zepsute szatany i<br>Ci kt\u00f3rzy im s\u0142u\u017c\u0105 te\u017c<br>Staj\u0105 si\u0119 tacy i w\u0142a\u015bnie<br>Skoro s\u0142u\u017c\u0105 takiemu totalnemu zepsuciu<br>Id\u017acie precz od nas ob\u0142udnicy<br>Ca\u0142kowicie w ob\u0142\u0119dzie tych szata\u0144skich<br>Bestii i r\u00f3wnie zepsutego \u0142ajdactwa<\/strong><\/p>\n\n\n\n<figure class=\"wp-block-gallery has-nested-images columns-default is-cropped wp-block-gallery-2 is-layout-flex wp-block-gallery-is-layout-flex\">\n<figure class=\"wp-block-image size-large\"><a href=\"https:\/\/hubertpietka.bialystok.pl\/wp-content\/uploads\/2026\/04\/1000061318.jpg\"><img loading=\"lazy\" decoding=\"async\" width=\"771\" height=\"1024\" data-id=\"10544\" src=\"https:\/\/hubertpietka.bialystok.pl\/wp-content\/uploads\/2026\/04\/1000061318-771x1024.jpg\" alt=\"\" class=\"wp-image-10544\" srcset=\"https:\/\/hubertpietka.bialystok.pl\/wp-content\/uploads\/2026\/04\/1000061318-771x1024.jpg 771w, https:\/\/hubertpietka.bialystok.pl\/wp-content\/uploads\/2026\/04\/1000061318-226x300.jpg 226w, https:\/\/hubertpietka.bialystok.pl\/wp-content\/uploads\/2026\/04\/1000061318-768x1021.jpg 768w, https:\/\/hubertpietka.bialystok.pl\/wp-content\/uploads\/2026\/04\/1000061318-1156x1536.jpg 1156w, https:\/\/hubertpietka.bialystok.pl\/wp-content\/uploads\/2026\/04\/1000061318.jpg 1204w\" sizes=\"auto, (max-width: 771px) 100vw, 771px\" \/><\/a><\/figure>\n<\/figure>\n\n\n\n<p><em>Totalne szatany skoro wszystko<br>U nich tak w\u0142a\u015bnie<br>Pod\u0142ug k\u0142amstw wszelkich najgorszych<br>Fa\u0142szu manipulacji mistyfikacji szata\u0144skich<br>Ku ich zbrodniom wykolejonym popapranym<br>B\u00f3g wam odp\u0142aci jeszcze szatany<br>Za wszelkie wasze zbrodnie k\u0142amstwa<br>Bo nie chcecie si\u0119 nawr\u00f3ci\u0107<br>Z tego wszelkiego ob\u0142\u0119du z\u0142a<\/em><\/p>\n","protected":false},"excerpt":{"rendered":"<p>Poniewa\u017c szatan i jego istneS\u0142ugi diabelskie bestie i \u0142ajdactwoNajbardziej nienawidz\u0105 czysto\u015bci wiernej mi\u0142o\u015bciDlatego te szatany b\u0119d\u0105 mno\u017cy\u0107Czytaj fabrykowa\u0107 niby dowody naJak\u0105\u015b nieczysto\u015b\u0107 nasz\u0105 najlepiej moj\u0105Bo&hellip; <\/p>\n","protected":false},"author":1,"featured_media":0,"parent":0,"menu_order":0,"comment_status":"closed","ping_status":"closed","template":"","meta":{"footnotes":""},"class_list":["post-10543","page","type-page","status-publish","hentry"],"_links":{"self":[{"href":"https:\/\/hubertpietka.bialystok.pl\/index.php?rest_route=\/wp\/v2\/pages\/10543","targetHints":{"allow":["GET"]}}],"collection":[{"href":"https:\/\/hubertpietka.bialystok.pl\/index.php?rest_route=\/wp\/v2\/pages"}],"about":[{"href":"https:\/\/hubertpietka.bialystok.pl\/index.php?rest_route=\/wp\/v2\/types\/page"}],"author":[{"embeddable":true,"href":"https:\/\/hubertpietka.bialystok.pl\/index.php?rest_route=\/wp\/v2\/users\/1"}],"replies":[{"embeddable":true,"href":"https:\/\/hubertpietka.bialystok.pl\/index.php?rest_route=%2Fwp%2Fv2%2Fcomments&post=10543"}],"version-history":[{"count":1,"href":"https:\/\/hubertpietka.bialystok.pl\/index.php?rest_route=\/wp\/v2\/pages\/10543\/revisions"}],"predecessor-version":[{"id":10546,"href":"https:\/\/hubertpietka.bialystok.pl\/index.php?rest_route=\/wp\/v2\/pages\/10543\/revisions\/10546"}],"wp:attachment":[{"href":"https:\/\/hubertpietka.bialystok.pl\/index.php?rest_route=%2Fwp%2Fv2%2Fmedia&parent=10543"}],"curies":[{"name":"wp","href":"https:\/\/api.w.org\/{rel}","templated":true}]}}