{"id":10549,"date":"2026-04-17T21:58:34","date_gmt":"2026-04-17T21:58:34","guid":{"rendered":"https:\/\/hubertpietka.bialystok.pl\/?page_id=10549"},"modified":"2026-04-17T21:58:34","modified_gmt":"2026-04-17T21:58:34","slug":"5-chlebow-2-ryby-w-kluczu-bozym","status":"publish","type":"page","link":"https:\/\/hubertpietka.bialystok.pl\/?page_id=10549","title":{"rendered":"5 chleb\u00f3w 2 ryby \/ w kluczu Bo\u017cym"},"content":{"rendered":"\n<p>&#8222;Jest tu jeden ch\u0142opiec<br>Kt\u00f3ry ma pi\u0119\u0107 chleb\u00f3w j\u0119czmiennych<br>I dwie ryby, lecz c\u00f3\u017c<br>To jest dla tak wielu?&#8221;<\/p>\n\n\n\n<p>Pi\u0119\u0107 cia\u0142 fizycznych nas zwierz\u0105t<br>W orbicie Ko\u015bcio\u0142a i Polski<br>Dwie ryby te i inne<br>W innej konstelacji te\u017c czyli<br>Na palcu r\u00f3\u017caniec i obr\u0105czka<br>Modlitwa sakrament ma\u0142\u017ce\u0144stwa dwie ryby<br>I pi\u0119\u0107 chleb\u00f3w inaczej czyli<br>Nasza praca pojazdy pi\u0142ka miejsca aktywno\u015bci <br>Tw\u00f3rczo\u015bci tej internetowej tylko tyle<br>Dla tak wielu ale to<\/p>\n\n\n\n<figure class=\"wp-block-gallery has-nested-images columns-default is-cropped wp-block-gallery-1 is-layout-flex wp-block-gallery-is-layout-flex\">\n<figure class=\"wp-block-image size-large\"><a href=\"https:\/\/hubertpietka.bialystok.pl\/wp-content\/uploads\/2026\/04\/1000061835-scaled.jpg\"><img loading=\"lazy\" decoding=\"async\" width=\"771\" height=\"1024\" data-id=\"10551\" src=\"https:\/\/hubertpietka.bialystok.pl\/wp-content\/uploads\/2026\/04\/1000061835-771x1024.jpg\" alt=\"\" class=\"wp-image-10551\" srcset=\"https:\/\/hubertpietka.bialystok.pl\/wp-content\/uploads\/2026\/04\/1000061835-771x1024.jpg 771w, https:\/\/hubertpietka.bialystok.pl\/wp-content\/uploads\/2026\/04\/1000061835-226x300.jpg 226w, https:\/\/hubertpietka.bialystok.pl\/wp-content\/uploads\/2026\/04\/1000061835-768x1020.jpg 768w, https:\/\/hubertpietka.bialystok.pl\/wp-content\/uploads\/2026\/04\/1000061835-1157x1536.jpg 1157w, https:\/\/hubertpietka.bialystok.pl\/wp-content\/uploads\/2026\/04\/1000061835-1542x2048.jpg 1542w, https:\/\/hubertpietka.bialystok.pl\/wp-content\/uploads\/2026\/04\/1000061835-scaled.jpg 1928w\" sizes=\"auto, (max-width: 771px) 100vw, 771px\" \/><\/a><\/figure>\n<\/figure>\n\n\n\n<p>Chleby j\u0119czmienne wi\u0119c dla tych<br>Tak zwanych gust\u00f3w wy\u017cszych wydaj\u0105<br>Si\u0119 mia\u0142kie dla tych kt\u00f3rzy<br>O sobie samych maj\u0105 odpowiednio<br>Wysokie mniemanie by ma\u0142ymi wzgardzi\u0107<br>A jednak B\u00f3g daje b\u0142ogos\u0142awi<br>Chlebami takimi i rybami wskazanymi<\/p>\n\n\n\n<p>Nie przemawia tu za mn\u0105<br>Bynajmniej poczucie wy\u017cszo\u015bci lecz pokora<br>Marnych narz\u0119dzi Bo\u017cych wedle Jego<br>Upodobania a kto Bogu zabroni<br>Dzia\u0142a\u0107 tak jak On chce<br>B\u00f3g jest niezale\u017cny w wyborach<\/p>\n\n\n\n<figure class=\"wp-block-gallery has-nested-images columns-default is-cropped wp-block-gallery-2 is-layout-flex wp-block-gallery-is-layout-flex\">\n<figure class=\"wp-block-image size-large\"><a href=\"https:\/\/hubertpietka.bialystok.pl\/wp-content\/uploads\/2026\/04\/1000061852-scaled.jpg\"><img loading=\"lazy\" decoding=\"async\" width=\"771\" height=\"1024\" data-id=\"10550\" src=\"https:\/\/hubertpietka.bialystok.pl\/wp-content\/uploads\/2026\/04\/1000061852-771x1024.jpg\" alt=\"\" class=\"wp-image-10550\" srcset=\"https:\/\/hubertpietka.bialystok.pl\/wp-content\/uploads\/2026\/04\/1000061852-771x1024.jpg 771w, https:\/\/hubertpietka.bialystok.pl\/wp-content\/uploads\/2026\/04\/1000061852-226x300.jpg 226w, https:\/\/hubertpietka.bialystok.pl\/wp-content\/uploads\/2026\/04\/1000061852-768x1020.jpg 768w, https:\/\/hubertpietka.bialystok.pl\/wp-content\/uploads\/2026\/04\/1000061852-1157x1536.jpg 1157w, https:\/\/hubertpietka.bialystok.pl\/wp-content\/uploads\/2026\/04\/1000061852-1542x2048.jpg 1542w, https:\/\/hubertpietka.bialystok.pl\/wp-content\/uploads\/2026\/04\/1000061852-scaled.jpg 1928w\" sizes=\"auto, (max-width: 771px) 100vw, 771px\" \/><\/a><\/figure>\n<\/figure>\n\n\n\n<p><em>Je\u015bli przyjmiecie B\u00f3g pomno\u017cy tak\u017ce<br>Dary wobec was odpowiednio \u017ce<br>Syci b\u0119dziecie nie ja to<br>Wymy\u015bli\u0142em ta perykopa ewangeliczna odpowiednio<br>W kluczu pod\u0142ug odczytu Bo\u017cego<\/em><\/p>\n\n\n\n<p><strong><em><a href=\"https:\/\/youtu.be\/t5ZYxIhQoa8\">Igor Herbut &#8211; Tak ma by\u0107 <\/a><\/em><\/strong><\/p>\n","protected":false},"excerpt":{"rendered":"<p>&#8222;Jest tu jeden ch\u0142opiecKt\u00f3ry ma pi\u0119\u0107 chleb\u00f3w j\u0119czmiennychI dwie ryby, lecz c\u00f3\u017cTo jest dla tak wielu?&#8221; Pi\u0119\u0107 cia\u0142 fizycznych nas zwierz\u0105tW orbicie Ko\u015bcio\u0142a i PolskiDwie&hellip; <\/p>\n","protected":false},"author":1,"featured_media":0,"parent":0,"menu_order":0,"comment_status":"closed","ping_status":"closed","template":"","meta":{"footnotes":""},"class_list":["post-10549","page","type-page","status-publish","hentry"],"_links":{"self":[{"href":"https:\/\/hubertpietka.bialystok.pl\/index.php?rest_route=\/wp\/v2\/pages\/10549","targetHints":{"allow":["GET"]}}],"collection":[{"href":"https:\/\/hubertpietka.bialystok.pl\/index.php?rest_route=\/wp\/v2\/pages"}],"about":[{"href":"https:\/\/hubertpietka.bialystok.pl\/index.php?rest_route=\/wp\/v2\/types\/page"}],"author":[{"embeddable":true,"href":"https:\/\/hubertpietka.bialystok.pl\/index.php?rest_route=\/wp\/v2\/users\/1"}],"replies":[{"embeddable":true,"href":"https:\/\/hubertpietka.bialystok.pl\/index.php?rest_route=%2Fwp%2Fv2%2Fcomments&post=10549"}],"version-history":[{"count":1,"href":"https:\/\/hubertpietka.bialystok.pl\/index.php?rest_route=\/wp\/v2\/pages\/10549\/revisions"}],"predecessor-version":[{"id":10552,"href":"https:\/\/hubertpietka.bialystok.pl\/index.php?rest_route=\/wp\/v2\/pages\/10549\/revisions\/10552"}],"wp:attachment":[{"href":"https:\/\/hubertpietka.bialystok.pl\/index.php?rest_route=%2Fwp%2Fv2%2Fmedia&parent=10549"}],"curies":[{"name":"wp","href":"https:\/\/api.w.org\/{rel}","templated":true}]}}