{"id":10558,"date":"2026-04-20T07:53:42","date_gmt":"2026-04-20T07:53:42","guid":{"rendered":"https:\/\/hubertpietka.bialystok.pl\/?page_id=10558"},"modified":"2026-04-20T07:53:42","modified_gmt":"2026-04-20T07:53:42","slug":"uzurpacje-szatanow-bestii-i-lajdakow-do-przewagi-przemocy-nad-tymi-bozymi-dziecmi","status":"publish","type":"page","link":"https:\/\/hubertpietka.bialystok.pl\/?page_id=10558","title":{"rendered":"Uzurpacje szatan\u00f3w &#8211; bestii i \u0142ajdak\u00f3w \/ do przewagi przemocy &#8211; nad tymi Bo\u017cymi dzie\u0107mi"},"content":{"rendered":"\n<p><em>Strategia psychopat\u00f3w sadyst\u00f3w bestii szata\u0144ska<br>Jest z grubsza ciosana taka<br>Jak nie zabi\u0107 bezpo\u015brednio czy<br>Wzgl\u0119dnie przez zdemoralizowanych us\u0142u\u017cnych \u0142ajdak\u00f3w<br>Jak nie znowu samob\u00f3jstwo sfingowa\u0107<br>To porwa\u0107 zagini\u0119cie spowodowa\u0107 ofiary<br>Kt\u00f3r\u0105 ci szata\u0144scy uzurpatorzy<br>Rz\u0105du dusz na unicestwienie skazali<br>To chocia\u017c zniewoli\u0107 najlepiej przecie\u017c<br>Z dziecka Bo\u017cego przest\u0119pc\u0119 zrobi\u0107<br>A tam w wi\u0119zieniu przest\u0119pcy<br>Drogi ob\u0142\u0119du po\u017c\u0105da\u0144 \u015bmierci dope\u0142ni\u0105<br>Maj\u0105 na to przecie\u017c us\u0142u\u017cnych<br>S\u0142u\u017cbist\u00f3w te bestie do wszelkich<br>Procedur kt\u00f3re maj\u0105 s\u0142u\u017cy\u0107 ich<br>Totalnie zepsutym szata\u0144stwom sady\u015bci psychopaci<\/em><\/p>\n\n\n\n<figure class=\"wp-block-gallery has-nested-images columns-default is-cropped wp-block-gallery-1 is-layout-flex wp-block-gallery-is-layout-flex\">\n<figure class=\"wp-block-image size-large\"><a href=\"https:\/\/hubertpietka.bialystok.pl\/wp-content\/uploads\/2026\/04\/1000062394.jpg\"><img loading=\"lazy\" decoding=\"async\" width=\"771\" height=\"1024\" data-id=\"10559\" src=\"https:\/\/hubertpietka.bialystok.pl\/wp-content\/uploads\/2026\/04\/1000062394-771x1024.jpg\" alt=\"\" class=\"wp-image-10559\" srcset=\"https:\/\/hubertpietka.bialystok.pl\/wp-content\/uploads\/2026\/04\/1000062394-771x1024.jpg 771w, https:\/\/hubertpietka.bialystok.pl\/wp-content\/uploads\/2026\/04\/1000062394-226x300.jpg 226w, https:\/\/hubertpietka.bialystok.pl\/wp-content\/uploads\/2026\/04\/1000062394-768x1021.jpg 768w, https:\/\/hubertpietka.bialystok.pl\/wp-content\/uploads\/2026\/04\/1000062394-1156x1536.jpg 1156w, https:\/\/hubertpietka.bialystok.pl\/wp-content\/uploads\/2026\/04\/1000062394.jpg 1204w\" sizes=\"auto, (max-width: 771px) 100vw, 771px\" \/><\/a><\/figure>\n<\/figure>\n\n\n\n<p><strong>Tak z \u017con\u0105 ze mn\u0105<br>Z innymi dzie\u0107mi Bo\u017cymi czy\u017c<br>Nie tak szatany te\u017c cho\u0107by<br>Z ksi\u0119dzem Olszewskim post\u0119puj\u0105 sobie<br>I z iloma jeszcze cho\u0107by<br>Przeciwnikami lewactwa politycznego tych bestii<br>Tak to z grubsza rozgrywaj\u0105<br>Te bestie z Bo\u017cymi dzie\u0107mi<br>Poza tym uderzaj\u0105c oczywi\u015bcie<br>W to co do nich<br>Nale\u017cy co jest ich dobrem<br>Wykoleje\u0144cy popaprani bo poza tym<br>To maj\u0105 te\u017c r\u00f3\u017cnych bydlak\u00f3w<br>Na napa\u015bci na Bo\u017ce dzieci<br>Maj\u0105 te\u017c r\u00f3\u017cne \u015brodki mordercze<br>Przemoc wszelka prawna kt\u00f3rej podstaw\u0105<br>S\u0105 ob\u0142\u0119dne tych ob\u0142udnik\u00f3w k\u0142amstwa<br>Ma te\u017c s\u0142u\u017cy\u0107 ich szata\u0144stwom<br>Przecie\u017c oni s\u0105 op\u0119tani po\u017c\u0105daniami<br>\u015amierci wobec tych Bo\u017cych dzieci<br>A zniewolenia te\u017c maj\u0105 w\u0142a\u015bnie<br>Prowadzi\u0107 ku temu takie szatany<br>Bestie i pospo\u0142u ich \u0142ajdactwo<br>Kompletnie zdemoralizowane zdegenerowane wynaturzeniami zbrodni<br>Wobec dzieci Bo\u017cych ichniego ichnich<br>Po\u017c\u0105daniami zbrodni w kosmos wyr\u0105bani<br>Od rzeczywisto\u015bci Bo\u017cej oderwani zak\u0142amani<\/strong><\/p>\n\n\n\n<p class=\"has-text-align-right\"><strong><em><a href=\"https:\/\/youtu.be\/xNhzxTVvHk8?si=GyT6dkCxaJueS8xL\">Krzysztof Iwaneczko i Kayah &#8211; Nie dzielcie nas<\/a><\/em><\/strong><\/p>\n","protected":false},"excerpt":{"rendered":"<p>Strategia psychopat\u00f3w sadyst\u00f3w bestii szata\u0144skaJest z grubsza ciosana takaJak nie zabi\u0107 bezpo\u015brednio czyWzgl\u0119dnie przez zdemoralizowanych us\u0142u\u017cnych \u0142ajdak\u00f3wJak nie znowu samob\u00f3jstwo sfingowa\u0107To porwa\u0107 zagini\u0119cie spowodowa\u0107 ofiaryKt\u00f3r\u0105&hellip; <\/p>\n","protected":false},"author":1,"featured_media":0,"parent":0,"menu_order":0,"comment_status":"closed","ping_status":"closed","template":"","meta":{"footnotes":""},"class_list":["post-10558","page","type-page","status-publish","hentry"],"_links":{"self":[{"href":"https:\/\/hubertpietka.bialystok.pl\/index.php?rest_route=\/wp\/v2\/pages\/10558","targetHints":{"allow":["GET"]}}],"collection":[{"href":"https:\/\/hubertpietka.bialystok.pl\/index.php?rest_route=\/wp\/v2\/pages"}],"about":[{"href":"https:\/\/hubertpietka.bialystok.pl\/index.php?rest_route=\/wp\/v2\/types\/page"}],"author":[{"embeddable":true,"href":"https:\/\/hubertpietka.bialystok.pl\/index.php?rest_route=\/wp\/v2\/users\/1"}],"replies":[{"embeddable":true,"href":"https:\/\/hubertpietka.bialystok.pl\/index.php?rest_route=%2Fwp%2Fv2%2Fcomments&post=10558"}],"version-history":[{"count":1,"href":"https:\/\/hubertpietka.bialystok.pl\/index.php?rest_route=\/wp\/v2\/pages\/10558\/revisions"}],"predecessor-version":[{"id":10560,"href":"https:\/\/hubertpietka.bialystok.pl\/index.php?rest_route=\/wp\/v2\/pages\/10558\/revisions\/10560"}],"wp:attachment":[{"href":"https:\/\/hubertpietka.bialystok.pl\/index.php?rest_route=%2Fwp%2Fv2%2Fmedia&parent=10558"}],"curies":[{"name":"wp","href":"https:\/\/api.w.org\/{rel}","templated":true}]}}