{"id":10569,"date":"2026-04-21T15:02:57","date_gmt":"2026-04-21T15:02:57","guid":{"rendered":"https:\/\/hubertpietka.bialystok.pl\/?page_id=10569"},"modified":"2026-04-21T15:02:57","modified_gmt":"2026-04-21T15:02:57","slug":"istota-szatanstwa-a-tego-nominacja","status":"publish","type":"page","link":"https:\/\/hubertpietka.bialystok.pl\/?page_id=10569","title":{"rendered":"Istota szata\u0144stwa \/ a tego nominacja"},"content":{"rendered":"\n<p>A kt\u00f3\u017c jest szatanem jak<br>Nie ten kto szatani zbrodniami<br>I d\u0105\u017cy do nich k\u0142amliwie<br>Za wszelk\u0105 cen\u0119 po trupach<br>Kt\u00f3\u017c jest szatanem jak nie<br>Ten w\u0142a\u015bnie o bestie \u0142ajdactwo<\/p>\n\n\n\n<p>Dzi\u015b \u015bw. *<strong>An-zel-ma<\/strong>* z *<strong>A-osty<\/strong>*<br>*<strong>An ze mn\u0105<\/strong>* ma by\u0107<br>*<strong>A osy<\/strong>* te w\u015bciek\u0142e mam<br>Za przeproszeniem gdzie\u015b bestie \u0142ajdactwo<br>Bo ja nie mam post\u0119powa\u0107<br>Pod\u0142ug tych szatan\u00f3w lecz Boga<br>A wol\u0105 Boga szatany zepsute<br>Zdemoralizowane jest nie \u015bmier\u0107 zniewolenie<br>Lecz \u017cycia wolno\u015bci ochrona obrona<\/p>\n\n\n\n<p><em>Dlatego wy idziecie pod\u0142ug szatana<br>Bo drog\u0105 k\u0142amstw ku zbrodniom<br>Ku \u015bmierci zniewoleniu zniszczeniu op\u0119tani<br>Tym ob\u0142\u0105kani ob\u0142ud\u0105 pod\u0142\u0105 dodatkowo<br>Dlatego tytu\u0142 szatan\u00f3w wam si\u0119<br>Pe\u0142noprawnie przynale\u017cy w\u0142a\u015bnie pod\u0142ug tego<\/em><\/p>\n\n\n\n<figure class=\"wp-block-gallery has-nested-images columns-default is-cropped wp-block-gallery-1 is-layout-flex wp-block-gallery-is-layout-flex\">\n<figure class=\"wp-block-image size-large\"><a href=\"https:\/\/hubertpietka.bialystok.pl\/wp-content\/uploads\/2026\/04\/1000062612.jpg\"><img loading=\"lazy\" decoding=\"async\" width=\"771\" height=\"1024\" data-id=\"10570\" src=\"https:\/\/hubertpietka.bialystok.pl\/wp-content\/uploads\/2026\/04\/1000062612-771x1024.jpg\" alt=\"\" class=\"wp-image-10570\" srcset=\"https:\/\/hubertpietka.bialystok.pl\/wp-content\/uploads\/2026\/04\/1000062612-771x1024.jpg 771w, https:\/\/hubertpietka.bialystok.pl\/wp-content\/uploads\/2026\/04\/1000062612-226x300.jpg 226w, https:\/\/hubertpietka.bialystok.pl\/wp-content\/uploads\/2026\/04\/1000062612-768x1021.jpg 768w, https:\/\/hubertpietka.bialystok.pl\/wp-content\/uploads\/2026\/04\/1000062612-1156x1536.jpg 1156w, https:\/\/hubertpietka.bialystok.pl\/wp-content\/uploads\/2026\/04\/1000062612.jpg 1204w\" sizes=\"auto, (max-width: 771px) 100vw, 771px\" \/><\/a><\/figure>\n<\/figure>\n\n\n\n<p><strong>Ani mi Ani z nami<br>Naszymi naszym id\u017acie precz szatany<\/strong><\/p>\n\n\n\n<p><\/p>\n","protected":false},"excerpt":{"rendered":"<p>A kt\u00f3\u017c jest szatanem jakNie ten kto szatani zbrodniamiI d\u0105\u017cy do nich k\u0142amliwieZa wszelk\u0105 cen\u0119 po trupachKt\u00f3\u017c jest szatanem jak nieTen w\u0142a\u015bnie o bestie \u0142ajdactwo&hellip; <\/p>\n","protected":false},"author":1,"featured_media":0,"parent":0,"menu_order":0,"comment_status":"closed","ping_status":"closed","template":"","meta":{"footnotes":""},"class_list":["post-10569","page","type-page","status-publish","hentry"],"_links":{"self":[{"href":"https:\/\/hubertpietka.bialystok.pl\/index.php?rest_route=\/wp\/v2\/pages\/10569","targetHints":{"allow":["GET"]}}],"collection":[{"href":"https:\/\/hubertpietka.bialystok.pl\/index.php?rest_route=\/wp\/v2\/pages"}],"about":[{"href":"https:\/\/hubertpietka.bialystok.pl\/index.php?rest_route=\/wp\/v2\/types\/page"}],"author":[{"embeddable":true,"href":"https:\/\/hubertpietka.bialystok.pl\/index.php?rest_route=\/wp\/v2\/users\/1"}],"replies":[{"embeddable":true,"href":"https:\/\/hubertpietka.bialystok.pl\/index.php?rest_route=%2Fwp%2Fv2%2Fcomments&post=10569"}],"version-history":[{"count":1,"href":"https:\/\/hubertpietka.bialystok.pl\/index.php?rest_route=\/wp\/v2\/pages\/10569\/revisions"}],"predecessor-version":[{"id":10571,"href":"https:\/\/hubertpietka.bialystok.pl\/index.php?rest_route=\/wp\/v2\/pages\/10569\/revisions\/10571"}],"wp:attachment":[{"href":"https:\/\/hubertpietka.bialystok.pl\/index.php?rest_route=%2Fwp%2Fv2%2Fmedia&parent=10569"}],"curies":[{"name":"wp","href":"https:\/\/api.w.org\/{rel}","templated":true}]}}