{"id":10573,"date":"2026-04-22T09:30:07","date_gmt":"2026-04-22T09:30:07","guid":{"rendered":"https:\/\/hubertpietka.bialystok.pl\/?page_id=10573"},"modified":"2026-04-22T09:30:07","modified_gmt":"2026-04-22T09:30:07","slug":"wykolejency-popaprani-badz-mily-nie-nazywaj-zbrodni-obledu-szatanow-podlug-atrybutow-temu-przynaleznych","status":"publish","type":"page","link":"https:\/\/hubertpietka.bialystok.pl\/?page_id=10573","title":{"rendered":"Wykoleje\u0144cy popaprani \/ b\u0105d\u017a mi\u0142y &#8211; nie nazywaj zbrodni ob\u0142\u0119du szatan\u00f3w \/ pod\u0142ug atrybut\u00f3w temu przynale\u017cnych"},"content":{"rendered":"\n<p>Podobno najwa\u017cniejsze &#8222;to by\u0107 mi\u0142ym<br>I \u017cyczliwym&#8221; a bestie jak<br>Morduj\u0105 to s\u0105 mi\u0142e \u017cyczliwe<br>Czy jak w inny spos\u00f3b<br>Z\u0142oczyni\u0105 a szanta\u017cuj\u0105 te\u017c mile<\/p>\n\n\n\n<p>&#8222;N\u00f3\u017c mi si\u0119 w kieszeni<br>Otwiera&#8221; jak s\u0142ysz\u0119 to cho\u0107by<br>W ko\u015bciele co za infantylizm<br>Poziom czterolatka chocia\u017c i one<br>O zgrozo potrafi\u0105 by\u0107 niegrzeczne<\/p>\n\n\n\n<p>A Jezus by\u0142 zawsze taki<br>Mi\u0142y i \u017cyczliwy chyba si\u0119<br>Pomyli\u0142 trzeba zmieni\u0107 s\u0142owa Jezusa<br>Gdy m\u00f3wi\u0142 cho\u0107by &#8222;plemi\u0119 \u017cmijowe<br>Jak wy mo\u017cecie uj\u015b\u0107 tego<br>Pot\u0119pienia w piekle&#8221; zmieni\u0107 Ewangeli\u0119<br>A mo\u017ce jest takie przykazanie<br>&#8222;Najwa\u017cniejsze to by\u0107 mi\u0142ym \u017cyczliwym&#8221;<br>Chyba w nowomowie k\u0142amstw ideologicznych<br>Bo jednocze\u015bnie to mordowa\u0107 k\u0142ama\u0107<br>Dzia\u0142a\u0107 ob\u0142udnie nie przeszkadza wcale<\/p>\n\n\n\n<p>A &#8222;id\u017a precz szatanie&#8221; Jezusa<br>Jak\u017ce\u017c to niepoprawne politycznie strasznie<br>Jezus powinien przecie\u017c m\u00f3wi\u0107 cho\u0107by<br>W ten spos\u00f3b &#8222;przepraszam ci\u0119<br>Szatanie \u017ce poprosz\u0119 ci\u0119 aby\u015b<br>\u0141askawie ode mnie odszed\u0142&#8221; (sic!)<\/p>\n\n\n\n<figure class=\"wp-block-gallery has-nested-images columns-default is-cropped wp-block-gallery-1 is-layout-flex wp-block-gallery-is-layout-flex\">\n<figure class=\"wp-block-image size-large\"><a href=\"https:\/\/hubertpietka.bialystok.pl\/wp-content\/uploads\/2026\/04\/1000062667.jpg\"><img loading=\"lazy\" decoding=\"async\" width=\"1024\" height=\"771\" data-id=\"10574\" src=\"https:\/\/hubertpietka.bialystok.pl\/wp-content\/uploads\/2026\/04\/1000062667-1024x771.jpg\" alt=\"\" class=\"wp-image-10574\" srcset=\"https:\/\/hubertpietka.bialystok.pl\/wp-content\/uploads\/2026\/04\/1000062667-1024x771.jpg 1024w, https:\/\/hubertpietka.bialystok.pl\/wp-content\/uploads\/2026\/04\/1000062667-300x226.jpg 300w, https:\/\/hubertpietka.bialystok.pl\/wp-content\/uploads\/2026\/04\/1000062667-768x578.jpg 768w, https:\/\/hubertpietka.bialystok.pl\/wp-content\/uploads\/2026\/04\/1000062667-1536x1156.jpg 1536w, https:\/\/hubertpietka.bialystok.pl\/wp-content\/uploads\/2026\/04\/1000062667.jpg 1600w\" sizes=\"auto, (max-width: 1024px) 100vw, 1024px\" \/><\/a><\/figure>\n<\/figure>\n\n\n\n<p>Bo z tymi \u017cyczliwymi milutkimi<br>Kt\u00f3rzy cho\u0107by s\u0142onia opisuj\u0105 atrybutami<br>Opisu motyla nie zwa\u017caj\u0105c wcale<br>\u017be twarda materia wymaga s\u0142\u00f3w<br>Odpowiednio mocnych jak cho\u0107by w<br>Staro\u017cytnej zasadzie decorum czyli odpowiednio\u015bci<br>Tre\u015bci materii do frazeologii formy<br>Ale przecie\u017c teraz mamy poprawno\u015b\u0107<br>Polityczn\u0105 jedynie s\u0142uszn\u0105 a nie<br>Lubi\u0105 ob\u0142udnicy jak si\u0119 ich<br>Tak odpowiednio nazywa morderc\u00f3w mordercami<br>A k\u0142amc\u00f3w k\u0142amcami zbrodniarzy zbrodniarzami<br>Oni wol\u0105 by\u0107 przedstawiani jako<br>Zbawcy ludzko\u015bci eliminuj\u0105cy \u015bmieci ludzkie<br>Jak cho\u0107by to wsp\u00f3\u0142czesne bestialstwo<br>M\u0119cze\u0144stwo niezawinione ty\u0142u istnie\u0144 ludzkich<br>A kto szatani zbrodniami ob\u0142udnie<br>Jest szatanem koniec i kropka<br>Bo sprzeciwia si\u0119 Bogu i<br>Jego przykazaniom wbrew nowomowie ideologicznej<\/p>\n\n\n\n<p>A poza tym drodzy chrze\u015bcijanie<br>M\u00f3wi\u0142em ju\u017c kochajmy mi\u0142ujmy bestie<br>A one niech nas najlepiej<br>Wszystkich wyko\u0144cz\u0105 i przebaczajmy najlepiej<br>W imi\u0119 tych kt\u00f3rych oni<br>Ju\u017c zamordowali zniszczyli zniewolili przebaczajmy<br>Im z g\u00f3ry a oni niech<br>Sobie dalej czyni\u0105 wszelkie popaprane<br>Procedery szatana ob\u0142ud\u0105 szanta\u017cem zbrodniami<\/p>\n\n\n\n<p><em>To samo przecie\u017c w stosunku<br>Do nas naszego i naszych<br>Jak do niewinnych zbrodni innych<br>A ty najlepiej \u017ceby\u015b nie<br>M\u00f3g\u0142 si\u0119 broni\u0107 by\u015b zosta\u0142<br>Sparali\u017cowany nawet w nazywaniu odpowiednim<br>Zbrodni ob\u0142udy k\u0142amstw tych szatan\u00f3w<br>Bestii i wsp\u00f3\u0142pracuj\u0105cego z nimi<br>\u0141ajdactwa we wszelkich zbrodniach wobec<br>Nas naszego i naszych najpierw<br>\u017bony r\u00f3wnolegle wobec mnie bliskich<br>Tych zwierz\u0105t tego co mamy<br>Takie to szatany wytr\u0105ci\u0107 mi<br>Z r\u0105k nawet obron\u0119 s\u0142owem<br>I wed\u0142ug zasady odpowiednio\u015bci nazywania<br>Szata\u0144stw szata\u0144stwami i szatan\u00f3w szatanami<br>Wiadomo przecie\u017c \u017ce to si\u0119<br>Nie podoba szatanom oni chc\u0105<br>Przecie\u017c swobodnie czyni\u0107 ci\u0105gle zbrodnie<br>Swe wszystkie chore op\u0119tane ob\u0142ud\u0105<br>Ob\u0142\u0119d bestii i \u0142ajdactwa jest<br>Wr\u0119cz ju\u017c chyba nie do<br>Opisania i ta ca\u0142a relatywizacja<br>Postaw s\u0142\u00f3w warto\u015bci ob\u0142\u0119d chory<\/em><\/p>\n\n\n\n<p>I na koniec przyk\u0142ad taki<br>Nie mo\u017cna m\u00f3wi\u0107 niemile nie\u017cyczliwie<br>Trzeba by\u0107 infantylnym przedszkolakiem przecie\u017c<br>Tak\u017ce w chrze\u015bcija\u0144stwie nie chodzi<br>Przecie\u017c o prze\u017cywanie wiary i rzeczywisto\u015bci<br>W Bo\u017cej prawdzie a jednocze\u015bnie<br>Tych samych przedszkolak\u00f3w mo\u017cna degenerowa\u0107<br>Wszelk\u0105 nieczysto\u015bci\u0105 seksualn\u0105 \u0142\u0105cznie z<br>Zboczeniami jak najgorszymi ale przecie\u017c<br>To pasuje in\u017cynierii szata\u0144skiej wsp\u00f3\u0142czesnego<br>Rz\u0105du dusz a wiadomo \u017ce<br>Najlepiej rz\u0105dzi si\u0119 niewolnikami zdegradowanymi<br>Moralnie zniewoleniem seksem pija\u0144stwem itp<\/p>\n\n\n\n<figure class=\"wp-block-gallery has-nested-images columns-default is-cropped wp-block-gallery-2 is-layout-flex wp-block-gallery-is-layout-flex\">\n<figure class=\"wp-block-image size-large\"><a href=\"https:\/\/hubertpietka.bialystok.pl\/wp-content\/uploads\/2026\/04\/1000062668.jpg\"><img loading=\"lazy\" decoding=\"async\" width=\"771\" height=\"1024\" data-id=\"10575\" src=\"https:\/\/hubertpietka.bialystok.pl\/wp-content\/uploads\/2026\/04\/1000062668-771x1024.jpg\" alt=\"\" class=\"wp-image-10575\" srcset=\"https:\/\/hubertpietka.bialystok.pl\/wp-content\/uploads\/2026\/04\/1000062668-771x1024.jpg 771w, https:\/\/hubertpietka.bialystok.pl\/wp-content\/uploads\/2026\/04\/1000062668-226x300.jpg 226w, https:\/\/hubertpietka.bialystok.pl\/wp-content\/uploads\/2026\/04\/1000062668-768x1021.jpg 768w, https:\/\/hubertpietka.bialystok.pl\/wp-content\/uploads\/2026\/04\/1000062668-1156x1536.jpg 1156w, https:\/\/hubertpietka.bialystok.pl\/wp-content\/uploads\/2026\/04\/1000062668.jpg 1204w\" sizes=\"auto, (max-width: 771px) 100vw, 771px\" \/><\/a><\/figure>\n<\/figure>\n\n\n\n<p><strong>Ani mi Ani ob\u0142\u0105ka\u0144cy zbrodniami<br>Z nami naszymi i naszym<br>I id\u017acie precz ob\u0142udnicy szata\u0144scy<br>Zreszt\u0105 wszelacy zawodowi prywatni s\u0142u\u017cbowi<br>\u0141ajdacy popaprani bestii chorymi zbrodniami<br>Jezu ufam Tobie prowad\u017a Panie<br>Wbrew tej ob\u0142udzie ob\u0142\u0105kanej ideologii<br>Relatywizmu ave Maria i niech<br>Ludzko\u015b\u0107 wreszcie przejrzy czym jest<br>To wszystko ob\u0142\u0119d k\u0142amstw ideologii<br>I zbrodni tych wykolejonych bestii<br>Od moralno\u015bci wszelkiej Bo\u017cejj prawdziwej<\/strong><\/p>\n\n\n\n<hr class=\"wp-block-separator has-alpha-channel-opacity\"\/>\n\n\n\n<p class=\"has-text-align-center\">( <strong><em><a href=\"https:\/\/youtu.be\/Im-yx_qDtXM\">JacyTacy Band &#8211; Modlitwa : J. Tuwim<\/a><\/em><\/strong> )<\/p>\n\n\n\n<p class=\"has-text-align-right\">( <strong><em><a href=\"https:\/\/youtu.be\/FDCpCe4uHl0\">Walcz\u0119 do ko\u0144ca jak wilk<\/a><\/em><\/strong> )<\/p>\n\n\n\n<p><strong><em><a href=\"https:\/\/youtu.be\/Mx6JIFHJlCU\">Krzysztof Iwaneczko i Paulina Sykut  &#8211; Daj nam chwil\u0119 <\/a><\/em><\/strong><\/p>\n","protected":false},"excerpt":{"rendered":"<p>Podobno najwa\u017cniejsze &#8222;to by\u0107 mi\u0142ymI \u017cyczliwym&#8221; a bestie jakMorduj\u0105 to s\u0105 mi\u0142e \u017cyczliweCzy jak w inny spos\u00f3bZ\u0142oczyni\u0105 a szanta\u017cuj\u0105 te\u017c mile &#8222;N\u00f3\u017c mi si\u0119 w&hellip; <\/p>\n","protected":false},"author":1,"featured_media":0,"parent":0,"menu_order":0,"comment_status":"closed","ping_status":"closed","template":"","meta":{"footnotes":""},"class_list":["post-10573","page","type-page","status-publish","hentry"],"_links":{"self":[{"href":"https:\/\/hubertpietka.bialystok.pl\/index.php?rest_route=\/wp\/v2\/pages\/10573","targetHints":{"allow":["GET"]}}],"collection":[{"href":"https:\/\/hubertpietka.bialystok.pl\/index.php?rest_route=\/wp\/v2\/pages"}],"about":[{"href":"https:\/\/hubertpietka.bialystok.pl\/index.php?rest_route=\/wp\/v2\/types\/page"}],"author":[{"embeddable":true,"href":"https:\/\/hubertpietka.bialystok.pl\/index.php?rest_route=\/wp\/v2\/users\/1"}],"replies":[{"embeddable":true,"href":"https:\/\/hubertpietka.bialystok.pl\/index.php?rest_route=%2Fwp%2Fv2%2Fcomments&post=10573"}],"version-history":[{"count":1,"href":"https:\/\/hubertpietka.bialystok.pl\/index.php?rest_route=\/wp\/v2\/pages\/10573\/revisions"}],"predecessor-version":[{"id":10576,"href":"https:\/\/hubertpietka.bialystok.pl\/index.php?rest_route=\/wp\/v2\/pages\/10573\/revisions\/10576"}],"wp:attachment":[{"href":"https:\/\/hubertpietka.bialystok.pl\/index.php?rest_route=%2Fwp%2Fv2%2Fmedia&parent=10573"}],"curies":[{"name":"wp","href":"https:\/\/api.w.org\/{rel}","templated":true}]}}