{"id":10578,"date":"2026-04-22T22:41:09","date_gmt":"2026-04-22T22:41:09","guid":{"rendered":"https:\/\/hubertpietka.bialystok.pl\/?page_id=10578"},"modified":"2026-04-22T22:41:09","modified_gmt":"2026-04-22T22:41:09","slug":"spoleczenstwo-antagonizowac-chocby-tumanow-bez-szkoly-wobec-wyksztalconych-i-deprawowac-wartosci-moralne-niszczyc-cel-bestii-szatansko-perfidny","status":"publish","type":"page","link":"https:\/\/hubertpietka.bialystok.pl\/?page_id=10578","title":{"rendered":"Spo\u0142ecze\u0144stwo antagonizowa\u0107 cho\u0107by \/ &#8222;tuman\u00f3w bez szko\u0142y&#8221; wobec wykszta\u0142conych &#8211; i deprawowa\u0107 \/ warto\u015bci moralne niszczy\u0107 &#8211; cel bestii szata\u0144sko perfidny"},"content":{"rendered":"\n<p>Autorytety szatan\u00f3w bestii czyli budowla\u0144cy<br>Najlepiej &#8222;tumany bez szko\u0142y&#8221; by<br>Przy okazji deprecjonowa\u0107 wykszta\u0142cenie odpowiednio<br>I oczywi\u015bcie bydlaki ob\u0142udne wtedy<br>Gdy zeznaj\u0105 odpowiednio co chc\u0105<br>Te szatany masakra byleby tylko<br>Szatani\u0107 odpowiednio to na wszystko<br>Te szata\u0144skie bestie znajd\u0105 sobie<br>\u0141ajdak\u00f3w pod\u0142ych a jak\u017ce odpowiednich<br>Je\u015bli tylko zeznaj\u0105 co chc\u0105<br>Szatany a przy okazji sprzedawczyk\u00f3w<br>Si\u0119 op\u0142aci odpowiednio jakichkolwiek zreszt\u0105<br>Masakra co za szatany zepsute<br>Zdeprawowane popapra\u0144cy godni wykolejenia wzajemnego<\/p>\n\n\n\n<p>Bo przecie\u017c bestie \u0142ajdackie lubi\u0105<br>Sprzedawczyk\u00f3w takich \u0142ajdackich najlepiej prostak\u00f3w<br>Pijak\u00f3w przest\u0119pc\u00f3w itp itd bo<br>Widocznie bestie same &#8222;tumany bez<br>Szko\u0142y&#8221; a tacy kompleks maj\u0105<br>Zwykle wobec tych dobrze wykszta\u0142conych<\/p>\n\n\n\n<p>I ja si\u0119 wcale nie<br>Wynosz\u0119 kosztem kogo\u015b i wcale<br>Nie pogardzam tymi kt\u00f3rzy mo\u017ce<br>Nie mieli mo\u017cliwo\u015bci zdoby\u0107 wykszta\u0142cenie<br>Neguj\u0119 pod\u0142e sprzedajne sprzedawczykowstwo judaszowe<br>Wobec cho\u0107by tych dzieci Bo\u017cych<br>Byleby te szatany swe zbrodnie<br>Mogli spe\u0142ni\u0107 wykorzystuj\u0105c bydlak\u00f3w odpowiednich<\/p>\n\n\n\n<p>Poza tym sam mam znajomych<br>Kt\u00f3rzy s\u0105 budowla\u0144cami cho\u0107by lecz<br>Wykszta\u0142cenie maj\u0105 niezgorsze po prostu<br>Taki zaw\u00f3d im wypad\u0142 odpowiednio<br>Bo to nie chodzi o<br>Wykszta\u0142cenie czy te\u017c nie lecz<br>O \u0142ajdaczenia sprzedajne wobec tych<br>Szatan\u00f3w a i w\u015br\u00f3d wykszta\u0142conych<br>Debile by\u0107 mog\u0105 bo wykszta\u0142cenie<br>Nie zawsze oznacza m\u0105dro\u015b\u0107 czy<br>Chocia\u017c poziom moralny troch\u0119 wy\u017cszy<br>Ni\u017c przeci\u0119tna prostactwa bydlacz\u0105cego bestialstwo<\/p>\n\n\n\n<p>Takie refleksje wobec bestii kt\u00f3re<br>Raczej z tego co widz\u0119<br>S\u0105 prostackie bez wykszta\u0142cenia wy\u017cszego<br>\u017be o jakimkolwiek poziomie moralnym<br>Ju\u017c nawet i nie wspomn\u0119<br>Wi\u0119c naturalne jest dla nich<br>Nagabywanie i pozyskiwanie sprzedawczyk\u00f3w z<br>Prostak\u00f3w im przecie\u017c raczej podobnych<br>Takich czy innych moralnie zdeprawowanych<br>Tak czy inaczej naturalny grunt<br>To przecie\u017c do \u0142ajdactw sprzedajnych<\/p>\n\n\n\n<p>Poza tym z tego co<br>Wiem to bestie morduj\u0105 elit\u0119<br>Wykszta\u0142con\u0105 tego narodu tak jak<br>Robili hitlerowcy i stalinowcy w<br>Katyniu cho\u0107by czy to co<br>Zrobiono te\u017c odpowiednio w Smole\u0144sku<br>Chyba w kontynuacji zbrodni katy\u0144skiej<br>Kimkolwiek zreszt\u0105 s\u0105 te bestie<\/p>\n\n\n\n<p>Wi\u0119c naturalne dla nich jest<br>Te\u017c nas wyka\u0144czanie bo poza<br>Wykszta\u0142cenia spraw\u0105 bestie \u017cywej prawdziwej<br>Wiary i Ko\u015bcio\u0142a prawowiernego nienawidz\u0105<br>Takie to niesko\u0144czone totalne szatany<\/p>\n\n\n\n<figure class=\"wp-block-gallery has-nested-images columns-default is-cropped wp-block-gallery-1 is-layout-flex wp-block-gallery-is-layout-flex\">\n<figure class=\"wp-block-image size-large\"><a href=\"https:\/\/hubertpietka.bialystok.pl\/wp-content\/uploads\/2026\/04\/1000062815-scaled.jpg\"><img loading=\"lazy\" decoding=\"async\" width=\"771\" height=\"1024\" data-id=\"10579\" src=\"https:\/\/hubertpietka.bialystok.pl\/wp-content\/uploads\/2026\/04\/1000062815-771x1024.jpg\" alt=\"\" class=\"wp-image-10579\" srcset=\"https:\/\/hubertpietka.bialystok.pl\/wp-content\/uploads\/2026\/04\/1000062815-771x1024.jpg 771w, https:\/\/hubertpietka.bialystok.pl\/wp-content\/uploads\/2026\/04\/1000062815-226x300.jpg 226w, https:\/\/hubertpietka.bialystok.pl\/wp-content\/uploads\/2026\/04\/1000062815-768x1020.jpg 768w, https:\/\/hubertpietka.bialystok.pl\/wp-content\/uploads\/2026\/04\/1000062815-1157x1536.jpg 1157w, https:\/\/hubertpietka.bialystok.pl\/wp-content\/uploads\/2026\/04\/1000062815-1542x2048.jpg 1542w, https:\/\/hubertpietka.bialystok.pl\/wp-content\/uploads\/2026\/04\/1000062815-scaled.jpg 1928w\" sizes=\"auto, (max-width: 771px) 100vw, 771px\" \/><\/a><\/figure>\n<\/figure>\n\n\n\n<p><strong>Ani mi Ani z nami<br>Naszymi i naszym prostacy szata\u0144scy<br>Nawet je\u015bli bogaci s\u0105 jako\u015b<br>Id\u017acie precz do ojca swego<br>Diab\u0142a z waszymi k\u0142amstwami zbrodniami<br>Ave Maryja Jezu ufam amen<\/strong><\/p>\n","protected":false},"excerpt":{"rendered":"<p>Autorytety szatan\u00f3w bestii czyli budowla\u0144cyNajlepiej &#8222;tumany bez szko\u0142y&#8221; byPrzy okazji deprecjonowa\u0107 wykszta\u0142cenie odpowiednioI oczywi\u015bcie bydlaki ob\u0142udne wtedyGdy zeznaj\u0105 odpowiednio co chc\u0105Te szatany masakra byleby tylkoSzatani\u0107&hellip; <\/p>\n","protected":false},"author":1,"featured_media":0,"parent":0,"menu_order":0,"comment_status":"closed","ping_status":"closed","template":"","meta":{"footnotes":""},"class_list":["post-10578","page","type-page","status-publish","hentry"],"_links":{"self":[{"href":"https:\/\/hubertpietka.bialystok.pl\/index.php?rest_route=\/wp\/v2\/pages\/10578","targetHints":{"allow":["GET"]}}],"collection":[{"href":"https:\/\/hubertpietka.bialystok.pl\/index.php?rest_route=\/wp\/v2\/pages"}],"about":[{"href":"https:\/\/hubertpietka.bialystok.pl\/index.php?rest_route=\/wp\/v2\/types\/page"}],"author":[{"embeddable":true,"href":"https:\/\/hubertpietka.bialystok.pl\/index.php?rest_route=\/wp\/v2\/users\/1"}],"replies":[{"embeddable":true,"href":"https:\/\/hubertpietka.bialystok.pl\/index.php?rest_route=%2Fwp%2Fv2%2Fcomments&post=10578"}],"version-history":[{"count":1,"href":"https:\/\/hubertpietka.bialystok.pl\/index.php?rest_route=\/wp\/v2\/pages\/10578\/revisions"}],"predecessor-version":[{"id":10580,"href":"https:\/\/hubertpietka.bialystok.pl\/index.php?rest_route=\/wp\/v2\/pages\/10578\/revisions\/10580"}],"wp:attachment":[{"href":"https:\/\/hubertpietka.bialystok.pl\/index.php?rest_route=%2Fwp%2Fv2%2Fmedia&parent=10578"}],"curies":[{"name":"wp","href":"https:\/\/api.w.org\/{rel}","templated":true}]}}