{"id":10582,"date":"2026-04-23T11:31:52","date_gmt":"2026-04-23T11:31:52","guid":{"rendered":"https:\/\/hubertpietka.bialystok.pl\/?page_id=10582"},"modified":"2026-04-23T11:31:52","modified_gmt":"2026-04-23T11:31:52","slug":"rozgrywki-na-najnizszych-instynktach-bestii-wobec-lajdakow-wszelakich-przeciwko-nam-naszemu-i-naszym","status":"publish","type":"page","link":"https:\/\/hubertpietka.bialystok.pl\/?page_id=10582","title":{"rendered":"Rozgrywki na najni\u017cszych instynktach \/ bestii wobec \u0142ajdak\u00f3w wszelakich &#8211; przeciwko nam naszemu i naszym"},"content":{"rendered":"\n<p>Tak naprawd\u0119 to ja<br>Nie mam nic do budowla\u0144c\u00f3w<br>Do misiowych i innych s\u0142u\u017cbist\u00f3w<br>Do uwik\u0142anych w na\u0142ogi itp<br>Ale prawda jest te\u017c taka<br>\u017be te bestie najch\u0119tniej wik\u0142aj\u0105<br>W swe \u0142ajdactwa ludzi prostackich<br>Bo u takich naj\u0142atwiej rozgrywa\u0107<br>Wszystko na niskich instynktach<br>Takich lubi\u0105 wykorzystywa\u0107 te szatany<br>Do swoich \u0142ajdactw wszelkich<br>Poza tym jak w komunie<br>Te bestie pr\u00f3buj\u0105 uczyni\u0107 z<br>Tego spo\u0142ecze\u0144stwa ludzi bezsumiennych donosicieli<br>By tak funkcjonowa\u0142o policyjne pa\u0144stwo<br>W\u0142a\u015bnie jak w tamtym systemie<br>A ja nigdy nie r\u00f3\u017cnicowa\u0142em<br>Ludzi pod\u0142ug wykszta\u0142cenia zawodu mienia<br>Nie mog\u0119 jednak chwali\u0107 tych<br>Na kt\u00f3rych najni\u017cszych instynktach ku<br>Swym chorym zbrodniom rozgrywaj\u0105 bestie<br>Zreszt\u0105 \u0142ajdak\u00f3w zbrodni bestii wszelkich<\/p>\n\n\n\n<p>Na tej te\u017c zasadzie odbywa<br>Si\u0119 psucie moralne dzieci wsp\u00f3\u0142cze\u015bnie<br>Wykastrowa\u0107 kanon lektur pod\u0142ug warto\u015bci<br>Wyeliminowa\u0107 autorytety moralne historyczne religijne<br>To jest w tym samym<br>Nurcie psucia ludzi i rozgrywania<br>Nimi pod\u0142ug najni\u017cszych instynkt\u00f3w<br>W tej samej kolebce jest<br>Przecie\u017c seksualizacja i rozpijanie ludzi<br>Niewolnikami mo\u017cna przecie\u017c rz\u0105dzi\u0107 skutecznie<br>A kto\u015b kto jest niewolnikiem<br>Deprawacji seksem pija\u0144stwem itp itd<br>Kto jest zdegenerowany moralnie to<br>Takim jest rozgrywa\u0107 naj\u0142atwiej<br>Wiedz\u0105 to bestie i tak<br>To pr\u00f3buj\u0105 robi\u0107 w tym<br>Spo\u0142ecze\u0144stwie pa\u0144stwie mie\u015bcie na tym<br>Osiedlu by zantaganizowa\u0107 te\u017c do<br>Nas wszystkich odpowiednio by m\u00f3c<br>Przeprowadza\u0107 swe chore szata\u0144skie zbrodnie<br>Na wszelkich swych ob\u0142\u0119dnych poziomach<\/p>\n\n\n\n<p><strong><em><a href=\"https:\/\/youtu.be\/q4EM1jSg92k\">Elektryczne Gitary &#8211; Dzieci wybieg\u0142y <\/a><\/em><\/strong><\/p>\n\n\n\n<p><em>Uderzania w \u017con\u0119 \u015bmierci\u0105 zniewoleniem<br>We mnie podobnie tak naprawd\u0119<br>I w te zwierz\u0119ta w bliskich<br>Na innych poziomach w nasze<br>Miejsca pojazdy prace finansowe \u015brodki<br>Takie to s\u0105 te szatany<br>I tak to oni wobec<br>Nas rozgrywaj\u0105 na najni\u017cszych<br>Instynktach ludzi przez bestie zniewolonych<br>Bo na pewno cho\u0107by niby<br>Konieczno\u015bci\u0105 lub niby porzytkiem ich<br>Wszelkich ob\u0142\u0119dnie chorych szata\u0144skich zbrodni<\/em><\/p>\n\n\n\n<figure class=\"wp-block-gallery has-nested-images columns-default is-cropped wp-block-gallery-1 is-layout-flex wp-block-gallery-is-layout-flex\">\n<figure class=\"wp-block-image size-large\"><a href=\"https:\/\/hubertpietka.bialystok.pl\/wp-content\/uploads\/2026\/04\/1000063080.jpg\"><img loading=\"lazy\" decoding=\"async\" width=\"771\" height=\"1024\" data-id=\"10583\" src=\"https:\/\/hubertpietka.bialystok.pl\/wp-content\/uploads\/2026\/04\/1000063080-771x1024.jpg\" alt=\"\" class=\"wp-image-10583\" srcset=\"https:\/\/hubertpietka.bialystok.pl\/wp-content\/uploads\/2026\/04\/1000063080-771x1024.jpg 771w, https:\/\/hubertpietka.bialystok.pl\/wp-content\/uploads\/2026\/04\/1000063080-226x300.jpg 226w, https:\/\/hubertpietka.bialystok.pl\/wp-content\/uploads\/2026\/04\/1000063080-768x1021.jpg 768w, https:\/\/hubertpietka.bialystok.pl\/wp-content\/uploads\/2026\/04\/1000063080-1156x1536.jpg 1156w, https:\/\/hubertpietka.bialystok.pl\/wp-content\/uploads\/2026\/04\/1000063080.jpg 1204w\" sizes=\"auto, (max-width: 771px) 100vw, 771px\" \/><\/a><\/figure>\n<\/figure>\n\n\n\n<p><strong>Ani mi Ani szatany<br>Bestie i \u0142ajdacy jacy tacy<br>Z nami naszymi i naszym<br>I id\u017acie precz ludzie zniewoleni<br>Ideologi\u0105 k\u0142amstw bestii najni\u017cszymi instynktami<br>Od nas naszego i naszych<br>Zreszt\u0105 wszelacy zawodowi prywatni s\u0142u\u017cbowi<br>Gdziekolwiek zreszt\u0105 wsz\u0119dzie \u0142ajdactwo przecie\u017c<br>Zdemoralizowane zdegradowane moralnie maj\u0105 bestie<br>Bo ci post\u0119puj\u0105 pod\u0142ug ich<br>K\u0142amstw w postawie sromotnej ob\u0142udy<br>Jakikolwiek by przybiera\u0142a ona pozory<\/strong><\/p>\n","protected":false},"excerpt":{"rendered":"<p>Tak naprawd\u0119 to jaNie mam nic do budowla\u0144c\u00f3wDo misiowych i innych s\u0142u\u017cbist\u00f3wDo uwik\u0142anych w na\u0142ogi itpAle prawda jest te\u017c taka\u017be te bestie najch\u0119tniej wik\u0142aj\u0105W swe&hellip; <\/p>\n","protected":false},"author":1,"featured_media":0,"parent":0,"menu_order":0,"comment_status":"closed","ping_status":"closed","template":"","meta":{"footnotes":""},"class_list":["post-10582","page","type-page","status-publish","hentry"],"_links":{"self":[{"href":"https:\/\/hubertpietka.bialystok.pl\/index.php?rest_route=\/wp\/v2\/pages\/10582","targetHints":{"allow":["GET"]}}],"collection":[{"href":"https:\/\/hubertpietka.bialystok.pl\/index.php?rest_route=\/wp\/v2\/pages"}],"about":[{"href":"https:\/\/hubertpietka.bialystok.pl\/index.php?rest_route=\/wp\/v2\/types\/page"}],"author":[{"embeddable":true,"href":"https:\/\/hubertpietka.bialystok.pl\/index.php?rest_route=\/wp\/v2\/users\/1"}],"replies":[{"embeddable":true,"href":"https:\/\/hubertpietka.bialystok.pl\/index.php?rest_route=%2Fwp%2Fv2%2Fcomments&post=10582"}],"version-history":[{"count":1,"href":"https:\/\/hubertpietka.bialystok.pl\/index.php?rest_route=\/wp\/v2\/pages\/10582\/revisions"}],"predecessor-version":[{"id":10584,"href":"https:\/\/hubertpietka.bialystok.pl\/index.php?rest_route=\/wp\/v2\/pages\/10582\/revisions\/10584"}],"wp:attachment":[{"href":"https:\/\/hubertpietka.bialystok.pl\/index.php?rest_route=%2Fwp%2Fv2%2Fmedia&parent=10582"}],"curies":[{"name":"wp","href":"https:\/\/api.w.org\/{rel}","templated":true}]}}