{"id":10586,"date":"2026-04-28T09:35:02","date_gmt":"2026-04-28T09:35:02","guid":{"rendered":"https:\/\/hubertpietka.bialystok.pl\/?page_id=10586"},"modified":"2026-04-28T09:35:02","modified_gmt":"2026-04-28T09:35:02","slug":"uposledzeni-zlem-zbrodni-bestie-lajdactwo-wobec-niewinnych-chorego-obludy-obledu","status":"publish","type":"page","link":"https:\/\/hubertpietka.bialystok.pl\/?page_id=10586","title":{"rendered":"Upo\u015bledzeni z\u0142em zbrodni \/ bestie \u0142ajdactwo &#8211; wobec niewinnych \/ chorego ob\u0142udy ob\u0142\u0119du"},"content":{"rendered":"\n<p>1.<br>Prawda jest taka \u017ce cz\u0142owiek<br>Kt\u00f3ry si\u0119 oddaje ob\u0142udzie<br>Na s\u0142u\u017cb\u0119 jak \u0142ajdactwo<br>W stosunku do bestii<br>Kim by nie by\u0142 jest<br>Si\u0119 staje upo\u015bledzony przez z\u0142o<br>Czy udaje niewini\u0105tko czy przyg\u0142upka<br>Czy te\u017c perfidnie spe\u0142nia swe<br>Prowokacje napa\u015bci czy co tam<br>I jeszcze byleby ku z\u0142u<br>Cho\u0107 rykoszetem dla tych<br>Bo\u017cych dzieci ichniego i ichnich<br>Prawda jest taka \u017ce jest<br>Si\u0119 staje upo\u015bledzonym na dobro<br>Te\u017c jednocze\u015bnie wobec dzieci Bo\u017cych<br>Bo ju\u017c Jezus powiedzia\u0142 wcze\u015bniej<br>\u017be &#8222;\u017ali dla swoich potrafi\u0105<br>Przecie\u017c czyni\u0107 dobrze&#8221; co im<br>Nie przeszkadza wcale z\u0142oczyni\u0107 gdziekolwiek<br>Zw\u0142aszcza wobec tych ichniego ichnich<br>I jest to przecie\u017c<br>W zwi\u0105zku z po\u017c\u0105daniami nienawistnymi<br>Tych bestii \u0142ajdactwa wobec tych<br>Dzieci Bo\u017cych tamtych szatany b\u0119d\u0105<br>Te\u017c odpowiednio wybiela\u0107 t\u0142umaczy\u0107 uprawomocnia\u0107<br>Bo oczywi\u015bcie tylko dobro jest<br>Tu niewskazane wobec tych ma\u0142ych<br>A z\u0142o i owszem zakrzycz\u0105<br>Si\u0119 ob\u0142udniki by je perfidnie<br>Te\u017c oczywi\u015bcie niby oczyszcza\u0107 ob\u0142ud\u0105<br>Przy okazji te\u017c oczywi\u015bcie uderzaj\u0105c<br>Inaczej a jak\u017ce w te<br>Bo\u017ce dzieci niewinne przecie\u017c ich<br>Chorej ob\u0142udzie ob\u0142\u0119dowi tego z\u0142a<br>Popapra\u0144cy broni\u0105 popaprania wykoleje\u0144cy z\u0142em<br>Wykolejenia wykr\u0119cenia ob\u0142ud\u0105 b\u0119d\u0105 &#8222;prostowa\u0107&#8221;<br>Oczywi\u015bcie tak by to uderza\u0142o<br>Te\u017c jeszcze inaczej sk\u0105din\u0105d przecie\u017c<br>W te znienawidzone Bo\u017ce dzieci<br>W ichnie ichnich byleby szatany<br>Mog\u0142y spe\u0142ni\u0107 wszelkie swe z\u0142a<br>Dla tych pyszne haniebne po\u017c\u0105dania<br>Tak bestie i \u0142ajdactwo wzajemnie<br>&#8222;R\u0119ka r\u0119k\u0119 myje&#8221; a z\u0142o<br>Ma uderza\u0107 tak czy inaczej<\/p>\n\n\n\n<p>2.<br>Ob\u0142udnicy tak naprawd\u0119 pos\u0142uguj\u0105 si\u0119<br>Takimi samymi z\u0142a schematami<br>W tym samym kluczu ob\u0142udy<br>Jak cho\u0107by z tym<br>Zamykaniem okien a raczej zakazem<br>Ich otwierania wsz\u0119dzie gdzie jest<br>Czy b\u0119dzie \u017cona przecie\u017c gazowania<br>Szatan\u00f3w mog\u0105 by\u0107 mniej skuteczne<br>A mo\u017ce i kosztuje troch\u0119<br>Gaz \u015bmierciono\u015bny to jak\u017ce\u017c tak<br>By go na darmo marnowa\u0107<br>Wsz\u0119dzie szatany te same schematy<br>Byleby tylko pod\u0142ug wszelkich ich<br>Tez chorych na si\u0142\u0119 one<br>Maj\u0105 by\u0107 przecie\u017c ob\u0142ud\u0105 przeprowadzane<br>Pos\u0142uguj\u0105c si\u0119 przy tym jakimkolwiek<br>Zreszt\u0105 \u0142ajdactwem totalne szatany<br>Wsz\u0119dzie te same z\u0142a schematy<\/p>\n\n\n\n<p>2.<br>To jest jak jakie\u015b szata\u0144skie drzewko<br>Ob\u0142udy ku zbrodniom bo zobacz<br>Jak nie obcierka parkingowa samochod\u00f3w<br>To chocia\u017c je zastawi\u0107 odpowiednio<br>M\u00f3wi\u0119 tylko tu o parkowaniu<br>Jak nie *<strong>z-deps-tany<\/strong>* to *<strong>widelec<\/strong>*<br>Z\u0142apa\u0107 nas na widelec odpowiednio<br>Bo tu parking drugi dla<br>Mi\u015bk\u00f3w zawsze prawie wolny oczywi\u015bcie<br>No bo nie dla nas<br>No jeszcze troch\u0119 dla \u0142ajdactwa<br>To znowu samoch\u00f3d mo\u017ce nieumyty<br>I tak mno\u017c\u0105 szatany te<br>Z\u0142a schematy byleby tylko uderza\u0107<br>W te Bo\u017ce dzieci a<br>Przecie\u017c m\u00f3wi\u0119 tylko o parkowaniu<br>A oni szatany zepsute bestie<br>I \u0142ajdactwo tak z wszystkimi<br>I jakimikolwiek aktywno\u015bciami naszymi nawet<br>Tymi w rzeczy r\u00f3\u017cnych spoczynku<br>To tylko taki ma\u0142y przyk\u0142ad<\/p>\n\n\n\n<p>3.<br>I zobacz te\u017c jakie z\u0142o<br>Jest perfidne bezczelne k\u0142amliwie bezwzgl\u0119dne<br>Pos\u0142uguj\u0105c si\u0119 tymi ob\u0142udnikami zepsutymi<br>Poniewa\u017c nie mog\u0105 uderzy\u0107 inaczej<br>W czysto\u015b\u0107 moj\u0105 czy nasz\u0105<br>To najlepiej przek\u0142amywa\u0107 ob\u0142udnie totalnie<br>Nie uda\u0142o si\u0119 ze mnie<br>Zrobi\u0107 zdrajcy czysto\u015bci wobec kobiet<br>Nie uda\u0142o si\u0119 pedzia podobnie<br>To mo\u017ce pedofila si\u0119 ze<br>Mnie uda zrobi\u0107 jako\u015b s\u0105<br>Na to wszystko \u015brodki dzisiaj<br>Tak totalnie zepsute te szatany<br>A k\u0142amstwa najlepiej pod\u0142e bezczelnie<br>W my\u015bl starej zasady komunistycznej<br>Zawsze co\u015b si\u0119 do niego czy<br>Do nich przyczepi by<br>Tak czy inaczej kompromitowa\u0107 jako\u015b<br>A szatany bestie i \u0142ajdactwo<br>Pod\u0142ug szatana najbardziej nienawidz\u0105 czysto\u015bci<br>Dlatego tak im przeszkadza<br>Pod\u0142ug szatana to ma\u0142\u017ce\u0144stwo wierne<br>I trwanie ich w czysto\u015bci<br>Na wszelkie sposoby trzeba przecie\u017c<br>W to szata\u0144sko perfidnie uderza\u0107<\/p>\n\n\n\n<p><em>Dzi\u015b wspominana jest \u015bw.<br>*<strong>Jo-anna Beret-ta Molla<\/strong>* wbrew wszelkim<br>Ob\u0142udnym szatanom *<strong>Ja to Anna<\/strong>*<br>I ona *<strong>beretem moim<\/strong>&#8222;<br>Nawet je\u015bli wy zepsuci ob\u0142udnicy<br>Uwa\u017cacie \u017ce to *<strong>beret moherowy<\/strong>*<br>Sto razy go wol\u0119 bardziej<br>Ni\u017c wasze wystawne kapelusze czy<br>Korony nawet zepsutej z\u0142em w\u0142adzy<br>Bo to beret na moj\u0105<br>Miar\u0119 pod\u0142ug Boga bo nie<br>Pod\u0142ug ob\u0142udnik\u00f3w zepsutych przecie\u017c to<br>Pr\u00f3buj\u0105 ob\u0142udnicy nieustannie zrzuci\u0107 go<br>Nakrycie mej g\u0142owy by potem<br>Czy jednocze\u015bnie pozbawi\u0107 mnie g\u0142owy<br>A tymczasem my jedno jeste\u015bmy<br>Wbrew wszelkim zepsutym \u0142ajdactwu bestiom<\/em><\/p>\n\n\n\n<figure class=\"wp-block-gallery has-nested-images columns-default is-cropped wp-block-gallery-1 is-layout-flex wp-block-gallery-is-layout-flex\">\n<figure class=\"wp-block-image size-large\"><a href=\"https:\/\/hubertpietka.bialystok.pl\/wp-content\/uploads\/2026\/04\/1000063997.jpg\"><img loading=\"lazy\" decoding=\"async\" width=\"771\" height=\"1024\" data-id=\"10587\" src=\"https:\/\/hubertpietka.bialystok.pl\/wp-content\/uploads\/2026\/04\/1000063997-771x1024.jpg\" alt=\"\" class=\"wp-image-10587\" srcset=\"https:\/\/hubertpietka.bialystok.pl\/wp-content\/uploads\/2026\/04\/1000063997-771x1024.jpg 771w, https:\/\/hubertpietka.bialystok.pl\/wp-content\/uploads\/2026\/04\/1000063997-226x300.jpg 226w, https:\/\/hubertpietka.bialystok.pl\/wp-content\/uploads\/2026\/04\/1000063997-768x1021.jpg 768w, https:\/\/hubertpietka.bialystok.pl\/wp-content\/uploads\/2026\/04\/1000063997-1156x1536.jpg 1156w, https:\/\/hubertpietka.bialystok.pl\/wp-content\/uploads\/2026\/04\/1000063997.jpg 1204w\" sizes=\"auto, (max-width: 771px) 100vw, 771px\" \/><\/a><\/figure>\n<\/figure>\n\n\n\n<p><strong>Ani mi Ani zepsute szatany<br>Jakiekolwiek zreszt\u0105 z nami naszymi<br>I naszym id\u017acie precz ob\u0142udnicy<br>Perfidni jacykolwiek zbrodniami popaprani od<br>Nas naszego naszych niewinnych innych<br>Wszelcy chorzy ob\u0142\u0119dnie upo\u015bledzeniem z\u0142em<br>Jezu ufam Tobie tylko Tobie<br>Chwa\u0142a uwielbienie cze\u015b\u0107 prowad\u017a Panie<\/strong><\/p>\n","protected":false},"excerpt":{"rendered":"<p>1.Prawda jest taka \u017ce cz\u0142owiekKt\u00f3ry si\u0119 oddaje ob\u0142udzieNa s\u0142u\u017cb\u0119 jak \u0142ajdactwoW stosunku do bestiiKim by nie by\u0142 jestSi\u0119 staje upo\u015bledzony przez z\u0142oCzy udaje niewini\u0105tko czy&hellip; <\/p>\n","protected":false},"author":1,"featured_media":0,"parent":0,"menu_order":0,"comment_status":"closed","ping_status":"closed","template":"","meta":{"footnotes":""},"class_list":["post-10586","page","type-page","status-publish","hentry"],"_links":{"self":[{"href":"https:\/\/hubertpietka.bialystok.pl\/index.php?rest_route=\/wp\/v2\/pages\/10586","targetHints":{"allow":["GET"]}}],"collection":[{"href":"https:\/\/hubertpietka.bialystok.pl\/index.php?rest_route=\/wp\/v2\/pages"}],"about":[{"href":"https:\/\/hubertpietka.bialystok.pl\/index.php?rest_route=\/wp\/v2\/types\/page"}],"author":[{"embeddable":true,"href":"https:\/\/hubertpietka.bialystok.pl\/index.php?rest_route=\/wp\/v2\/users\/1"}],"replies":[{"embeddable":true,"href":"https:\/\/hubertpietka.bialystok.pl\/index.php?rest_route=%2Fwp%2Fv2%2Fcomments&post=10586"}],"version-history":[{"count":1,"href":"https:\/\/hubertpietka.bialystok.pl\/index.php?rest_route=\/wp\/v2\/pages\/10586\/revisions"}],"predecessor-version":[{"id":10588,"href":"https:\/\/hubertpietka.bialystok.pl\/index.php?rest_route=\/wp\/v2\/pages\/10586\/revisions\/10588"}],"wp:attachment":[{"href":"https:\/\/hubertpietka.bialystok.pl\/index.php?rest_route=%2Fwp%2Fv2%2Fmedia&parent=10586"}],"curies":[{"name":"wp","href":"https:\/\/api.w.org\/{rel}","templated":true}]}}