{"id":10597,"date":"2026-05-01T09:37:24","date_gmt":"2026-05-01T09:37:24","guid":{"rendered":"https:\/\/hubertpietka.bialystok.pl\/?page_id=10597"},"modified":"2026-05-01T09:54:10","modified_gmt":"2026-05-01T09:54:10","slug":"jak-dziekuja-szatany-za-zycie-dziecka-bohaterskie-uratowanie-nawet-z-kosztem-kontuzji-wlasnej","status":"publish","type":"page","link":"https:\/\/hubertpietka.bialystok.pl\/?page_id=10597","title":{"rendered":"Jak dzi\u0119kuj\u0105 szatany \/ za \u017cycie dziecka bohaterskie uratowanie &#8211; nawet z kosztem kontuzji w\u0142asnej"},"content":{"rendered":"\n<p>Ach jak nie pasuje szatanom<br>\u017be \u017cona \u017cycie dziecka uratowa\u0142a<br>Na \u015bwieczniku w pracy<br>Kiedy jeden siedmiolatek dusi\u0142 drugiego<br>W jakim\u015b amoku choroby zniewolenia<br>Jakby nie reakcja \u017cony i<br>To kosztem swoim bo przy<br>Akcji oswobadzania od agresora ofiary<br>Wykr\u0119ci\u0142a bark sobie czy obojczyk<br>To by dziecko to napastowane<br>By\u0142oby ju\u017c na drugim \u015bwiecie<br>Ale o szatany trzeba wyciszy\u0107<br>T\u0105 spraw\u0119 nie zg\u0142oszono tego<br>Dziecka do obdukcji bo dziadek<br>Pod\u0142ug jedynie s\u0142usznych tendencji misiostwa<br>Zapewne stwierdzi\u0142 \u017ce by\u0142oby to<br>Niepolityczne \u017ce \u017cona uratowa\u0142a dziecko<br>Przed \u015bmierci\u0105 cho\u0107 ten mia\u0142<br>Szram\u0119 od duszenie i ju\u017c<br>Prawie by\u0142 siny lecz dzi\u0119ki<br>Bohaterskiej reakcji moje \u017cony do<br>Tego nie dosz\u0142o ale to<br>Bardzo przecie\u017c nie pasuje szatanom<br>Zepsutym wierutnym sromotnym i ob\u0142udnikom<br>Zreszt\u0105 wszelakim im podobnym<\/p>\n\n\n\n<figure class=\"wp-block-gallery has-nested-images columns-default is-cropped wp-block-gallery-1 is-layout-flex wp-block-gallery-is-layout-flex\">\n<figure class=\"wp-block-image size-large\"><a href=\"https:\/\/hubertpietka.bialystok.pl\/wp-content\/uploads\/2026\/05\/1000064545-scaled.jpg\"><img loading=\"lazy\" decoding=\"async\" width=\"771\" height=\"1024\" data-id=\"10598\" src=\"https:\/\/hubertpietka.bialystok.pl\/wp-content\/uploads\/2026\/05\/1000064545-771x1024.jpg\" alt=\"\" class=\"wp-image-10598\" srcset=\"https:\/\/hubertpietka.bialystok.pl\/wp-content\/uploads\/2026\/05\/1000064545-771x1024.jpg 771w, https:\/\/hubertpietka.bialystok.pl\/wp-content\/uploads\/2026\/05\/1000064545-226x300.jpg 226w, https:\/\/hubertpietka.bialystok.pl\/wp-content\/uploads\/2026\/05\/1000064545-768x1020.jpg 768w, https:\/\/hubertpietka.bialystok.pl\/wp-content\/uploads\/2026\/05\/1000064545-1157x1536.jpg 1157w, https:\/\/hubertpietka.bialystok.pl\/wp-content\/uploads\/2026\/05\/1000064545-1542x2048.jpg 1542w, https:\/\/hubertpietka.bialystok.pl\/wp-content\/uploads\/2026\/05\/1000064545-scaled.jpg 1928w\" sizes=\"auto, (max-width: 771px) 100vw, 771px\" \/><\/a><\/figure>\n<\/figure>\n\n\n\n<figure class=\"wp-block-gallery has-nested-images columns-default is-cropped wp-block-gallery-2 is-layout-flex wp-block-gallery-is-layout-flex\">\n<figure class=\"wp-block-image size-large\"><a href=\"https:\/\/hubertpietka.bialystok.pl\/wp-content\/uploads\/2026\/05\/1000064542-1-scaled.jpg\"><img loading=\"lazy\" decoding=\"async\" width=\"1024\" height=\"771\" data-id=\"10599\" src=\"https:\/\/hubertpietka.bialystok.pl\/wp-content\/uploads\/2026\/05\/1000064542-1-1024x771.jpg\" alt=\"\" class=\"wp-image-10599\" srcset=\"https:\/\/hubertpietka.bialystok.pl\/wp-content\/uploads\/2026\/05\/1000064542-1-1024x771.jpg 1024w, https:\/\/hubertpietka.bialystok.pl\/wp-content\/uploads\/2026\/05\/1000064542-1-300x226.jpg 300w, https:\/\/hubertpietka.bialystok.pl\/wp-content\/uploads\/2026\/05\/1000064542-1-768x578.jpg 768w, https:\/\/hubertpietka.bialystok.pl\/wp-content\/uploads\/2026\/05\/1000064542-1-1536x1157.jpg 1536w, https:\/\/hubertpietka.bialystok.pl\/wp-content\/uploads\/2026\/05\/1000064542-1-2048x1542.jpg 2048w\" sizes=\"auto, (max-width: 1024px) 100vw, 1024px\" \/><\/a><\/figure>\n<\/figure>\n\n\n\n<p><em>Sk\u00f3rsy\u0144skie totalnie szatany zamiast tego<br>To bydle tutaj mo\u017ce si\u0119<br>Sobie na nas zasadza\u0107 tam<br>Na wsi podobnie ob\u0142udnicy ta\u0142atajscy<br>I te ob\u0142udniki misiowe inaczej<br>Czy tam s\u0142u\u017cbowe prywatne jakie<br>Totalnie zepsute szatany bo przecie\u017c<br>To wszystko co ob\u0142udnicy mog\u0105<br>Robi\u0105 perfidnie z ob\u0142ud\u0105 ob\u0142\u0119dn\u0105<br>Koszmar po prostu co te<br>Szatany bestie i \u0142ajdactwo robi\u0105<br>Mog\u0105 robi\u0107 przeciwko dzieciom Bo\u017cym<br>Maj\u0105c ob\u0142udnicy bydlaczy odpowiednio bestie<br>Za plecami bezczelnie kpi\u0105c sobie<br>Z wszelkich zasad przyzwoito\u015bci jakiejkolwiek<br>Ale pod\u0142ug szatan\u00f3w mo\u017cna sobie<br>Szydzi\u0107 z wszystkiego i wszystkich<br>Byleby tylko bestii zbrodni po\u017c\u0105dania<br>Zosta\u0142y w ko\u0144cu z\u0142em skonsumowane<br>Wobec nas naszego i naszych<br>Bo i gazowa\u0107 i injektowa\u0107<br>Nie tylko napada\u0107 by zniewala\u0107<br>I to wsz\u0119dzie zawsze to<br>Mog\u0105 ci zepsuci bestie \u0142ajdacy<br>Pod\u0142ug nich wszystko zawsze<br>I niby nieszcz\u0119\u015bliwe wypadki<br>I dybanie na nasze mienie<br>Co za totalnie zepsute szatany<br>Bestie i zar\u00f3wno ob\u0142\u0119dem z\u0142a<br>Chore te\u017c to wszelkie \u0142ajdactwo<\/em><\/p>\n\n\n\n<figure class=\"wp-block-gallery has-nested-images columns-default is-cropped wp-block-gallery-3 is-layout-flex wp-block-gallery-is-layout-flex\">\n<figure class=\"wp-block-image size-large\"><a href=\"https:\/\/hubertpietka.bialystok.pl\/wp-content\/uploads\/2026\/05\/1000064544-1.jpg\"><img loading=\"lazy\" decoding=\"async\" width=\"771\" height=\"1024\" data-id=\"10600\" src=\"https:\/\/hubertpietka.bialystok.pl\/wp-content\/uploads\/2026\/05\/1000064544-1-771x1024.jpg\" alt=\"\" class=\"wp-image-10600\" srcset=\"https:\/\/hubertpietka.bialystok.pl\/wp-content\/uploads\/2026\/05\/1000064544-1-771x1024.jpg 771w, https:\/\/hubertpietka.bialystok.pl\/wp-content\/uploads\/2026\/05\/1000064544-1-226x300.jpg 226w, https:\/\/hubertpietka.bialystok.pl\/wp-content\/uploads\/2026\/05\/1000064544-1-768x1021.jpg 768w, https:\/\/hubertpietka.bialystok.pl\/wp-content\/uploads\/2026\/05\/1000064544-1-1156x1536.jpg 1156w, https:\/\/hubertpietka.bialystok.pl\/wp-content\/uploads\/2026\/05\/1000064544-1.jpg 1204w\" sizes=\"auto, (max-width: 771px) 100vw, 771px\" \/><\/a><\/figure>\n<\/figure>\n\n\n\n<p><strong>Ani mi Ani z nami<br>Naszymi i naszym spadajcie szatany<br>Si\u0119 od nas odpieprzcie zar\u00f3wno<br>Bestie op\u0119tane zbrodniami jak i<br>\u0141ajdactwo ob\u0142udnie w z\u0142u wsp\u00f3\u0142popaprane<br>Jezu ufam Tobie ave Maria<br>B\u00f3g zna prawd\u0119 zreszt\u0105 ka\u017cd\u0105<br>Wbrew wszelkim k\u0142amstwom tych szatan\u00f3w<\/strong><\/p>\n\n\n\n<hr class=\"wp-block-separator has-alpha-channel-opacity\"\/>\n\n\n\n<p>(Ps.<br>Nagranie z kamery na \u015bwieczniku<br>Pewnie zniknie znaj\u0105c tych szatan\u00f3w<br>Ale oni tak przecie\u017c wszystko<br>Przek\u0142amuj\u0105 szata\u0144sko totalnie ob\u0142\u0119dnie ob\u0142udnicy<br>Wykr\u0119caj\u0105 popapra\u0144cy rzeczywisto\u015b\u0107 zawsze podle<br>Ku swym wszelkim chorym zbrodniom)<\/p>\n","protected":false},"excerpt":{"rendered":"<p>Ach jak nie pasuje szatanom\u017be \u017cona \u017cycie dziecka uratowa\u0142aNa \u015bwieczniku w pracyKiedy jeden siedmiolatek dusi\u0142 drugiegoW jakim\u015b amoku choroby zniewoleniaJakby nie reakcja \u017cony iTo kosztem&hellip; <\/p>\n","protected":false},"author":1,"featured_media":0,"parent":0,"menu_order":0,"comment_status":"closed","ping_status":"closed","template":"","meta":{"footnotes":""},"class_list":["post-10597","page","type-page","status-publish","hentry"],"_links":{"self":[{"href":"https:\/\/hubertpietka.bialystok.pl\/index.php?rest_route=\/wp\/v2\/pages\/10597","targetHints":{"allow":["GET"]}}],"collection":[{"href":"https:\/\/hubertpietka.bialystok.pl\/index.php?rest_route=\/wp\/v2\/pages"}],"about":[{"href":"https:\/\/hubertpietka.bialystok.pl\/index.php?rest_route=\/wp\/v2\/types\/page"}],"author":[{"embeddable":true,"href":"https:\/\/hubertpietka.bialystok.pl\/index.php?rest_route=\/wp\/v2\/users\/1"}],"replies":[{"embeddable":true,"href":"https:\/\/hubertpietka.bialystok.pl\/index.php?rest_route=%2Fwp%2Fv2%2Fcomments&post=10597"}],"version-history":[{"count":4,"href":"https:\/\/hubertpietka.bialystok.pl\/index.php?rest_route=\/wp\/v2\/pages\/10597\/revisions"}],"predecessor-version":[{"id":10605,"href":"https:\/\/hubertpietka.bialystok.pl\/index.php?rest_route=\/wp\/v2\/pages\/10597\/revisions\/10605"}],"wp:attachment":[{"href":"https:\/\/hubertpietka.bialystok.pl\/index.php?rest_route=%2Fwp%2Fv2%2Fmedia&parent=10597"}],"curies":[{"name":"wp","href":"https:\/\/api.w.org\/{rel}","templated":true}]}}