{"id":10606,"date":"2026-05-02T19:19:50","date_gmt":"2026-05-02T19:19:50","guid":{"rendered":"https:\/\/hubertpietka.bialystok.pl\/?page_id=10606"},"modified":"2026-05-02T19:19:50","modified_gmt":"2026-05-02T19:19:50","slug":"obedrzec-z-symboli-ogolocic-zniszczyc-zabic-zniewolic-zaszkodzic-totalne-szatany-w-swych-chorych-zbrodni-pozadaniach-tak-nienawistnicy-wszelacy-bestie-lajdactwo-wobec-tych-dzieci-bozych","status":"publish","type":"page","link":"https:\/\/hubertpietka.bialystok.pl\/?page_id=10606","title":{"rendered":"Obedrze\u0107 z symboli ogo\u0142oci\u0107 &#8211; zniszczy\u0107 zabi\u0107 zniewoli\u0107 zaszkodzi\u0107 \/ totalne szatany w swych chorych zbrodni po\u017c\u0105daniach &#8211; tak nienawistnicy wszelacy bestie \u0142ajdactwo \/ wobec tych dzieci Bo\u017cych"},"content":{"rendered":"\n<p>Totalnie pieprzni\u0119te szatany bestie \u0142ajdactwo<br>\u017beby nie powiedzie\u0107 \u017ce *<strong>pierdy-utkni\u0119ci<\/strong>*<br>W szata\u0144stwach chyba na wieki<br>Skoro nie chc\u0105 si\u0119 nawr\u00f3ci\u0107<br>\u015aledz\u0105 nawet co do kosz\u00f3w<br>Wyrzucamy \u017ce w og\u00f3le gdzie\u015b<br>Pieprzeni totalnie jakby od tego<br>Kosze nie by\u0142y w\u0142a\u015bnie<br>Niech zabior\u0105 wszystkie jak lubi\u0105<br>Pierdykni\u0119ci chaniebnie wystarczy \u017ce sobie<br>Dooko\u0142a czego\u015b chodzisz to zaraz<br>Zorganizuj\u0105 \u017ce co\u015b ukrad\u0142e\u015b podpalile\u015b<br>Szata\u0144stwa wykolejone nie do uwierzenia<br>Po prostu i tak prze\u015bladuj\u0105 nas<br>Chyba i na ka\u017cdym kroku<br>Nigdzie nie mo\u017cemy mie\u0107 spokoju<br>Sady\u015bci psychopaci przecie\u017c rado\u015b\u0107 chor\u0105<br>Znajduj\u0105 w z\u0142oczynieniu nienawistnym niewinnym<\/p>\n\n\n\n<p>A teraz jak ka\u017cdy samoch\u00f3d<br>Przez nas kupiony ma by\u0107<br>Jest i ten przez szatan\u00f3w<br>Odpowiednio uszkodzony najlepiej \u017ceby si\u0119<br>Drzwi okna nie otwiera\u0142y albo<br>By by\u0142y otwarte na zawsz\u0119<br>Mo\u017ce lepiej jak tu ten<br>Wlew paliwa \u017ceby si\u0119<br>Nie zamyka\u0142 mo\u017cna wtedy dola\u0107<br>Co pasuje szatanom odpowiednio<br>By go unieruchomi\u0107 lub popsu\u0107<br>I tak szatany ze wszystkim<br>Nie ma chyba si\u0142y by<br>To wszystko tu m\u00f3c wyliczy\u0107<br>I obedrze\u0107 auto z symboli<br>To lubi\u0105 szatany koniecznie zepsu\u0107 audio<br>A z tymi symbolami to<br>Ulubiona sprawa szatan\u00f3w podobnie mnie<br>Chc\u0105 obedrze\u0107 z symboli wiary<br>Z symboli mojej \u017cony zwierz\u0105t<br>Naszych miejsc praw wszelakich mo\u017cliwo\u015bci<br>Totalne szatany tak pieprzni\u0119te \u017ce<br>Na to ju\u017c chyba i<br>S\u0142\u00f3w nie ma by to<br>Wyrazi\u0107 odpowiednio ich nienawi\u015b\u0107 ob\u0142\u0105kan\u0105<br>W zbrodni po\u017c\u0105daniach wobec nas<br>Naszego i naszych z\u0142oczy\u0144cy popaprani<\/p>\n\n\n\n<p><em>I zobacz nie powiniene\u015b si\u0119<br>Swego swoich broni\u0107 przecie\u017c bo<br>To nie pasuje szatanom ich<br>Wszelkim chorym zbrodniom i k\u0142amstwom<br>I cho\u0107 s\u0142uszna \u017cycia samoobrona<br>Zak\u0142ada wszelkie takiej metody<br>Te szatany b\u0119d\u0105 ci\u0119 oskar\u017ca\u0107<br>Za s\u0142owa nie powiniene\u015b przecie\u017c<br>Przed przest\u0119pcami zbrodniarzami z\u0142oczy\u0144cami k\u0142amcami<br>Totalnymi ob\u0142udnikami si\u0119 broni\u0107 przecie\u017c<\/em><\/p>\n\n\n\n<figure class=\"wp-block-gallery has-nested-images columns-default is-cropped wp-block-gallery-1 is-layout-flex wp-block-gallery-is-layout-flex\">\n<figure class=\"wp-block-image size-large\"><a href=\"https:\/\/hubertpietka.bialystok.pl\/wp-content\/uploads\/2026\/05\/1000064721.jpg\"><img loading=\"lazy\" decoding=\"async\" width=\"1024\" height=\"771\" data-id=\"10607\" src=\"https:\/\/hubertpietka.bialystok.pl\/wp-content\/uploads\/2026\/05\/1000064721-1024x771.jpg\" alt=\"\" class=\"wp-image-10607\" srcset=\"https:\/\/hubertpietka.bialystok.pl\/wp-content\/uploads\/2026\/05\/1000064721-1024x771.jpg 1024w, https:\/\/hubertpietka.bialystok.pl\/wp-content\/uploads\/2026\/05\/1000064721-300x226.jpg 300w, https:\/\/hubertpietka.bialystok.pl\/wp-content\/uploads\/2026\/05\/1000064721-768x578.jpg 768w, https:\/\/hubertpietka.bialystok.pl\/wp-content\/uploads\/2026\/05\/1000064721-1536x1156.jpg 1536w, https:\/\/hubertpietka.bialystok.pl\/wp-content\/uploads\/2026\/05\/1000064721.jpg 1600w\" sizes=\"auto, (max-width: 1024px) 100vw, 1024px\" \/><\/a><\/figure>\n<\/figure>\n\n\n\n<p><strong>Ani mi Ani zepsute szatany<br>W jakikolwiek spos\u00f3b z tymi<br>Zwierz\u0119tami z nami naszymi naszym<br>I spadajcie padalcy bo wszelkie<br>Warto\u015bci zni\u017cacie do poziomu b\u0142ota<br>Ob\u0142udnicy sromotni wyst\u0119pni chaniebnie podli<br>Bo to wszystko wobec niewinnych<br>Ob\u0142\u0119dnej nienawi\u015bci \u0142ajdactwa tych bestii<\/strong><\/p>\n","protected":false},"excerpt":{"rendered":"<p>Totalnie pieprzni\u0119te szatany bestie \u0142ajdactwo\u017beby nie powiedzie\u0107 \u017ce *pierdy-utkni\u0119ci*W szata\u0144stwach chyba na wiekiSkoro nie chc\u0105 si\u0119 nawr\u00f3ci\u0107\u015aledz\u0105 nawet co do kosz\u00f3wWyrzucamy \u017ce w og\u00f3le gdzie\u015bPieprzeni&hellip; <\/p>\n","protected":false},"author":1,"featured_media":0,"parent":0,"menu_order":0,"comment_status":"closed","ping_status":"closed","template":"","meta":{"footnotes":""},"class_list":["post-10606","page","type-page","status-publish","hentry"],"_links":{"self":[{"href":"https:\/\/hubertpietka.bialystok.pl\/index.php?rest_route=\/wp\/v2\/pages\/10606","targetHints":{"allow":["GET"]}}],"collection":[{"href":"https:\/\/hubertpietka.bialystok.pl\/index.php?rest_route=\/wp\/v2\/pages"}],"about":[{"href":"https:\/\/hubertpietka.bialystok.pl\/index.php?rest_route=\/wp\/v2\/types\/page"}],"author":[{"embeddable":true,"href":"https:\/\/hubertpietka.bialystok.pl\/index.php?rest_route=\/wp\/v2\/users\/1"}],"replies":[{"embeddable":true,"href":"https:\/\/hubertpietka.bialystok.pl\/index.php?rest_route=%2Fwp%2Fv2%2Fcomments&post=10606"}],"version-history":[{"count":1,"href":"https:\/\/hubertpietka.bialystok.pl\/index.php?rest_route=\/wp\/v2\/pages\/10606\/revisions"}],"predecessor-version":[{"id":10608,"href":"https:\/\/hubertpietka.bialystok.pl\/index.php?rest_route=\/wp\/v2\/pages\/10606\/revisions\/10608"}],"wp:attachment":[{"href":"https:\/\/hubertpietka.bialystok.pl\/index.php?rest_route=%2Fwp%2Fv2%2Fmedia&parent=10606"}],"curies":[{"name":"wp","href":"https:\/\/api.w.org\/{rel}","templated":true}]}}