{"id":10610,"date":"2026-05-03T22:14:05","date_gmt":"2026-05-03T22:14:05","guid":{"rendered":"https:\/\/hubertpietka.bialystok.pl\/?page_id=10610"},"modified":"2026-05-03T22:58:08","modified_gmt":"2026-05-03T22:58:08","slug":"przyjemniaczki-szatanskie-jedne-zbrodnie-maja-przeciez-ulatwic-zbrodnie-kolejne-te-dalsze","status":"publish","type":"page","link":"https:\/\/hubertpietka.bialystok.pl\/?page_id=10610","title":{"rendered":"Przyjemniaczki szata\u0144skie \/ jedne zbrodnie maj\u0105 przecie\u017c u\u0142atwi\u0107 &#8211; zbrodnie kolejne te dalsze"},"content":{"rendered":"\n<p><strong>1.<\/strong><br>To nie ja szatany mam<br>Stan sw\u00f3j zmieni\u0107 cokolwiek wymy\u015blicie<br>Pedzia pindzie dzidzie rodzinki sutanne<br>To nie ja szatany mam zmieni\u0107<br>Stan sw\u00f3j lecz maj\u0105 si\u0119<br>Sko\u0144czy\u0107 wasze zbrodnie totalnie szata\u0144skie<br>I tak czy inaczej si\u0119<br>Sko\u0144cz\u0105 one B\u00f3g tak czy<br>Inaczej zatryumfuje nad tym szata\u0144stwem<br>Zbrodni ob\u0142\u0119dnie chorych zreszt\u0105 wszelkich<br>I ob\u0142ud\u0105 sromotn\u0105 \u0142ajdactwa bestii<br>Koniec kropka powiedzia\u0142 B\u00f3g doko\u0144czy<br>T\u0105 moj\u0105 spraw\u0119 na przek\u00f3r szatanom<br>Ani mi Ani z nami<br>Naszymi i naszym szata\u0144scy ob\u0142udnicy<br>I spadajcie s\u0142u\u017calcy s\u0142u\u017cbi\u015bci zbrodni<br>I tych poronionych szata\u0144sko bestii<br>W ich uk\u0142adaniu \u015bwiata pod\u0142ug<br>Zbrodni cywilizacji \u015bmierci totalnego zepsucia<\/p>\n\n\n\n<p><strong>2.<\/strong><br>Popieprzy\u0142o ich chyba totalnie szatan\u00f3w<br>B\u0119d\u0105 mi \u017con\u0119 wybiera\u0107 a<br>Mo\u017ce pedzia b\u0119d\u0105 mnie jak<br>Podrzutka poronionego znowu rodzinie podrzuca\u0107<br>B\u0119d\u0105 ze mnie robi\u0107 duchownego<br>A i psa mi te\u017c<br>Zabi\u0107 maj\u0105 jak \u017con\u0119 i<br>Psa mi te\u017c b\u0119d\u0105 wybiera\u0107<br>Szatany najlepiej takiego kt\u00f3ry ich<br>Przywita lizaj\u0105c jak b\u0119d\u0105 mnie<br>Napada\u0107 r\u00f3\u017cne \u0142ajdaki czy bestie<br>Popieprzy\u0142o ich totalnie zepsutych szatan\u00f3w<br>Nic z tego nie b\u0119dzie<br>Z ich chorych kalkulacji szata\u0144skich<br>Ob\u0142udy ob\u0142\u0119du kt\u00f3ry ma potwierdza\u0107<br>I ratyfikowa\u0107 ich szata\u0144skie k\u0142amstwa<br>Prowadz\u0105ce do sk\u00f3rsy\u0144skich zbrodni totalnych<br>Popieprzy\u0142o ich chyba \u017ceby i<br>Nie powiedzie\u0107 \u017ce totalnie *<strong>popier-dzieli\u0142o<\/strong>*<br>Id\u017acie precz wszelkie szatany<br>Sobie swoich zabijacie i sobie<br>Ich jak wam si\u0119 podoba<br>Podmieniajcie nie mi popapra\u0144cy wykolejeni<\/p>\n\n\n\n<figure class=\"wp-block-gallery has-nested-images columns-default is-cropped wp-block-gallery-1 is-layout-flex wp-block-gallery-is-layout-flex\">\n<figure class=\"wp-block-image size-large\"><a href=\"https:\/\/hubertpietka.bialystok.pl\/wp-content\/uploads\/2026\/05\/1000064789.jpg\"><img loading=\"lazy\" decoding=\"async\" width=\"771\" height=\"1024\" data-id=\"10611\" src=\"https:\/\/hubertpietka.bialystok.pl\/wp-content\/uploads\/2026\/05\/1000064789-771x1024.jpg\" alt=\"\" class=\"wp-image-10611\" srcset=\"https:\/\/hubertpietka.bialystok.pl\/wp-content\/uploads\/2026\/05\/1000064789-771x1024.jpg 771w, https:\/\/hubertpietka.bialystok.pl\/wp-content\/uploads\/2026\/05\/1000064789-226x300.jpg 226w, https:\/\/hubertpietka.bialystok.pl\/wp-content\/uploads\/2026\/05\/1000064789-768x1020.jpg 768w, https:\/\/hubertpietka.bialystok.pl\/wp-content\/uploads\/2026\/05\/1000064789-1157x1536.jpg 1157w, https:\/\/hubertpietka.bialystok.pl\/wp-content\/uploads\/2026\/05\/1000064789.jpg 1536w\" sizes=\"auto, (max-width: 771px) 100vw, 771px\" \/><\/a><\/figure>\n<\/figure>\n\n\n\n<p><strong>Wypieprzy\u0107 ode mnie nic<br>Z tego nie b\u0119dzie<br>Z tych waszych szata\u0144stw<br>Ob\u0142\u0119dnych kalkulacji ob\u0142udnik\u00f3w szata\u0144skich<br>Ani mi Ani z nami<br>Naszymi i naszym tymi zwierz\u0119tami<br>Tymi samochodami naszymi miejscami pracami<br>Id\u017acie precz od nas wszelcy<br>Popapra\u0144cy ob\u0142udni po\u017c\u0105daniami zbrodni ob\u0142\u0119dnymi<br>Bestie \u0142ajdacy siebie wzajemnie warci<br>W chorych zap\u0119dach szata\u0144stw wszelkich<br>Jezu ufam Tobie id\u017acie precz<br>Od nas wszelkie zdegenerowane zepsute<br>Szatany siebie wzajemnie warte<br>Od nas jednak id\u017acie precz<br>Tak jak to si\u0119 m\u00f3wi<br>W\u0142a\u015bnie do szatana te\u017c<\/strong><\/p>\n\n\n\n<p class=\"has-text-align-right\"><strong><em><a href=\"https:\/\/youtu.be\/xbSwxLUWe8s?si=Te310wwRhnSyb___\">Piosenka o rado\u015bci \u017cycia <\/a><\/em><\/strong><\/p>\n\n\n\n<hr class=\"wp-block-separator has-alpha-channel-opacity\"\/>\n\n\n\n<p class=\"has-text-align-center\">&#8222;<em>Tylko tyle i a\u017c tyle!<br>&#8211; \u017cyj\u0105c w nieprzyzwoitych czasach,<br>zachowa\u0107 si\u0119 przyzwoicie<\/em>.&#8221;<br><strong>A. Poczybut<\/strong><br>(przy odbiorze Orderu Or\u0142a Bia\u0142ego)<\/p>\n\n\n\n<hr class=\"wp-block-separator has-alpha-channel-opacity\"\/>\n\n\n\n<p><strong>3.<\/strong><br>I zobacz jacy pieprzeni<br>\u0141askawcy jak zabior\u0105 nam samochody<br>To mo\u017ce dadz\u0105 rowery<br>Albo pozwol\u0105 porusza\u0107 si\u0119 komunikacj\u0105<br>T\u0105 publiczn\u0105 (\u0142atwiej b\u0119dzie zabi\u0107)<br>A jak zniszcz\u0105 nam prac\u0119<br>To mo\u017ce pozwol\u0105 korzysta\u0107 z<br>Opieki spo\u0142ecznej to nie wiadomo<br>Przecie\u017c najlepiej by\u015bmy zgin\u0119li zar\u00f3wno<br>Z n\u0119dzy i z g\u0142odu<br>A jak zabior\u0105 zniszcz\u0105 miejsca<br>To mo\u017ce zdechn\u0105\u0107 w depsie<br>(O ile wcze\u015bniej nie uziemi\u0105<br>Inaczej zwyczajem komunist\u00f3w w psychuszce<br>Czy w pace oczywi\u015bcie fa\u0142szywie<br>Oskar\u017caj\u0105c i sfinguj\u0105c procesy s\u0105dowe<br>Tak jak lubi\u0105 przecie\u017c oni)<br>Zobacz jacy \u0142askawcy totalnie szata\u0144scy<br>Tak naprawd\u0119 wszystko ma prowadzi\u0107<br>Do jednego u tych ob\u0142udnik\u00f3w<br>Zbrodniarzy i k\u0142amc\u00f3w bo niby<br>To wszystko ku dobru innemu<br>Totalne szatany wykolejone haniebne popapra\u0144ce<br>Bestie i r\u00f3wne zepsute \u0142ajdactwo<br>Byleby tylko zniszczy\u0107 zniewoli\u0107 zabi\u0107<br>Jak\u0105kolwiek by dok\u0142adali do tego<br>Chor\u0105 ob\u0142\u0119dnie mistyfikacj\u0119 fa\u0142szywych ideologii<\/p>\n","protected":false},"excerpt":{"rendered":"<p>1.To nie ja szatany mamStan sw\u00f3j zmieni\u0107 cokolwiek wymy\u015bliciePedzia pindzie dzidzie rodzinki sutanneTo nie ja szatany mam zmieni\u0107Stan sw\u00f3j lecz maj\u0105 si\u0119Sko\u0144czy\u0107 wasze zbrodnie totalnie&hellip; <\/p>\n","protected":false},"author":1,"featured_media":0,"parent":0,"menu_order":0,"comment_status":"closed","ping_status":"closed","template":"","meta":{"footnotes":""},"class_list":["post-10610","page","type-page","status-publish","hentry"],"_links":{"self":[{"href":"https:\/\/hubertpietka.bialystok.pl\/index.php?rest_route=\/wp\/v2\/pages\/10610","targetHints":{"allow":["GET"]}}],"collection":[{"href":"https:\/\/hubertpietka.bialystok.pl\/index.php?rest_route=\/wp\/v2\/pages"}],"about":[{"href":"https:\/\/hubertpietka.bialystok.pl\/index.php?rest_route=\/wp\/v2\/types\/page"}],"author":[{"embeddable":true,"href":"https:\/\/hubertpietka.bialystok.pl\/index.php?rest_route=\/wp\/v2\/users\/1"}],"replies":[{"embeddable":true,"href":"https:\/\/hubertpietka.bialystok.pl\/index.php?rest_route=%2Fwp%2Fv2%2Fcomments&post=10610"}],"version-history":[{"count":4,"href":"https:\/\/hubertpietka.bialystok.pl\/index.php?rest_route=\/wp\/v2\/pages\/10610\/revisions"}],"predecessor-version":[{"id":10617,"href":"https:\/\/hubertpietka.bialystok.pl\/index.php?rest_route=\/wp\/v2\/pages\/10610\/revisions\/10617"}],"wp:attachment":[{"href":"https:\/\/hubertpietka.bialystok.pl\/index.php?rest_route=%2Fwp%2Fv2%2Fmedia&parent=10610"}],"curies":[{"name":"wp","href":"https:\/\/api.w.org\/{rel}","templated":true}]}}