{"id":10618,"date":"2026-05-06T08:55:31","date_gmt":"2026-05-06T08:55:31","guid":{"rendered":"https:\/\/hubertpietka.bialystok.pl\/?page_id=10618"},"modified":"2026-05-06T08:55:31","modified_gmt":"2026-05-06T08:55:31","slug":"opcje-wykretne-szatanow-a-nasza-droga-w-panu","status":"publish","type":"page","link":"https:\/\/hubertpietka.bialystok.pl\/?page_id=10618","title":{"rendered":"Opcje wykr\u0119tne szatan\u00f3w \/ a nasza droga w Panu"},"content":{"rendered":"\n<p>Jak\u017ce\u017c to nie s\u0105 ob\u0142udnicy szata\u0144scy<br>I\u015bcie skoro w imi\u0119 zbrodni<br>Swych ob\u0142\u0119dnie chorych k\u0142amstw i<br>Wszelakich szata\u0144stw zreszt\u0105 chc\u0119 popapra\u0144cy<br>Ze mnie zrobi\u0107 cho\u0107by ksi\u0119dza<br>Byleby tylko spe\u0142nia\u0107 swe szata\u0144stwa<br>Zreszt\u0105 wszelakie a na ambonie<br>\u0141atwym by\u0142bym celem przecie\u017c szatany<br>I mimo mojego wielkiego szacunku<br>Dla kap\u0142a\u0144stwa oczywi\u015bcie tego prawowiernego<br>Nie pacynkowego wsp\u00f3\u0142graj\u0105cego ze zbrodniami<br>Tych bestii kap\u0142anem nie b\u0119d\u0119<br>Bo to po prostu nie<br>Jest moja droga w Bogu<\/p>\n\n\n\n<p>I ob\u0142udnicy totalnie szata\u0144scy *<strong>Dar-ia<\/strong>*<br>*<strong>Darem ja<\/strong>* nie lecz B\u00f3g<br>Ja tylko jestem jego narz\u0119dziem<br>I wszelkich spraw warto\u015bci Bo\u017cych<br>I nawet jakby by\u0142a opcja<br>Taka a jej nie ma<br>To na pewno nie by\u0142bym<br>Ze \u015bwiadkiem Jehowy czy prawos\u0142awnym<br>Wi\u0119c se mo\u017cecie mno\u017cy\u0107 pomys\u0142y<br>Chore byleby tylko ku waszym<br>Ob\u0142\u0119dnym szata\u0144stwom wszelkim chorym zbrodniom<br>Ku temu ka\u017cde k\u0142amstwo jest<br>Przecie\u017c wskazane dla tych szatan\u00f3w<br>Bestii i \u0142ajdactwa r\u00f3wnie zepsutego<\/p>\n\n\n\n<p>Co jest celem szatana szatan\u00f3w<br>&#8222;Przewarto\u015bciowanie wszelkich warto\u015bci&#8221; tak zwane<br>By zbrodnie traktowa\u0107 jako dobro<br>By wierzy\u0107 we wszelkie k\u0142amstwa<br>Pod\u0142e maj\u0105ce to niby usprawiedliwia\u0107<br>Czy s\u0105 rzeczy gorsze ni\u017c<br>Zbrodnie zabijania zniewalanie niszczenia wszystkiego<br>A to te szatany w\u0142a\u015bnie<br>Czyni\u0105 i dlatego im jest<br>W pe\u0142ni przynale\u017cne miano szatan\u00f3w<br>I to sk\u00f3rsyny bestialskie ludob\u00f3jstwo<br>Nieustannie pope\u0142niaj\u0105 i chc\u0105 by\u0107<br>Szatany jak szatan zobacz powa\u017cane<br>\u017be oni niby zbawcy ludzko\u015bci<br>Dok\u0142adnie jak Hitler Stalin itp<\/p>\n\n\n\n<p>Dzi\u015b \u015bw. *<strong>Ead-berta<\/strong>* dodam to<br>Jeszcze ob\u0142udnicy \u017ce bestiom oczywi\u015bcie<br>Nie przeszkadza czyni\u0107 z tego<br>Narodu zdrajc\u00f3w zaprza\u0144c\u00f3w popapra\u0144c\u00f3w<br>Tak\u017ce na tym \u015bwieczniku politycznym<br>Byleby tylko psu\u0107 tu ludzi<br>Moralnie by w\u0142a\u015bnie zbrodnie szatan\u00f3w<br>I ich k\u0142amstwa by\u0142y powa\u017cane<br>Skoro uderza si\u0119 tutaj przez<br>Takich czy innych \u0142ajdak\u00f3w chyba<br>We wszelkie warto\u015bci Bo\u017ce humanistyczne<br>Te prawdziwe i w pe\u0142ni<br>\u015awiadcz\u0105ce o warto\u015bci \u017cycia wolno\u015bci<br>Czy w\u0142asno\u015bci po prostu ale<br>Nic dziwnego bestie chc\u0105 zagarn\u0105\u0107<br>Wszelkie sfery cz\u0142owieka a \u017ceby<br>To uczyni\u0107 to trzeba go<br>Najpierw zdegradowa\u0107 moralnie by uczyni\u0107<br>Niewolnikiem swych szata\u0144stw zreszt\u0105 wszelakich<br>I podporz\u0105dkowane betony ideologiom \u015bwiatowym<br>To oni niestety pr\u00f3buj\u0105 uczyni\u0107<br>Z tym narodem a ku<br>Temu trzeba &#8222;przewarto\u015bciowa\u0107 wszystkie warto\u015bci&#8221;<br>Czytaj przek\u0142ama\u0107 zdehumanizowa\u0107 warto\u015bci Bo\u017ce<br>I te \u015bwiadcz\u0105ce o cz\u0142owiecze\u0144stwie<br>W jego pe\u0142ni uczyni\u0107 z<br>Tego narodu w ten spos\u00f3b<br>Nar\u00f3d niewolnik\u00f3w \u0142ykaj\u0105cy wszelkie k\u0142amstwa<br>Ku zbrodniom tych totalnych szatan\u00f3w<\/p>\n\n\n\n<figure class=\"wp-block-gallery has-nested-images columns-default is-cropped wp-block-gallery-1 is-layout-flex wp-block-gallery-is-layout-flex\">\n<figure class=\"wp-block-image size-large\"><a href=\"https:\/\/hubertpietka.bialystok.pl\/wp-content\/uploads\/2026\/05\/1000065135-scaled.jpg\"><img loading=\"lazy\" decoding=\"async\" width=\"1024\" height=\"771\" data-id=\"10619\" src=\"https:\/\/hubertpietka.bialystok.pl\/wp-content\/uploads\/2026\/05\/1000065135-1024x771.jpg\" alt=\"\" class=\"wp-image-10619\" srcset=\"https:\/\/hubertpietka.bialystok.pl\/wp-content\/uploads\/2026\/05\/1000065135-1024x771.jpg 1024w, https:\/\/hubertpietka.bialystok.pl\/wp-content\/uploads\/2026\/05\/1000065135-300x226.jpg 300w, https:\/\/hubertpietka.bialystok.pl\/wp-content\/uploads\/2026\/05\/1000065135-768x578.jpg 768w, https:\/\/hubertpietka.bialystok.pl\/wp-content\/uploads\/2026\/05\/1000065135-1536x1157.jpg 1536w, https:\/\/hubertpietka.bialystok.pl\/wp-content\/uploads\/2026\/05\/1000065135-2048x1542.jpg 2048w\" sizes=\"auto, (max-width: 1024px) 100vw, 1024px\" \/><\/a><\/figure>\n<\/figure>\n\n\n\n<p><strong>Ani mi Ani z nami<br>To ona ma by\u0107 przy<br>Tej mojej prawicy jak jest<br>Podobnie\u017c te\u017c z naszymi naszym<br>Id\u017acie precz szatany bestie i<br>Im us\u0142u\u017cne zepsute \u0142ajdactwo wszelkie<\/strong><\/p>\n\n\n\n<p><strong><em><a href=\"https:\/\/youtu.be\/zE7OiLVkwNo\">Cisza jak ta &#8211; Ciebie szuka\u0142em <\/a><\/em><\/strong><\/p>\n\n\n\n<p class=\"has-text-align-right\"><strong><em><a href=\"https:\/\/youtu.be\/eoaOSlGtBZk\">Cisza jak ta &#8211; W naszym niebie<\/a><\/em><\/strong><\/p>\n\n\n\n<p class=\"has-text-align-center\"><strong><em><a href=\"https:\/\/youtu.be\/H2hnflYaVgI\">Cisza jak ta &#8211; Bo tak ci\u0119 kocham <\/a><\/em><\/strong><\/p>\n\n\n\n<p><em>Matka Bo\u017ca z Fatimy przepowiedzia\u0142a<br>To wszystko \u017ce b\u0119d\u0105 walczy\u0107<br>S\u0142ugi diab\u0142a z tym ma\u0142\u017ce\u0144stwem<br>Z t\u0105 rodzin\u0105 na sposoby<br>Szata\u0144skie mo\u017cliwe wszelkie mno\u017c\u0105c cho\u0107by<br>Swe opcje chore ku swym<br>Ob\u0142\u0119dnym zbrodniom op\u0119tani takimi ob\u0142udnicy<br>Jezu ufam Tobie Maryjo prowad\u017a<\/em><\/p>\n\n\n\n<figure class=\"wp-block-gallery has-nested-images columns-default is-cropped wp-block-gallery-2 is-layout-flex wp-block-gallery-is-layout-flex\">\n<figure class=\"wp-block-image size-large\"><a href=\"https:\/\/hubertpietka.bialystok.pl\/wp-content\/uploads\/2026\/05\/1000065136.jpg\"><img loading=\"lazy\" decoding=\"async\" width=\"771\" height=\"1024\" data-id=\"10620\" src=\"https:\/\/hubertpietka.bialystok.pl\/wp-content\/uploads\/2026\/05\/1000065136-771x1024.jpg\" alt=\"\" class=\"wp-image-10620\" srcset=\"https:\/\/hubertpietka.bialystok.pl\/wp-content\/uploads\/2026\/05\/1000065136-771x1024.jpg 771w, https:\/\/hubertpietka.bialystok.pl\/wp-content\/uploads\/2026\/05\/1000065136-226x300.jpg 226w, https:\/\/hubertpietka.bialystok.pl\/wp-content\/uploads\/2026\/05\/1000065136-768x1021.jpg 768w, https:\/\/hubertpietka.bialystok.pl\/wp-content\/uploads\/2026\/05\/1000065136-1156x1536.jpg 1156w, https:\/\/hubertpietka.bialystok.pl\/wp-content\/uploads\/2026\/05\/1000065136.jpg 1204w\" sizes=\"auto, (max-width: 771px) 100vw, 771px\" \/><\/a><\/figure>\n<\/figure>\n","protected":false},"excerpt":{"rendered":"<p>Jak\u017ce\u017c to nie s\u0105 ob\u0142udnicy szata\u0144scyI\u015bcie skoro w imi\u0119 zbrodniSwych ob\u0142\u0119dnie chorych k\u0142amstw iWszelakich szata\u0144stw zreszt\u0105 chc\u0119 popapra\u0144cyZe mnie zrobi\u0107 cho\u0107by ksi\u0119dzaByleby tylko spe\u0142nia\u0107 swe&hellip; <\/p>\n","protected":false},"author":1,"featured_media":0,"parent":0,"menu_order":0,"comment_status":"closed","ping_status":"closed","template":"","meta":{"footnotes":""},"class_list":["post-10618","page","type-page","status-publish","hentry"],"_links":{"self":[{"href":"https:\/\/hubertpietka.bialystok.pl\/index.php?rest_route=\/wp\/v2\/pages\/10618","targetHints":{"allow":["GET"]}}],"collection":[{"href":"https:\/\/hubertpietka.bialystok.pl\/index.php?rest_route=\/wp\/v2\/pages"}],"about":[{"href":"https:\/\/hubertpietka.bialystok.pl\/index.php?rest_route=\/wp\/v2\/types\/page"}],"author":[{"embeddable":true,"href":"https:\/\/hubertpietka.bialystok.pl\/index.php?rest_route=\/wp\/v2\/users\/1"}],"replies":[{"embeddable":true,"href":"https:\/\/hubertpietka.bialystok.pl\/index.php?rest_route=%2Fwp%2Fv2%2Fcomments&post=10618"}],"version-history":[{"count":1,"href":"https:\/\/hubertpietka.bialystok.pl\/index.php?rest_route=\/wp\/v2\/pages\/10618\/revisions"}],"predecessor-version":[{"id":10621,"href":"https:\/\/hubertpietka.bialystok.pl\/index.php?rest_route=\/wp\/v2\/pages\/10618\/revisions\/10621"}],"wp:attachment":[{"href":"https:\/\/hubertpietka.bialystok.pl\/index.php?rest_route=%2Fwp%2Fv2%2Fmedia&parent=10618"}],"curies":[{"name":"wp","href":"https:\/\/api.w.org\/{rel}","templated":true}]}}