{"id":10625,"date":"2026-05-10T14:04:45","date_gmt":"2026-05-10T14:04:45","guid":{"rendered":"https:\/\/hubertpietka.bialystok.pl\/?page_id=10625"},"modified":"2026-05-10T14:07:05","modified_gmt":"2026-05-10T14:07:05","slug":"przekupy-szatanskie-komu-smierc-komu-a-wszystko-podparte-wierutnym-klamstwem-a-moze-tez-wam-szatanom-bestiom-i-lajdakom-podlug-wyrokow-bozej-sprawiedliwosci-wobec-obludniow-podlych-zbrodni","status":"publish","type":"page","link":"https:\/\/hubertpietka.bialystok.pl\/?page_id=10625","title":{"rendered":"Przekupy szata\u0144skie \/ komu \u015bmier\u0107 komu &#8211; a wszystko podparte wierutnym k\u0142amstwem \/ a mo\u017ce te\u017c wam szatanom &#8211; bestiom i \u0142ajdakom \/ pod\u0142ug wyrok\u00f3w Bo\u017cej sprawiedliwo\u015bci &#8211; wobec ob\u0142udni\u00f3w pod\u0142ych zbrodniarzy z\u0142oczy\u0144c\u00f3w"},"content":{"rendered":"\n<p>Sk\u00f3rsy\u0144skie szatany bestie bohaterowie tacy<br>\u017be ch\u0119tnie zabijaj\u0105 i kobiety<br>Kt\u00f3re nie pasuj\u0105 im szata\u0144stwom<br>Wiem to cho\u0107by po \u017conie<br>Czy innych te\u017c naszych bliskich<br>Czy cho\u0107by tych gwiazdach nieuporz\u0105dkowanych<br>Moralnie ale przecie\u017c s\u0142uszno\u015b\u0107 mi<br>Te\u017c przyznaj\u0105cych jednak jako\u015b a<br>Teraz cho\u0107by ta dyrektorka KP<br>I bynajmniej nie chodzi tu<br>O jak\u0105\u015b mi\u015bkow\u0105 komend\u0119 komis<br>Pewnie za to \u017ce broni<br>Pracownik\u00f3w swoich podpadni\u0119tych szata\u0144skim bestiom<br>W zwi\u0105zku cho\u0107by z pokrewie\u0144stwem<br>Tu z by\u0142\u0105 prac\u0105 moj\u0105<br>Takie szata\u0144skie bohatery bestialskie ulg\u0119<br>Sobie znajduj\u0105 w mordowaniu te\u017c<br>P\u0142ci tak zwanej s\u0142abszej fizycznie<br>W tym sobie te\u017c szatany<br>Zdegenerowane totalnie zepsute chc\u0105 ul\u017cy\u0107<br>Przecie\u017c ich bestialstwo ma by\u0107<br>No w\u0142a\u015bnie po szata\u0144sku totalne<br>I nie wa\u017cne czy te<br>Szatany to robi\u0105 w\u0142asnymi brudnymi<br>Czarnymi od \u015bmierci \u0142apami nawet<br>Je\u015bli je ubior\u0105 w bia\u0142e<br>Czy najdro\u017csze r\u0119kawiczki jakie\u015b<br>Zbrodnie s\u0105 zbrodniami szatan\u00f3w i<br>Bynajmniej nie inaczej jak tak<br>W\u0142a\u015bnie z\u0142o ka\u017cde po szata\u0144sku<br>Czy te\u017c mo\u017ce us\u0142u\u017cnymi r\u0119kami<br>R\u00f3wnie zepsutych \u0142ajdak\u00f3w zbrodnie s\u0105<br>Zbrodniami i nic tego nie<br>Zmieni wbrew k\u0142amstwom tych szatan\u00f3w<\/p>\n\n\n\n<p><strong>Ani mi Ani z nami<br>Naszymi i naszym szata\u0144skie bohatery<br>W przemocy wszelkiej nad s\u0142abszymi<br>I id\u017acie precz ob\u0142udnicy \u0142ajdaccy<br>Babrajaj\u0105cy si\u0119 w zbrodniach szatan\u00f3w<\/strong><\/p>\n\n\n\n<figure class=\"wp-block-gallery has-nested-images columns-default is-cropped wp-block-gallery-1 is-layout-flex wp-block-gallery-is-layout-flex\">\n<figure class=\"wp-block-image size-large\"><a href=\"https:\/\/hubertpietka.bialystok.pl\/wp-content\/uploads\/2026\/05\/1000066259.jpg\"><img loading=\"lazy\" decoding=\"async\" width=\"771\" height=\"1024\" data-id=\"10627\" src=\"https:\/\/hubertpietka.bialystok.pl\/wp-content\/uploads\/2026\/05\/1000066259-771x1024.jpg\" alt=\"\" class=\"wp-image-10627\" srcset=\"https:\/\/hubertpietka.bialystok.pl\/wp-content\/uploads\/2026\/05\/1000066259-771x1024.jpg 771w, https:\/\/hubertpietka.bialystok.pl\/wp-content\/uploads\/2026\/05\/1000066259-226x300.jpg 226w, https:\/\/hubertpietka.bialystok.pl\/wp-content\/uploads\/2026\/05\/1000066259-768x1021.jpg 768w, https:\/\/hubertpietka.bialystok.pl\/wp-content\/uploads\/2026\/05\/1000066259-1156x1536.jpg 1156w, https:\/\/hubertpietka.bialystok.pl\/wp-content\/uploads\/2026\/05\/1000066259.jpg 1204w\" sizes=\"auto, (max-width: 771px) 100vw, 771px\" \/><\/a><\/figure>\n<\/figure>\n\n\n\n<p><em>A teraz ob\u0142udnicy dzisiaj wspominany<br>\u015aw. *<strong>I-wan Merz<\/strong>* m\u00f3wi\u0105 szatany<br>*<strong>I wam \u015bmier\u0107<\/strong>* to wiedzcie<br>Szata\u0144scy ob\u0142udnicy \u017ce pod\u0142ug wyrok\u00f3w<br>Bo\u017cych je\u015bli tak si\u0119 stanie<br>To *<strong>i wam \u015bmier\u0107<\/strong>* szatany<br>Bestie i \u0142ajdactwo zreszt\u0105 wszystkim<br>Wbrew waszym pod\u0142ym k\u0142amstwom szata\u0144skim<br>I ob\u0142udzie pod\u0142ej wam s\u0142u\u017c\u0105cej<br>R\u0119kami wszelkich zepsutych zdegenerowanych \u0142ajdak\u00f3w<br>Kim by nie byli i<br>Jakiej funkcji by nie pe\u0142nili<br>Ci ob\u0142udnicy wierutni i sromotni<br>Maj\u0105cy udzia\u0142 w dzie\u0142ach bestii<br>Z\u0142a i przemocy <\/em>napastliwej wszelkiej<\/p>\n","protected":false},"excerpt":{"rendered":"<p>Sk\u00f3rsy\u0144skie szatany bestie bohaterowie tacy\u017be ch\u0119tnie zabijaj\u0105 i kobietyKt\u00f3re nie pasuj\u0105 im szata\u0144stwomWiem to cho\u0107by po \u017conieCzy innych te\u017c naszych bliskichCzy cho\u0107by tych gwiazdach nieuporz\u0105dkowanychMoralnie&hellip; <\/p>\n","protected":false},"author":1,"featured_media":0,"parent":0,"menu_order":0,"comment_status":"closed","ping_status":"closed","template":"","meta":{"footnotes":""},"class_list":["post-10625","page","type-page","status-publish","hentry"],"_links":{"self":[{"href":"https:\/\/hubertpietka.bialystok.pl\/index.php?rest_route=\/wp\/v2\/pages\/10625","targetHints":{"allow":["GET"]}}],"collection":[{"href":"https:\/\/hubertpietka.bialystok.pl\/index.php?rest_route=\/wp\/v2\/pages"}],"about":[{"href":"https:\/\/hubertpietka.bialystok.pl\/index.php?rest_route=\/wp\/v2\/types\/page"}],"author":[{"embeddable":true,"href":"https:\/\/hubertpietka.bialystok.pl\/index.php?rest_route=\/wp\/v2\/users\/1"}],"replies":[{"embeddable":true,"href":"https:\/\/hubertpietka.bialystok.pl\/index.php?rest_route=%2Fwp%2Fv2%2Fcomments&post=10625"}],"version-history":[{"count":3,"href":"https:\/\/hubertpietka.bialystok.pl\/index.php?rest_route=\/wp\/v2\/pages\/10625\/revisions"}],"predecessor-version":[{"id":10629,"href":"https:\/\/hubertpietka.bialystok.pl\/index.php?rest_route=\/wp\/v2\/pages\/10625\/revisions\/10629"}],"wp:attachment":[{"href":"https:\/\/hubertpietka.bialystok.pl\/index.php?rest_route=%2Fwp%2Fv2%2Fmedia&parent=10625"}],"curies":[{"name":"wp","href":"https:\/\/api.w.org\/{rel}","templated":true}]}}