{"id":10631,"date":"2026-05-11T18:54:04","date_gmt":"2026-05-11T18:54:04","guid":{"rendered":"https:\/\/hubertpietka.bialystok.pl\/?page_id=10631"},"modified":"2026-05-11T18:54:04","modified_gmt":"2026-05-11T18:54:04","slug":"podla-dialektyka-klamstw-obludnych-szatanskich-bestii-i-lajdakow-a-ich-obledne-zbrodnie-zloczynienie-i-ich-w-bogu-w-prawdzie-widzenie","status":"publish","type":"page","link":"https:\/\/hubertpietka.bialystok.pl\/?page_id=10631","title":{"rendered":"Pod\u0142a dialektyka k\u0142amstw ob\u0142udnych szata\u0144skich &#8211; bestii i \u0142ajdak\u00f3w \/ a ich ob\u0142\u0119dne zbrodnie z\u0142oczynienie \/ i ich w Bogu &#8211; w prawdzie widzenie"},"content":{"rendered":"\n<p>Wiem tylko jedno \u017ce zawsze<br>Te szata\u0144skie sk\u00f3rsyny chc\u0105 oskar\u017ca\u0107<br>Cz\u0142owieka za z\u0142o zbrodnie kt\u00f3re<br>Sami czyni\u0105 z nienawi\u015bci z\u0142owrogiej<br>Do dzieci Bo\u017cych jakby te<br>Mia\u0142y by\u0107 skazane na \u017cycie<br>Na peryferii spo\u0142ecze\u0144stwa by nie<br>Korzysta\u0142y z d\u00f3br tego \u015bwiata<br>Takie to s\u0105 totalne szatany<br>Niesko\u0144czone w zbrodniach ob\u0142\u0119dnie chorych<br>Kt\u00f3re czyni\u0105 sami i takie<br>Szatany \u017ce o to \u017ce<br>Cz\u0142owiek chce \u017cy\u0107 normalniej spokojnie<br>Oskar\u017caj\u0105 dziecko Bo\u017ce bo pod\u0142ug<br>Tych szatan\u00f3w nie powinni\u015bmy \u017cy\u0107<br>Wcale my nasi i nasze zwierz\u0119ta<br>Te\u017c cho\u0107by bo to przeszkadza<br>W ich szata\u0144stwach w zbrodniach<br>I jeszcze sprzeciwiaj\u0105 si\u0119 szatany<br>\u017be B\u00f3g pod\u0142ug ich k\u0142amstw<br>Pod\u0142ych wierutnych i sromotnych ma<br>Post\u0119powa\u0107 nie pod\u0142ug prawdy Bo\u017cej<br>Ob\u0142uda pod\u0142a tych ob\u0142udnik\u00f3w chyba<br>Ju\u017c nie ma dna i<br>Przy okazji ich zbrodnie op\u0119tanych<br>Szata\u0144stwami \u015bmierci\u0105 zniewoleniem i zniszczeniem<br>I przy okazji szata\u0144skim oskar\u017caniem<br>Za swoje zbrodnie dzieci Bo\u017cych<br>Zreszt\u0105 tak jest od dawna<br>I to sta\u0142a strategia szatan\u00f3w<br>By dyskredytowa\u0107 te dzieci Bo\u017ce<br>Oskar\u017ca\u0107 ich za wszystko (sic)<br>Nawet za swoje zbrodnie pot\u0119pione<br>W Bogu tak naprawd\u0119 pod\u0142ug<br>Prawdy Bo\u017cej moralno\u015bci humanitarnej i<br>To w\u0142a\u015bnie tak przeszkadza szatanom<br>Bestiom i r\u00f3wnie zepsutym \u0142ajdakom<br>Oczernianie szkalowanie zak\u0142amywanie rzeczywisto\u015bci byleby<br>Tylko wszystko przeciwko dzieciom Bo\u017cym<br>Jest cz\u0119\u015bci\u0105 ich dialektyki diabelskiej<br>By zrzuci\u0107 na nas odpowiedzialno\u015b\u0107<br>Za z\u0142o zbrodnie zdegenerowananych szatan\u00f3w<\/p>\n\n\n\n<p>Taka jest prawda i to<br>Nie od dzisiaj od dawna<br>Tak dzia\u0142aj\u0105 i tak chc\u0105<br>Ci\u0105gle post\u0119powa\u0107 tak\u017ce pod\u0142ug k\u0142amstw<br>Szata\u0144skich ci kt\u00f3rzy zbrodnicz\u0105 nienawistnie<br>I to wsz\u0119dzie zawsze i<br>Nie tylko wobec nas naszego<br>I naszych ale i niewinnych<br>Innych wszelkich ich ob\u0142udnych szata\u0144stw<br>Wykoleje\u0144cy popaprani wyst\u0119pni zbrodniarze k\u0142amcy<\/p>\n\n\n\n<p><strong>I ani mi Ani z<br>Nami naszymi i naszym<br>Nie mam zamiaru bynajmniej<br>Poczuwa\u0107 si\u0119 do winy<br>Pod\u0142ug oskar\u017ce\u0144 ob\u0142\u0119dnych tych szatan\u00f3w<br>Sk\u00f3rsy\u0144skich bestii i zapsutych \u0142ajdak\u00f3w<br>Za zbrodnie kt\u00f3re oni <em>padalcy<\/em><br>Czyni\u0105 sami czo\u0142gaj\u0105c si\u0119 \u017cmijowo<br>Ze z\u0142em ob\u015blizg\u0142ym w parze<br>I id\u017acie precz od nas<br>Szatany od nas naszego naszych<br>Si\u0119 odpieprzcie powiedzia\u0142bym id\u017acie<br>Do piek\u0142a bo szatanowi s\u0142u\u017cycie<br>Zbrodniami i klamtwami i je\u015bli<br>Si\u0119 nie nawr\u00f3cicie tam traficie<br>W\u0142a\u015bnie i bynajmniej nie inaczej<br>Cho\u0107 to niepoprawnie politycznie przecie\u017c<br>Ale B\u00f3g jest wi\u0119kszy ni\u017c<br>Wszelkie wasze szata\u0144skie ideologie dialektyki<br>Wszelkie pod\u0142e k\u0142amstwa doktryny szata\u0144skiej<\/strong><\/p>\n\n\n\n<figure class=\"wp-block-gallery has-nested-images columns-default is-cropped wp-block-gallery-1 is-layout-flex wp-block-gallery-is-layout-flex\">\n<figure class=\"wp-block-image size-large\"><a href=\"https:\/\/hubertpietka.bialystok.pl\/wp-content\/uploads\/2026\/05\/1000066361.jpg\"><img loading=\"lazy\" decoding=\"async\" width=\"771\" height=\"1024\" data-id=\"10632\" src=\"https:\/\/hubertpietka.bialystok.pl\/wp-content\/uploads\/2026\/05\/1000066361-771x1024.jpg\" alt=\"\" class=\"wp-image-10632\" srcset=\"https:\/\/hubertpietka.bialystok.pl\/wp-content\/uploads\/2026\/05\/1000066361-771x1024.jpg 771w, https:\/\/hubertpietka.bialystok.pl\/wp-content\/uploads\/2026\/05\/1000066361-226x300.jpg 226w, https:\/\/hubertpietka.bialystok.pl\/wp-content\/uploads\/2026\/05\/1000066361-768x1021.jpg 768w, https:\/\/hubertpietka.bialystok.pl\/wp-content\/uploads\/2026\/05\/1000066361-1156x1536.jpg 1156w, https:\/\/hubertpietka.bialystok.pl\/wp-content\/uploads\/2026\/05\/1000066361.jpg 1204w\" sizes=\"auto, (max-width: 771px) 100vw, 771px\" \/><\/a><\/figure>\n<\/figure>\n\n\n\n<p><strong>Wszelkie zbrodnie z\u0142oczynienia ob\u0142udy wykr\u0119tnej<br>Bo wykr\u0119caj\u0105cej rzeczywisto\u015b\u0107 przeinaczaj\u0105cej wszystko<br>Bo\u017ce warto\u015bci i prawdy og\u00f3lnoludzkie<br>A za z\u0142o szatany kt\u00f3re<br>Czynicie wy jeste\u015bcie odpowiedzialni i<br>Z tego zdacie spraw\u0119 Bogu<br>Czy wam si\u0119 to podoba<br>Czy nie i podobnie \u0142ajdactwo<br>Wszelkie te\u017c tak i w\u0142a\u015bnie<br>Bo zbrodnie wasze ju\u017c do<br>Boga wo\u0142aj\u0105 g\u0142o\u015bno o pomst\u0119<br>Podobnie piekielna ob\u0142uda kt\u00f3ra psujecie<br>Tych podleg\u0142ych waszej ob\u0142\u0119dnej dialektyce<\/strong><\/p>\n","protected":false},"excerpt":{"rendered":"<p>Wiem tylko jedno \u017ce zawszeTe szata\u0144skie sk\u00f3rsyny chc\u0105 oskar\u017ca\u0107Cz\u0142owieka za z\u0142o zbrodnie kt\u00f3reSami czyni\u0105 z nienawi\u015bci z\u0142owrogiejDo dzieci Bo\u017cych jakby teMia\u0142y by\u0107 skazane na \u017cycieNa&hellip; <\/p>\n","protected":false},"author":1,"featured_media":0,"parent":0,"menu_order":0,"comment_status":"closed","ping_status":"closed","template":"","meta":{"footnotes":""},"class_list":["post-10631","page","type-page","status-publish","hentry"],"_links":{"self":[{"href":"https:\/\/hubertpietka.bialystok.pl\/index.php?rest_route=\/wp\/v2\/pages\/10631","targetHints":{"allow":["GET"]}}],"collection":[{"href":"https:\/\/hubertpietka.bialystok.pl\/index.php?rest_route=\/wp\/v2\/pages"}],"about":[{"href":"https:\/\/hubertpietka.bialystok.pl\/index.php?rest_route=\/wp\/v2\/types\/page"}],"author":[{"embeddable":true,"href":"https:\/\/hubertpietka.bialystok.pl\/index.php?rest_route=\/wp\/v2\/users\/1"}],"replies":[{"embeddable":true,"href":"https:\/\/hubertpietka.bialystok.pl\/index.php?rest_route=%2Fwp%2Fv2%2Fcomments&post=10631"}],"version-history":[{"count":1,"href":"https:\/\/hubertpietka.bialystok.pl\/index.php?rest_route=\/wp\/v2\/pages\/10631\/revisions"}],"predecessor-version":[{"id":10633,"href":"https:\/\/hubertpietka.bialystok.pl\/index.php?rest_route=\/wp\/v2\/pages\/10631\/revisions\/10633"}],"wp:attachment":[{"href":"https:\/\/hubertpietka.bialystok.pl\/index.php?rest_route=%2Fwp%2Fv2%2Fmedia&parent=10631"}],"curies":[{"name":"wp","href":"https:\/\/api.w.org\/{rel}","templated":true}]}}