{"id":10635,"date":"2026-05-12T23:10:04","date_gmt":"2026-05-12T23:10:04","guid":{"rendered":"https:\/\/hubertpietka.bialystok.pl\/?page_id=10635"},"modified":"2026-05-12T23:15:07","modified_gmt":"2026-05-12T23:15:07","slug":"wbrew-waszej-obludzie-podlej-co-nam-zrobicie-to-odziedziczycie-finalnie-i-ostatecznie-takze-wiecznie","status":"publish","type":"page","link":"https:\/\/hubertpietka.bialystok.pl\/?page_id=10635","title":{"rendered":"Wbrew waszej ob\u0142udzie pod\u0142ej \/ co nam zrobicie &#8211; to odziedziczycie \/ finalnie i ostatecznie &#8211; tak\u017ce wiecznie"},"content":{"rendered":"\n<p>Powiem tak sk\u00f3rsy\u0144skie szatany bestie<br>I r\u00f3wnie zepsute \u0142ajdactwo wszelakie<br>Nawet je\u015bli w waszym *<strong>plebiscycie<\/strong>*<br>Czytaj *<strong>plebsu-szczycie<\/strong>* bynajmniej bez<br>Poni\u017cania kogokolwiek wszyscy byliby nam<br>Czy mi przeciwko a wiadomo<br>Sk\u0105din\u0105d \u017ce niewa\u017cne jak si\u0119<br>G\u0142osuje ale jaki ma by\u0107<br>Wynik i kto tak g\u0142osy<br>Wszelkie ma nastawia\u0107 czy policzy\u0107<br>A czy\u017c nie po to<br>Szatany mordujecie bestialsko niewinne istnienia<br>W spos\u00f3b zorganizowany i ludob\u00f3jczy<br>By czasem wynik nie okaza\u0142<br>Si\u0119 przeciwny waszych zbrodni po\u017c\u0105daniom<br>St\u0105d w\u0142a\u015bnie holocaust wsp\u00f3\u0142czesny szatan\u00f3w<br>Tak wi\u0119c nawet je\u015bli szatany<br>Sk\u00f3rsy\u0144skie tak by by\u0142o to<br>Mnie to za przeproszeniem wali<br>Bo B\u00f3g ma gdzie\u015b wasze<br>Rozgrywki szata\u0144skie przeciwko dzieciom Bo\u017cym<br>Tym i wbrew waszym k\u0142amstwom<br>Wynik finalny tego wszystkiego mo\u017ce<br>Odbiega\u0107 i b\u0119dzie odbiega\u0142 od<br>Waszej ob\u0142udy szata\u0144skiej i wszyscy<br>W ten spos\u00f3b zginiecie ob\u0142udnicy<br>Zbrodniczy wbrew waszej pod\u0142o\u015bci indoktrynacji<br>Ku waszym ob\u0142\u0119dnym zbrodniom szata\u0144skim<br>Na tych dzieciach Bo\u017cych i<br>Wszelkich innych niewinnych m\u0119czennik\u00f3w zbrodni<br>Waszych wykolejonych popapranych ob\u0142\u0119dem z\u0142a<br>I wbrew waszym po\u017c\u0105daniom zbrodni<br>To samo was spotka w\u0142a\u015bnie<br>Zreszt\u0105 wszystkich ca\u0142y ten \u015bwiat<br>Bo szatany wasze k\u0142amstwa pod\u0142e<br>Bynajmniej nie zobowi\u0105zuj\u0105 Boga by<br>Pod\u0142ug waszej ob\u0142udy piekielnej nie<br>Post\u0105pi\u0142 On z wami wed\u0142ug<br>Sprawiedliwo\u015bci Swojej za wasze zbrodnie<br>Ju\u017c wo\u0142aj\u0105ce do nieba g\u0142o\u015bno<br>A ja akurat szatany wiem<br>Gdzie b\u0119d\u0119 bo id\u0119 drog\u0105<br>Bo\u017c\u0105 mi wyznaczon\u0105 czysto wiernie<\/p>\n\n\n\n<p>Dzi\u015b te\u017c wspominana jest \u015bw.<br>*<strong>Juta z Bielczyn<\/strong>* B\u00f3g powiedzia\u0142<br>Wbrew waszej niesko\u0144czonej ob\u0142udzie pod\u0142ej<br>Po\u017c\u0105da\u0144 wszelkich chorych zepsutych zbrodni<br>\u017be *<strong>you<\/strong>* czyli ja mam<br>By\u0107 z *<strong>t\u0105<\/strong>* w\u0142a\u015bnie<br>Moj\u0105 \u017con\u0105 by w\u0142a\u015bnie odpowiednio<br>By\u0142y *<strong>bia\u0142e czyny*<\/strong> jej i moje<br>Oparte na czysto\u015bci i wierno\u015bci<br>Wbrew waszemu j\u0105trzeniu oczernianiu szkalowaniu<br>Nas naszych i naszego<br>Tu ma nast\u0105pi\u0107 kres waszej<br>Ob\u0142udy haniebnej ku ob\u0142\u0119dnym zbrodniom<\/p>\n\n\n\n<figure class=\"wp-block-gallery has-nested-images columns-default is-cropped wp-block-gallery-1 is-layout-flex wp-block-gallery-is-layout-flex\">\n<figure class=\"wp-block-image size-large\"><a href=\"https:\/\/hubertpietka.bialystok.pl\/wp-content\/uploads\/2026\/05\/1000066481.jpg\"><img loading=\"lazy\" decoding=\"async\" width=\"771\" height=\"1024\" data-id=\"10636\" src=\"https:\/\/hubertpietka.bialystok.pl\/wp-content\/uploads\/2026\/05\/1000066481-771x1024.jpg\" alt=\"\" class=\"wp-image-10636\" srcset=\"https:\/\/hubertpietka.bialystok.pl\/wp-content\/uploads\/2026\/05\/1000066481-771x1024.jpg 771w, https:\/\/hubertpietka.bialystok.pl\/wp-content\/uploads\/2026\/05\/1000066481-226x300.jpg 226w, https:\/\/hubertpietka.bialystok.pl\/wp-content\/uploads\/2026\/05\/1000066481-768x1021.jpg 768w, https:\/\/hubertpietka.bialystok.pl\/wp-content\/uploads\/2026\/05\/1000066481-1156x1536.jpg 1156w, https:\/\/hubertpietka.bialystok.pl\/wp-content\/uploads\/2026\/05\/1000066481.jpg 1204w\" sizes=\"auto, (max-width: 771px) 100vw, 771px\" \/><\/a><\/figure>\n<\/figure>\n\n\n\n<p>Dzi\u015b te\u017c wspominany jest \u015bw.<br>*<strong>Leopold Mandi\u0107 z Hercegnovi<\/strong>* co<br>Ten *<strong>leo polski ma da\u0107<\/strong>*<br>To co wy mu pozwolicie<br>Uzyska\u0107 to i dostaniecie w\u0142a\u015bnie<br>Pedagogi\u0105 Bo\u017cej zap\u0142aty za czyny<br>Dobra i z\u0142a nie szata\u0144skich<br>Bestii i \u0142ajdactwa ob\u0142udy k\u0142amstw<br>I co ten *<strong>leo polski<\/strong>*<br>Na wszelkie *<strong>harce nowe<\/strong>* bestii<br>I r\u00f3wnie \u0142ajdactwa zepsutego<br>Zawsze tamtym w z\u0142u wturuj\u0105cego<br>Ja jestem tylko odbiciem Boga<br>I nasze ma\u0142\u017ce\u0144stwo mi\u0142o\u015b\u0107 nasza<br>Kt\u00f3r\u0105 wy odbijacie w zwierciadle<br>Krzywym waszej pod\u0142o\u015bci ob\u0142udy sromotnej<br>Ale nie dostaniecie innej drogi<br>Do Boga jasnej czystej pewnej<br>Wbrew tak\u017ce tym sektom wsp\u00f3\u0142czesnym<br>Nikolait\u00f3w cho\u0107by kt\u00f3rych Apokalipsa opisuje<br>Wymownie i tych kt\u00f3rzy j\u0105<br>Prowadz\u0105 na nieprawo\u015bci \u015bcie\u017cki bestii<br>Nawet wewn\u0105trz w Ko\u015bciele \u015awi\u0119tym<\/p>\n\n\n\n<p>\u015aw. *<strong>Mandicia z Hercegnovi<\/strong>*<br>*<strong>Co man da ci<\/strong>* cz\u0142owiek<br>Na bestii \u0142ajdactwa *<strong>harce nowe<\/strong>*<br>Oparte na wszelkich pod\u0142ych zbrodniach<br>\u015amierci zniewolenia zniszczenia atrybuty szatana<\/p>\n\n\n\n<p><strong>Ani mi Ani z nami<br>Naszymi i naszym id\u017acie precz<br>Ob\u0142udnicy zreszt\u0105 wszelacy z waszymi<br>Pod\u0142ymi ob\u0142\u0119dnymi zbrodni po\u017c\u0105daniami<br>I r\u00f3wnie chorymi k\u0142amstwami<br>Kt\u00f3re maj\u0105 niby uzasadnia\u0107 wszelk\u0105<br>Drog\u0119 bestii i \u0142ajdactwa szata\u0144stw<\/strong><\/p>\n","protected":false},"excerpt":{"rendered":"<p>Powiem tak sk\u00f3rsy\u0144skie szatany bestieI r\u00f3wnie zepsute \u0142ajdactwo wszelakieNawet je\u015bli w waszym *plebiscycie*Czytaj *plebsu-szczycie* bynajmniej bezPoni\u017cania kogokolwiek wszyscy byliby namCzy mi przeciwko a wiadomoSk\u0105din\u0105d \u017ce&hellip; <\/p>\n","protected":false},"author":1,"featured_media":0,"parent":0,"menu_order":0,"comment_status":"closed","ping_status":"closed","template":"","meta":{"footnotes":""},"class_list":["post-10635","page","type-page","status-publish","hentry"],"_links":{"self":[{"href":"https:\/\/hubertpietka.bialystok.pl\/index.php?rest_route=\/wp\/v2\/pages\/10635","targetHints":{"allow":["GET"]}}],"collection":[{"href":"https:\/\/hubertpietka.bialystok.pl\/index.php?rest_route=\/wp\/v2\/pages"}],"about":[{"href":"https:\/\/hubertpietka.bialystok.pl\/index.php?rest_route=\/wp\/v2\/types\/page"}],"author":[{"embeddable":true,"href":"https:\/\/hubertpietka.bialystok.pl\/index.php?rest_route=\/wp\/v2\/users\/1"}],"replies":[{"embeddable":true,"href":"https:\/\/hubertpietka.bialystok.pl\/index.php?rest_route=%2Fwp%2Fv2%2Fcomments&post=10635"}],"version-history":[{"count":3,"href":"https:\/\/hubertpietka.bialystok.pl\/index.php?rest_route=\/wp\/v2\/pages\/10635\/revisions"}],"predecessor-version":[{"id":10640,"href":"https:\/\/hubertpietka.bialystok.pl\/index.php?rest_route=\/wp\/v2\/pages\/10635\/revisions\/10640"}],"wp:attachment":[{"href":"https:\/\/hubertpietka.bialystok.pl\/index.php?rest_route=%2Fwp%2Fv2%2Fmedia&parent=10635"}],"curies":[{"name":"wp","href":"https:\/\/api.w.org\/{rel}","templated":true}]}}