{"id":10641,"date":"2026-05-13T09:27:31","date_gmt":"2026-05-13T09:27:31","guid":{"rendered":"https:\/\/hubertpietka.bialystok.pl\/?page_id=10641"},"modified":"2026-05-13T09:27:31","modified_gmt":"2026-05-13T09:27:31","slug":"bog-juz-to-rozsadzil-obludnicy-wszelacy-podlug-wartosci-i-podmiotow-bozych-niezmiennych-sprawiedliwych-slusznych-samoobrony-bozej-i-na-to-pieczec-apokalipsy-i-fatimskiej-pani-wobec-wszelkich","status":"publish","type":"page","link":"https:\/\/hubertpietka.bialystok.pl\/?page_id=10641","title":{"rendered":"B\u00f3g ju\u017c to rozsadzi\u0142 ob\u0142udnicy wszelacy &#8211; pod\u0142ug warto\u015bci i podmiot\u00f3w Bo\u017cych \/ niezmiennych sprawiedliwych s\u0142usznych samoobrony Bo\u017cej &#8211; i na to piecz\u0119\u0107 \/ Apokalipsy i Fatimskiej Pani &#8211; wobec wszelkich zbrodni k\u0142amstw szatan\u00f3w"},"content":{"rendered":"\n<p>Niech B\u00f3g rozs\u0105dzi pomi\u0119dzy mn\u0105<br>A nimi szatanami wszelkimi tymi<br>On zreszt\u0105 to nieustannie czyni<br>Moralno\u015bci\u0105 odwieczn\u0105 prost\u0105 warto\u015bciami Bo\u017cymi<\/p>\n\n\n\n<p>Bo czy\u017c czy to ja<br>Chc\u0119 zabi\u0107 komu\u015b wsp\u00f3\u0142ma\u0142\u017conka czy<br>Go zniewoli\u0107 podobnie z naszymi bliskimi<br>I zwierz\u0119tami tymi czy\u017c to<br>Ja chc\u0119 komu\u015b tak czyni\u0107<br>Pod\u0142ug z\u0142owrogiej nienawi\u015bci po\u017c\u0105da\u0144 zbrodni<br>Wobec tych niewinnych dzieci Bo\u017cych<\/p>\n\n\n\n<p>Czy\u017c to ja chc\u0119 napada\u0107 kogokolwiek<br>Zniszczy\u0107 komukolwiek jego miejsca schronienia<br>W jakikolwiek spos\u00f3b zabra\u0107 jego<br>Mienie dobra samochody czy\u017c to<br>Ja uderzam komukolwiek w biblijn\u0105<br>&#8222;Chleba podpor\u0119&#8221; by zniszczy\u0107 jego<br>Prace zabra\u0107 do \u017cycia \u015brodki na<br>Wszelkie zreszt\u0105 sposoby i czy\u017c<br>To ja chc\u0119 zniewala\u0107 kogokolwiek za<br>Obron\u0119 tych wszelkich podmiot\u00f3w i<br>Warto\u015bci Bo\u017cych w tym \u015bwiecie<\/p>\n\n\n\n<p>Niech B\u00f3g to rozs\u0105dzi pomi\u0119dzy<br>Mn\u0105 a nimi wszelkimi szatanami<br>Kt\u00f3re dzia\u0142a przemocy wszelkiej bezwzgl\u0119dnej<br>Bezbo\u017cnej chorej przeciwko nam wytoczy\u0142y<br>Byleby nas zabi\u0107 zniewoli\u0107 zniszczy\u0107<br>Nas naszych i nasze niewinnych<br>Innych te bestie na wskro\u015b<br>Szata\u0144skie i r\u00f3wnie zepsute \u0142ajdactwo<\/p>\n\n\n\n<p>I czy\u017c to ja uderzam<br>K\u0142amstwem ka\u017cdym najgorszym w kogokolwiek<br>Byleby tylko zniszczy\u0107 jego autoretet<br>Byleby go oszpeci\u0107 oczerni\u0107 szkalowa\u0107<br>Po to by m\u00f3c spe\u0142nia\u0107<br>Swe wszelkie ob\u0142\u0119dne zbrodnie chore<br>Czy to ja to wszystko<br>Czy raczej oni bestie \u0142ajdactwo<br>Wobec nas naszego i naszych<br>Niech B\u00f3g wejrzy na t\u0105<br>Niesprawiedliwo\u015b\u0107 ra\u017c\u0105c\u0105 na te prze\u015bladowania<br>Z ka\u017cdej strony i na<br>Kroku chyba ka\u017cdym wsz\u0119dzie zawsze<\/p>\n\n\n\n<p>Ja tak naprawd\u0119 jestem cz\u0142owiekiem<br>Pokoju Bo\u017cego ja nie chc\u0119<br>Walczy\u0107 z nikim o nic<br>Ale w obliczu obrony sprawiedliwej<br>Najwy\u017cszych warto\u015bci Bo\u017cych i z<br>Tym zwi\u0105zanych podmiot\u00f3w wszelkich moich<br>Musz\u0119 podejmowa\u0107 t\u0105 obron\u0119 sprawiedliw\u0105<br>I s\u0142uszn\u0105 bo oni przemoc\u0105<br>Zreszt\u0105 wszelk\u0105 chc\u0105 nas zniszczy\u0107<br>Nas naszych i nasze<br>D\u0105\u017c\u0105 nieustannie do \u015bmierci zniewolenia<br>I zniszczenia nas naszego naszych<br>A to si\u0119 domaga obrony<br>Bo nie mo\u017cna pozwoli\u0107 by<br>Przemoc bezbo\u017cna nies\u0142uszna niesprawiedliwa niszczy\u0142a<br>To wszystko i wszystkich<br>Niepodleg\u0142ych k\u0142amstwom szata\u0144skim tych bestii<br>I r\u00f3wnie chorego ob\u0142\u0119dem zbrodni<br>\u0141ajdactwa im podleg\u0142ego w z\u0142u<br>Wi\u0119c to domaga si\u0119 samoobrony<br>Kt\u00f3r\u0105 te\u017c musia\u0142em odpowiednio podj\u0105\u0107<\/p>\n\n\n\n<p>A w samoobronie warto\u015bci najwy\u017cszych<br>I podmiot\u00f3w Bo\u017cych wszystko szatany<br>Tak naprawd\u0119 jest s\u0142uszne usprawiedliwione<br>Cho\u0107 wy chcecie mi odebra\u0107<br>Nawet t\u0105 podpor\u0119 s\u0142owa w<br>Walce z waszymi wszelkimi zbrodniami<br>Szata\u0144skimi w kt\u00f3rej te\u017c pos\u0142ugujecie<br>Si\u0119 ka\u017cdym k\u0142amstwem \u017ce jakoby<br>Jakie\u015b s\u0142owa mog\u0105 by\u0107 nieuzasadnione<br>Do walki z przemoc\u0105 prze\u015bladowaniami<br>I wszelkimi waszymi chorymi zbrodniami<br>A skoro szatany w samoobronie<br>S\u0142usznej sprawiedliwej zabi\u0107 nawet mo\u017cna<br>To tym bardziej nie ma<br>S\u0142\u00f3w sk\u00f3rsyny kt\u00f3rych tu nie<br>Mo\u017cna by u\u017cy\u0107 wbrew waszej<br>Wszelkiej pod\u0142ej ob\u0142udzie sromotnej wierutnej<\/p>\n\n\n\n<figure class=\"wp-block-gallery has-nested-images columns-default is-cropped wp-block-gallery-1 is-layout-flex wp-block-gallery-is-layout-flex\">\n<figure class=\"wp-block-image size-large\"><a href=\"https:\/\/hubertpietka.bialystok.pl\/wp-content\/uploads\/2026\/05\/1000066557.jpg\"><img loading=\"lazy\" decoding=\"async\" width=\"771\" height=\"1024\" data-id=\"10642\" src=\"https:\/\/hubertpietka.bialystok.pl\/wp-content\/uploads\/2026\/05\/1000066557-771x1024.jpg\" alt=\"\" class=\"wp-image-10642\" srcset=\"https:\/\/hubertpietka.bialystok.pl\/wp-content\/uploads\/2026\/05\/1000066557-771x1024.jpg 771w, https:\/\/hubertpietka.bialystok.pl\/wp-content\/uploads\/2026\/05\/1000066557-226x300.jpg 226w, https:\/\/hubertpietka.bialystok.pl\/wp-content\/uploads\/2026\/05\/1000066557-768x1021.jpg 768w, https:\/\/hubertpietka.bialystok.pl\/wp-content\/uploads\/2026\/05\/1000066557-1156x1536.jpg 1156w, https:\/\/hubertpietka.bialystok.pl\/wp-content\/uploads\/2026\/05\/1000066557.jpg 1204w\" sizes=\"auto, (max-width: 771px) 100vw, 771px\" \/><\/a><\/figure>\n<\/figure>\n\n\n\n<p><em>Wejrzyj Fatimska Pani dzi\u015b \u015bwi\u0119to<br>Jest przecie\u017c twoje a to<br>Wszystko pod\u0142ug tych zapowiedzi na<br>Czasy ostateczne wszelkich syn\u00f3w diab\u0142a<br>Walcz\u0105cych na wszelkie podst\u0119pne sposoby<br>Z tymi dzie\u0107mi Bo\u017cymi z<br>Ich ma\u0142\u017ce\u0144stwem z ich rodzinami<br>I automatycznie z tym co<br>Maj\u0105 i tymi kt\u00f3rzy nale\u017c\u0105<br>Do nich a kt\u00f3rych przemoc<br>Zbrodni tych szatan\u00f3w te\u017c chce<br>Niszczy\u0107 na wszelkie sposoby nieustannie<br>Wejrzyj Fatimska Pani i prowad\u017a<br>Bo to wszystko my czynimy<br>W twoje imi\u0119 w Bo\u017ce<br>To Imi\u0119 obrony warto\u015bci Bo\u017cych<br>I podmiot\u00f3w okre\u015blonych jasno<br>W dzieci\u0119ctwie Bo\u017cym i tego<br>Co tu jest im przynale\u017cne<\/em><\/p>\n\n\n\n<figure class=\"wp-block-gallery has-nested-images columns-default is-cropped wp-block-gallery-2 is-layout-flex wp-block-gallery-is-layout-flex\">\n<figure class=\"wp-block-image size-large\"><a href=\"https:\/\/hubertpietka.bialystok.pl\/wp-content\/uploads\/2026\/05\/1000066558.jpg\"><img loading=\"lazy\" decoding=\"async\" width=\"771\" height=\"1024\" data-id=\"10643\" src=\"https:\/\/hubertpietka.bialystok.pl\/wp-content\/uploads\/2026\/05\/1000066558-771x1024.jpg\" alt=\"\" class=\"wp-image-10643\" srcset=\"https:\/\/hubertpietka.bialystok.pl\/wp-content\/uploads\/2026\/05\/1000066558-771x1024.jpg 771w, https:\/\/hubertpietka.bialystok.pl\/wp-content\/uploads\/2026\/05\/1000066558-226x300.jpg 226w, https:\/\/hubertpietka.bialystok.pl\/wp-content\/uploads\/2026\/05\/1000066558-768x1021.jpg 768w, https:\/\/hubertpietka.bialystok.pl\/wp-content\/uploads\/2026\/05\/1000066558-1156x1536.jpg 1156w, https:\/\/hubertpietka.bialystok.pl\/wp-content\/uploads\/2026\/05\/1000066558.jpg 1204w\" sizes=\"auto, (max-width: 771px) 100vw, 771px\" \/><\/a><\/figure>\n<\/figure>\n\n\n\n<p><strong>Ani mi Ani z nami<br>Naszymi i naszym i spadajcie<br>Ob\u0142udnicy bestialscy wszelacy od nas<br>Naszego naszych niewinnych innych przemocy<br>Szata\u0144skiej tych bestii tego \u0142ajdactwa<br>Ja nie ust\u0105pi\u0119 bo to<br>Wszystko musz\u0119 czyni\u0107 w obronie<br>Sprawiedliwej i s\u0142usznej w\u0142a\u015bciwej moralnie<br>Wszelkich prawdziwych warto\u015bci Bo\u017cych i<br>Wszystkich podmiot\u00f3w Jego mi\u0142osierdzia opatrzno\u015bci<br>Id\u017acie precz szatany post\u0119puj\u0105cy zawsze<br>Pod\u0142ug diab\u0142a jakkolwiek zreszt\u0105 to<br>Ob\u0142udnie podle i perfidnie przek\u0142amujecie<br>Byleby czyni\u0107 przemoc zbrodni wszelkich<br>Jezu ufam Tobie ave Maria<br>Totus Tuus wszystko moje nasze<br>I wszyscy Bo\u017cy wi\u0119c nasi<\/strong><\/p>\n","protected":false},"excerpt":{"rendered":"<p>Niech B\u00f3g rozs\u0105dzi pomi\u0119dzy mn\u0105A nimi szatanami wszelkimi tymiOn zreszt\u0105 to nieustannie czyniMoralno\u015bci\u0105 odwieczn\u0105 prost\u0105 warto\u015bciami Bo\u017cymi Bo czy\u017c czy to jaChc\u0119 zabi\u0107 komu\u015b wsp\u00f3\u0142ma\u0142\u017conka&hellip; <\/p>\n","protected":false},"author":1,"featured_media":0,"parent":0,"menu_order":0,"comment_status":"closed","ping_status":"closed","template":"","meta":{"footnotes":""},"class_list":["post-10641","page","type-page","status-publish","hentry"],"_links":{"self":[{"href":"https:\/\/hubertpietka.bialystok.pl\/index.php?rest_route=\/wp\/v2\/pages\/10641","targetHints":{"allow":["GET"]}}],"collection":[{"href":"https:\/\/hubertpietka.bialystok.pl\/index.php?rest_route=\/wp\/v2\/pages"}],"about":[{"href":"https:\/\/hubertpietka.bialystok.pl\/index.php?rest_route=\/wp\/v2\/types\/page"}],"author":[{"embeddable":true,"href":"https:\/\/hubertpietka.bialystok.pl\/index.php?rest_route=\/wp\/v2\/users\/1"}],"replies":[{"embeddable":true,"href":"https:\/\/hubertpietka.bialystok.pl\/index.php?rest_route=%2Fwp%2Fv2%2Fcomments&post=10641"}],"version-history":[{"count":1,"href":"https:\/\/hubertpietka.bialystok.pl\/index.php?rest_route=\/wp\/v2\/pages\/10641\/revisions"}],"predecessor-version":[{"id":10644,"href":"https:\/\/hubertpietka.bialystok.pl\/index.php?rest_route=\/wp\/v2\/pages\/10641\/revisions\/10644"}],"wp:attachment":[{"href":"https:\/\/hubertpietka.bialystok.pl\/index.php?rest_route=%2Fwp%2Fv2%2Fmedia&parent=10641"}],"curies":[{"name":"wp","href":"https:\/\/api.w.org\/{rel}","templated":true}]}}