{"id":10647,"date":"2026-05-14T23:52:28","date_gmt":"2026-05-14T23:52:28","guid":{"rendered":"https:\/\/hubertpietka.bialystok.pl\/?page_id=10647"},"modified":"2026-05-14T23:57:01","modified_gmt":"2026-05-14T23:57:01","slug":"parabole-tworczosci-ku-swietej-pamieci-stasi-a-b-c","status":"publish","type":"page","link":"https:\/\/hubertpietka.bialystok.pl\/?page_id=10647","title":{"rendered":"Parabole tw\u00f3rczo\u015bci &#8211; ku \u015bwi\u0119tej pami\u0119ci Stasi \/ A B C"},"content":{"rendered":"\n<p><strong><em><a href=\"https:\/\/youtu.be\/El5bXyiMm9I?si=wfSNlY_qzP-pK321\">Stanis\u0142awa Celi\u0144ska &#8211; Przytul<\/a><\/em><\/strong><\/p>\n\n\n\n<p>Przepraszam ci\u0119 \u017cono<br>\u017be przytulam za ma\u0142o<br>Poch\u0142oni\u0119ty obrony walk\u0105 ze z\u0142em<br>Nie jest to \u0142atwe gdy<br>Cz\u0142owiek poch\u0142oni\u0119ty jest zdegenerowaniem<br>Tych szatan\u00f3w chc\u0105cych uderza\u0107 w<br>Nas naszych i nasze nieustannie<br>Na sposoby wszelkie \u015bmierci\u0105 zniewoleniem<br>Zniszczeniem tak\u017ce tym totalnym<br>Nie tylko tych rzeczy ma\u0142ych<br>Wszystkich naszych ca\u0142ego ma\u0142ego \u015bwiata<br>Przepraszam mo\u017ce kiedy\u015b nast\u0105pi ten<br>Czas lepszy na celebracj\u0119 mi\u0142ostkowo\u015bci<br>Dla tego ma\u0142ego rycerza kt\u00f3ry<br>Przecie\u017c nieustannie walczy o ciebie<br>To co mamy czym jeste\u015bmy<br>Ca\u0142e spectrum tego naszego jestestwa<\/p>\n\n\n\n<p class=\"has-text-align-center\"><strong><em><a href=\"https:\/\/youtu.be\/F045E_yrxCM?si=259gYWXPDMrng5Q8\">Stanis\u0142awa Celi\u0144ska &#8211; Smuteczku m\u00f3j<\/a><\/em><\/strong><\/p>\n\n\n\n<p>Stasiu kochana atramentowa malinowa bliska<br>Tonacja molowa teraz twoja wybrzmiewa<br>W niebie Panu Bogu bo<br>By\u0142a\u015b prawdziwa ciep\u0142a powa\u017cna tkliwa<br>Jak ty zdo\u0142a\u0142a\u015b pomie\u015bci\u0107 w sobie<br>T\u0105 aur\u0119 niepomiern\u0105 klasycyzmu czystego<br>Z g\u0142osem na najwy\u017cszych strunach<br>Duszy z m\u0105dro\u015bci\u0105 w melodii<br>Nie potrafi\u0119 chyba ci\u0119 opisa\u0107<br>Inaczej ni\u017c przez pewne paradoksy<br>Na kt\u00f3re z\u0142o\u017cy\u0142y si\u0119 twe<br>Trudne do\u015bwiadczenia \u017cyciowe i ta<br>\u0141agodno\u015bci kraina kt\u00f3r\u0105 B\u00f3g zapewne<br>Rozprzestrzeni\u0142 w tobie by\u015b mog\u0142a<br>Ubogaca\u0107 tym ludzi spragnionych warto\u015bci<br>Jasnych cz\u0119stych niezmiennych i prostych<br>Dzi\u0119kuj\u0119 ci za to jak\u0105<br>By\u0142a\u015b cho\u0107by w ostatnich latach<br>Cho\u0107 przeci\u0105\u017cona trudami cierpienia ale<br>Mia\u0142a\u015b odwag\u0119 wypowiada\u0107 prawd\u0119 t\u0105<br>Tward\u0105 tak\u017ce w imi\u0119 cz\u0142owiecze\u0144stwa<br>Chcia\u0142em by\u0107 na twoim koncercie my\u015bl\u0119<br>\u017be to by\u0142y duchowe uczty<br>Zapewne te\u017c dla tych kt\u00f3rzy<br>Mieli to szcz\u0119\u015bcie zna\u0107 ci\u0119<br>Nie uda\u0142o si\u0119 ale dzi\u0119kuj\u0119<br>Za pobrzmiewanie \u015bpiewu twego wzruszeniem<br>I tekstami wa\u017cnymi cz\u0142owieczej doli<br>Ludzi dotkni\u0119tych przez \u017cyciowe warto\u015bci<br>\u0141\u0105czone z do\u015bwiadczeniami egzystencji trudami<br>Odpoczywaj w pokoju po twej<br>Chyba nie\u0142atwej drodze i roz\u015bpiewuj<br>Tam niebo tonem \u0142agodno\u015bci m\u0105drej<br>Dzi\u0119kuj\u0119 za twe poruszenia serc ludzi<br>W tym tak\u017ce mojego rozd\u017awi\u0119kami<br>Etyki dobra jasnego prawdy pi\u0119kna<br>Niech ci si\u0119 roz\u015bwietl\u0105 wszelkie<br>Twe trudy i \u015bwiata tego<br>Tam w niebie ju\u017c zawsze<\/p>\n\n\n\n<p class=\"has-text-align-center\"><strong><em><a href=\"https:\/\/youtu.be\/jTMJesfFNo4?si=t0R0gUY0vYcsrY44\">Stanis\u0142awa Celi\u0144ska &#8211; Nie strasz<\/a><\/em><\/strong><\/p>\n\n\n\n<p>*<strong>Stasia Cel-i\u0144ska<\/strong>* &#8211; *<strong>sta\u0107 celem Jna<\/strong>*<br>Albo *<strong>Sta\u0107 celem i\u0144skim<\/strong>* bestii<br>\u0141ajdactwa &#8222;sta\u0107 bo b\u0119d\u0105 strzela\u0107&#8221;<br>Albo *<strong>sta\u0107 (do) celi ich<\/strong>*<br>J\u0105 i jego je\u015bli nie<br>\u015amier\u0107 ich i bliskich i<br>Zwierz\u0105t niewinnych wszystkich szale\u0144czej nienawi\u015bci<br>Bestii \u0142ajdactwa *<strong>sta\u0107 celem ich<\/strong>*<br>Wy jeste\u015bcie wasza \u015bmier\u0107 zniewolenie<br>\u015awiata ca\u0142ego zniszczenie szatan\u00f3w tych<\/p>\n\n\n\n<p><strong><em><a href=\"https:\/\/youtu.be\/3xQCbHAnDmM?si=OjUwHRx9LblUPAq_\">Stanis\u0142awa Celi\u0144ska &#8211; Modlitwa o pok\u00f3j<\/a><\/em><\/strong><\/p>\n\n\n\n<p><\/p>\n","protected":false},"excerpt":{"rendered":"<p>Stanis\u0142awa Celi\u0144ska &#8211; Przytul Przepraszam ci\u0119 \u017cono\u017be przytulam za ma\u0142oPoch\u0142oni\u0119ty obrony walk\u0105 ze z\u0142emNie jest to \u0142atwe gdyCz\u0142owiek poch\u0142oni\u0119ty jest zdegenerowaniemTych szatan\u00f3w chc\u0105cych uderza\u0107 wNas&hellip; <\/p>\n","protected":false},"author":1,"featured_media":0,"parent":0,"menu_order":0,"comment_status":"closed","ping_status":"closed","template":"","meta":{"footnotes":""},"class_list":["post-10647","page","type-page","status-publish","hentry"],"_links":{"self":[{"href":"https:\/\/hubertpietka.bialystok.pl\/index.php?rest_route=\/wp\/v2\/pages\/10647","targetHints":{"allow":["GET"]}}],"collection":[{"href":"https:\/\/hubertpietka.bialystok.pl\/index.php?rest_route=\/wp\/v2\/pages"}],"about":[{"href":"https:\/\/hubertpietka.bialystok.pl\/index.php?rest_route=\/wp\/v2\/types\/page"}],"author":[{"embeddable":true,"href":"https:\/\/hubertpietka.bialystok.pl\/index.php?rest_route=\/wp\/v2\/users\/1"}],"replies":[{"embeddable":true,"href":"https:\/\/hubertpietka.bialystok.pl\/index.php?rest_route=%2Fwp%2Fv2%2Fcomments&post=10647"}],"version-history":[{"count":4,"href":"https:\/\/hubertpietka.bialystok.pl\/index.php?rest_route=\/wp\/v2\/pages\/10647\/revisions"}],"predecessor-version":[{"id":10651,"href":"https:\/\/hubertpietka.bialystok.pl\/index.php?rest_route=\/wp\/v2\/pages\/10647\/revisions\/10651"}],"wp:attachment":[{"href":"https:\/\/hubertpietka.bialystok.pl\/index.php?rest_route=%2Fwp%2Fv2%2Fmedia&parent=10647"}],"curies":[{"name":"wp","href":"https:\/\/api.w.org\/{rel}","templated":true}]}}