{"id":10653,"date":"2026-05-15T07:00:45","date_gmt":"2026-05-15T07:00:45","guid":{"rendered":"https:\/\/hubertpietka.bialystok.pl\/?page_id=10653"},"modified":"2026-05-15T07:00:45","modified_gmt":"2026-05-15T07:00:45","slug":"wykolejenie-i-popapranie-bestii-lajdactwa-w-szatanie-ku-oblednym-zbrodniom-na-tych-i-innych-niewinnych-dzieciach-bozych","status":"publish","type":"page","link":"https:\/\/hubertpietka.bialystok.pl\/?page_id=10653","title":{"rendered":"Wykolejenie i popapranie bestii \u0142ajdactwa &#8211; w szatanie \/ ku ob\u0142\u0119dnym zbrodniom &#8211; na tych i innych niewinnych \/ dzieciach Bo\u017cych"},"content":{"rendered":"\n<p>Szatan przedstawia zawsze fa\u0142szyw\u0105 wizj\u0119<br>Rzeczywisto\u015bci jest parodyst\u0105 spraw Bo\u017cych<br>Tak samo te syny diab\u0142a<br>On oni wykr\u0119caj\u0105 wszystko oczywi\u015bcie<br>Ku z\u0142u dla dzieci Bo\u017cych<\/p>\n\n\n\n<p>Widz\u0119 to cho\u0107by po tych<br>Moich snach jak hula tam<br>Szatan pr\u00f3buj\u0105c mi wm\u00f3wi\u0107 \u017ce<br>Jest inaczej ni\u017c naprawd\u0119 jest<br>I \u017ce ma by\u0107 pod\u0142ug<br>Jego fa\u0142szywych przes\u0142anek i zbrodni<br>Sny s\u0105 integraln\u0105 cz\u0119\u015bci\u0105 cz\u0142owieka<br>Nikt nie mo\u017ce ich zobaczy\u0107<br>Poza tym \u015bni\u0105cym podmiotem samym<br>A por\u0105bane sny szata\u0144skie mam<br>Od czasu wied\u017amy znak\u00f3w nade<br>Mn\u0105 w tym dziwnym domu<br>Ale to nie jest wa\u017cne<br>Dopust Bo\u017cy dla mnie to<br>By ja\u015bniej paradoksalnie widzie\u0107 wszystkie<br>Prawdziwe Bo\u017ce sprawy ja\u015bniej czy\u015bciej<br>Bo to wykr\u0119canie rzeczywisto\u015bci sennej<br>Przez szatana tym bardziej utwierdza<br>Mnie na prawdziwych Bo\u017cych drogach<\/p>\n\n\n\n<p>Bo szatan zawsze d\u0105\u017cy do<br>Swych zbrodni tak\u017ce te bestialskie<br>I \u0142ajdackie syny diab\u0142a partykularnie<br>Skoro pochwalaj\u0105 jego z\u0142a zbrodnie<br>Oni te\u017c wykrzywiaj\u0105 wszystko przestawiaj\u0105c<br>Nas i Bo\u017ce sprawy w<br>Z\u0142a zwierciadle krzywym po to<br>By realizowa\u0107 swoje i szatana<br>Wszelkie szata\u0144skie zbrodnie a tymczasem<br>\u017badne morderstwo z premedytacj\u0105 nigdy<br>Nie mo\u017ce by\u0107 jakkolwiek usprawiedliwione<br>I to nawet je\u015bli my<br>Nie jeste\u015bmy najlepsz\u0105 wersj\u0105 siebie<br>Co na marginesie te\u017c w\u0142a\u015bnie<br>Przez wszelkie ich szata\u0144stwa tak<br>Si\u0119 i dzieje ich po\u017c\u0105dania<br>Wszelkie ob\u0142\u0119dnie chore z\u0142a dla<br>Nas i wszelkim wobec nas<br>Naszego i naszych pot\u0119pionym zbrodniom<br>I nawet je\u015bli o ob\u0142udnicy<br>Trudno nam si\u0119 czasem porozumie\u0107<br>Na skutek dzia\u0142a\u0144 waszej przemocy<br>Ze skutkiem wszelkich ob\u0142\u0105kanych zbrodni<br>Wobec nas naszego i naszych<br>I innych niewinnych dzieci Bo\u017cych<br>Tych wszelkich szata\u0144stw bestii \u0142ajdactwa<br>To m\u0105dro\u015b\u0107 Bo\u017ca usprawiedliwiona jest<br>W prawdzie Bo\u017cej nie w<br>Ob\u0142udy ob\u0142\u0119dnej k\u0142amstwach ku zbrodniom<\/p>\n\n\n\n<p><em>Dzi\u015b \u015bw. Zofii jej imi\u0119<br>Oznacza m\u0105dro\u015b\u0107 a prawdziwa taka<br>Jest usprawiedliwiona g\u0142oszeniem Bo\u017cej prawdy<br>Nie klakierowaniem k\u0142amstw ob\u0142udy szatana<br>Ku jego zbrodniom syn\u00f3w diab\u0142a<br>Jej c\u00f3rki wiara nadzieja mi\u0142o\u015b\u0107<br>Zawie\u015b\u0107 nie mog\u0105 szatan<br>I s\u0142ugi diab\u0142a pr\u00f3buj\u0105 roznieci\u0107<br>Jak\u0105\u015b chor\u0105 nadziej\u0119 niby kt\u00f3ra<br>Ma si\u0119 oprze\u0107 na zbrodniach<br>Jakby dobro mo\u017cna by\u0142o na<br>Z\u0142u wszelkim budowa\u0107 to tylko<br>Spot\u0119guje tak naprawd\u0119 \u015bwiata rozpacz<br>Szatan s\u0142ugi diab\u0142a przedstawiaj\u0105 te\u017c<br>Wszelkie fa\u0142szywe przes\u0142anki wiary jakoby<br>Ta mia\u0142a by\u0107 tylko wy\u0142\u0105cznie<br>Powodzeniem materialnym w tym \u017cyciu<br>I mi\u0142o\u015b\u0107 parodiuj\u0105 opieraj\u0105c j\u0105<br>Na po\u017c\u0105daniach zmys\u0142owych i seksie<br>Jakby to by\u0142a g\u0142\u0119bia mi\u0142o\u015bci<br>A nie nieuporz\u0105dkowanie ca\u0142kowite wewn\u0119trzne<br>Dlatego profanuj\u0105c tak naprawd\u0119 t\u0105<br>Wiar\u0119 nadziej\u0119 mi\u0142o\u015b\u0107 tak\u017ce p\u0142yn\u0105c\u0105<br>Z tego ma\u0142ego Bo\u017cego ma\u0142\u017ce\u0144stwa<br>I naszej drogi w Bogu<br>Pr\u00f3buje on usprawiedliwia\u0107 swoje zbrodnie<br>I nieustannie do nich d\u0105\u017cy<br>Tak\u017ce ci z\u0142owrodzy nienawistnicy te<br>Bestie i \u0142ajdactwo wszelkie podobnie<br>Jakby z fa\u0142szywych przes\u0142anek parodii<br>Mo\u017cna by\u0142o budowa\u0107 prawd\u0119 dobra<br>A jak wielu da\u0142o si\u0119<br>Zwie\u017a\u0107 tym k\u0142amstwom ob\u0142udy szatana<br>Ku zbrodniom i tych bestii<br>Z\u0142em chorych podobnie pokr\u0119conego \u0142ajdactwa<br>A tymczasem innych spraw Bo\u017cych<br>Nie b\u0119dzie wbrew temu ca\u0142emu<br>Przekr\u0119caniu i wykr\u0119caniu rzeczywisto\u015bci ludzkiej<br>Ku ob\u0142\u0119dowi op\u0119tania z\u0142em zbrodni<br>Tych bestii i tego \u0142ajdactwa<br>Koniec kropka B\u00f3g powiedzia\u0142 powiedzia\u0142em<br>A kto ma wol\u0119 dobra i<br>Czyste intencje rozs\u0105dzi to w\u0142a\u015bciwie<br>W Bogu na przek\u00f3r szata\u0144stwu<br>I b\u0119dzie wspiera\u0142 Bo\u017ce drogi<br>Nie bestii \u0142ajdactwa ob\u0142udy zbrodniczej<\/em><\/p>\n\n\n\n<figure class=\"wp-block-gallery has-nested-images columns-default is-cropped wp-block-gallery-1 is-layout-flex wp-block-gallery-is-layout-flex\">\n<figure class=\"wp-block-image size-large\"><a href=\"https:\/\/hubertpietka.bialystok.pl\/wp-content\/uploads\/2026\/05\/1000067054.jpg\"><img loading=\"lazy\" decoding=\"async\" width=\"771\" height=\"1024\" data-id=\"10654\" src=\"https:\/\/hubertpietka.bialystok.pl\/wp-content\/uploads\/2026\/05\/1000067054-771x1024.jpg\" alt=\"\" class=\"wp-image-10654\" srcset=\"https:\/\/hubertpietka.bialystok.pl\/wp-content\/uploads\/2026\/05\/1000067054-771x1024.jpg 771w, https:\/\/hubertpietka.bialystok.pl\/wp-content\/uploads\/2026\/05\/1000067054-226x300.jpg 226w, https:\/\/hubertpietka.bialystok.pl\/wp-content\/uploads\/2026\/05\/1000067054-768x1021.jpg 768w, https:\/\/hubertpietka.bialystok.pl\/wp-content\/uploads\/2026\/05\/1000067054-1156x1536.jpg 1156w, https:\/\/hubertpietka.bialystok.pl\/wp-content\/uploads\/2026\/05\/1000067054.jpg 1204w\" sizes=\"auto, (max-width: 771px) 100vw, 771px\" \/><\/a><\/figure>\n<\/figure>\n\n\n\n<p><strong>Ani mi Ani z nami<br>Naszymi i naszym wbrew szatanowi<br>I tym szatanom bestiom \u0142ajdactwu<br>I id\u017acie precz od nas<br>Ze sw\u0105 ob\u0142ud\u0105 op\u0119tan\u0105 po\u017c\u0105daniami<br>Wszelkiego z\u0142a \u015bmierci zniewolenia zniszczenia<br>Tym i innym dzieciom Bo\u017cym<\/strong><\/p>\n","protected":false},"excerpt":{"rendered":"<p>Szatan przedstawia zawsze fa\u0142szyw\u0105 wizj\u0119Rzeczywisto\u015bci jest parodyst\u0105 spraw Bo\u017cychTak samo te syny diab\u0142aOn oni wykr\u0119caj\u0105 wszystko oczywi\u015bcieKu z\u0142u dla dzieci Bo\u017cych Widz\u0119 to cho\u0107by po&hellip; <\/p>\n","protected":false},"author":1,"featured_media":0,"parent":0,"menu_order":0,"comment_status":"closed","ping_status":"closed","template":"","meta":{"footnotes":""},"class_list":["post-10653","page","type-page","status-publish","hentry"],"_links":{"self":[{"href":"https:\/\/hubertpietka.bialystok.pl\/index.php?rest_route=\/wp\/v2\/pages\/10653","targetHints":{"allow":["GET"]}}],"collection":[{"href":"https:\/\/hubertpietka.bialystok.pl\/index.php?rest_route=\/wp\/v2\/pages"}],"about":[{"href":"https:\/\/hubertpietka.bialystok.pl\/index.php?rest_route=\/wp\/v2\/types\/page"}],"author":[{"embeddable":true,"href":"https:\/\/hubertpietka.bialystok.pl\/index.php?rest_route=\/wp\/v2\/users\/1"}],"replies":[{"embeddable":true,"href":"https:\/\/hubertpietka.bialystok.pl\/index.php?rest_route=%2Fwp%2Fv2%2Fcomments&post=10653"}],"version-history":[{"count":1,"href":"https:\/\/hubertpietka.bialystok.pl\/index.php?rest_route=\/wp\/v2\/pages\/10653\/revisions"}],"predecessor-version":[{"id":10655,"href":"https:\/\/hubertpietka.bialystok.pl\/index.php?rest_route=\/wp\/v2\/pages\/10653\/revisions\/10655"}],"wp:attachment":[{"href":"https:\/\/hubertpietka.bialystok.pl\/index.php?rest_route=%2Fwp%2Fv2%2Fmedia&parent=10653"}],"curies":[{"name":"wp","href":"https:\/\/api.w.org\/{rel}","templated":true}]}}