{"id":1086,"date":"2018-03-27T07:58:00","date_gmt":"2018-03-27T07:58:00","guid":{"rendered":"http:\/\/hubertpietka.bialystok.pl\/?page_id=1086"},"modified":"2018-03-27T08:21:32","modified_gmt":"2018-03-27T08:21:32","slug":"nowa-optyka-rozwazania-o-wierze","status":"publish","type":"page","link":"https:\/\/hubertpietka.bialystok.pl\/?page_id=1086","title":{"rendered":"Nowa optyka \/rozwa\u017cania o wierze\/"},"content":{"rendered":"<p><em><strong>Nowa optyka<\/strong><\/em><\/p>\n<p><em><strong>\/rozwa\u017cania o wierze\/<\/strong><\/em><\/p>\n<p>&nbsp;<\/p>\n<p>Je\u017celi wiara<\/p>\n<p>jest tak wielkim dobrem<\/p>\n<p>to dlaczego si\u0119 dziwicie<\/p>\n<p>\u017ce ni\u0105 si\u0119 dzielimy<\/p>\n<p>&nbsp;<\/p>\n<p>wiara jest<\/p>\n<p>nowym spojrzeniem<\/p>\n<p>na rzeczywisto\u015b\u0107<\/p>\n<p>ja\u015bniejszym czystszym<\/p>\n<p>&nbsp;<\/p>\n<p>okulary wiary<\/p>\n<p>sprawiaj\u0105 \u017ce \u015bwiat<\/p>\n<p>widzisz inaczej<\/p>\n<p>odkrywasz nowe barwy \u017cycia<\/p>\n<p>&nbsp;<\/p>\n<p>B\u00f3g jest Wielkim Optykiem<\/p>\n<p>pozw\u00f3l dobra\u0107 mu Twoje okulary<\/p>\n<p>a zobaczysz \u015bwiat nowy<\/p>\n<p>kt\u00f3rego si\u0119 nie spodziewasz<\/p>\n<p>&nbsp;<\/p>\n<p>cz\u0142owiek kt\u00f3ry niedobrze widzi<\/p>\n<p>kiedy na\u0142o\u017cy r\u00f3\u017cowe okulary wiary<\/p>\n<p>zadziwi si\u0119 ostro\u015bci\u0105 widzenia rzeczywisto\u015bci<\/p>\n<p>dostrze\u017ce to o czym nie mia\u0142 poj\u0119cia<\/p>\n<p>&nbsp;<\/p>\n<p>nie b\u0105d\u017a niedowidz\u0105cym<\/p>\n<p>lecz wierz\u0105cym<\/p>\n<p>nie \u017cyj w ciemnej mgle<\/p>\n<p>lecz w perspektywie dobrej wiedzy o \u015bwiecie<\/p>\n<p>&nbsp;<\/p>\n<p>nawet kiedy<\/p>\n<p>ju\u017c nic nie widzisz<\/p>\n<p>B\u00f3g mo\u017ce uleczy\u0107 Tw\u00f3j wzrok<\/p>\n<p>je\u015bli tylko zwr\u00f3cisz si\u0119 Do\u0144<\/p>\n<p>&nbsp;<\/p>\n<p>nie dziw si\u0119<\/p>\n<p>\u017ce dziel\u0119 si\u0119 t\u0105 refleksj\u0105<\/p>\n<p>chcia\u0142bym aby\u015b i Ty przejrza\u0142<\/p>\n<p>i widzia\u0142 rzeczywisto\u015b\u0107 jak\u0105 jest<\/p>\n<p>&nbsp;<\/p>\n<p>by\u015b widzia\u0142 lepiej<\/p>\n<p>nie m\u00f3w \u017ce widzisz<\/p>\n<p>bo si\u0119 zawstydzisz<\/p>\n<p>kiedy\u015b przekonasz si\u0119<\/p>\n<p>&nbsp;<\/p>\n<p>oby nie by\u0142o za p\u00f3\u017ano<\/p>\n<p>teraz mo\u017cesz spojrze\u0107 g\u0142\u0119biej<\/p>\n<p>i zastanowi\u0107 si\u0119 wybra\u0107<\/p>\n<p>czy chcesz by\u0107 widz\u0105cym czy \u015blepcem<\/p>\n<p>&nbsp;<\/p>\n<p>B\u00f3g te\u017c gdy da Ci okulary wiary<\/p>\n<p>sam za r\u0119k\u0119 Ci\u0119 we\u017amie<\/p>\n<p>i poprowadzi tam<\/p>\n<p>gdzie nawet nie by\u0142by\u015b we \u015bnie<\/p>\n<p>&nbsp;<\/p>\n<p>nie l\u0119kaj si\u0119<\/p>\n<p>okulary wiary s\u0105 bezbolesne<\/p>\n<p>s\u0105 jak cichy wiatr i przestrze\u0144<\/p>\n<p>prowadz\u0105 przez \u015bwiat bezpiecznie<\/p>\n<p>&nbsp;<\/p>\n<p>nie znaczy \u017ce min\u0105<\/p>\n<p>wszelkie trudno\u015bci<\/p>\n<p>lecz b\u0119dziesz mia\u0142 nowe si\u0142y<\/p>\n<p>do mierzenia si\u0119 z rzeczywisto\u015bci\u0105<\/p>\n<p>&nbsp;<\/p>\n<p>i wtedy ju\u017c o nic<\/p>\n<p>nie musisz martwi\u0107 si\u0119<\/p>\n<p>bo te okulary sprawiaj\u0105<\/p>\n<p>\u017ce w Bogu ca\u0142y jeste\u015b<\/p>\n<p>&nbsp;<\/p>\n<h1 class=\"title style-scope ytd-video-primary-info-renderer\" style=\"text-align: center;\"><em><a href=\"https:\/\/www.youtube.com\/watch?v=CZ-iTegQ600\">Ja wierz\u0119, \u017ce to Jezus &#8211; Schola Duszki<\/a><\/em><\/h1>\n<p style=\"text-align: center;\"><em><strong><a href=\"https:\/\/www.youtube.com\/watch?v=3SQz-jzrw5Q\">Emmanuel<\/a><\/strong><\/em><\/p>\n<p style=\"text-align: center;\"><em><strong><a href=\"https:\/\/www.youtube.com\/watch?v=1vYiBzdxqOw\">Nasz B\u00f3g jest pot\u0119\u017cny w mocy swej<\/a><\/strong><\/em><\/p>\n<h1 class=\"title style-scope ytd-video-primary-info-renderer\" style=\"text-align: center;\"><a href=\"https:\/\/www.youtube.com\/watch?v=wat9EQyN-2k\"><em>Przychodzisz Panie &#8211; Jednego Serca Jednego Ducha 2011<\/em><\/a><\/h1>\n<p style=\"text-align: center;\">\ud83d\ude42<\/p>\n","protected":false},"excerpt":{"rendered":"<p>Nowa optyka \/rozwa\u017cania o wierze\/ &nbsp; Je\u017celi wiara jest tak wielkim dobrem to dlaczego si\u0119 dziwicie \u017ce ni\u0105 si\u0119 dzielimy &nbsp; wiara jest nowym spojrzeniem&hellip; <\/p>\n","protected":false},"author":1,"featured_media":0,"parent":0,"menu_order":0,"comment_status":"closed","ping_status":"closed","template":"","meta":{"footnotes":""},"class_list":["post-1086","page","type-page","status-publish","hentry"],"_links":{"self":[{"href":"https:\/\/hubertpietka.bialystok.pl\/index.php?rest_route=\/wp\/v2\/pages\/1086","targetHints":{"allow":["GET"]}}],"collection":[{"href":"https:\/\/hubertpietka.bialystok.pl\/index.php?rest_route=\/wp\/v2\/pages"}],"about":[{"href":"https:\/\/hubertpietka.bialystok.pl\/index.php?rest_route=\/wp\/v2\/types\/page"}],"author":[{"embeddable":true,"href":"https:\/\/hubertpietka.bialystok.pl\/index.php?rest_route=\/wp\/v2\/users\/1"}],"replies":[{"embeddable":true,"href":"https:\/\/hubertpietka.bialystok.pl\/index.php?rest_route=%2Fwp%2Fv2%2Fcomments&post=1086"}],"version-history":[{"count":4,"href":"https:\/\/hubertpietka.bialystok.pl\/index.php?rest_route=\/wp\/v2\/pages\/1086\/revisions"}],"predecessor-version":[{"id":1090,"href":"https:\/\/hubertpietka.bialystok.pl\/index.php?rest_route=\/wp\/v2\/pages\/1086\/revisions\/1090"}],"wp:attachment":[{"href":"https:\/\/hubertpietka.bialystok.pl\/index.php?rest_route=%2Fwp%2Fv2%2Fmedia&parent=1086"}],"curies":[{"name":"wp","href":"https:\/\/api.w.org\/{rel}","templated":true}]}}