{"id":1093,"date":"2018-04-10T15:38:03","date_gmt":"2018-04-10T15:38:03","guid":{"rendered":"http:\/\/hubertpietka.bialystok.pl\/?page_id=1093"},"modified":"2018-04-10T15:51:04","modified_gmt":"2018-04-10T15:51:04","slug":"dwa-miejsca","status":"publish","type":"page","link":"https:\/\/hubertpietka.bialystok.pl\/?page_id=1093","title":{"rendered":"Dwa miejsca"},"content":{"rendered":"<p><strong>Dwa miejsca<\/strong><\/p>\n<p><em>S\u0105 takie miejsca dwa<\/em><br \/>\nNad kt\u00f3rymi p\u0142acze ka\u017cda polska matka<br \/>\nNad kt\u00f3rymi p\u0142acze Matka Polska<span class=\"text_exposed_show\"><br \/>\nNasza Ojczyzna<br \/>\n<em>S\u0105 takie miejsca dwa<\/em><\/span><\/p>\n<div class=\"text_exposed_show\">\n<p><em>S\u0105 takie miejsca dwa<\/em><br \/>\nKt\u00f3re przejmuj\u0105 tragizmem<br \/>\nKa\u017cdego Polaka<br \/>\nI jego serdecznego brata<br \/>\nZ innych narod\u00f3w<br \/>\nKt\u00f3ry pojmuje dziedzictwo zbrodni<br \/>\n<em>S\u0105 takie miejsca dwa<\/em><\/p>\n<p><em>S\u0105 takie miejsca dwa<\/em><br \/>\nKt\u00f3re wo\u0142aj\u0105 nieustannie<br \/>\nDo ka\u017cdego Polaka<br \/>\nI ka\u017cdego cz\u0142owieka<br \/>\nO tym \u017ce cho\u0107 czas ucieka<br \/>\nS\u0105 \u015blady historii<br \/>\nWidoczne z daleka<br \/>\nMimo \u017ce nad nimi wzbija si\u0119 mg\u0142a<br \/>\nAle ona tylko obna\u017ca cie\u0144 z\u0142a<br \/>\n<em>S\u0105 takie miejsca dwa<\/em><\/p>\n<p><em>S\u0105 takie miejsca dwa<\/em><br \/>\nNad kt\u00f3rymi p\u0142acze<br \/>\nMatka Bo\u017ca Bolesna<br \/>\nTa Katy\u0144ska i Smole\u0144ska<br \/>\nA Jezus przyjmuje<br \/>\nDar niezawinionego m\u0119cze\u0144stwa<br \/>\n<em>S\u0105 takie miejsca dwa<\/em><\/p>\n<\/div>\n<p style=\"text-align: center;\"><em><strong><a href=\"https:\/\/www.youtube.com\/watch?v=brSWMfhABlQ\">J. Kaczmarski &#8211; Ballada Katy\u0144ska<\/a><\/strong><\/em><\/p>\n<p style=\"text-align: center;\"><em><strong><a href=\"https:\/\/www.youtube.com\/watch?v=fwpuV2W49vE\">L. Makowiecki &#8211; Ostatni list (Katy\u0144 1940)<\/a><\/strong><\/em><\/p>\n<p style=\"text-align: center;\"><em><strong><a href=\"https:\/\/www.youtube.com\/watch?v=Xr9NpfQq780\">Horytnica &#8211; Katy\u0144skie \u0142zy<\/a><\/strong><\/em><\/p>\n<p style=\"text-align: center;\"><em><strong><a href=\"https:\/\/www.youtube.com\/watch?v=sS0pQg6tDQE\">De Press &#8211; Guziki (Katy\u0144)<\/a><\/strong><\/em><\/p>\n<h1 class=\"title style-scope ytd-video-primary-info-renderer\" style=\"text-align: center;\"><em><a href=\"https:\/\/www.youtube.com\/watch?v=hPsPdqmVdn0\">I dymi mg\u0142\u0105 smole\u0144ski las&#8230; [Przemys\u0142aw Gintrowski &#8211; Guziki]<\/a><\/em><\/h1>\n","protected":false},"excerpt":{"rendered":"<p>Dwa miejsca S\u0105 takie miejsca dwa Nad kt\u00f3rymi p\u0142acze ka\u017cda polska matka Nad kt\u00f3rymi p\u0142acze Matka Polska Nasza Ojczyzna S\u0105 takie miejsca dwa S\u0105 takie&hellip; <\/p>\n","protected":false},"author":1,"featured_media":0,"parent":0,"menu_order":0,"comment_status":"closed","ping_status":"closed","template":"","meta":{"footnotes":""},"class_list":["post-1093","page","type-page","status-publish","hentry"],"_links":{"self":[{"href":"https:\/\/hubertpietka.bialystok.pl\/index.php?rest_route=\/wp\/v2\/pages\/1093","targetHints":{"allow":["GET"]}}],"collection":[{"href":"https:\/\/hubertpietka.bialystok.pl\/index.php?rest_route=\/wp\/v2\/pages"}],"about":[{"href":"https:\/\/hubertpietka.bialystok.pl\/index.php?rest_route=\/wp\/v2\/types\/page"}],"author":[{"embeddable":true,"href":"https:\/\/hubertpietka.bialystok.pl\/index.php?rest_route=\/wp\/v2\/users\/1"}],"replies":[{"embeddable":true,"href":"https:\/\/hubertpietka.bialystok.pl\/index.php?rest_route=%2Fwp%2Fv2%2Fcomments&post=1093"}],"version-history":[{"count":3,"href":"https:\/\/hubertpietka.bialystok.pl\/index.php?rest_route=\/wp\/v2\/pages\/1093\/revisions"}],"predecessor-version":[{"id":1096,"href":"https:\/\/hubertpietka.bialystok.pl\/index.php?rest_route=\/wp\/v2\/pages\/1093\/revisions\/1096"}],"wp:attachment":[{"href":"https:\/\/hubertpietka.bialystok.pl\/index.php?rest_route=%2Fwp%2Fv2%2Fmedia&parent=1093"}],"curies":[{"name":"wp","href":"https:\/\/api.w.org\/{rel}","templated":true}]}}